{"id":988,"date":"2018-10-19T18:10:19","date_gmt":"2018-10-19T18:10:19","guid":{"rendered":"https:\/\/stranijezici.ffzg.unizg.hr\/?page_id=988"},"modified":"2018-11-26T23:55:52","modified_gmt":"2018-11-26T23:55:52","slug":"vol5n1-2","status":"publish","type":"page","link":"https:\/\/stranijezici.ffzg.unizg.hr\/index.php\/vol5n1-2\/","title":{"rendered":"Vol 5. (1-2)"},"content":{"rendered":"<ul style=\"list-style-type:none\">\n<li><a href=\"https:\/\/stranijezici.ffzg.unizg.hr\/wp-content\/uploads\/2018\/10\/sj5_1-2_str1-5.pdf\" target=\"_blank\"><strong>RUDOLF FILIPOVI\u0106, UZ \u0160EZDESETI RO\u0110ENDAN<\/strong><\/a> (str. 1-5)<\/li>\n<ul style=\"list-style-type:none\">\n<li>&emsp;&emsp; Redakcija<\/li>\n<li>&emsp;&emsp; <\/li>\n<\/ul>\n<\/li>\n<p>  &nbsp;<\/p>\n<li><a href=\"https:\/\/stranijezici.ffzg.unizg.hr\/wp-content\/uploads\/2018\/10\/sj5_1-2_str5-7.pdf\" target=\"_blank\"><strong>FILOZOFSKI FAKULTET O POLO\u017dAJU STRANOG JEZIKA<\/strong><\/a> (str. 5-7)<\/li>\n<ul style=\"list-style-type:none\">\n<li>&emsp;&emsp; Vladimir Ivir<\/li>\n<li>&emsp;&emsp; <\/li>\n<\/ul>\n<\/li>\n<p>  &nbsp;<\/p>\n<li><a href=\"https:\/\/stranijezici.ffzg.unizg.hr\/wp-content\/uploads\/2018\/10\/sj5_1-2_str7-8.pdf\" target=\"_blank\"><strong>ZASTUPLJENOST POJEDINIH STRANIH JEZIKA U \u0160KOLAMA SR HRVATSKE<\/strong><\/a> (str. 7-8)<\/li>\n<ul style=\"list-style-type:none\">\n<li>&emsp;&emsp; D. Celmi\u0107<\/li>\n<li>&emsp;&emsp; <\/li>\n<\/ul>\n<\/li>\n<p>  &nbsp;<\/p>\n<li>\n<h3>Lingvistika<\/h3>\n<\/li>\n<li><a href=\"https:\/\/stranijezici.ffzg.unizg.hr\/wp-content\/uploads\/2018\/10\/sj5_1-2_str8-16.pdf\" target=\"_blank\"><strong>O VOKABULARSKIM RAZLIKAMA IZME\u0110U BRITANSKOG I AMERI\u010cKOG ENGLESKOG<\/strong><\/a> (str. 8-16)<\/li>\n<ul style=\"list-style-type:none\">\n<li>&emsp;&emsp; \u017deljko Bujas<\/li>\n<li>&emsp;&emsp; <\/li>\n<\/ul>\n<\/li>\n<p>  &nbsp;<\/p>\n<li><a href=\"https:\/\/stranijezici.ffzg.unizg.hr\/wp-content\/uploads\/2018\/10\/sj5_1-2_str16-22.pdf\" target=\"_blank\"><strong>PREVO\u0110ENJE DRU\u0160TVENO-POLITI\u010cKOG NAZIVLJA<\/strong><\/a> (str. 16-22)<\/li>\n<ul style=\"list-style-type:none\">\n<li>&emsp;&emsp; Vladimir Ivir<\/li>\n<li>&emsp;&emsp; <\/li>\n<\/ul>\n<\/li>\n<p>  &nbsp;<\/p>\n<li><a href=\"https:\/\/stranijezici.ffzg.unizg.hr\/wp-content\/uploads\/2018\/10\/sj5_1-2_str22-29.pdf\" target=\"_blank\"><strong>SINTATI\u010cKA REKCIJA U NASTAVI STRANIH JEZIKA<\/strong><\/a> (str. 22-29)<\/li>\n<ul style=\"list-style-type:none\">\n<li>&emsp;&emsp; Josip Jernej<\/li>\n<li>&emsp;&emsp; <\/li>\n<\/ul>\n<\/li>\n<p>  &nbsp;<\/p>\n<li><a href=\"https:\/\/stranijezici.ffzg.unizg.hr\/wp-content\/uploads\/2018\/10\/sj5_1-2_str29-34.pdf\" target=\"_blank\"><strong>AMERENGLISH<\/strong><\/a> (str. 29-34)<\/li>\n<ul style=\"list-style-type:none\">\n<li>&emsp;&emsp; Damir Kalogjera<\/li>\n<li>&emsp;&emsp; <\/li>\n<\/ul>\n<\/li>\n<p>  &nbsp;<\/p>\n<li><a href=\"https:\/\/stranijezici.ffzg.unizg.hr\/wp-content\/uploads\/2018\/10\/sj5_1-2_str35-38.pdf\" target=\"_blank\"><strong>FRAZEOLOGIZMI OKO RIJE\u010cI KRAJ\/KONAC U RAZLI\u010cITIM JEZICIMA<\/strong><\/a> (str. 35-38)<\/li>\n<ul style=\"list-style-type:none\">\n<li>&emsp;&emsp; Antica Menac<\/li>\n<li>&emsp;&emsp; <\/li>\n<\/ul>\n<\/li>\n<p>  &nbsp;<\/p>\n<li><a href=\"https:\/\/stranijezici.ffzg.unizg.hr\/wp-content\/uploads\/2018\/10\/sj5_1-2_str38-47.pdf\" target=\"_blank\"><strong>FUNKCIONALNE JEDINICE<\/strong><\/a> (str. 38-47)<\/li>\n<ul style=\"list-style-type:none\">\n<li>&emsp;&emsp; Miho Skljarov<\/li>\n<li>&emsp;&emsp; <\/li>\n<\/ul>\n<\/li>\n<p>  &nbsp;<\/p>\n<li><a href=\"https:\/\/stranijezici.ffzg.unizg.hr\/wp-content\/uploads\/2018\/10\/sj5_1-2_str48-53.pdf\" target=\"_blank\"><strong>FAKULTATIVAN ILI OBLIGATAN? NA PRIMJERU NJEMA\u010cKIH SLO\u017dENICA I NJIHOVIH EKVIVALENATA U HRVATSKOSRPSKOM<\/strong><\/a> (str. 48-53)<\/li>\n<ul style=\"list-style-type:none\">\n<li>&emsp;&emsp; Stanko \u017depi\u0107<\/li>\n<li>&emsp;&emsp; <\/li>\n<\/ul>\n<\/li>\n<p>  &nbsp;<\/p>\n<li>\n<h3>Metodika<\/h3>\n<\/li>\n<li><a href=\"https:\/\/stranijezici.ffzg.unizg.hr\/wp-content\/uploads\/2018\/10\/sj5_1-2_str54-61.pdf\" target=\"_blank\"><strong>TEORIJSKA OSNOVA SUVREMENOG PRISTUPA NASTAVI STRANIH JEZIKA<\/strong><\/a> (str. 54-61)<\/li>\n<ul style=\"list-style-type:none\">\n<li>&emsp;&emsp; Mirjana Vilke<\/li>\n<li>&emsp;&emsp; <\/li>\n<\/ul>\n<\/li>\n<p>  &nbsp;<\/p>\n<li><a href=\"https:\/\/stranijezici.ffzg.unizg.hr\/wp-content\/uploads\/2018\/10\/sj5_1-2_str61-67.pdf\" target=\"_blank\"><strong>DRIL I SUVREMENA NASTAVA STRANOG JEZIKA<\/strong><\/a> (str. 61-67)<\/li>\n<ul style=\"list-style-type:none\">\n<li>&emsp;&emsp; Mirjana Jur\u010di\u0107<\/li>\n<li>&emsp;&emsp; <\/li>\n<\/ul>\n<\/li>\n<p>  &nbsp;<\/p>\n<li><a href=\"https:\/\/stranijezici.ffzg.unizg.hr\/wp-content\/uploads\/2018\/10\/sj5_1-2_str68-74.pdf\" target=\"_blank\"><strong>O NEKIM TIPOVIMA POGRE\u0160AKA U IZGOVORU ENGLESKIH GLASOVA<\/strong><\/a> (str. 68-74)<\/li>\n<ul style=\"list-style-type:none\">\n<li>&emsp;&emsp; Maja Dubrav\u010di\u0107<\/li>\n<li>&emsp;&emsp; <\/li>\n<\/ul>\n<\/li>\n<p>  &nbsp;<\/p>\n<li><a href=\"https:\/\/stranijezici.ffzg.unizg.hr\/wp-content\/uploads\/2018\/10\/sj5_1-2_str75-79.pdf\" target=\"_blank\"><strong>MNEMONIKA U SLU\u017dBI NASTAVE GRAMATIKE ENGLESKOG JEZIKA<\/strong><\/a> (str. 75-79)<\/li>\n<ul style=\"list-style-type:none\">\n<li>&emsp;&emsp; Branko Brusar<\/li>\n<li>&emsp;&emsp; <\/li>\n<\/ul>\n<\/li>\n<p>  &nbsp;<\/p>\n<li>\n<h3>Kultura i civilizacija<\/h3>\n<\/li>\n<li><a href=\"https:\/\/stranijezici.ffzg.unizg.hr\/wp-content\/uploads\/2018\/10\/sj5_1-2_str80-83.pdf\" target=\"_blank\"><strong>KULTURA I CIVILIZACIJA U NASTAVI STRANIH JEZIKA<\/strong><\/a> (str. 80-83)<\/li>\n<ul style=\"list-style-type:none\">\n<li>&emsp;&emsp; Aleksandra Krstulovi\u0107<\/li>\n<li>&emsp;&emsp; <\/li>\n<\/ul>\n<\/li>\n<p>  &nbsp;<\/p>\n<li><a href=\"https:\/\/stranijezici.ffzg.unizg.hr\/wp-content\/uploads\/2018\/10\/sj5_1-2_str84-87.pdf\" target=\"_blank\"><strong>O OSLOVLJAVANJU U ENGLESKOM JEZIKU<\/strong><\/a> (str. 84-87)<\/li>\n<ul style=\"list-style-type:none\">\n<li>&emsp;&emsp; Dora Ma\u010dek<\/li>\n<li>&emsp;&emsp; <\/li>\n<\/ul>\n<\/li>\n<p>  &nbsp;<\/p>\n<li><a href=\"https:\/\/stranijezici.ffzg.unizg.hr\/wp-content\/uploads\/2018\/10\/sj5_1-2_str87-90.pdf\" target=\"_blank\"><strong>\u0160ANSONA U NASTAVI FRANCUSKOG JEZIKA<\/strong><\/a> (str. 87-90)<\/li>\n<ul style=\"list-style-type:none\">\n<li>&emsp;&emsp; Ivana Batu\u0161i\u0107<\/li>\n<li>&emsp;&emsp; <\/li>\n<\/ul>\n<\/li>\n<p>  &nbsp;<\/p>\n<li>\n<h3>Diskusija<\/h3>\n<\/li>\n<li><a href=\"https:\/\/stranijezici.ffzg.unizg.hr\/wp-content\/uploads\/2018\/10\/sj5_1-2_str91-95.pdf\" target=\"_blank\"><strong>O PROGRESIJI<\/strong><\/a> (str. 91-95)<\/li>\n<ul style=\"list-style-type:none\">\n<li>&emsp;&emsp; Ivo \u0160kari\u0107<\/li>\n<li>&emsp;&emsp; <\/li>\n<\/ul>\n<\/li>\n<p>  &nbsp;<\/p>\n<li><a href=\"https:\/\/stranijezici.ffzg.unizg.hr\/wp-content\/uploads\/2018\/10\/sj5_1-2_str96-98.pdf\" target=\"_blank\"><strong>MO\u017dE LI SE PISANJEM U\u010cITI GOVOR? O FONETSKOJ TRANSKRIPCIJI U U\u010cENJU \u017dIVIH JEZIKA<\/strong><\/a> (str. 96-98)<\/li>\n<ul style=\"list-style-type:none\">\n<li>&emsp;&emsp; Branko Vuleti\u0107<\/li>\n<li>&emsp;&emsp; <\/li>\n<\/ul>\n<\/li>\n<p>  &nbsp;<\/p>\n<li><a href=\"https:\/\/stranijezici.ffzg.unizg.hr\/wp-content\/uploads\/2018\/10\/sj5_1-2_str99-102.pdf\" target=\"_blank\"><strong>U\u010cENJE JEZIKA I U\u010cENJE GOVORA<\/strong><\/a> (str. 99-102)<\/li>\n<ul style=\"list-style-type:none\">\n<li>&emsp;&emsp; Olga \u0160kari\u0107<\/li>\n<li>&emsp;&emsp; <\/li>\n<\/ul>\n<\/li>\n<p>  &nbsp;<\/p>\n<li><a href=\"https:\/\/stranijezici.ffzg.unizg.hr\/wp-content\/uploads\/2018\/10\/sj5_1-2_str102-108.pdf\" target=\"_blank\"><strong>PROLEGOMENA ZA JEDNU NOVU GR\u010cKU GRAMATIKU: GLAGOLSKI SUSTAV<\/strong><\/a> (str. 102-108)<\/li>\n<ul style=\"list-style-type:none\">\n<li>&emsp;&emsp; Zdeslav Dukat<\/li>\n<li>&emsp;&emsp; <\/li>\n<\/ul>\n<\/li>\n<p>  &nbsp;<\/p>\n<li>\n<h3>Iz strane stru\u010dne literature<\/h3>\n<\/li>\n<li><a href=\"https:\/\/stranijezici.ffzg.unizg.hr\/wp-content\/uploads\/2018\/10\/sj5_1-2_str109-114.pdf\" target=\"_blank\"><strong>SENEGAL, LATINSKI JEZIK I KLASI\u010cNO OBRAZOVANJE<\/strong><\/a> (str. 109-114)<\/li>\n<ul style=\"list-style-type:none\">\n<li>&emsp;&emsp; Leopold Sedar Senghor<\/li>\n<li>&emsp;&emsp; <\/li>\n<\/ul>\n<\/li>\n<p>  &nbsp;<\/p>\n<li>\n<h3>\u017diva rije\u010d<\/h3>\n<\/li>\n<li><a href=\"https:\/\/stranijezici.ffzg.unizg.hr\/wp-content\/uploads\/2018\/10\/sj5_1-2_str115-117.pdf\" target=\"_blank\"><strong>TWIN TOWNS<\/strong><\/a> (str. 115-117)<\/li>\n<ul style=\"list-style-type:none\">\n<li>&emsp;&emsp; Sonia Bi\u0107ani\u0107<\/li>\n<li>&emsp;&emsp; <\/li>\n<\/ul>\n<\/li>\n<p>  &nbsp;<\/p>\n<li><a href=\"https:\/\/stranijezici.ffzg.unizg.hr\/wp-content\/uploads\/2018\/10\/sj5_1-2_str117-120.pdf\" target=\"_blank\"><strong>SAINT-PAUL-DE-VENCE, UNE VILLE PAS COMME LES AUTRES<\/strong><\/a> (str. 117-120)<\/li>\n<ul style=\"list-style-type:none\">\n<li>&emsp;&emsp; Ivana Batu\u0161i\u0107<\/li>\n<li>&emsp;&emsp; <\/li>\n<\/ul>\n<\/li>\n<p>  &nbsp;<\/p>\n<li><a href=\"https:\/\/stranijezici.ffzg.unizg.hr\/wp-content\/uploads\/2018\/10\/sj5_1-2_str120-123.pdf\" target=\"_blank\"><strong>PORTR\u00c4T EINER STADT<\/strong><\/a> (str. 120-123)<\/li>\n<ul style=\"list-style-type:none\">\n<li>&emsp;&emsp; Getrude Postl-Bo\u017ei\u0107<\/li>\n<li>&emsp;&emsp; <\/li>\n<\/ul>\n<\/li>\n<p>  &nbsp;<\/p>\n<li><a href=\"https:\/\/stranijezici.ffzg.unizg.hr\/wp-content\/uploads\/2018\/10\/sj5_1-2_str123-126.pdf\" target=\"_blank\"><strong>\u041e\u0414\u0415\u0421\u0421\u0410<\/strong><\/a> (str. 123-126)<\/li>\n<ul style=\"list-style-type:none\">\n<li>&emsp;&emsp; \u041c. \u0418. \u0418\u043bb\u042f\u0448<\/li>\n<li>&emsp;&emsp; <\/li>\n<\/ul>\n<\/li>\n<p>  &nbsp;<\/p>\n<li><a href=\"https:\/\/stranijezici.ffzg.unizg.hr\/wp-content\/uploads\/2018\/10\/sj5_1-2_str126-128.pdf\" target=\"_blank\"><strong>CITT\u00c0<\/strong><\/a> (str. 126-128)<\/li>\n<ul style=\"list-style-type:none\">\n<li>&emsp;&emsp; Domenico Cernecca<\/li>\n<li>&emsp;&emsp; <\/li>\n<\/ul>\n<\/li>\n<p>  &nbsp;<\/p>\n<li>\n<h3>Na\u0161a iskustva<\/h3>\n<\/li>\n<li><a href=\"https:\/\/stranijezici.ffzg.unizg.hr\/wp-content\/uploads\/2018\/10\/sj5_1-2_str129-140.pdf\" target=\"_blank\"><strong>JEZI\u010cNA STRUKTURA PRESENT SIMPLE KROZ VJE\u017dBE U OSNOVNOJ \u0160KOLI<\/strong><\/a> (str. 129-140)<\/li>\n<ul style=\"list-style-type:none\">\n<li>&emsp;&emsp; Jasna Gotovac<\/li>\n<li>&emsp;&emsp; <\/li>\n<\/ul>\n<\/li>\n<p>  &nbsp;<\/p>\n<li><a href=\"https:\/\/stranijezici.ffzg.unizg.hr\/wp-content\/uploads\/2018\/10\/sj5_1-2_str140-143.pdf\" target=\"_blank\"><strong>THE BLACKBOARD STORY<\/strong><\/a> (str. 140-143)<\/li>\n<ul style=\"list-style-type:none\">\n<li>&emsp;&emsp; Vesna Bermarija<\/li>\n<li>&emsp;&emsp; <\/li>\n<\/ul>\n<\/li>\n<p>  &nbsp;<\/p>\n<li><a href=\"https:\/\/stranijezici.ffzg.unizg.hr\/wp-content\/uploads\/2018\/10\/sj5_1-2_str143-150.pdf\" target=\"_blank\"><strong>INTERVJU I PANEL-DISKUSIJA<\/strong><\/a> (str. 143-150)<\/li>\n<ul style=\"list-style-type:none\">\n<li>&emsp;&emsp; Maja Stojsavljevi\u0107<\/li>\n<li>&emsp;&emsp; <\/li>\n<\/ul>\n<\/li>\n<p>  &nbsp;<\/p>\n<li>\n<h3>Kronika; Prikazi knjiga; Bibliografija<\/h3>\n<\/li>\n<li><a href=\"https:\/\/stranijezici.ffzg.unizg.hr\/wp-content\/uploads\/2018\/10\/sj5_1-2_str151-160.pdf\" target=\"_blank\">Kronika, Prikazi knjiga, Bibliografija<\/a> (str. 151-160)<\/li>\n<\/li>\n<\/ul>\n","protected":false},"excerpt":{"rendered":"<p>RUDOLF FILIPOVI\u0106, UZ \u0160EZDESETI RO\u0110ENDAN (str. 1-5) &emsp;&emsp; Redakcija &emsp;&emsp; &nbsp; FILOZOFSKI FAKULTET O POLO\u017dAJU STRANOG JEZIKA (str. 5-7) &emsp;&emsp; Vladimir Ivir &emsp;&emsp; &nbsp; ZASTUPLJENOST POJEDINIH STRANIH JEZIKA U \u0160KOLAMA SR HRVATSKE (str. 7-8) &emsp;&emsp; D. Celmi\u0107 &emsp;&emsp; &nbsp; Lingvistika O VOKABULARSKIM RAZLIKAMA IZME\u0110U BRITANSKOG I AMERI\u010cKOG ENGLESKOG (str. 8-16) &emsp;&emsp; \u017deljko Bujas &emsp;&emsp; &nbsp; &hellip; <\/p>\n<p class=\"link-more\"><a href=\"https:\/\/stranijezici.ffzg.unizg.hr\/index.php\/vol5n1-2\/\" class=\"more-link\">Continue reading<span class=\"screen-reader-text\"> &#8220;Vol 5. (1-2)&#8221;<\/span><\/a><\/p>\n","protected":false},"author":2,"featured_media":0,"parent":0,"menu_order":0,"comment_status":"closed","ping_status":"closed","template":"","meta":{"ngg_post_thumbnail":0,"footnotes":""},"class_list":["post-988","page","type-page","status-publish","hentry"],"_links":{"self":[{"href":"https:\/\/stranijezici.ffzg.unizg.hr\/index.php\/wp-json\/wp\/v2\/pages\/988","targetHints":{"allow":["GET"]}}],"collection":[{"href":"https:\/\/stranijezici.ffzg.unizg.hr\/index.php\/wp-json\/wp\/v2\/pages"}],"about":[{"href":"https:\/\/stranijezici.ffzg.unizg.hr\/index.php\/wp-json\/wp\/v2\/types\/page"}],"author":[{"embeddable":true,"href":"https:\/\/stranijezici.ffzg.unizg.hr\/index.php\/wp-json\/wp\/v2\/users\/2"}],"replies":[{"embeddable":true,"href":"https:\/\/stranijezici.ffzg.unizg.hr\/index.php\/wp-json\/wp\/v2\/comments?post=988"}],"version-history":[{"count":9,"href":"https:\/\/stranijezici.ffzg.unizg.hr\/index.php\/wp-json\/wp\/v2\/pages\/988\/revisions"}],"predecessor-version":[{"id":1445,"href":"https:\/\/stranijezici.ffzg.unizg.hr\/index.php\/wp-json\/wp\/v2\/pages\/988\/revisions\/1445"}],"wp:attachment":[{"href":"https:\/\/stranijezici.ffzg.unizg.hr\/index.php\/wp-json\/wp\/v2\/media?parent=988"}],"curies":[{"name":"wp","href":"https:\/\/api.w.org\/{rel}","templated":true}]}}