{"id":967,"date":"2018-10-19T17:43:42","date_gmt":"2018-10-19T17:43:42","guid":{"rendered":"https:\/\/stranijezici.ffzg.unizg.hr\/?page_id=967"},"modified":"2018-12-15T18:06:38","modified_gmt":"2018-12-15T18:06:38","slug":"vol1n2","status":"publish","type":"page","link":"https:\/\/stranijezici.ffzg.unizg.hr\/index.php\/vol1n2\/","title":{"rendered":"Vol 1. (2)"},"content":{"rendered":"<ul style=\"list-style-type:none\">\n<li><a href=\"https:\/\/stranijezici.ffzg.unizg.hr\/wp-content\/uploads\/2018\/10\/sj1_2_str81-83.pdf\" target=\"_blank\"><strong>ZNANJE STRANIH JEZIKA &#8211; POTREBA SUVREMENOG \u010cOVJEKA<\/strong><\/a> (str. 81-83)<\/li>\n<ul style=\"list-style-type:none\">\n<li>&emsp;&emsp; Davorka Celmi\u0107<\/li>\n<li>&emsp;&emsp; <\/li>\n<\/ul>\n<\/li>\n<p>  &nbsp;<\/p>\n<li>\n<h3>Lingvistika<\/h3>\n<\/li>\n<li><a href=\"https:\/\/stranijezici.ffzg.unizg.hr\/wp-content\/uploads\/2018\/10\/sj1_2_str84-93.pdf\" target=\"_blank\"><strong>PRENO\u0160ENJE OBAVIJESTI U PROCESU PREVO\u0110ENJA<\/strong><\/a> (str. 84-93)<\/li>\n<ul style=\"list-style-type:none\">\n<li>&emsp;&emsp; Vladimir Ivir<\/li>\n<li>&emsp;&emsp; <\/li>\n<\/ul>\n<\/li>\n<p>  &nbsp;<\/p>\n<li>\n<h3>Metodika<\/h3>\n<\/li>\n<li><a href=\"https:\/\/stranijezici.ffzg.unizg.hr\/wp-content\/uploads\/2018\/10\/sj1_2_str94-101.pdf\" target=\"_blank\"><strong>JEZI\u010cNO ZNANJE I GOVORNO UMIJE\u0106E U NASTAVI STRANIH JEZIKA<\/strong><\/a> (str. 94-101)<\/li>\n<ul style=\"list-style-type:none\">\n<li>&emsp;&emsp; Miho Skljarov<\/li>\n<li>&emsp;&emsp; <\/li>\n<\/ul>\n<\/li>\n<p>  &nbsp;<\/p>\n<li><a href=\"https:\/\/stranijezici.ffzg.unizg.hr\/wp-content\/uploads\/2018\/10\/sj1_2_str102-105.pdf\" target=\"_blank\"><strong>MOGU\u0106NOST ESTETI\u010cKE INTERPRETACIJE JEDNE PJESME NA STRANOM JEZIKU<\/strong><\/a> (str. 102-105)<\/li>\n<ul style=\"list-style-type:none\">\n<li>&emsp;&emsp; Antica Anto\u0161<\/li>\n<li>&emsp;&emsp; <\/li>\n<\/ul>\n<\/li>\n<p>  &nbsp;<\/p>\n<li><a href=\"https:\/\/stranijezici.ffzg.unizg.hr\/wp-content\/uploads\/2018\/10\/sj1_2_str105-111.pdf\" target=\"_blank\"><strong>TESTOVI U STRANIM JEZICIMA<\/strong><\/a> (str. 105-111)<\/li>\n<ul style=\"list-style-type:none\">\n<li>&emsp;&emsp; Mirjana Vilke<\/li>\n<li>&emsp;&emsp; <\/li>\n<\/ul>\n<\/li>\n<p>  &nbsp;<\/p>\n<li><a href=\"https:\/\/stranijezici.ffzg.unizg.hr\/wp-content\/uploads\/2018\/10\/sj1_2_str111-114.pdf\" target=\"_blank\"><strong>OBLIK ANALIZE KNJI\u017dEVNOG TEKSTA<\/strong><\/a> (str. 111-114)<\/li>\n<ul style=\"list-style-type:none\">\n<li>&emsp;&emsp; Zoja Valujev<\/li>\n<li>&emsp;&emsp; <\/li>\n<\/ul>\n<\/li>\n<p>  &nbsp;<\/p>\n<li>\n<h3>\u017diva rije\u010d<\/h3>\n<\/li>\n<li><a href=\"https:\/\/stranijezici.ffzg.unizg.hr\/wp-content\/uploads\/2018\/10\/sj1_2_str115-119.pdf\" target=\"_blank\"><strong>AN ENGLISH TEACHER LEARNS ABOUT YUGOSLAV SCHOOLING<\/strong><\/a> (str. 115-119)<\/li>\n<ul style=\"list-style-type:none\">\n<li>&emsp;&emsp; Sonia Bi\u0107ani\u0107<\/li>\n<li>&emsp;&emsp; <\/li>\n<\/ul>\n<\/li>\n<p>  &nbsp;<\/p>\n<li><a href=\"https:\/\/stranijezici.ffzg.unizg.hr\/wp-content\/uploads\/2018\/10\/sj1_2_str119-123.pdf\" target=\"_blank\"><strong>L&#8217;ENSEIGNEMENT DE VOCABULAIRE AUC ETUDIANTS DE LA 4e ANNEE<\/strong><\/a> (str. 119-123)<\/li>\n<ul style=\"list-style-type:none\">\n<li>&emsp;&emsp; Ivana Batu\u0161i\u0107<\/li>\n<li>&emsp;&emsp; <\/li>\n<\/ul>\n<\/li>\n<p>  &nbsp;<\/p>\n<li><a href=\"https:\/\/stranijezici.ffzg.unizg.hr\/wp-content\/uploads\/2018\/10\/sj1_2_str123-128.pdf\" target=\"_blank\"><strong>AUSZ\u00dcGE AUS DEM DEUTSCHKURS F\u00dcR VORSCHULKINDER<\/strong><\/a> (str. 123-128)<\/li>\n<ul style=\"list-style-type:none\">\n<li>&emsp;&emsp; Nada Kocian<\/li>\n<li>&emsp;&emsp; <\/li>\n<\/ul>\n<\/li>\n<p>  &nbsp;<\/p>\n<li><a href=\"https:\/\/stranijezici.ffzg.unizg.hr\/wp-content\/uploads\/2018\/10\/sj1_2_str129-132.pdf\" target=\"_blank\"><strong>\u041e \u041d\u0415\u041a\u041e\u0422\u041e\u0420\u0411\u042cI\u0425 \u0413\u041b\u0410\u0413\u041e\u041b\u0410\u0425 \u0421 \u041e\u0421\u041d\u041e\u0412\u041e\u0419 &#8220;\u0423\u0427\u0418\u0422\u042c&#8221;<\/strong><\/a> (str. 129-132)<\/li>\n<ul style=\"list-style-type:none\">\n<li>&emsp;&emsp; \u041c. \u0418. \u0418\u043b\u042a\u042f\u0448<\/li>\n<li>&emsp;&emsp; <\/li>\n<\/ul>\n<\/li>\n<p>  &nbsp;<\/p>\n<li>\n<h3>Na\u0161a iskustva<\/h3>\n<\/li>\n<li><a href=\"https:\/\/stranijezici.ffzg.unizg.hr\/wp-content\/uploads\/2018\/10\/sj1_2_str133-136.pdf\" target=\"_blank\"><strong>KAKO SAM SE KORISTILA TELEVIZIJSKIM FILMOVIMA U NASTAVI ENGLESKOG JEZIKA<\/strong><\/a> (str. 133-136)<\/li>\n<ul style=\"list-style-type:none\">\n<li>&emsp;&emsp; Lada Tudor<\/li>\n<li>&emsp;&emsp; <\/li>\n<\/ul>\n<\/li>\n<p>  &nbsp;<\/p>\n<li><a href=\"https:\/\/stranijezici.ffzg.unizg.hr\/wp-content\/uploads\/2018\/10\/sj1_2_str136-138.pdf\" target=\"_blank\"><strong>PRIMJENA JEDNOG JEFTINOG VIZUELNOG SREDSTVA VLASTITE IZRADBE U NASTAVI STRANIH JEZIKA<\/strong><\/a> (str. 136-138)<\/li>\n<ul style=\"list-style-type:none\">\n<li>&emsp;&emsp; Yvonne Vrhovac<\/li>\n<li>&emsp;&emsp; <\/li>\n<\/ul>\n<\/li>\n<p>  &nbsp;<\/p>\n<li><a href=\"https:\/\/stranijezici.ffzg.unizg.hr\/wp-content\/uploads\/2018\/10\/sj1_2_str139-142.pdf\" target=\"_blank\"><strong>PRED\u0160KOLSKA DJECA I STRANI JEZICI<\/strong><\/a> (str. 139-142)<\/li>\n<ul style=\"list-style-type:none\">\n<li>&emsp;&emsp; Nada Kocian<\/li>\n<li>&emsp;&emsp; <\/li>\n<\/ul>\n<\/li>\n<p>  &nbsp;<\/p>\n<li><a href=\"https:\/\/stranijezici.ffzg.unizg.hr\/wp-content\/uploads\/2018\/10\/sj1_2_str142-145.pdf\" target=\"_blank\"><strong>KVIZ-TEST, KAO NA\u010cIN PROVJERAVANJA ZNANJA<\/strong><\/a> (str. 142-145)<\/li>\n<ul style=\"list-style-type:none\">\n<li>&emsp;&emsp; Stanka Pavuna<\/li>\n<li>&emsp;&emsp; <\/li>\n<\/ul>\n<\/li>\n<p>  &nbsp;<\/p>\n<li>\n<h3>Kronika; Na\u0161a po\u0161ta; Prikazi knjiga; Bibliografija<\/h3>\n<\/li>\n<li><a href=\"https:\/\/stranijezici.ffzg.unizg.hr\/wp-content\/uploads\/2018\/12\/SJ_1_2_00.pdf\" target=\"_blank\"><strong>Kronika, na\u0161a po\u0161ta, prikazi knjiga, bibliografija<\/strong><\/a> (str. 146-160)<\/li>\n<\/ul>\n","protected":false},"excerpt":{"rendered":"<p>ZNANJE STRANIH JEZIKA &#8211; POTREBA SUVREMENOG \u010cOVJEKA (str. 81-83) &emsp;&emsp; Davorka Celmi\u0107 &emsp;&emsp; &nbsp; Lingvistika PRENO\u0160ENJE OBAVIJESTI U PROCESU PREVO\u0110ENJA (str. 84-93) &emsp;&emsp; Vladimir Ivir &emsp;&emsp; &nbsp; Metodika JEZI\u010cNO ZNANJE I GOVORNO UMIJE\u0106E U NASTAVI STRANIH JEZIKA (str. 94-101) &emsp;&emsp; Miho Skljarov &emsp;&emsp; &nbsp; MOGU\u0106NOST ESTETI\u010cKE INTERPRETACIJE JEDNE PJESME NA STRANOM JEZIKU (str. 102-105) &emsp;&emsp; &hellip; <\/p>\n<p class=\"link-more\"><a href=\"https:\/\/stranijezici.ffzg.unizg.hr\/index.php\/vol1n2\/\" class=\"more-link\">Continue reading<span class=\"screen-reader-text\"> &#8220;Vol 1. (2)&#8221;<\/span><\/a><\/p>\n","protected":false},"author":2,"featured_media":0,"parent":0,"menu_order":0,"comment_status":"closed","ping_status":"closed","template":"","meta":{"ngg_post_thumbnail":0,"footnotes":""},"class_list":["post-967","page","type-page","status-publish","hentry"],"_links":{"self":[{"href":"https:\/\/stranijezici.ffzg.unizg.hr\/index.php\/wp-json\/wp\/v2\/pages\/967","targetHints":{"allow":["GET"]}}],"collection":[{"href":"https:\/\/stranijezici.ffzg.unizg.hr\/index.php\/wp-json\/wp\/v2\/pages"}],"about":[{"href":"https:\/\/stranijezici.ffzg.unizg.hr\/index.php\/wp-json\/wp\/v2\/types\/page"}],"author":[{"embeddable":true,"href":"https:\/\/stranijezici.ffzg.unizg.hr\/index.php\/wp-json\/wp\/v2\/users\/2"}],"replies":[{"embeddable":true,"href":"https:\/\/stranijezici.ffzg.unizg.hr\/index.php\/wp-json\/wp\/v2\/comments?post=967"}],"version-history":[{"count":9,"href":"https:\/\/stranijezici.ffzg.unizg.hr\/index.php\/wp-json\/wp\/v2\/pages\/967\/revisions"}],"predecessor-version":[{"id":1588,"href":"https:\/\/stranijezici.ffzg.unizg.hr\/index.php\/wp-json\/wp\/v2\/pages\/967\/revisions\/1588"}],"wp:attachment":[{"href":"https:\/\/stranijezici.ffzg.unizg.hr\/index.php\/wp-json\/wp\/v2\/media?parent=967"}],"curies":[{"name":"wp","href":"https:\/\/api.w.org\/{rel}","templated":true}]}}