{"id":894,"date":"2018-10-16T21:24:27","date_gmt":"2018-10-16T21:24:27","guid":{"rendered":"https:\/\/stranijezici.ffzg.unizg.hr\/?page_id=894"},"modified":"2018-11-24T13:50:53","modified_gmt":"2018-11-24T13:50:53","slug":"vol4n4","status":"publish","type":"page","link":"https:\/\/stranijezici.ffzg.unizg.hr\/index.php\/vol4n4\/","title":{"rendered":"Vol 4. (4)"},"content":{"rendered":"<ul style=\"list-style-type:none\">\n<li><a href=\"https:\/\/stranijezici.ffzg.unizg.hr\/wp-content\/uploads\/2018\/10\/sj4_4_str241-248.pdf\" target=\"_blank\"><strong>MJESTO STRANIH JEZIKA U NASTAVNIM PLANOVIMA NEKIH EVROPSKIH ZEMALJA<\/strong><\/a> (str. 241-248)<\/li>\n<ul style=\"list-style-type:none\">\n<li>&emsp;&emsp; Zlatko Muhvi\u0107<\/li>\n<li>&emsp;&emsp; <\/li>\n<\/ul>\n<\/li>\n<p>  &nbsp;<\/p>\n<li><a href=\"https:\/\/stranijezici.ffzg.unizg.hr\/wp-content\/uploads\/2018\/10\/sj4_4_str248-253.pdf\" target=\"_blank\"><strong>\u010cETVRT STOLJE\u0106A IZDAVANJA UD\u017dBENIKA STRANIH JEZIKA<\/strong><\/a> (str. 248-253)<\/li>\n<ul style=\"list-style-type:none\">\n<li>&emsp;&emsp; Ankica Tomi\u0107<\/li>\n<li>&emsp;&emsp; <\/li>\n<\/ul>\n<\/li>\n<p>  &nbsp;<\/p>\n<li>\n<h3>Lingvistika<\/h3>\n<\/li>\n<li><a href=\"https:\/\/stranijezici.ffzg.unizg.hr\/wp-content\/uploads\/2018\/10\/sj4_4_str254-264.pdf\" target=\"_blank\"><strong>PRILOG JEDNOM PITANJU SINTAKSI\u010cKE SINONIMIJE U RUSKOM JEZIKU<\/strong><\/a> (str. 254-264)<\/li>\n<ul style=\"list-style-type:none\">\n<li>&emsp;&emsp; Olga Braji\u010di\u0107<\/li>\n<li>&emsp;&emsp; <\/li>\n<\/ul>\n<\/li>\n<p>  &nbsp;<\/p>\n<li>\n<h3>Metodika<\/h3>\n<\/li>\n<li><a href=\"https:\/\/stranijezici.ffzg.unizg.hr\/wp-content\/uploads\/2018\/10\/sj4_4_str265-269.pdf\" target=\"_blank\"><strong>ULOGA NASTAVNIKA ENGLESKOG JEZIKA U FORMIRANJU LI\u010cNOSTI U\u010cENIKA<\/strong><\/a> (str. 265-269)<\/li>\n<ul style=\"list-style-type:none\">\n<li>&emsp;&emsp; Ana Peri\u0107<\/li>\n<li>&emsp;&emsp; <\/li>\n<\/ul>\n<\/li>\n<p>  &nbsp;<\/p>\n<li><a href=\"https:\/\/stranijezici.ffzg.unizg.hr\/wp-content\/uploads\/2018\/10\/sj4_4_str269_281.pdf\" target=\"_blank\"><strong>RAZVIJANJE SPOSOBNOSTI \u010cITANJA NA STRANOM JEZIKU<\/strong><\/a> (str. 269-281)<\/li>\n<ul style=\"list-style-type:none\">\n<li>&emsp;&emsp; O. Ger\u010dan, A. Naki\u0107, O. Peri\u0107<\/li>\n<li>&emsp;&emsp; <\/li>\n<\/ul>\n<\/li>\n<p>  &nbsp;<\/p>\n<li>\n<h3>Diskusija<\/h3>\n<\/li>\n<li><a href=\"https:\/\/stranijezici.ffzg.unizg.hr\/wp-content\/uploads\/2018\/10\/sj4_4_str282-286.pdf\" target=\"_blank\"><strong>\u0160KOLSKE ZADA\u0106E U SREDNJIM \u0160KOLAMA<\/strong><\/a> (str. 282-286)<\/li>\n<ul style=\"list-style-type:none\">\n<li>&emsp;&emsp; Ksenija Rogo\u0161i\u0107<\/li>\n<li>&emsp;&emsp; <\/li>\n<\/ul>\n<\/li>\n<p>  &nbsp;<\/p>\n<li><a href=\"https:\/\/stranijezici.ffzg.unizg.hr\/wp-content\/uploads\/2018\/10\/sj4_4_str286-288.pdf\" target=\"_blank\"><strong>\u0160KOLSKE ZADA\u0106E<\/strong><\/a> (str. 286-288)<\/li>\n<ul style=\"list-style-type:none\">\n<li>&emsp;&emsp; Yvonne Vrhovac<\/li>\n<li>&emsp;&emsp; <\/li>\n<\/ul>\n<\/li>\n<p>  &nbsp;<\/p>\n<li>\n<h3>\u017diva rije\u010d<\/h3>\n<\/li>\n<li><a href=\"https:\/\/stranijezici.ffzg.unizg.hr\/wp-content\/uploads\/2018\/10\/sj4_4_str289-295.pdf\" target=\"_blank\"><strong>THE TERMINOLOGY OF SOCIAL AND POLLITICAL LIFE IN YUGOSLAVIA<\/strong><\/a> (str. 289-295)<\/li>\n<ul style=\"list-style-type:none\">\n<li>&emsp;&emsp; Vladimir Ivir<\/li>\n<li>&emsp;&emsp; <\/li>\n<\/ul>\n<\/li>\n<p>  &nbsp;<\/p>\n<li><a href=\"https:\/\/stranijezici.ffzg.unizg.hr\/wp-content\/uploads\/2018\/10\/sj4_4_str295-297.pdf\" target=\"_blank\"><strong>WIE SAGT MAN DAS AUF DEUTSCH?<\/strong><\/a> (str. 295-297)<\/li>\n<ul style=\"list-style-type:none\">\n<li>&emsp;&emsp; Blanka Jaki\u0107<\/li>\n<li>&emsp;&emsp; <\/li>\n<\/ul>\n<\/li>\n<p>  &nbsp;<\/p>\n<li>\n<h3>Na\u0161a iskustva<\/h3>\n<\/li>\n<li><a href=\"https:\/\/stranijezici.ffzg.unizg.hr\/wp-content\/uploads\/2018\/10\/sj4_4_str298-301.pdf\" target=\"_blank\"><strong>PRIMJENA GRUPNOG RADA U STRU\u010cNOJ \u0160KOLI<\/strong><\/a> (str. 298-301)<\/li>\n<ul style=\"list-style-type:none\">\n<li>&emsp;&emsp; Katica Jelin\u010di\u0107-Babi\u0107, Lidija O\u0161tari\u0107, Olga Vu\u010deti\u0107<\/li>\n<li>&emsp;&emsp; <\/li>\n<\/ul>\n<\/li>\n<p>  &nbsp;<\/p>\n<li><a href=\"https:\/\/stranijezici.ffzg.unizg.hr\/wp-content\/uploads\/2018\/10\/sj4_4_str301-306.pdf\" target=\"_blank\"><strong>OBRADA TV-EMISIJE >>DIE STIMME VON FICHTELBERG<< U VIII RAZREDU OSNOVNE \u0160KOLE<\/strong><\/a> (str. 301-306)<\/li>\n<ul style=\"list-style-type:none\">\n<li>&emsp;&emsp; Kazimir Sviben<\/li>\n<li>&emsp;&emsp; <\/li>\n<\/ul>\n<\/li>\n<p>  &nbsp;<\/p>\n<li>\n<h3>Kronika; Prikazi knjiga; Bibliografija<\/h3>\n<\/li>\n<li><a href=\"https:\/\/stranijezici.ffzg.unizg.hr\/wp-content\/uploads\/2018\/10\/sj4_4_str307-320.pdf\" target=\"_blank\">Kronika, Prikazi knjiga, Bibliografija<\/a> (str. 307-320)<\/li>\n<\/li>\n<\/ul>\n","protected":false},"excerpt":{"rendered":"<p>MJESTO STRANIH JEZIKA U NASTAVNIM PLANOVIMA NEKIH EVROPSKIH ZEMALJA (str. 241-248) &emsp;&emsp; Zlatko Muhvi\u0107 &emsp;&emsp; &nbsp; \u010cETVRT STOLJE\u0106A IZDAVANJA UD\u017dBENIKA STRANIH JEZIKA (str. 248-253) &emsp;&emsp; Ankica Tomi\u0107 &emsp;&emsp; &nbsp; Lingvistika PRILOG JEDNOM PITANJU SINTAKSI\u010cKE SINONIMIJE U RUSKOM JEZIKU (str. 254-264) &emsp;&emsp; Olga Braji\u010di\u0107 &emsp;&emsp; &nbsp; Metodika ULOGA NASTAVNIKA ENGLESKOG JEZIKA U FORMIRANJU LI\u010cNOSTI U\u010cENIKA (str. &hellip; <\/p>\n<p class=\"link-more\"><a href=\"https:\/\/stranijezici.ffzg.unizg.hr\/index.php\/vol4n4\/\" class=\"more-link\">Continue reading<span class=\"screen-reader-text\"> &#8220;Vol 4. (4)&#8221;<\/span><\/a><\/p>\n","protected":false},"author":2,"featured_media":0,"parent":0,"menu_order":0,"comment_status":"closed","ping_status":"closed","template":"","meta":{"ngg_post_thumbnail":0,"footnotes":""},"class_list":["post-894","page","type-page","status-publish","hentry"],"_links":{"self":[{"href":"https:\/\/stranijezici.ffzg.unizg.hr\/index.php\/wp-json\/wp\/v2\/pages\/894","targetHints":{"allow":["GET"]}}],"collection":[{"href":"https:\/\/stranijezici.ffzg.unizg.hr\/index.php\/wp-json\/wp\/v2\/pages"}],"about":[{"href":"https:\/\/stranijezici.ffzg.unizg.hr\/index.php\/wp-json\/wp\/v2\/types\/page"}],"author":[{"embeddable":true,"href":"https:\/\/stranijezici.ffzg.unizg.hr\/index.php\/wp-json\/wp\/v2\/users\/2"}],"replies":[{"embeddable":true,"href":"https:\/\/stranijezici.ffzg.unizg.hr\/index.php\/wp-json\/wp\/v2\/comments?post=894"}],"version-history":[{"count":6,"href":"https:\/\/stranijezici.ffzg.unizg.hr\/index.php\/wp-json\/wp\/v2\/pages\/894\/revisions"}],"predecessor-version":[{"id":1985,"href":"https:\/\/stranijezici.ffzg.unizg.hr\/index.php\/wp-json\/wp\/v2\/pages\/894\/revisions\/1985"}],"wp:attachment":[{"href":"https:\/\/stranijezici.ffzg.unizg.hr\/index.php\/wp-json\/wp\/v2\/media?parent=894"}],"curies":[{"name":"wp","href":"https:\/\/api.w.org\/{rel}","templated":true}]}}