{"id":893,"date":"2018-10-16T20:50:25","date_gmt":"2018-10-16T20:50:25","guid":{"rendered":"https:\/\/stranijezici.ffzg.unizg.hr\/?page_id=893"},"modified":"2022-03-08T14:20:29","modified_gmt":"2022-03-08T14:20:29","slug":"vol4n3","status":"publish","type":"page","link":"https:\/\/stranijezici.ffzg.unizg.hr\/index.php\/vol4n3\/","title":{"rendered":"Vol 4. (3)"},"content":{"rendered":"<ul style=\"list-style-type: none;\">\n<li style=\"list-style-type: none;\">\n<ul style=\"list-style-type: none;\">\n<li><a href=\"https:\/\/stranijezici.ffzg.unizg.hr\/wp-content\/uploads\/2018\/10\/sj4_3_str161-164.pdf\" target=\"_blank\" rel=\"noopener\"><strong>IDEJNOST I NASTAVA STRANIH JEZIKA<\/strong><\/a> (str. 161-164)\n<ul style=\"list-style-type: none;\">\n<li>\u2003\u2003 Aleksandar Kolka<\/li>\n<li><\/li>\n<\/ul>\n<\/li>\n<\/ul>\n<\/li>\n<\/ul>\n<p>&nbsp;<\/p>\n<ul style=\"list-style-type: none;\">\n<li style=\"list-style-type: none;\">\n<ul style=\"list-style-type: none;\">\n<li><a href=\"https:\/\/stranijezici.ffzg.unizg.hr\/wp-content\/uploads\/2018\/10\/sj4_3_str164-165.pdf\" target=\"_blank\" rel=\"noopener\"><strong>ULOGA I MJESTO STRANOG JEZIKA U USMJERENOM OBRAZOVANJU<\/strong><\/a> (str. 164-165)\n<ul style=\"list-style-type: none;\">\n<li>\u2003\u2003 Davorka Celmi\u0107<\/li>\n<li><\/li>\n<\/ul>\n<\/li>\n<\/ul>\n<\/li>\n<\/ul>\n<p>&nbsp;<\/p>\n<ul style=\"list-style-type: none;\">\n<li style=\"list-style-type: none;\">\n<ul style=\"list-style-type: none;\">\n<li><a href=\"https:\/\/stranijezici.ffzg.unizg.hr\/wp-content\/uploads\/2018\/10\/sj4_3_str166.pdf\" target=\"_blank\" rel=\"noopener\"><strong>NASTAVA STRANIH JEZIKA U DUHU ZAKLJU\u010cAKA DESETOG KONGRESA SAVEZA KOMUNISTA JUGOSLAVIJE<\/strong><\/a> (str. 166)\n<ul style=\"list-style-type: none;\">\n<li>\u2003\u2003 Irina Ivan\u010devi\u0107<\/li>\n<li><\/li>\n<\/ul>\n<\/li>\n<\/ul>\n<\/li>\n<\/ul>\n<p>&nbsp;<\/p>\n<ul style=\"list-style-type: none;\">\n<li style=\"list-style-type: none;\">\n<ul style=\"list-style-type: none;\">\n<li>\n<h3>Lingvistika<\/h3>\n<\/li>\n<li><a href=\"https:\/\/stranijezici.ffzg.unizg.hr\/wp-content\/uploads\/2018\/10\/sj4_3_str167-175.pdf\" target=\"_blank\" rel=\"noopener\"><strong>INTERPRETACIJA INTERFERENCIJE U LINGVISTICI I LINGVOMETODICI<\/strong><\/a> (str. 167-175)\n<ul style=\"list-style-type: none;\">\n<li>\u2003\u2003 Bogoljub Stankovi\u0107<\/li>\n<li><\/li>\n<\/ul>\n<\/li>\n<\/ul>\n<\/li>\n<\/ul>\n<p>&nbsp;<\/p>\n<ul style=\"list-style-type: none;\">\n<li style=\"list-style-type: none;\">\n<ul style=\"list-style-type: none;\">\n<li>\n<h3>Metodika<\/h3>\n<\/li>\n<li><a href=\"https:\/\/stranijezici.ffzg.unizg.hr\/wp-content\/uploads\/2018\/10\/sj4_3_str176-183.pdf\" target=\"_blank\" rel=\"noopener\"><strong>EVOLUCIJA U RAZVOJU GLOBALNO-STRUKTURNE AUDIOVIZUELNE METODE<\/strong><\/a> (str. 176-183)\n<ul style=\"list-style-type: none;\">\n<li>\u2003\u2003 Klara Montani<\/li>\n<li><\/li>\n<\/ul>\n<\/li>\n<\/ul>\n<\/li>\n<\/ul>\n<p>&nbsp;<\/p>\n<ul style=\"list-style-type: none;\">\n<li style=\"list-style-type: none;\">\n<ul style=\"list-style-type: none;\">\n<li><a href=\"https:\/\/stranijezici.ffzg.unizg.hr\/wp-content\/uploads\/2018\/10\/sj4_3_str183-187.pdf\" target=\"_blank\" rel=\"noopener\"><strong>PRIMJENA ZNANSTVENO-STRU\u010cNE KOMUNIKACIJE U NASTAVI \u010cITANJA<\/strong><\/a> (str. 183-187)\n<ul style=\"list-style-type: none;\">\n<li>\u2003\u2003 Louis Trimble<\/li>\n<li><\/li>\n<\/ul>\n<\/li>\n<\/ul>\n<\/li>\n<\/ul>\n<p>&nbsp;<\/p>\n<ul style=\"list-style-type: none;\">\n<li style=\"list-style-type: none;\">\n<ul style=\"list-style-type: none;\">\n<li><a href=\"https:\/\/stranijezici.ffzg.unizg.hr\/wp-content\/uploads\/2018\/10\/sj4_3_str187-190.pdf\" target=\"_blank\" rel=\"noopener\"><strong>RESURSNI CENTAR &#8211; \u0160TO JE TO?<\/strong><\/a> (str. 187-190)\n<ul style=\"list-style-type: none;\">\n<li>\u2003\u2003 Davorka Celmi\u0107<\/li>\n<li><\/li>\n<\/ul>\n<\/li>\n<\/ul>\n<\/li>\n<\/ul>\n<p>&nbsp;<\/p>\n<ul style=\"list-style-type: none;\">\n<li style=\"list-style-type: none;\">\n<ul style=\"list-style-type: none;\">\n<li>\n<h3>Diskusija<\/h3>\n<\/li>\n<li><a href=\"https:\/\/stranijezici.ffzg.unizg.hr\/wp-content\/uploads\/2018\/10\/sj4_3_str191-197.pdf\" target=\"_blank\" rel=\"noopener\"><strong>OSNOVNE IZGOVORNE RAZLIKE IZME\u0110U BRITANSKOG I AMERI\u010cKOG ENGLESKOG<\/strong><\/a> (str. 191-197)\n<ul style=\"list-style-type: none;\">\n<li>\u2003\u2003 \u017deljko Bujas<\/li>\n<li><\/li>\n<\/ul>\n<\/li>\n<\/ul>\n<\/li>\n<\/ul>\n<p>&nbsp;<\/p>\n<ul style=\"list-style-type: none;\">\n<li style=\"list-style-type: none;\">\n<ul style=\"list-style-type: none;\">\n<li>\n<h3>\u017diva rije\u010d<\/h3>\n<\/li>\n<li><a href=\"https:\/\/stranijezici.ffzg.unizg.hr\/wp-content\/uploads\/2018\/10\/sj4_3_str198-201.pdf\" target=\"_blank\" rel=\"noopener\"><strong>A KANSAN BIRTHDAY BAR-BE-QUE<\/strong><\/a> (str. 198-201)\n<ul style=\"list-style-type: none;\">\n<li>\u2003\u2003 Ann Schumacher<\/li>\n<li><\/li>\n<\/ul>\n<\/li>\n<\/ul>\n<\/li>\n<\/ul>\n<p>&nbsp;<\/p>\n<ul style=\"list-style-type: none;\">\n<li style=\"list-style-type: none;\">\n<ul style=\"list-style-type: none;\">\n<li><a href=\"https:\/\/stranijezici.ffzg.unizg.hr\/wp-content\/uploads\/2018\/10\/sj4_3_str201-204.pdf\" target=\"_blank\" rel=\"noopener\"><strong>UN REPAS \u00c0 LA FRAN\u00c7AISE OU LA BRU RE\u00c7OIT SA BELLE-M\u00c8RE POUR LA PREMI\u00c8RE FOIS<\/strong><\/a> (str. 201-204)\n<ul style=\"list-style-type: none;\">\n<li>\u2003\u2003 Vera Simonin<\/li>\n<li><\/li>\n<\/ul>\n<\/li>\n<\/ul>\n<\/li>\n<\/ul>\n<p>&nbsp;<\/p>\n<ul style=\"list-style-type: none;\">\n<li style=\"list-style-type: none;\">\n<ul style=\"list-style-type: none;\">\n<li><a href=\"https:\/\/stranijezici.ffzg.unizg.hr\/wp-content\/uploads\/2018\/10\/sj4_3_str204-207.pdf\" target=\"_blank\" rel=\"noopener\"><strong>BLUMENKOHL ODER KARFIOL<\/strong><\/a> (str. 204-207)\n<ul style=\"list-style-type: none;\">\n<li>\u2003\u2003 Gertruda Postl-Bo\u017ei\u0107<\/li>\n<li><\/li>\n<\/ul>\n<\/li>\n<\/ul>\n<\/li>\n<\/ul>\n<p>&nbsp;<\/p>\n<ul style=\"list-style-type: none;\">\n<li style=\"list-style-type: none;\">\n<ul style=\"list-style-type: none;\">\n<li><a href=\"https:\/\/stranijezici.ffzg.unizg.hr\/wp-content\/uploads\/2018\/10\/sj4_3_str208-209.pdf\" target=\"_blank\" rel=\"noopener\"><strong>\u041e\u0431\u0435\u0434 \u043d\u0430\u0446\u0438\u043e\u043d\u0430\u043bb\u043d\u043e\u0439 \u0440y\u0441\u0441\u043a\u043e\u0439 \u043ay\u0445\u043d\u042b<\/strong><\/a> (str. 208-209)\n<ul style=\"list-style-type: none;\">\n<li>\u2003\u2003 Genrietta Kovaljova<\/li>\n<li><\/li>\n<\/ul>\n<\/li>\n<\/ul>\n<\/li>\n<\/ul>\n<p>&nbsp;<\/p>\n<ul style=\"list-style-type: none;\">\n<li style=\"list-style-type: none;\">\n<ul style=\"list-style-type: none;\">\n<li><a href=\"https:\/\/stranijezici.ffzg.unizg.hr\/wp-content\/uploads\/2018\/10\/sj4_3_str210-211.pdf\" target=\"_blank\" rel=\"noopener\"><strong>A CENA IN TRASTEVERE<\/strong><\/a> (str. 210-211)\n<ul style=\"list-style-type: none;\">\n<li>\u2003\u2003 Vittorio Bevilacqua<\/li>\n<li><\/li>\n<\/ul>\n<\/li>\n<\/ul>\n<\/li>\n<\/ul>\n<p>&nbsp;<\/p>\n<ul style=\"list-style-type: none;\">\n<li style=\"list-style-type: none;\">\n<ul style=\"list-style-type: none;\">\n<li>\n<h3>Na\u0161a iskustva<\/h3>\n<\/li>\n<li><a href=\"https:\/\/stranijezici.ffzg.unizg.hr\/wp-content\/uploads\/2018\/10\/sj4_3_str212-215.pdf\" target=\"_blank\" rel=\"noopener\"><strong>GRUPNI RAD VIZA ZA STVARALA\u010cKU AKTIVNU SURADNJU U\u010cENIKA I NASTAVNIKA<\/strong><\/a> (str. 212-215)\n<ul style=\"list-style-type: none;\">\n<li>\u2003\u2003 Lada Tudor<\/li>\n<li><\/li>\n<\/ul>\n<\/li>\n<\/ul>\n<\/li>\n<\/ul>\n<p>&nbsp;<\/p>\n<ul style=\"list-style-type: none;\">\n<li style=\"list-style-type: none;\">\n<ul style=\"list-style-type: none;\">\n<li><a href=\"https:\/\/stranijezici.ffzg.unizg.hr\/wp-content\/uploads\/2018\/10\/sj4_3_str215-218.pdf\" target=\"_blank\" rel=\"noopener\"><strong>PROJEKT &gt;&gt;AUSTRALIJA&lt;&lt; <\/strong><\/a> (str. 215-218)\n<ul style=\"list-style-type: none;\">\n<li>\u2003\u2003 Mira Klepa\u010d<\/li>\n<li><\/li>\n<\/ul>\n<\/li>\n<\/ul>\n<\/li>\n<\/ul>\n<p>&nbsp;<\/p>\n<ul style=\"list-style-type: none;\">\n<li style=\"list-style-type: none;\">\n<ul style=\"list-style-type: none;\">\n<li><a href=\"https:\/\/stranijezici.ffzg.unizg.hr\/wp-content\/uploads\/2018\/10\/sj4_3_str218-223.pdf\" target=\"_blank\" rel=\"noopener\"><strong>&#8216;MAL WAS ANDERES &#8211; EKSPLOATACIJA TEKSTA, TRANSFER<\/strong><\/a> (str. 218-223)\n<ul style=\"list-style-type: none;\">\n<li>\u2003\u2003 Nada Kocian<\/li>\n<li><\/li>\n<\/ul>\n<\/li>\n<\/ul>\n<\/li>\n<\/ul>\n<p>&nbsp;<\/p>\n<ul style=\"list-style-type: none;\">\n<li style=\"list-style-type: none;\">\n<ul style=\"list-style-type: none;\">\n<li><a href=\"https:\/\/stranijezici.ffzg.unizg.hr\/wp-content\/uploads\/2018\/10\/sj4_3_str223-225.pdf\" target=\"_blank\" rel=\"noopener\"><strong>JEDAN OD NA\u010cINA KORI\u0160TENJA TV-EMISIJA U NASTAVI NJEMA\u010cKOG JEZIKA U GIMNAZIJI<\/strong><\/a> (str. 223-225)\n<ul style=\"list-style-type: none;\">\n<li>\u2003\u2003 Vesna Reiser<\/li>\n<li><\/li>\n<\/ul>\n<\/li>\n<\/ul>\n<\/li>\n<\/ul>\n<p>&nbsp;<\/p>\n<ul style=\"list-style-type: none;\">\n<li style=\"list-style-type: none;\">\n<ul style=\"list-style-type: none;\">\n<li><a href=\"https:\/\/stranijezici.ffzg.unizg.hr\/wp-content\/uploads\/2018\/10\/sj4_3_str226-229.pdf\" target=\"_blank\" rel=\"noopener\"><strong>PRELAZAK NA PISMO U NASTAVI RUSKOG JEZIKA U V RAZREDU OSNOVNE \u0160KOLE<\/strong><\/a> (str. 226-229)\n<ul style=\"list-style-type: none;\">\n<li>\u2003\u2003 Radoslav Unkovi\u0107<\/li>\n<li><\/li>\n<\/ul>\n<\/li>\n<\/ul>\n<\/li>\n<\/ul>\n<p>&nbsp;<\/p>\n<ul style=\"list-style-type: none;\">\n<li>\n<h3>Kronika; Prikazi knjiga; Bibliografija<\/h3>\n<\/li>\n<li><strong><a href=\"https:\/\/stranijezici.ffzg.unizg.hr\/wp-content\/uploads\/2022\/03\/SJ_4_3_00.pdf\">Kronika, prikazi knjiga, bibliografija<\/a><\/strong> (str. 230-240)<\/li>\n<\/ul>\n","protected":false},"excerpt":{"rendered":"<p>IDEJNOST I NASTAVA STRANIH JEZIKA (str. 161-164) \u2003\u2003 Aleksandar Kolka &nbsp; ULOGA I MJESTO STRANOG JEZIKA U USMJERENOM OBRAZOVANJU (str. 164-165) \u2003\u2003 Davorka Celmi\u0107 &nbsp; NASTAVA STRANIH JEZIKA U DUHU ZAKLJU\u010cAKA DESETOG KONGRESA SAVEZA KOMUNISTA JUGOSLAVIJE (str. 166) \u2003\u2003 Irina Ivan\u010devi\u0107 &nbsp; Lingvistika INTERPRETACIJA INTERFERENCIJE U LINGVISTICI I LINGVOMETODICI (str. 167-175) \u2003\u2003 Bogoljub Stankovi\u0107 &nbsp; &hellip; <\/p>\n<p class=\"link-more\"><a href=\"https:\/\/stranijezici.ffzg.unizg.hr\/index.php\/vol4n3\/\" class=\"more-link\">Continue reading<span class=\"screen-reader-text\"> &#8220;Vol 4. (3)&#8221;<\/span><\/a><\/p>\n","protected":false},"author":2,"featured_media":0,"parent":0,"menu_order":0,"comment_status":"closed","ping_status":"closed","template":"","meta":{"ngg_post_thumbnail":0,"footnotes":""},"class_list":["post-893","page","type-page","status-publish","hentry"],"_links":{"self":[{"href":"https:\/\/stranijezici.ffzg.unizg.hr\/index.php\/wp-json\/wp\/v2\/pages\/893","targetHints":{"allow":["GET"]}}],"collection":[{"href":"https:\/\/stranijezici.ffzg.unizg.hr\/index.php\/wp-json\/wp\/v2\/pages"}],"about":[{"href":"https:\/\/stranijezici.ffzg.unizg.hr\/index.php\/wp-json\/wp\/v2\/types\/page"}],"author":[{"embeddable":true,"href":"https:\/\/stranijezici.ffzg.unizg.hr\/index.php\/wp-json\/wp\/v2\/users\/2"}],"replies":[{"embeddable":true,"href":"https:\/\/stranijezici.ffzg.unizg.hr\/index.php\/wp-json\/wp\/v2\/comments?post=893"}],"version-history":[{"count":8,"href":"https:\/\/stranijezici.ffzg.unizg.hr\/index.php\/wp-json\/wp\/v2\/pages\/893\/revisions"}],"predecessor-version":[{"id":3258,"href":"https:\/\/stranijezici.ffzg.unizg.hr\/index.php\/wp-json\/wp\/v2\/pages\/893\/revisions\/3258"}],"wp:attachment":[{"href":"https:\/\/stranijezici.ffzg.unizg.hr\/index.php\/wp-json\/wp\/v2\/media?parent=893"}],"curies":[{"name":"wp","href":"https:\/\/api.w.org\/{rel}","templated":true}]}}