{"id":892,"date":"2018-10-16T19:32:25","date_gmt":"2018-10-16T19:32:25","guid":{"rendered":"https:\/\/stranijezici.ffzg.unizg.hr\/?page_id=892"},"modified":"2022-03-08T14:16:14","modified_gmt":"2022-03-08T14:16:14","slug":"vol4n1-2","status":"publish","type":"page","link":"https:\/\/stranijezici.ffzg.unizg.hr\/index.php\/vol4n1-2\/","title":{"rendered":"Vol 4. (1-2)"},"content":{"rendered":"<ul style=\"list-style-type: none;\">\n<li style=\"list-style-type: none;\">\n<ul style=\"list-style-type: none;\">\n<li><a href=\"https:\/\/stranijezici.ffzg.unizg.hr\/wp-content\/uploads\/2018\/10\/sj4_1-2_str1-4.pdf\" target=\"_blank\" rel=\"noopener\"><strong>PROBLEMI UD\u017dBENI\u010cKE STVARNOSTI<\/strong><\/a> (str. 1-4)\n<ul style=\"list-style-type: none;\">\n<li>\u2003\u2003 Mirjana Jur\u010di\u0107<\/li>\n<li><\/li>\n<\/ul>\n<\/li>\n<\/ul>\n<\/li>\n<\/ul>\n<p>&nbsp;<\/p>\n<ul style=\"list-style-type: none;\">\n<li style=\"list-style-type: none;\">\n<ul style=\"list-style-type: none;\">\n<li>\n<h3>Lingvistika<\/h3>\n<\/li>\n<li><a href=\"https:\/\/stranijezici.ffzg.unizg.hr\/wp-content\/uploads\/2018\/10\/sj4_1-2_str5-22.pdf\" target=\"_blank\" rel=\"noopener\"><strong>TEORIJA GRAMATIKE ZAVISNOTI<\/strong><\/a> (str. 5-22)\n<ul style=\"list-style-type: none;\">\n<li>\u2003\u2003 Pavica Mrazovi\u0107<\/li>\n<li><\/li>\n<\/ul>\n<\/li>\n<\/ul>\n<\/li>\n<\/ul>\n<p>&nbsp;<\/p>\n<ul style=\"list-style-type: none;\">\n<li style=\"list-style-type: none;\">\n<ul style=\"list-style-type: none;\">\n<li><a href=\"https:\/\/stranijezici.ffzg.unizg.hr\/wp-content\/uploads\/2018\/10\/sj4_1-2_str22-25.pdf\" target=\"_blank\" rel=\"noopener\"><strong>PROBLEM INTERFERENCIJE I UPOTREBA PRIJEDLOGA U NJEMA\u010cKOM JEZIKU<\/strong><\/a> (str. 22-25)\n<ul style=\"list-style-type: none;\">\n<li>\u2003\u2003 Mirko Gojmerac<\/li>\n<li><\/li>\n<\/ul>\n<\/li>\n<\/ul>\n<\/li>\n<\/ul>\n<p>&nbsp;<\/p>\n<ul style=\"list-style-type: none;\">\n<li style=\"list-style-type: none;\">\n<ul style=\"list-style-type: none;\">\n<li><a href=\"https:\/\/stranijezici.ffzg.unizg.hr\/wp-content\/uploads\/2018\/10\/sj4_1-2_str26-29.pdf\" target=\"_blank\" rel=\"noopener\"><strong>LINGVISTIKA I RAZRED<\/strong><\/a> (str. 26-29)\n<ul style=\"list-style-type: none;\">\n<li>\u2003\u2003 Olga Mi\u0161eska Tomi\u0107<\/li>\n<li><\/li>\n<\/ul>\n<\/li>\n<\/ul>\n<\/li>\n<\/ul>\n<p>&nbsp;<\/p>\n<ul style=\"list-style-type: none;\">\n<li style=\"list-style-type: none;\">\n<ul style=\"list-style-type: none;\">\n<li>\n<h3>Metodika<\/h3>\n<\/li>\n<li><a href=\"https:\/\/stranijezici.ffzg.unizg.hr\/wp-content\/uploads\/2018\/10\/sj4_1-2_str29-37.pdf\" target=\"_blank\" rel=\"noopener\"><strong>KOLOKACIJE ENGLESKOG GLAGOLA TAKE S IMENICOM KAO OBJEKTOM I PRIJEVODNI EKVIVALENTI U HRVATSKOM JEZIKU<\/strong><\/a> (str. 29-37)\n<ul style=\"list-style-type: none;\">\n<li>\u2003\u2003 Vladimir Ivir, Vlasta Tanay<\/li>\n<li><\/li>\n<\/ul>\n<\/li>\n<\/ul>\n<\/li>\n<\/ul>\n<p>&nbsp;<\/p>\n<ul style=\"list-style-type: none;\">\n<li style=\"list-style-type: none;\">\n<ul style=\"list-style-type: none;\">\n<li><a href=\"https:\/\/stranijezici.ffzg.unizg.hr\/wp-content\/uploads\/2018\/10\/sj4_1-2_str38-41.pdf\" target=\"_blank\" rel=\"noopener\"><strong>MOTIVACIJA U U\u010cENJU STRANIH JEZIKA<\/strong><\/a> (str. 38-41)\n<ul style=\"list-style-type: none;\">\n<li>\u2003\u2003 Ivo \u0160kari\u0107<\/li>\n<li><\/li>\n<\/ul>\n<\/li>\n<\/ul>\n<\/li>\n<\/ul>\n<p>&nbsp;<\/p>\n<ul style=\"list-style-type: none;\">\n<li style=\"list-style-type: none;\">\n<ul style=\"list-style-type: none;\">\n<li><a href=\"https:\/\/stranijezici.ffzg.unizg.hr\/wp-content\/uploads\/2018\/10\/sj4_1-2_str41-51.pdf\" target=\"_blank\" rel=\"noopener\"><strong>PISMENE VJE\u017dBE U OSNOVNOJ \u0160KOLI S PRIMJERIMA IZ UD\u017dBENIKA ZA NJEMA\u010cKI JEZIK<\/strong><\/a> (str. 41-51)\n<ul style=\"list-style-type: none;\">\n<li>\u2003\u2003 Aleksandra Krstulovi\u0107<\/li>\n<li><\/li>\n<\/ul>\n<\/li>\n<\/ul>\n<\/li>\n<\/ul>\n<p>&nbsp;<\/p>\n<ul style=\"list-style-type: none;\">\n<li style=\"list-style-type: none;\">\n<ul style=\"list-style-type: none;\">\n<li><a href=\"https:\/\/stranijezici.ffzg.unizg.hr\/wp-content\/uploads\/2018\/10\/sj4_1-2_str52-55.pdf\" target=\"_blank\" rel=\"noopener\"><strong>PRIMJENA GRUPNOG RADA U NASTAVI STRANIH JEZIKA U SREDNJIM \u0160KOLAMA<\/strong><\/a> (str. 52-55)\n<ul style=\"list-style-type: none;\">\n<li>\u2003\u2003 Davorka Celmi\u0107<\/li>\n<li><\/li>\n<\/ul>\n<\/li>\n<\/ul>\n<\/li>\n<\/ul>\n<p>&nbsp;<\/p>\n<ul style=\"list-style-type: none;\">\n<li style=\"list-style-type: none;\">\n<ul style=\"list-style-type: none;\">\n<li><a href=\"https:\/\/stranijezici.ffzg.unizg.hr\/wp-content\/uploads\/2018\/10\/sj4_1-2_str56-59.pdf\" target=\"_blank\" rel=\"noopener\"><strong>SLIKA KAO PROVOKATOR ZA IDENTIFIKACIJU<\/strong><\/a> (str. 56-59)\n<ul style=\"list-style-type: none;\">\n<li>\u2003\u2003 Nada Pletikosa<\/li>\n<li><\/li>\n<\/ul>\n<\/li>\n<\/ul>\n<\/li>\n<\/ul>\n<p>&nbsp;<\/p>\n<ul style=\"list-style-type: none;\">\n<li style=\"list-style-type: none;\">\n<ul style=\"list-style-type: none;\">\n<li><a href=\"https:\/\/stranijezici.ffzg.unizg.hr\/wp-content\/uploads\/2018\/10\/sj4_1-2_str60-63.pdf\" target=\"_blank\" rel=\"noopener\"><strong>O OBRADI RIJE\u010cI U NASTAVI LATINSKOG JEZIKA<\/strong><\/a> (str. 60-63)\n<ul style=\"list-style-type: none;\">\n<li>\u2003\u2003 Olja Peri\u0107<\/li>\n<li><\/li>\n<\/ul>\n<\/li>\n<\/ul>\n<\/li>\n<\/ul>\n<p>&nbsp;<\/p>\n<ul style=\"list-style-type: none;\">\n<li style=\"list-style-type: none;\">\n<ul style=\"list-style-type: none;\">\n<li>\n<h3>Iz strane stru\u010dne literature<\/h3>\n<\/li>\n<li><a href=\"https:\/\/stranijezici.ffzg.unizg.hr\/wp-content\/uploads\/2018\/10\/sj4_1-2_str64-69.pdf\" target=\"_blank\" rel=\"noopener\"><strong>UPRAVLJANJE USVAJANJEM STRANOG JEZIKA<\/strong><\/a> (str. 64-69)\n<ul style=\"list-style-type: none;\">\n<li>\u2003\u2003 A. A. Leontjev<\/li>\n<li><\/li>\n<\/ul>\n<\/li>\n<\/ul>\n<\/li>\n<\/ul>\n<p>&nbsp;<\/p>\n<ul style=\"list-style-type: none;\">\n<li style=\"list-style-type: none;\">\n<ul style=\"list-style-type: none;\">\n<li>\n<h3>\u017diva rije\u010d<\/h3>\n<\/li>\n<li><a href=\"https:\/\/stranijezici.ffzg.unizg.hr\/wp-content\/uploads\/2018\/10\/sj4_1-2_str70-72.pdf\" target=\"_blank\" rel=\"noopener\"><strong>HOW CHARLOTTE BRONTE STARTED AS A NOVELIST; THE FIRST FOUR MINUTE MILE; DRAKE&#8217;S BOWLS AND THE SPANISH ARMADA<\/strong><\/a> (str. 70-72)\n<ul style=\"list-style-type: none;\">\n<li>\u2003\u2003 Sonia Bi\u0107ani\u0107<\/li>\n<li><\/li>\n<\/ul>\n<\/li>\n<\/ul>\n<\/li>\n<\/ul>\n<p>&nbsp;<\/p>\n<ul style=\"list-style-type: none;\">\n<li style=\"list-style-type: none;\">\n<ul style=\"list-style-type: none;\">\n<li><a href=\"https:\/\/stranijezici.ffzg.unizg.hr\/wp-content\/uploads\/2018\/10\/sj4_1-2_str72-76.pdf\" target=\"_blank\" rel=\"noopener\"><strong>APPRENONS EN NOUS AMUSANT<\/strong><\/a> (str. 72-76)\n<ul style=\"list-style-type: none;\">\n<li>\u2003\u2003 Ivana Batu\u0161i\u0107<\/li>\n<li><\/li>\n<\/ul>\n<\/li>\n<\/ul>\n<\/li>\n<\/ul>\n<p>&nbsp;<\/p>\n<ul style=\"list-style-type: none;\">\n<li style=\"list-style-type: none;\">\n<ul style=\"list-style-type: none;\">\n<li><a href=\"https:\/\/stranijezici.ffzg.unizg.hr\/wp-content\/uploads\/2018\/10\/sj4_1-2_str76-78.pdf\" target=\"_blank\" rel=\"noopener\"><strong>ANEKDOTEN AUS DEM LEBEN BEKANTER DEUTCHER<\/strong><\/a> (str. 76-78)\n<ul style=\"list-style-type: none;\">\n<li>\u2003\u2003 Christine Reiser-Dumbovi\u0107<\/li>\n<li><\/li>\n<\/ul>\n<\/li>\n<\/ul>\n<\/li>\n<\/ul>\n<p>&nbsp;<\/p>\n<ul style=\"list-style-type: none;\">\n<li style=\"list-style-type: none;\">\n<ul style=\"list-style-type: none;\">\n<li><a href=\"https:\/\/stranijezici.ffzg.unizg.hr\/wp-content\/uploads\/2018\/10\/sj4_1-2_str79-81.pdf\" target=\"_blank\" rel=\"noopener\"><strong>\u0416\u0418T\u0411 TO\u041bbKO \u0414\u041b\u042f \u0418CKy\u0421\u0421TBO &#8211; BOT CM\u042bC\u041b \u0416\u0418\u0417\u041d\u0418; \u041a\u0410\u041a\u0410\u042f \u0411\u041e\u041b\u042c\u0428\u0410\u042f \u0420\u0410\u0421\u0421\u0415\u042f\u041d\u041d\u041e\u0421\u0422\u042c \u0411\u042b\u0412\u0410\u0415\u0422 \u0423 \u0413\u0415\u041d\u0418\u0410\u041b\u042c\u041d\u042b\u0425 \u041b\u042e\u0414\u0415\u0419.; \u041d\u0410\u0423\u0427\u041d\u042b\u0415 \u041e\u041f\u042b\u0422\u042b \u0427\u0415\u041b\u041e\u0412\u0415\u041a\u0423 \u0418\u041d\u041e\u0413\u0414\u0410 \u041c\u0418\u041b\u0415\u0415 \u041d\u041e\u0412\u041e\u0413\u041e \u041a\u041e\u0421\u0422\u042e\u041c\u0410.<\/strong><\/a> (str. 79-81)\n<ul style=\"list-style-type: none;\">\n<li>\u2003\u2003 Zoja Valujev<\/li>\n<li><\/li>\n<\/ul>\n<\/li>\n<\/ul>\n<\/li>\n<\/ul>\n<p>&nbsp;<\/p>\n<ul style=\"list-style-type: none;\">\n<li style=\"list-style-type: none;\">\n<ul style=\"list-style-type: none;\">\n<li><a href=\"https:\/\/stranijezici.ffzg.unizg.hr\/wp-content\/uploads\/2018\/10\/sj4_1-2_str82.pdf\" target=\"_blank\" rel=\"noopener\"><strong>ANEDDOTI<\/strong><\/a> (str. 82)\n<ul style=\"list-style-type: none;\">\n<li>\u2003\u2003 Josip Jernej<\/li>\n<li><\/li>\n<\/ul>\n<\/li>\n<\/ul>\n<\/li>\n<\/ul>\n<p>&nbsp;<\/p>\n<ul style=\"list-style-type: none;\">\n<li style=\"list-style-type: none;\">\n<ul style=\"list-style-type: none;\">\n<li>\n<h3>Na\u0161a iskustva<\/h3>\n<\/li>\n<li><a href=\"https:\/\/stranijezici.ffzg.unizg.hr\/wp-content\/uploads\/2018\/10\/sj4_1-2_str83-86.pdf\" target=\"_blank\" rel=\"noopener\"><strong>JEDAN SAT NASTAVE ENGLESKOG JEZIKA U IV RAZREDU OSNOVNE \u0160KOLE<\/strong><\/a> (str. 83-86)\n<ul style=\"list-style-type: none;\">\n<li>\u2003\u2003 Jasna Gotovac<\/li>\n<li><\/li>\n<\/ul>\n<\/li>\n<\/ul>\n<\/li>\n<\/ul>\n<p>&nbsp;<\/p>\n<ul style=\"list-style-type: none;\">\n<li style=\"list-style-type: none;\">\n<ul style=\"list-style-type: none;\">\n<li><a href=\"https:\/\/stranijezici.ffzg.unizg.hr\/wp-content\/uploads\/2018\/10\/sj4_1-2_str86-91.pdf\" target=\"_blank\" rel=\"noopener\"><strong>ISKUSTVA S GRUPNIM RADOM U NASTAVI ENGLESKOG JEZIKA<\/strong><\/a> (str. 86-91)\n<ul style=\"list-style-type: none;\">\n<li>\u2003\u2003 Nada Berklovi\u0107<\/li>\n<li><\/li>\n<\/ul>\n<\/li>\n<\/ul>\n<\/li>\n<\/ul>\n<p>&nbsp;<\/p>\n<ul style=\"list-style-type: none;\">\n<li style=\"list-style-type: none;\">\n<ul style=\"list-style-type: none;\">\n<li><a href=\"https:\/\/stranijezici.ffzg.unizg.hr\/wp-content\/uploads\/2018\/10\/sj4_1-2_str91-96.pdf\" target=\"_blank\" rel=\"noopener\"><strong>PRAKTI\u010cAN PRIMJER OBRADE GRAMATI\u010cKE JEDINICE &gt;&gt;INFINITIV + ZU&lt;&lt; U NASTAVI NJEMA\u010cKOG JEZIKA<\/strong><\/a> (str. 91-96)\n<ul style=\"list-style-type: none;\">\n<li>\u2003\u2003 Mirjana Rito\u0161a<\/li>\n<li><\/li>\n<\/ul>\n<\/li>\n<\/ul>\n<\/li>\n<\/ul>\n<p>&nbsp;<\/p>\n<ul style=\"list-style-type: none;\">\n<li style=\"list-style-type: none;\">\n<ul style=\"list-style-type: none;\">\n<li><a href=\"https:\/\/stranijezici.ffzg.unizg.hr\/wp-content\/uploads\/2018\/10\/sj4_1-2_str96-99.pdf\" target=\"_blank\" rel=\"noopener\"><strong>ULOGA MUZIKE (PJESME) U NASTAVI RUSKOG JEZIKA<\/strong><\/a> (str. 96-99)\n<ul style=\"list-style-type: none;\">\n<li>\u2003\u2003 Maksim Miladinovi\u0107<\/li>\n<li><\/li>\n<\/ul>\n<\/li>\n<\/ul>\n<\/li>\n<\/ul>\n<p>&nbsp;<\/p>\n<ul style=\"list-style-type: none;\">\n<li style=\"list-style-type: none;\">\n<ul style=\"list-style-type: none;\">\n<li><a href=\"https:\/\/stranijezici.ffzg.unizg.hr\/wp-content\/uploads\/2018\/10\/sj4_1-2_str100-102.pdf\" target=\"_blank\" rel=\"noopener\"><strong>KARTICE NA SATU UTVR\u0110IVANJA I PONAVLJANJA JEZI\u010cNOG GRADIVA<\/strong><\/a> (str. 100-102)\n<ul style=\"list-style-type: none;\">\n<li>\u2003\u2003 Vera Hru\u0161<\/li>\n<li><\/li>\n<\/ul>\n<\/li>\n<\/ul>\n<\/li>\n<\/ul>\n<p>&nbsp;<\/p>\n<ul style=\"list-style-type: none;\">\n<li style=\"list-style-type: none;\">\n<ul style=\"list-style-type: none;\">\n<li><a href=\"https:\/\/stranijezici.ffzg.unizg.hr\/wp-content\/uploads\/2018\/10\/sj4_1-2_str102-110.pdf\" target=\"_blank\" rel=\"noopener\"><strong>KLASI\u010cNI GR\u010cKI U LABORATORIJU ZA PROU\u010cAVANJE JEZIKA. \u017dENEVSKI EKSPERIMENT<\/strong><\/a> (str. 102-110)\n<ul style=\"list-style-type: none;\">\n<li>\u2003\u2003 Andr\u00e9 Hurst<\/li>\n<li><\/li>\n<\/ul>\n<\/li>\n<\/ul>\n<\/li>\n<\/ul>\n<p>&nbsp;<\/p>\n<ul style=\"list-style-type: none;\">\n<li style=\"list-style-type: none;\">\n<ul style=\"list-style-type: none;\">\n<li><a href=\"https:\/\/stranijezici.ffzg.unizg.hr\/wp-content\/uploads\/2018\/10\/sj4_1-2_str111-118.pdf\" target=\"_blank\" rel=\"noopener\"><strong>IZRADA DOSJEA I NJEGOVO KORI\u0160TENJE U NASTAVI<\/strong><\/a> (str. 111-118)\n<ul style=\"list-style-type: none;\">\n<li>\u2003\u2003 Nives Sironi\u0107-Bonefa\u010di\u0107<\/li>\n<li><\/li>\n<\/ul>\n<\/li>\n<\/ul>\n<\/li>\n<\/ul>\n<p>&nbsp;<\/p>\n<ul style=\"list-style-type: none;\">\n<li style=\"list-style-type: none;\">\n<ul style=\"list-style-type: none;\">\n<li><a href=\"https:\/\/stranijezici.ffzg.unizg.hr\/wp-content\/uploads\/2018\/10\/sj4_1-2_str118-121.pdf\" target=\"_blank\" rel=\"noopener\"><strong>NAU\u010cNO-POPULARNI TEKSTOVI U NASTAVI ENGLESKOG JEZIKA U SREDNJIM \u0160KOLAMA<\/strong><\/a> (str. 118-121)\n<ul style=\"list-style-type: none;\">\n<li>\u2003\u2003 Ksenija Rogo\u0161i\u0107<\/li>\n<li><\/li>\n<\/ul>\n<\/li>\n<\/ul>\n<\/li>\n<\/ul>\n<p>&nbsp;<\/p>\n<ul style=\"list-style-type: none;\">\n<li style=\"list-style-type: none;\">\n<ul style=\"list-style-type: none;\">\n<li><a href=\"https:\/\/stranijezici.ffzg.unizg.hr\/wp-content\/uploads\/2018\/10\/sj4_1-2_str121-125.pdf\" target=\"_blank\" rel=\"noopener\"><strong>NOVINSKA REKLAMA I NJENA EKSPLOATACIJA U GRUPNOM RADU<\/strong><\/a> (str. 121-125)\n<ul style=\"list-style-type: none;\">\n<li>\u2003\u2003 Vesna Gliha Pintari\u0107<\/li>\n<li><\/li>\n<\/ul>\n<\/li>\n<\/ul>\n<\/li>\n<\/ul>\n<p>&nbsp;<\/p>\n<ul style=\"list-style-type: none;\">\n<li style=\"list-style-type: none;\">\n<ul style=\"list-style-type: none;\">\n<li><a href=\"https:\/\/stranijezici.ffzg.unizg.hr\/wp-content\/uploads\/2018\/10\/sj4_1-2_str125-127.pdf\" target=\"_blank\" rel=\"noopener\"><strong>PRIMJENA TV SERIJE &gt;&gt;HOLIDAY IN LONDON TOWN&lt;&lt; U GIMNAZIJI<\/strong><\/a> (str. 125-127)\n<ul style=\"list-style-type: none;\">\n<li>\u2003\u2003 Smilja Giunio<\/li>\n<li><\/li>\n<\/ul>\n<\/li>\n<\/ul>\n<\/li>\n<\/ul>\n<p>&nbsp;<\/p>\n<ul style=\"list-style-type: none;\">\n<li style=\"list-style-type: none;\">\n<ul style=\"list-style-type: none;\">\n<li><a href=\"https:\/\/stranijezici.ffzg.unizg.hr\/wp-content\/uploads\/2018\/10\/sj4_1-2_str127-128.pdf\" target=\"_blank\" rel=\"noopener\"><strong>NEKA ISKUSTVA S GRUPNIM RADOM<\/strong><\/a> (str. 127-128)\n<ul style=\"list-style-type: none;\">\n<li>\u2003\u2003 Mirjana Fijan<\/li>\n<li><\/li>\n<\/ul>\n<\/li>\n<\/ul>\n<\/li>\n<\/ul>\n<p>&nbsp;<\/p>\n<ul style=\"list-style-type: none;\">\n<li style=\"list-style-type: none;\">\n<ul style=\"list-style-type: none;\">\n<li><a href=\"https:\/\/stranijezici.ffzg.unizg.hr\/wp-content\/uploads\/2018\/10\/sj4_1-2_str128-133.pdf\" target=\"_blank\" rel=\"noopener\"><strong>OBRADA TV EMISIJE &gt;&gt; \u041d\u0430\u0440\u043e\u0434\u043d\u042b\u0435 \u041c\u0430\u0441\u0442\u0435\u0440\u0430 &lt;&lt; <\/strong><\/a> (str. 128-133)\n<ul style=\"list-style-type: none;\">\n<li>\u2003\u2003 Koviljka Markovi\u0107<\/li>\n<li><\/li>\n<\/ul>\n<\/li>\n<\/ul>\n<\/li>\n<\/ul>\n<p>&nbsp;<\/p>\n<ul style=\"list-style-type: none;\">\n<li>\n<h3>Kronika; Na\u0161a po\u0161ta; Prikazi knjiga<\/h3>\n<\/li>\n<li><strong><a href=\"https:\/\/stranijezici.ffzg.unizg.hr\/wp-content\/uploads\/2022\/03\/SJ_4_1-2_00.pdf\">Kronika, na\u0161a po\u0161ta, prikazi knjiga<\/a><\/strong> (str. 134-161)<\/li>\n<\/ul>\n","protected":false},"excerpt":{"rendered":"<p>PROBLEMI UD\u017dBENI\u010cKE STVARNOSTI (str. 1-4) \u2003\u2003 Mirjana Jur\u010di\u0107 &nbsp; Lingvistika TEORIJA GRAMATIKE ZAVISNOTI (str. 5-22) \u2003\u2003 Pavica Mrazovi\u0107 &nbsp; PROBLEM INTERFERENCIJE I UPOTREBA PRIJEDLOGA U NJEMA\u010cKOM JEZIKU (str. 22-25) \u2003\u2003 Mirko Gojmerac &nbsp; LINGVISTIKA I RAZRED (str. 26-29) \u2003\u2003 Olga Mi\u0161eska Tomi\u0107 &nbsp; Metodika KOLOKACIJE ENGLESKOG GLAGOLA TAKE S IMENICOM KAO OBJEKTOM I PRIJEVODNI EKVIVALENTI &hellip; <\/p>\n<p class=\"link-more\"><a href=\"https:\/\/stranijezici.ffzg.unizg.hr\/index.php\/vol4n1-2\/\" class=\"more-link\">Continue reading<span class=\"screen-reader-text\"> &#8220;Vol 4. (1-2)&#8221;<\/span><\/a><\/p>\n","protected":false},"author":2,"featured_media":0,"parent":0,"menu_order":0,"comment_status":"closed","ping_status":"closed","template":"","meta":{"ngg_post_thumbnail":0,"footnotes":""},"class_list":["post-892","page","type-page","status-publish","hentry"],"_links":{"self":[{"href":"https:\/\/stranijezici.ffzg.unizg.hr\/index.php\/wp-json\/wp\/v2\/pages\/892","targetHints":{"allow":["GET"]}}],"collection":[{"href":"https:\/\/stranijezici.ffzg.unizg.hr\/index.php\/wp-json\/wp\/v2\/pages"}],"about":[{"href":"https:\/\/stranijezici.ffzg.unizg.hr\/index.php\/wp-json\/wp\/v2\/types\/page"}],"author":[{"embeddable":true,"href":"https:\/\/stranijezici.ffzg.unizg.hr\/index.php\/wp-json\/wp\/v2\/users\/2"}],"replies":[{"embeddable":true,"href":"https:\/\/stranijezici.ffzg.unizg.hr\/index.php\/wp-json\/wp\/v2\/comments?post=892"}],"version-history":[{"count":11,"href":"https:\/\/stranijezici.ffzg.unizg.hr\/index.php\/wp-json\/wp\/v2\/pages\/892\/revisions"}],"predecessor-version":[{"id":3254,"href":"https:\/\/stranijezici.ffzg.unizg.hr\/index.php\/wp-json\/wp\/v2\/pages\/892\/revisions\/3254"}],"wp:attachment":[{"href":"https:\/\/stranijezici.ffzg.unizg.hr\/index.php\/wp-json\/wp\/v2\/media?parent=892"}],"curies":[{"name":"wp","href":"https:\/\/api.w.org\/{rel}","templated":true}]}}