{"id":818,"date":"2018-10-16T16:21:18","date_gmt":"2018-10-16T16:21:18","guid":{"rendered":"https:\/\/stranijezici.ffzg.unizg.hr\/?page_id=818"},"modified":"2018-11-24T00:33:38","modified_gmt":"2018-11-24T00:33:38","slug":"vol3n3","status":"publish","type":"page","link":"https:\/\/stranijezici.ffzg.unizg.hr\/index.php\/vol3n3\/","title":{"rendered":"Vol 3. (3)"},"content":{"rendered":"<ul style=\"list-style-type:none\">\n<li><a href=\"https:\/\/stranijezici.ffzg.unizg.hr\/wp-content\/uploads\/2018\/10\/sj3_3_str161-165.pdf\" target=\"_blank\"><strong>OSNOVNA NA\u010cELA NASTAVE STRANIH JEZIKA ZACRTANA NA IDEJNOJ PLATFORMI ODGOJA I OBRAZOVANJA X KONGRESA SKJ<\/strong><\/a> (str. 161-165)<\/li>\n<ul style=\"list-style-type:none\">\n<li>&emsp;&emsp; Davorka Celmi\u0107<\/li>\n<li>&emsp;&emsp; <\/li>\n<\/ul>\n<\/li>\n<p>  &nbsp;<\/p>\n<li>\n<h3>Lingvistika<\/h3>\n<\/li>\n<li><a href=\"https:\/\/stranijezici.ffzg.unizg.hr\/wp-content\/uploads\/2018\/10\/sj3_3_str166-173.pdf\" target=\"_blank\"><strong>SOCIOLINGVISTIKA U RAZREDU<\/strong><\/a> (str. 166-173)<\/li>\n<ul style=\"list-style-type:none\">\n<li>&emsp;&emsp; Louis Trimble<\/li>\n<li>&emsp;&emsp; <\/li>\n<\/ul>\n<\/li>\n<p>  &nbsp;<\/p>\n<li><a href=\"https:\/\/stranijezici.ffzg.unizg.hr\/wp-content\/uploads\/2018\/10\/sj3_3_str174-185.pdf\" target=\"_blank\"><strong>NEKOLIKO NAPOMENA O UPOTREBI INFINITIVA PERFEKTA BEZ MODALNOG GLAGOLA U SUVREMENOM ENGLESKOM JEZIKU<\/strong><\/a> (str. 174-185)<\/li>\n<ul style=\"list-style-type:none\">\n<li>&emsp;&emsp; Stjepo Vojvoda<\/li>\n<li>&emsp;&emsp; <\/li>\n<\/ul>\n<\/li>\n<p>  &nbsp;<\/p>\n<li><a href=\"https:\/\/stranijezici.ffzg.unizg.hr\/wp-content\/uploads\/2018\/10\/sj3_3_str185-188.pdf\" target=\"_blank\"><strong>PROU\u010cAVANJE POJAVA INTERFERENCIJE U NASTAVI RUSKOG JEZIKA<\/strong><\/a> (str. 185-188)<\/li>\n<ul style=\"list-style-type:none\">\n<li>&emsp;&emsp; Natalija Rado\u0161evi\u0107<\/li>\n<li>&emsp;&emsp; <\/li>\n<\/ul>\n<\/li>\n<p>  &nbsp;<\/p>\n<li>\n<h3>Metodika<\/h3>\n<\/li>\n<li><a href=\"https:\/\/stranijezici.ffzg.unizg.hr\/wp-content\/uploads\/2018\/10\/sj3_3_str189-193.pdf\" target=\"_blank\"><strong>MULTIMEDIJSKI PRISTUP NASTAVI STRANIH JEZIKA<\/strong><\/a> (str. 189-193)<\/li>\n<ul style=\"list-style-type:none\">\n<li>&emsp;&emsp; Mirjana Vilke<\/li>\n<li>&emsp;&emsp; <\/li>\n<\/ul>\n<\/li>\n<p>  &nbsp;<\/p>\n<li><a href=\"https:\/\/stranijezici.ffzg.unizg.hr\/wp-content\/uploads\/2018\/10\/sj3_3_str193-201.pdf\" target=\"_blank\"><strong>JEZI\u010cNA ZORNOST<\/strong><\/a> (str. 193-201)<\/li>\n<ul style=\"list-style-type:none\">\n<li>&emsp;&emsp; Miho Skljarov<\/li>\n<li>&emsp;&emsp; <\/li>\n<\/ul>\n<\/li>\n<p>  &nbsp;<\/p>\n<li><a href=\"https:\/\/stranijezici.ffzg.unizg.hr\/wp-content\/uploads\/2018\/10\/sj3_3_str202-205.pdf\" target=\"_blank\"><strong>POP-MUZIKA I NASTAVA ENGLESKOG JEZIKA<\/strong><\/a> (str. 202-205)<\/li>\n<ul style=\"list-style-type:none\">\n<li>&emsp;&emsp; Oktavija Ger\u010dan<\/li>\n<li>&emsp;&emsp; <\/li>\n<\/ul>\n<\/li>\n<p>  &nbsp;<\/p>\n<li>\n<h3>\u017diva rije\u010d<\/h3>\n<\/li>\n<li><a href=\"https:\/\/stranijezici.ffzg.unizg.hr\/wp-content\/uploads\/2018\/10\/sj3_3_str206-209.pdf\" target=\"_blank\"><strong>ENGLISH NOISES<\/strong><\/a> (str. 206-209)<\/li>\n<ul style=\"list-style-type:none\">\n<li>&emsp;&emsp; David Jolly<\/li>\n<li>&emsp;&emsp; <\/li>\n<\/ul>\n<\/li>\n<p>  &nbsp;<\/p>\n<li><a href=\"https:\/\/stranijezici.ffzg.unizg.hr\/wp-content\/uploads\/2018\/10\/sj3_3_str209-211.pdf\" target=\"_blank\"><strong>LA PRONONCIATION DE LA VOYELLE -Y-<\/strong><\/a> (str. 209-211)<\/li>\n<ul style=\"list-style-type:none\">\n<li>&emsp;&emsp; Hosana Vujadinovi\u0107<\/li>\n<li>&emsp;&emsp; <\/li>\n<\/ul>\n<\/li>\n<p>  &nbsp;<\/p>\n<li><a href=\"https:\/\/stranijezici.ffzg.unizg.hr\/wp-content\/uploads\/2018\/10\/sj3_3_str211-214.pdf\" target=\"_blank\"><strong>SKUP\u0160TINA SFRJ I ORGANIZACIJA FEDERACIJE<\/strong><\/a> (str. 211-214)<\/li>\n<ul style=\"list-style-type:none\">\n<li>&emsp;&emsp; Josip Jernej<\/li>\n<li>&emsp;&emsp; <\/li>\n<\/ul>\n<\/li>\n<p>  &nbsp;<\/p>\n<li>\n<h3>Na\u0161a iskustva<\/h3>\n<\/li>\n<li><a href=\"https:\/\/stranijezici.ffzg.unizg.hr\/wp-content\/uploads\/2018\/10\/sj3_3_str215-217.pdf\" target=\"_blank\"><strong>POKU\u0160AJ OBRADE POP-PJESME U NASTAVI ENGLESKOG JEZIKA U GIMNAZIJI<\/strong><\/a> (str. 215-217)<\/li>\n<ul style=\"list-style-type:none\">\n<li>&emsp;&emsp; Snje\u017eana Franetovi\u0107<\/li>\n<li>&emsp;&emsp; <\/li>\n<\/ul>\n<\/li>\n<p>  &nbsp;<\/p>\n<li><a href=\"https:\/\/stranijezici.ffzg.unizg.hr\/wp-content\/uploads\/2018\/10\/sj3_3_str218-221.pdf\" target=\"_blank\"><strong>JO\u0160 JEDAN PRIMJER OBRADE PRI\u010cE U SLIKAMA NA NJEMA\u010cKOM JEZIKU U VII RAZREDU OSNOVNE \u0160KOLE<\/strong><\/a> (str. 218-221)<\/li>\n<ul style=\"list-style-type:none\">\n<li>&emsp;&emsp; Nevenka Mihokovi\u0107<\/li>\n<li>&emsp;&emsp; <\/li>\n<\/ul>\n<\/li>\n<p>  &nbsp;<\/p>\n<li><a href=\"https:\/\/stranijezici.ffzg.unizg.hr\/wp-content\/uploads\/2018\/10\/sj3_3_str222-224.pdf\" target=\"_blank\"><strong>JEZI\u010cNE ZAMKE<\/strong><\/a> (str. 222-224)<\/li>\n<ul style=\"list-style-type:none\">\n<li>&emsp;&emsp; Bo\u0161ko Milo\u0161evi\u0107<\/li>\n<li>&emsp;&emsp; <\/li>\n<\/ul>\n<\/li>\n<p>  &nbsp;<\/p>\n<li>\n<h3>Kronika; Prikazi knjiga; Bibliografija<\/h3>\n<\/li>\n<li><a href=\"https:\/\/stranijezici.ffzg.unizg.hr\/wp-content\/uploads\/2018\/10\/sj3_3_str224-240.pdf\" target=\"_blank\">Kronika, Prikazi knjiga, Bibliografija<\/a> (str. 224-240)<\/li>\n<\/li>\n<\/ul>\n","protected":false},"excerpt":{"rendered":"<p>OSNOVNA NA\u010cELA NASTAVE STRANIH JEZIKA ZACRTANA NA IDEJNOJ PLATFORMI ODGOJA I OBRAZOVANJA X KONGRESA SKJ (str. 161-165) &emsp;&emsp; Davorka Celmi\u0107 &emsp;&emsp; &nbsp; Lingvistika SOCIOLINGVISTIKA U RAZREDU (str. 166-173) &emsp;&emsp; Louis Trimble &emsp;&emsp; &nbsp; NEKOLIKO NAPOMENA O UPOTREBI INFINITIVA PERFEKTA BEZ MODALNOG GLAGOLA U SUVREMENOM ENGLESKOM JEZIKU (str. 174-185) &emsp;&emsp; Stjepo Vojvoda &emsp;&emsp; &nbsp; PROU\u010cAVANJE POJAVA &hellip; <\/p>\n<p class=\"link-more\"><a href=\"https:\/\/stranijezici.ffzg.unizg.hr\/index.php\/vol3n3\/\" class=\"more-link\">Continue reading<span class=\"screen-reader-text\"> &#8220;Vol 3. (3)&#8221;<\/span><\/a><\/p>\n","protected":false},"author":2,"featured_media":0,"parent":0,"menu_order":0,"comment_status":"closed","ping_status":"closed","template":"","meta":{"ngg_post_thumbnail":0,"footnotes":""},"class_list":["post-818","page","type-page","status-publish","hentry"],"_links":{"self":[{"href":"https:\/\/stranijezici.ffzg.unizg.hr\/index.php\/wp-json\/wp\/v2\/pages\/818","targetHints":{"allow":["GET"]}}],"collection":[{"href":"https:\/\/stranijezici.ffzg.unizg.hr\/index.php\/wp-json\/wp\/v2\/pages"}],"about":[{"href":"https:\/\/stranijezici.ffzg.unizg.hr\/index.php\/wp-json\/wp\/v2\/types\/page"}],"author":[{"embeddable":true,"href":"https:\/\/stranijezici.ffzg.unizg.hr\/index.php\/wp-json\/wp\/v2\/users\/2"}],"replies":[{"embeddable":true,"href":"https:\/\/stranijezici.ffzg.unizg.hr\/index.php\/wp-json\/wp\/v2\/comments?post=818"}],"version-history":[{"count":6,"href":"https:\/\/stranijezici.ffzg.unizg.hr\/index.php\/wp-json\/wp\/v2\/pages\/818\/revisions"}],"predecessor-version":[{"id":820,"href":"https:\/\/stranijezici.ffzg.unizg.hr\/index.php\/wp-json\/wp\/v2\/pages\/818\/revisions\/820"}],"wp:attachment":[{"href":"https:\/\/stranijezici.ffzg.unizg.hr\/index.php\/wp-json\/wp\/v2\/media?parent=818"}],"curies":[{"name":"wp","href":"https:\/\/api.w.org\/{rel}","templated":true}]}}