{"id":809,"date":"2018-10-16T16:11:32","date_gmt":"2018-10-16T16:11:32","guid":{"rendered":"https:\/\/stranijezici.ffzg.unizg.hr\/?page_id=809"},"modified":"2018-11-26T23:37:13","modified_gmt":"2018-11-26T23:37:13","slug":"vol3n2","status":"publish","type":"page","link":"https:\/\/stranijezici.ffzg.unizg.hr\/index.php\/vol3n2\/","title":{"rendered":"Vol 3. (2)"},"content":{"rendered":"<ul style=\"list-style-type:none\">\n<li><a href=\"https:\/\/stranijezici.ffzg.unizg.hr\/wp-content\/uploads\/2018\/10\/sj3_2_str81-84.pdf\" target=\"_blank\"><strong>ZA JEDINSTVENIJI PRISTUP STRANIM JEZICIMA<\/strong><\/a> (str. 81-84)<\/li>\n<ul style=\"list-style-type:none\">\n<li>&emsp;&emsp; Rudolf Filipovi\u0107<\/li>\n<li>&emsp;&emsp; <\/li>\n<\/ul>\n<\/li>\n<p>  &nbsp;<\/p>\n<li>\n<h3>Lingvistika<\/h3>\n<\/li>\n<li><a href=\"https:\/\/stranijezici.ffzg.unizg.hr\/wp-content\/uploads\/2018\/10\/sj3_2_str85-91.pdf\" target=\"_blank\"><strong>OPTIMALNA FORMA AKUSTI\u010cKOG KANALA U U\u010cENJU STRANOG JEZIKA<\/strong><\/a> (str. 85-91)<\/li>\n<ul style=\"list-style-type:none\">\n<li>&emsp;&emsp; Damir Horga<\/li>\n<li>&emsp;&emsp; <\/li>\n<\/ul>\n<\/li>\n<p>  &nbsp;<\/p>\n<li><a href=\"https:\/\/stranijezici.ffzg.unizg.hr\/wp-content\/uploads\/2018\/10\/sj3_2_str92-100.pdf\" target=\"_blank\"><strong>JEDAN PRILOG KONTRASTIVNOM PROU\u010cAVANJU SRPSKOHRVATSKOG I RUSKOG JEZIKA<\/strong><\/a> (str. 92-100)<\/li>\n<ul style=\"list-style-type:none\">\n<li>&emsp;&emsp; Olga Braji\u010di\u0107<\/li>\n<li>&emsp;&emsp; <\/li>\n<\/ul>\n<\/li>\n<p>  &nbsp;<\/p>\n<li>\n<h3>Metodika<\/h3>\n<\/li>\n<li><a href=\"https:\/\/stranijezici.ffzg.unizg.hr\/wp-content\/uploads\/2018\/10\/sj3_2_str101-112.pdf\" target=\"_blank\"><strong>NAJZNA\u010cAJNIJI FAKTORI LINGVISTI\u010cKE DIDAKTIKE<\/strong><\/a> (str. 101-112)<\/li>\n<ul style=\"list-style-type:none\">\n<li>&emsp;&emsp; Mirjana Jur\u010di\u0107<\/li>\n<li>&emsp;&emsp; <\/li>\n<\/ul>\n<\/li>\n<p>  &nbsp;<\/p>\n<li><a href=\"https:\/\/stranijezici.ffzg.unizg.hr\/wp-content\/uploads\/2018\/10\/sj3_2_str112-115.pdf\" target=\"_blank\"><strong>RADNA BILJE\u017dNICA U NASTAVI STRANIH JEZIKA<\/strong><\/a> (str. 112-115)<\/li>\n<ul style=\"list-style-type:none\">\n<li>&emsp;&emsp; Spiro Nakev<\/li>\n<li>&emsp;&emsp; <\/li>\n<\/ul>\n<\/li>\n<p>  &nbsp;<\/p>\n<li><a href=\"https:\/\/stranijezici.ffzg.unizg.hr\/wp-content\/uploads\/2018\/10\/sj3_2_str115-120.pdf\" target=\"_blank\"><strong>STAJATI ILI LE\u017dATI U RUSKOM<\/strong><\/a> (str. 115-120)<\/li>\n<ul style=\"list-style-type:none\">\n<li>&emsp;&emsp; Miho Skljarov<\/li>\n<li>&emsp;&emsp; <\/li>\n<\/ul>\n<\/li>\n<p>  &nbsp;<\/p>\n<li>\n<h3>Iz strane stru\u010dne literature<\/h3>\n<\/li>\n<li><a href=\"https:\/\/stranijezici.ffzg.unizg.hr\/wp-content\/uploads\/2018\/10\/sj3_2_str121-131.pdf\" target=\"_blank\"><strong>PAM\u0106ENJE U NASTAVI JEZIKA<\/strong><\/a> (str. 121-131)<\/li>\n<ul style=\"list-style-type:none\">\n<li>&emsp;&emsp; G. V. Repkina<\/li>\n<li>&emsp;&emsp; <\/li>\n<\/ul>\n<\/li>\n<p>  &nbsp;<\/p>\n<li>\n<h3>\u017diva rije\u010d<\/h3>\n<\/li>\n<li><a href=\"https:\/\/stranijezici.ffzg.unizg.hr\/wp-content\/uploads\/2018\/10\/sj3_2_str132-137.pdf\" target=\"_blank\"><strong>SHENANDOAH; IL PLEUT, IL PLEUT BERG\u00c8RE; WENN ALLE BR\u00dcNNLEIN FLIESSEN; \u0443\u0440\u0430\u043b\u044c\u0441\u043a\u0430\u044f \u0440\u044f\u0431\u0438\u043d\u0443\u0448\u043a\u0430; BELLA, CIAO<\/strong><\/a> (str. 132-137)<\/li>\n<ul style=\"list-style-type:none\">\n<li>&emsp;&emsp; <\/li>\n<li>&emsp;&emsp; <\/li>\n<\/ul>\n<\/li>\n<p>  &nbsp;<\/p>\n<li>\n<h3>Na\u0161a iskustva<\/h3>\n<\/li>\n<li><a href=\"https:\/\/stranijezici.ffzg.unizg.hr\/wp-content\/uploads\/2018\/10\/sj3_2_str138-142.pdf\" target=\"_blank\"><strong>OBRADA TEKSTA >> \u0417\u0418\u041c\u041d\u042f\u042f \u041f\u0420\u041e\u0413\u0423\u041b\u041a\u0410 << <\/strong><\/a> (str. 138-142)<\/li>\n<ul style=\"list-style-type:none\">\n<li>&emsp;&emsp; Stanka Pavuna<\/li>\n<li>&emsp;&emsp; <\/li>\n<\/ul>\n<\/li>\n<p>  &nbsp;<\/p>\n<li><a href=\"https:\/\/stranijezici.ffzg.unizg.hr\/wp-content\/uploads\/2018\/10\/sj3_2_str142-144.pdf\" target=\"_blank\"><strong>NEKA ISKUSTVA STE\u010cENA RADOM NA PROJEKTU >>LIVERPOOL<< <\/strong><\/a> (str. 142-144)<\/li>\n<ul style=\"list-style-type:none\">\n<li>&emsp;&emsp; Mirjana Do\u0161en<\/li>\n<li>&emsp;&emsp; <\/li>\n<\/ul>\n<\/li>\n<p>  &nbsp;<\/p>\n<li><a href=\"https:\/\/stranijezici.ffzg.unizg.hr\/wp-content\/uploads\/2018\/10\/sj3_2_str145-148.pdf\" target=\"_blank\"><strong>KAKO RAZVITI SPOSOBNOST KOMUNICIRANJA NA STRANOM JEZIKU<\/strong><\/a> (str. 145-148)<\/li>\n<ul style=\"list-style-type:none\">\n<li>&emsp;&emsp; Bla\u017eenka Bubanj<\/li>\n<li>&emsp;&emsp; <\/li>\n<\/ul>\n<\/li>\n<p>  &nbsp;<\/p>\n<li>\n<h3>Kronika; Na\u0161a po\u0161ta; Prikazi knjiga; Bibliografija<\/h3>\n<\/li>\n<li><a href=\"https:\/\/stranijezici.ffzg.unizg.hr\/wp-content\/uploads\/2018\/10\/sj3_2_str148-160.pdf\" target=\"_blank\">Kronika, Na\u0161a po\u0161ta, Prikazi knjiga, Bibliografija<\/a> (str. 148-160)<\/li>\n<\/li>\n<\/ul>\n","protected":false},"excerpt":{"rendered":"<p>ZA JEDINSTVENIJI PRISTUP STRANIM JEZICIMA (str. 81-84) &emsp;&emsp; Rudolf Filipovi\u0107 &emsp;&emsp; &nbsp; Lingvistika OPTIMALNA FORMA AKUSTI\u010cKOG KANALA U U\u010cENJU STRANOG JEZIKA (str. 85-91) &emsp;&emsp; Damir Horga &emsp;&emsp; &nbsp; JEDAN PRILOG KONTRASTIVNOM PROU\u010cAVANJU SRPSKOHRVATSKOG I RUSKOG JEZIKA (str. 92-100) &emsp;&emsp; Olga Braji\u010di\u0107 &emsp;&emsp; &nbsp; Metodika NAJZNA\u010cAJNIJI FAKTORI LINGVISTI\u010cKE DIDAKTIKE (str. 101-112) &emsp;&emsp; Mirjana Jur\u010di\u0107 &emsp;&emsp; &nbsp; &hellip; <\/p>\n<p class=\"link-more\"><a href=\"https:\/\/stranijezici.ffzg.unizg.hr\/index.php\/vol3n2\/\" class=\"more-link\">Continue reading<span class=\"screen-reader-text\"> &#8220;Vol 3. (2)&#8221;<\/span><\/a><\/p>\n","protected":false},"author":2,"featured_media":0,"parent":0,"menu_order":0,"comment_status":"closed","ping_status":"closed","template":"","meta":{"ngg_post_thumbnail":0,"footnotes":""},"class_list":["post-809","page","type-page","status-publish","hentry"],"_links":{"self":[{"href":"https:\/\/stranijezici.ffzg.unizg.hr\/index.php\/wp-json\/wp\/v2\/pages\/809","targetHints":{"allow":["GET"]}}],"collection":[{"href":"https:\/\/stranijezici.ffzg.unizg.hr\/index.php\/wp-json\/wp\/v2\/pages"}],"about":[{"href":"https:\/\/stranijezici.ffzg.unizg.hr\/index.php\/wp-json\/wp\/v2\/types\/page"}],"author":[{"embeddable":true,"href":"https:\/\/stranijezici.ffzg.unizg.hr\/index.php\/wp-json\/wp\/v2\/users\/2"}],"replies":[{"embeddable":true,"href":"https:\/\/stranijezici.ffzg.unizg.hr\/index.php\/wp-json\/wp\/v2\/comments?post=809"}],"version-history":[{"count":7,"href":"https:\/\/stranijezici.ffzg.unizg.hr\/index.php\/wp-json\/wp\/v2\/pages\/809\/revisions"}],"predecessor-version":[{"id":1442,"href":"https:\/\/stranijezici.ffzg.unizg.hr\/index.php\/wp-json\/wp\/v2\/pages\/809\/revisions\/1442"}],"wp:attachment":[{"href":"https:\/\/stranijezici.ffzg.unizg.hr\/index.php\/wp-json\/wp\/v2\/media?parent=809"}],"curies":[{"name":"wp","href":"https:\/\/api.w.org\/{rel}","templated":true}]}}