{"id":676,"date":"2018-10-16T15:46:23","date_gmt":"2018-10-16T15:46:23","guid":{"rendered":"https:\/\/stranijezici.ffzg.unizg.hr\/?page_id=676"},"modified":"2022-03-08T14:09:03","modified_gmt":"2022-03-08T14:09:03","slug":"vol3n1","status":"publish","type":"page","link":"https:\/\/stranijezici.ffzg.unizg.hr\/index.php\/vol3n1\/","title":{"rendered":"Vol 3. (1)"},"content":{"rendered":"<ul style=\"list-style-type: none;\">\n<li style=\"list-style-type: none;\">\n<ul style=\"list-style-type: none;\">\n<li><a href=\"https:\/\/stranijezici.ffzg.unizg.hr\/wp-content\/uploads\/2018\/10\/sj3_1_str1-2.pdf\" target=\"_blank\" rel=\"noopener\"><strong>OSNOVNA \u0160KOLA I STRANI JEZICI<\/strong><\/a> (str. 1-2)\n<ul style=\"list-style-type: none;\">\n<li>\u2003\u2003 Ivica Podgorski<\/li>\n<li><\/li>\n<\/ul>\n<\/li>\n<\/ul>\n<\/li>\n<\/ul>\n<p>&nbsp;<\/p>\n<ul style=\"list-style-type: none;\">\n<li style=\"list-style-type: none;\">\n<ul style=\"list-style-type: none;\">\n<li>\n<h3>Lingvistika<\/h3>\n<\/li>\n<li><a href=\"https:\/\/stranijezici.ffzg.unizg.hr\/wp-content\/uploads\/2018\/10\/sj3_1_str3-12.pdf\" target=\"_blank\" rel=\"noopener\"><strong>ENGLESKI KONTRASTIVNI PROJEKT I NASTAVA ENGLESKOG JEZIKA<\/strong><\/a> (str. 3-12)\n<ul style=\"list-style-type: none;\">\n<li>\u2003\u2003 Mirjana Vilke<\/li>\n<li><\/li>\n<\/ul>\n<\/li>\n<\/ul>\n<\/li>\n<\/ul>\n<p>&nbsp;<\/p>\n<ul style=\"list-style-type: none;\">\n<li style=\"list-style-type: none;\">\n<ul style=\"list-style-type: none;\">\n<li>\n<h3>Metodika<\/h3>\n<\/li>\n<li><a href=\"https:\/\/stranijezici.ffzg.unizg.hr\/wp-content\/uploads\/2018\/10\/sj3_1_str13-16.pdf\" target=\"_blank\" rel=\"noopener\"><strong>KREATIVNOST I NASTAVA STRANIH JEZIKA<\/strong><\/a> (str. 13-16)\n<ul style=\"list-style-type: none;\">\n<li>\u2003\u2003 Aleksandar Kolka<\/li>\n<li><\/li>\n<\/ul>\n<\/li>\n<\/ul>\n<\/li>\n<\/ul>\n<p>&nbsp;<\/p>\n<ul style=\"list-style-type: none;\">\n<li style=\"list-style-type: none;\">\n<ul style=\"list-style-type: none;\">\n<li><a href=\"https:\/\/stranijezici.ffzg.unizg.hr\/wp-content\/uploads\/2018\/10\/sj3_1_str17-20.pdf\" target=\"_blank\" rel=\"noopener\"><strong>GRAMATIKA U NASTAVI STRANIH JEZIKA<\/strong><\/a> (str. 17-20)\n<ul style=\"list-style-type: none;\">\n<li>\u2003\u2003 Stanka Pavuna<\/li>\n<li><\/li>\n<\/ul>\n<\/li>\n<\/ul>\n<\/li>\n<\/ul>\n<p>&nbsp;<\/p>\n<ul style=\"list-style-type: none;\">\n<li style=\"list-style-type: none;\">\n<ul style=\"list-style-type: none;\">\n<li><a href=\"https:\/\/stranijezici.ffzg.unizg.hr\/wp-content\/uploads\/2018\/10\/sj3_1_str21-29.pdf\" target=\"_blank\" rel=\"noopener\"><strong>UPITNE I ODGOVORSKE RE\u010cENICE U PO\u010cETNOJ NASTAVI<\/strong><\/a> (str. 21-29)\n<ul style=\"list-style-type: none;\">\n<li>\u2003\u2003 Miho Skljarov<\/li>\n<li><\/li>\n<\/ul>\n<\/li>\n<\/ul>\n<\/li>\n<\/ul>\n<p>&nbsp;<\/p>\n<ul style=\"list-style-type: none;\">\n<li style=\"list-style-type: none;\">\n<ul style=\"list-style-type: none;\">\n<li><a href=\"https:\/\/stranijezici.ffzg.unizg.hr\/wp-content\/uploads\/2018\/10\/sj3_1_str30-33.pdf\" target=\"_blank\" rel=\"noopener\"><strong>ZA SLOJEVITIJE I BOGATIJE PISMENO IZRA\u017dAVANJE<\/strong><\/a> (str. 30-33)\n<ul style=\"list-style-type: none;\">\n<li>\u2003\u2003 Branko Ostoji\u0107<\/li>\n<li><\/li>\n<\/ul>\n<\/li>\n<\/ul>\n<\/li>\n<\/ul>\n<p>&nbsp;<\/p>\n<ul style=\"list-style-type: none;\">\n<li style=\"list-style-type: none;\">\n<ul style=\"list-style-type: none;\">\n<li><a href=\"https:\/\/stranijezici.ffzg.unizg.hr\/wp-content\/uploads\/2018\/10\/sj3_1_str34-36.pdf\" target=\"_blank\" rel=\"noopener\"><strong>PO\u010cETNO \u010cITANJE<\/strong><\/a> (str. 34-36)\n<ul style=\"list-style-type: none;\">\n<li>\u2003\u2003 Elvira Petrovi\u0107<\/li>\n<li><\/li>\n<\/ul>\n<\/li>\n<\/ul>\n<\/li>\n<\/ul>\n<p>&nbsp;<\/p>\n<ul style=\"list-style-type: none;\">\n<li style=\"list-style-type: none;\">\n<ul style=\"list-style-type: none;\">\n<li>\n<h3>Diskusija<\/h3>\n<\/li>\n<li><a href=\"https:\/\/stranijezici.ffzg.unizg.hr\/wp-content\/uploads\/2018\/10\/sj3_1_str37-40.pdf\" target=\"_blank\" rel=\"noopener\"><strong>IZBOR TEKSTOVA ZA UD\u017dBENIK STRANOG JEZIKA NA II STUPNJU NASTAVE<\/strong><\/a> (str. 37-40)\n<ul style=\"list-style-type: none;\">\n<li>\u2003\u2003 Jolanda Brihta<\/li>\n<li><\/li>\n<\/ul>\n<\/li>\n<\/ul>\n<\/li>\n<\/ul>\n<p>&nbsp;<\/p>\n<ul style=\"list-style-type: none;\">\n<li style=\"list-style-type: none;\">\n<ul style=\"list-style-type: none;\">\n<li><a href=\"https:\/\/stranijezici.ffzg.unizg.hr\/wp-content\/uploads\/2018\/10\/sj3_1_str41-43.pdf\" target=\"_blank\" rel=\"noopener\"><strong>PERMANENTNO USAVR\u0160AVANJE NASTAVNIKA SREDNJIH \u0160KOLA<\/strong><\/a> (str. 41-43)\n<ul style=\"list-style-type: none;\">\n<li>\u2003\u2003 Davorka Celmi\u0107<\/li>\n<li><\/li>\n<\/ul>\n<\/li>\n<\/ul>\n<\/li>\n<\/ul>\n<p>&nbsp;<\/p>\n<ul style=\"list-style-type: none;\">\n<li style=\"list-style-type: none;\">\n<ul style=\"list-style-type: none;\">\n<li>\n<h3>\u017diva rije\u010d<\/h3>\n<\/li>\n<li><a href=\"https:\/\/stranijezici.ffzg.unizg.hr\/wp-content\/uploads\/2018\/10\/sj3_1_str44-48.pdf\" target=\"_blank\" rel=\"noopener\"><strong>PICTURE COMPOSITION<\/strong><\/a> (str. 44-48)\n<ul style=\"list-style-type: none;\">\n<li>\u2003\u2003 R. Mary Todd<\/li>\n<li><\/li>\n<\/ul>\n<\/li>\n<\/ul>\n<\/li>\n<\/ul>\n<p>&nbsp;<\/p>\n<ul style=\"list-style-type: none;\">\n<li style=\"list-style-type: none;\">\n<ul style=\"list-style-type: none;\">\n<li><a href=\"https:\/\/stranijezici.ffzg.unizg.hr\/wp-content\/uploads\/2018\/10\/sj3_1_str49-50.pdf\" target=\"_blank\" rel=\"noopener\"><strong>LA BANDE DESSIN\u00c9E SANS LEGENDES<\/strong><\/a> (str. 49-50)\n<ul style=\"list-style-type: none;\">\n<li>\u2003\u2003 Andr\u00e9 Mouhot<\/li>\n<li><\/li>\n<\/ul>\n<\/li>\n<\/ul>\n<\/li>\n<\/ul>\n<p>&nbsp;<\/p>\n<ul style=\"list-style-type: none;\">\n<li style=\"list-style-type: none;\">\n<ul style=\"list-style-type: none;\">\n<li><a href=\"https:\/\/stranijezici.ffzg.unizg.hr\/wp-content\/uploads\/2018\/10\/sj3_1_str50-52.pdf\" target=\"_blank\" rel=\"noopener\"><strong> &gt;&gt;WENN BLUMEN SPRECHEN K\u00d6NNTEN&lt;&lt; <\/strong><\/a> (str. 50-52)\n<ul style=\"list-style-type: none;\">\n<li>\u2003\u2003 Walter Kroll<\/li>\n<li><\/li>\n<\/ul>\n<\/li>\n<\/ul>\n<\/li>\n<\/ul>\n<p>&nbsp;<\/p>\n<ul style=\"list-style-type: none;\">\n<li style=\"list-style-type: none;\">\n<ul style=\"list-style-type: none;\">\n<li><a href=\"https:\/\/stranijezici.ffzg.unizg.hr\/wp-content\/uploads\/2018\/10\/sj3_1_str52-54.pdf\" target=\"_blank\" rel=\"noopener\"><strong>\u0412 \u041f\u0410\u0420\u041a\u0415<\/strong><\/a> (str. 52-54)\n<ul style=\"list-style-type: none;\">\n<li>\u2003\u2003 Tatjana Kora\u0107<\/li>\n<li><\/li>\n<\/ul>\n<\/li>\n<\/ul>\n<\/li>\n<\/ul>\n<p>&nbsp;<\/p>\n<ul style=\"list-style-type: none;\">\n<li style=\"list-style-type: none;\">\n<ul style=\"list-style-type: none;\">\n<li><a href=\"https:\/\/stranijezici.ffzg.unizg.hr\/wp-content\/uploads\/2018\/10\/sj3_1_str54-56.pdf\" target=\"_blank\" rel=\"noopener\"><strong>ASSOCIAZIONI<\/strong><\/a> (str. 54-56)\n<ul style=\"list-style-type: none;\">\n<li>\u2003\u2003 Domenico Cernecca<\/li>\n<li><\/li>\n<\/ul>\n<\/li>\n<\/ul>\n<\/li>\n<\/ul>\n<p>&nbsp;<\/p>\n<ul style=\"list-style-type: none;\">\n<li style=\"list-style-type: none;\">\n<ul style=\"list-style-type: none;\">\n<li>\n<h3>Ma\u0161a iskustva<\/h3>\n<\/li>\n<li><a href=\"https:\/\/stranijezici.ffzg.unizg.hr\/wp-content\/uploads\/2018\/10\/sj3_1_str57-60.pdf\" target=\"_blank\" rel=\"noopener\"><strong>SUPSTITUCIJSKI DRIL U OBRADI TEKSTA NA LATINSKOM JEZIKU<\/strong><\/a> (str. 57-60)\n<ul style=\"list-style-type: none;\">\n<li>\u2003\u2003 Olja Peri\u0107<\/li>\n<li><\/li>\n<\/ul>\n<\/li>\n<\/ul>\n<\/li>\n<\/ul>\n<p>&nbsp;<\/p>\n<ul style=\"list-style-type: none;\">\n<li style=\"list-style-type: none;\">\n<ul style=\"list-style-type: none;\">\n<li><a href=\"https:\/\/stranijezici.ffzg.unizg.hr\/wp-content\/uploads\/2018\/10\/sj3_1_str61-66.pdf\" target=\"_blank\" rel=\"noopener\"><strong>OBRADA PASIVA U PRVOM RAZREDU OP\u0106E SREDNJE \u0160KOLE<\/strong><\/a> (str. 61-66)\n<ul style=\"list-style-type: none;\">\n<li>\u2003\u2003 Katica Jelin\u010di\u0107-Babi\u0107<\/li>\n<li><\/li>\n<\/ul>\n<\/li>\n<\/ul>\n<\/li>\n<\/ul>\n<p>&nbsp;<\/p>\n<ul style=\"list-style-type: none;\">\n<li style=\"list-style-type: none;\">\n<ul style=\"list-style-type: none;\">\n<li><a href=\"https:\/\/stranijezici.ffzg.unizg.hr\/wp-content\/uploads\/2018\/10\/sj3_1_str66-68.pdf\" target=\"_blank\" rel=\"noopener\"><strong>JEDAN OD NA\u010cINA OBRADE VOKABULARA TEKSTA &gt;&gt;AN AUTUMN MORNING IN EDINBURGH&lt;&lt; <\/strong><\/a> (str. 66-68)\n<ul style=\"list-style-type: none;\">\n<li>\u2003\u2003 Ivanka Klari\u0107<\/li>\n<li><\/li>\n<\/ul>\n<\/li>\n<\/ul>\n<\/li>\n<\/ul>\n<p>&nbsp;<\/p>\n<ul style=\"list-style-type: none;\">\n<li style=\"list-style-type: none;\">\n<ul style=\"list-style-type: none;\">\n<li><a href=\"https:\/\/stranijezici.ffzg.unizg.hr\/wp-content\/uploads\/2018\/10\/sj3_1_str68-69.pdf\" target=\"_blank\" rel=\"noopener\"><strong>OSVRT NA RAD PO AV-TE\u010cAJU<\/strong><\/a> (str. 68-69)\n<ul style=\"list-style-type: none;\">\n<li>\u2003\u2003 Amalija Gulam<\/li>\n<li><\/li>\n<\/ul>\n<\/li>\n<\/ul>\n<\/li>\n<\/ul>\n<p>&nbsp;<\/p>\n<ul style=\"list-style-type: none;\">\n<li style=\"list-style-type: none;\">\n<ul style=\"list-style-type: none;\">\n<li><a href=\"https:\/\/stranijezici.ffzg.unizg.hr\/wp-content\/uploads\/2018\/10\/sj3_1_str70-72.pdf\" target=\"_blank\" rel=\"noopener\"><strong>PRI\u010cA U SLIKAMA KAO OSNOV GOVORNIH VJE\u017dBI<\/strong><\/a> (str. 70-72)\n<ul style=\"list-style-type: none;\">\n<li>\u2003\u2003 Mavrek Marija<\/li>\n<li><\/li>\n<\/ul>\n<\/li>\n<\/ul>\n<\/li>\n<\/ul>\n<p>&nbsp;<\/p>\n<ul style=\"list-style-type: none;\">\n<li style=\"list-style-type: none;\">\n<ul style=\"list-style-type: none;\">\n<li><a href=\"https:\/\/stranijezici.ffzg.unizg.hr\/wp-content\/uploads\/2018\/10\/sj3_1_str72-74.pdf\" target=\"_blank\" rel=\"noopener\"><strong>DIKTAT &#8211; JEDAN OBLIK PONAVLJANJA I UTVR\u0110IVANJA JEZI\u010cNOG GRADIVA<\/strong><\/a> (str. 72-74)\n<ul style=\"list-style-type: none;\">\n<li>\u2003\u2003 Mirjana Agbaba<\/li>\n<li><\/li>\n<\/ul>\n<\/li>\n<\/ul>\n<\/li>\n<\/ul>\n<p>&nbsp;<\/p>\n<ul style=\"list-style-type: none;\">\n<li>\n<h3>Kronika; Prikazi knjiga<\/h3>\n<\/li>\n<li><strong><a href=\"https:\/\/stranijezici.ffzg.unizg.hr\/wp-content\/uploads\/2022\/03\/SJ_3_1_00.pdf\">Kronika, prikazi knjiga<\/a><\/strong> (str. 75-80)<\/li>\n<\/ul>\n","protected":false},"excerpt":{"rendered":"<p>OSNOVNA \u0160KOLA I STRANI JEZICI (str. 1-2) \u2003\u2003 Ivica Podgorski &nbsp; Lingvistika ENGLESKI KONTRASTIVNI PROJEKT I NASTAVA ENGLESKOG JEZIKA (str. 3-12) \u2003\u2003 Mirjana Vilke &nbsp; Metodika KREATIVNOST I NASTAVA STRANIH JEZIKA (str. 13-16) \u2003\u2003 Aleksandar Kolka &nbsp; GRAMATIKA U NASTAVI STRANIH JEZIKA (str. 17-20) \u2003\u2003 Stanka Pavuna &nbsp; UPITNE I ODGOVORSKE RE\u010cENICE U PO\u010cETNOJ NASTAVI &hellip; <\/p>\n<p class=\"link-more\"><a href=\"https:\/\/stranijezici.ffzg.unizg.hr\/index.php\/vol3n1\/\" class=\"more-link\">Continue reading<span class=\"screen-reader-text\"> &#8220;Vol 3. (1)&#8221;<\/span><\/a><\/p>\n","protected":false},"author":2,"featured_media":0,"parent":0,"menu_order":0,"comment_status":"closed","ping_status":"closed","template":"","meta":{"ngg_post_thumbnail":0,"footnotes":""},"class_list":["post-676","page","type-page","status-publish","hentry"],"_links":{"self":[{"href":"https:\/\/stranijezici.ffzg.unizg.hr\/index.php\/wp-json\/wp\/v2\/pages\/676","targetHints":{"allow":["GET"]}}],"collection":[{"href":"https:\/\/stranijezici.ffzg.unizg.hr\/index.php\/wp-json\/wp\/v2\/pages"}],"about":[{"href":"https:\/\/stranijezici.ffzg.unizg.hr\/index.php\/wp-json\/wp\/v2\/types\/page"}],"author":[{"embeddable":true,"href":"https:\/\/stranijezici.ffzg.unizg.hr\/index.php\/wp-json\/wp\/v2\/users\/2"}],"replies":[{"embeddable":true,"href":"https:\/\/stranijezici.ffzg.unizg.hr\/index.php\/wp-json\/wp\/v2\/comments?post=676"}],"version-history":[{"count":9,"href":"https:\/\/stranijezici.ffzg.unizg.hr\/index.php\/wp-json\/wp\/v2\/pages\/676\/revisions"}],"predecessor-version":[{"id":3250,"href":"https:\/\/stranijezici.ffzg.unizg.hr\/index.php\/wp-json\/wp\/v2\/pages\/676\/revisions\/3250"}],"wp:attachment":[{"href":"https:\/\/stranijezici.ffzg.unizg.hr\/index.php\/wp-json\/wp\/v2\/media?parent=676"}],"curies":[{"name":"wp","href":"https:\/\/api.w.org\/{rel}","templated":true}]}}