{"id":674,"date":"2018-10-16T14:34:32","date_gmt":"2018-10-16T14:34:32","guid":{"rendered":"https:\/\/stranijezici.ffzg.unizg.hr\/?page_id=674"},"modified":"2022-03-08T13:54:12","modified_gmt":"2022-03-08T13:54:12","slug":"vol2n3","status":"publish","type":"page","link":"https:\/\/stranijezici.ffzg.unizg.hr\/index.php\/vol2n3\/","title":{"rendered":"Vol 2. (3)"},"content":{"rendered":"<ul style=\"list-style-type: none;\">\n<li style=\"list-style-type: none;\">\n<ul style=\"list-style-type: none;\">\n<li><a href=\"https:\/\/stranijezici.ffzg.unizg.hr\/wp-content\/uploads\/2018\/10\/sj2_3_str161-162.pdf\" target=\"_blank\" rel=\"noopener\"><strong>ANKETA I SUGESTIJE \u010cITALACA<\/strong><\/a> (str. 161-162)\n<ul style=\"list-style-type: none;\">\n<li>\u2003\u2003 Rudolf Filipovi\u0107<\/li>\n<li><\/li>\n<\/ul>\n<\/li>\n<\/ul>\n<\/li>\n<\/ul>\n<p>&nbsp;<\/p>\n<ul style=\"list-style-type: none;\">\n<li style=\"list-style-type: none;\">\n<ul style=\"list-style-type: none;\">\n<li>\n<h3>Lingvistika<\/h3>\n<\/li>\n<li><a href=\"https:\/\/stranijezici.ffzg.unizg.hr\/wp-content\/uploads\/2018\/10\/sj2_3_str163-174.pdf\" target=\"_blank\" rel=\"noopener\"><strong>O ODNOSU KONTRASTIVNE GRAMATIKE I PREVO\u0110ENJA<\/strong><\/a> (str. 163-174)\n<ul style=\"list-style-type: none;\">\n<li>\u2003\u2003 Horst Raabe<\/li>\n<li><\/li>\n<\/ul>\n<\/li>\n<\/ul>\n<\/li>\n<\/ul>\n<p>&nbsp;<\/p>\n<ul style=\"list-style-type: none;\">\n<li style=\"list-style-type: none;\">\n<ul style=\"list-style-type: none;\">\n<li>\n<h3>Metodika<\/h3>\n<\/li>\n<li><a href=\"https:\/\/stranijezici.ffzg.unizg.hr\/wp-content\/uploads\/2018\/10\/sj2_3_str175-182.pdf\" target=\"_blank\" rel=\"noopener\"><strong>JEZI\u010cNI LABORATORIJI I U\u010cENJE STRANOG JEZIKA<\/strong><\/a> (str. 175-182)\n<ul style=\"list-style-type: none;\">\n<li>\u2003\u2003 W. R. Lee<\/li>\n<li><\/li>\n<\/ul>\n<\/li>\n<\/ul>\n<\/li>\n<\/ul>\n<p>&nbsp;<\/p>\n<ul style=\"list-style-type: none;\">\n<li style=\"list-style-type: none;\">\n<ul style=\"list-style-type: none;\">\n<li><a href=\"https:\/\/stranijezici.ffzg.unizg.hr\/wp-content\/uploads\/2018\/10\/sj2_3_str183-188.pdf\" target=\"_blank\" rel=\"noopener\"><strong>IZRA\u017dAVANJE BUDU\u0106NOSTI I OBLIK GOING TO<\/strong><\/a> (str. 183-188)\n<ul style=\"list-style-type: none;\">\n<li>\u2003\u2003 Damir Kalogjera, Aleksandar Kolka<\/li>\n<li><\/li>\n<\/ul>\n<\/li>\n<\/ul>\n<\/li>\n<\/ul>\n<p>&nbsp;<\/p>\n<ul style=\"list-style-type: none;\">\n<li style=\"list-style-type: none;\">\n<ul style=\"list-style-type: none;\">\n<li><a href=\"https:\/\/stranijezici.ffzg.unizg.hr\/wp-content\/uploads\/2018\/10\/sj2_3_str189-192.pdf\" target=\"_blank\" rel=\"noopener\"><strong>RAD INSTITUTA ZA STRANE JEZIKE NARODNOG SVEU\u010cILI\u0160TA GRADA ZAGREBA I USAVR\u0160AVANJE NASTAVNIKA<\/strong><\/a> (str. 189-192)\n<ul style=\"list-style-type: none;\">\n<li>\u2003\u2003 Stanka Kranj\u010devi\u0107<\/li>\n<li><\/li>\n<\/ul>\n<\/li>\n<\/ul>\n<\/li>\n<\/ul>\n<p>&nbsp;<\/p>\n<ul style=\"list-style-type: none;\">\n<li style=\"list-style-type: none;\">\n<ul style=\"list-style-type: none;\">\n<li>\n<h3>Diskusija<\/h3>\n<\/li>\n<li><a href=\"https:\/\/stranijezici.ffzg.unizg.hr\/wp-content\/uploads\/2018\/10\/sj2_3_str193-201.pdf\" target=\"_blank\" rel=\"noopener\"><strong>PLANIRANJE NASTAVNOG GRADIVA I PRIPREMANJE NASTAVNIKA ZA SAT<\/strong><\/a> (str. 193-201)\n<ul style=\"list-style-type: none;\">\n<li>\u2003\u2003 Miho Skljarov<\/li>\n<li><\/li>\n<\/ul>\n<\/li>\n<\/ul>\n<\/li>\n<\/ul>\n<p>&nbsp;<\/p>\n<ul style=\"list-style-type: none;\">\n<li style=\"list-style-type: none;\">\n<ul style=\"list-style-type: none;\">\n<li><a href=\"https:\/\/stranijezici.ffzg.unizg.hr\/wp-content\/uploads\/2018\/10\/sj2_3_str201-202.pdf\" target=\"_blank\" rel=\"noopener\"><strong>ENGLISH AS A SECOND LANGUAGE &#8211; AMERICAN OR BRITISH?<\/strong><\/a> (str. 201-202)\n<ul style=\"list-style-type: none;\">\n<li>\u2003\u2003 Betty L. Littell<\/li>\n<li><\/li>\n<\/ul>\n<\/li>\n<\/ul>\n<\/li>\n<\/ul>\n<p>&nbsp;<\/p>\n<ul style=\"list-style-type: none;\">\n<li style=\"list-style-type: none;\">\n<ul style=\"list-style-type: none;\">\n<li>\n<h3>\u017diva rije\u010d<\/h3>\n<\/li>\n<li><a href=\"https:\/\/stranijezici.ffzg.unizg.hr\/wp-content\/uploads\/2018\/10\/sj2_3_str203-204.pdf\" target=\"_blank\" rel=\"noopener\"><strong>THE ENGLISH QUIZ<\/strong><\/a> (str. 203-204)\n<ul style=\"list-style-type: none;\">\n<li>\u2003\u2003 David Jolly<\/li>\n<li><\/li>\n<\/ul>\n<\/li>\n<\/ul>\n<\/li>\n<\/ul>\n<p>&nbsp;<\/p>\n<ul style=\"list-style-type: none;\">\n<li style=\"list-style-type: none;\">\n<ul style=\"list-style-type: none;\">\n<li><a href=\"https:\/\/stranijezici.ffzg.unizg.hr\/wp-content\/uploads\/2018\/10\/sj2_3_str204-207.pdf\" target=\"_blank\" rel=\"noopener\"><strong>LE FRANGLAIS<\/strong><\/a> (str. 204-207)\n<ul style=\"list-style-type: none;\">\n<li>\u2003\u2003 Annie Govys-Tonkovi\u0107<\/li>\n<li><\/li>\n<\/ul>\n<\/li>\n<\/ul>\n<\/li>\n<\/ul>\n<p>&nbsp;<\/p>\n<ul style=\"list-style-type: none;\">\n<li style=\"list-style-type: none;\">\n<ul style=\"list-style-type: none;\">\n<li>\n<h3>Na\u0161a iskustva<\/h3>\n<\/li>\n<li><a href=\"https:\/\/stranijezici.ffzg.unizg.hr\/wp-content\/uploads\/2018\/10\/sj2_3_str208-211.pdf\" target=\"_blank\" rel=\"noopener\"><strong>FILM U KAZETI I NOVE MOGU\u0106NOSTI U NASTAVI STRANOG JEZIKA<\/strong><\/a> (str. 208-211)\n<ul style=\"list-style-type: none;\">\n<li>\u2003\u2003 Ljerka Tomljenovi\u0107-Bi\u0161kupi\u0107<\/li>\n<li><\/li>\n<\/ul>\n<\/li>\n<\/ul>\n<\/li>\n<\/ul>\n<p>&nbsp;<\/p>\n<ul style=\"list-style-type: none;\">\n<li style=\"list-style-type: none;\">\n<ul style=\"list-style-type: none;\">\n<li><a href=\"https:\/\/stranijezici.ffzg.unizg.hr\/wp-content\/uploads\/2018\/10\/sj2_3_str211-214.pdf\" target=\"_blank\" rel=\"noopener\"><strong>KAKO PRIMJENJUJEM GRAFOSKOP U NASTAVI RUSKOG JEZIKA<\/strong><\/a> (str. 211-214)\n<ul style=\"list-style-type: none;\">\n<li>\u2003\u2003 Ljubica \u0160prajcer<\/li>\n<li><\/li>\n<\/ul>\n<\/li>\n<\/ul>\n<\/li>\n<\/ul>\n<p>&nbsp;<\/p>\n<ul style=\"list-style-type: none;\">\n<li style=\"list-style-type: none;\">\n<ul style=\"list-style-type: none;\">\n<li><a href=\"https:\/\/stranijezici.ffzg.unizg.hr\/wp-content\/uploads\/2018\/10\/sj2_3_str214-217.pdf\" target=\"_blank\" rel=\"noopener\"><strong>OBRADA DIJALOGA U VIII RAZREDU OSNOVNE \u0160KOLE<\/strong><\/a> (str. 214-217)\n<ul style=\"list-style-type: none;\">\n<li>\u2003\u2003 Nada Cesar<\/li>\n<li><\/li>\n<\/ul>\n<\/li>\n<\/ul>\n<\/li>\n<\/ul>\n<p>&nbsp;<\/p>\n<ul style=\"list-style-type: none;\">\n<li style=\"list-style-type: none;\">\n<ul style=\"list-style-type: none;\">\n<li><a href=\"https:\/\/stranijezici.ffzg.unizg.hr\/wp-content\/uploads\/2018\/10\/sj2_3_str217-218.pdf\" target=\"_blank\" rel=\"noopener\"><strong>VO\u0110ENI PISMENI SASTAV U VI RAZREDU OSNOVNE \u0160KOLE<\/strong><\/a> (str. 217-218)\n<ul style=\"list-style-type: none;\">\n<li>\u2003\u2003 Ilonka Pla\u010dko<\/li>\n<li><\/li>\n<\/ul>\n<\/li>\n<\/ul>\n<\/li>\n<\/ul>\n<p>&nbsp;<\/p>\n<ul style=\"list-style-type: none;\">\n<li style=\"list-style-type: none;\">\n<ul style=\"list-style-type: none;\">\n<li><a href=\"https:\/\/stranijezici.ffzg.unizg.hr\/wp-content\/uploads\/2018\/10\/sj2_3_str219-221.pdf\" target=\"_blank\" rel=\"noopener\"><strong>NEKE NAPOMENE UZ \u0160KOLSKE ZADA\u0106E<\/strong><\/a> (str. 219-221)\n<ul style=\"list-style-type: none;\">\n<li>\u2003\u2003 Davorka Celmi\u0107<\/li>\n<li><\/li>\n<\/ul>\n<\/li>\n<\/ul>\n<\/li>\n<\/ul>\n<p>&nbsp;<\/p>\n<ul style=\"list-style-type: none;\">\n<li style=\"list-style-type: none;\">\n<ul style=\"list-style-type: none;\">\n<li><a href=\"https:\/\/stranijezici.ffzg.unizg.hr\/wp-content\/uploads\/2018\/10\/sj2_3_str221-223.pdf\" target=\"_blank\" rel=\"noopener\"><strong>\u0160KOLSKO DOPISIVANJE<\/strong><\/a> (str. 221-223)\n<ul style=\"list-style-type: none;\">\n<li><\/li>\n<li><\/li>\n<\/ul>\n<\/li>\n<\/ul>\n<\/li>\n<\/ul>\n<p>&nbsp;<\/p>\n<ul style=\"list-style-type: none;\">\n<li style=\"list-style-type: none;\">\n<ul style=\"list-style-type: none;\">\n<li><a href=\"https:\/\/stranijezici.ffzg.unizg.hr\/wp-content\/uploads\/2018\/10\/sj2_3_str224-226.pdf\" target=\"_blank\" rel=\"noopener\"><strong>DEUTSCH ALS FREMDSPRACHE I i II S PRIMJEROM JEDNE OD MOGU\u0106NOSTI RADA S TIM TE\u010cAJEM<\/strong><\/a> (str. 224-226)\n<ul style=\"list-style-type: none;\">\n<li>\u2003\u2003 Dunja Lon\u010dar<\/li>\n<li><\/li>\n<\/ul>\n<\/li>\n<\/ul>\n<\/li>\n<\/ul>\n<p>&nbsp;<\/p>\n<ul style=\"list-style-type: none;\">\n<li>\n<h3>Kronika; Na\u0161a po\u0161ta; Prikazi knjiga; Bibliografija<\/h3>\n<\/li>\n<li><strong><a href=\"https:\/\/stranijezici.ffzg.unizg.hr\/wp-content\/uploads\/2022\/03\/SJ_2_3_00.pdf\">Kronika, na\u0161a po\u0161ta, prikazi knjiga, bibliografija<\/a><\/strong> (str. 226-240)<\/li>\n<\/ul>\n","protected":false},"excerpt":{"rendered":"<p>ANKETA I SUGESTIJE \u010cITALACA (str. 161-162) \u2003\u2003 Rudolf Filipovi\u0107 &nbsp; Lingvistika O ODNOSU KONTRASTIVNE GRAMATIKE I PREVO\u0110ENJA (str. 163-174) \u2003\u2003 Horst Raabe &nbsp; Metodika JEZI\u010cNI LABORATORIJI I U\u010cENJE STRANOG JEZIKA (str. 175-182) \u2003\u2003 W. R. Lee &nbsp; IZRA\u017dAVANJE BUDU\u0106NOSTI I OBLIK GOING TO (str. 183-188) \u2003\u2003 Damir Kalogjera, Aleksandar Kolka &nbsp; RAD INSTITUTA ZA STRANE &hellip; <\/p>\n<p class=\"link-more\"><a href=\"https:\/\/stranijezici.ffzg.unizg.hr\/index.php\/vol2n3\/\" class=\"more-link\">Continue reading<span class=\"screen-reader-text\"> &#8220;Vol 2. (3)&#8221;<\/span><\/a><\/p>\n","protected":false},"author":2,"featured_media":0,"parent":0,"menu_order":0,"comment_status":"closed","ping_status":"closed","template":"","meta":{"ngg_post_thumbnail":0,"footnotes":""},"class_list":["post-674","page","type-page","status-publish","hentry"],"_links":{"self":[{"href":"https:\/\/stranijezici.ffzg.unizg.hr\/index.php\/wp-json\/wp\/v2\/pages\/674","targetHints":{"allow":["GET"]}}],"collection":[{"href":"https:\/\/stranijezici.ffzg.unizg.hr\/index.php\/wp-json\/wp\/v2\/pages"}],"about":[{"href":"https:\/\/stranijezici.ffzg.unizg.hr\/index.php\/wp-json\/wp\/v2\/types\/page"}],"author":[{"embeddable":true,"href":"https:\/\/stranijezici.ffzg.unizg.hr\/index.php\/wp-json\/wp\/v2\/users\/2"}],"replies":[{"embeddable":true,"href":"https:\/\/stranijezici.ffzg.unizg.hr\/index.php\/wp-json\/wp\/v2\/comments?post=674"}],"version-history":[{"count":6,"href":"https:\/\/stranijezici.ffzg.unizg.hr\/index.php\/wp-json\/wp\/v2\/pages\/674\/revisions"}],"predecessor-version":[{"id":3242,"href":"https:\/\/stranijezici.ffzg.unizg.hr\/index.php\/wp-json\/wp\/v2\/pages\/674\/revisions\/3242"}],"wp:attachment":[{"href":"https:\/\/stranijezici.ffzg.unizg.hr\/index.php\/wp-json\/wp\/v2\/media?parent=674"}],"curies":[{"name":"wp","href":"https:\/\/api.w.org\/{rel}","templated":true}]}}