{"id":672,"date":"2018-10-16T12:25:51","date_gmt":"2018-10-16T12:25:51","guid":{"rendered":"https:\/\/stranijezici.ffzg.unizg.hr\/?page_id=672"},"modified":"2022-03-08T13:25:52","modified_gmt":"2022-03-08T13:25:52","slug":"vol2n1","status":"publish","type":"page","link":"https:\/\/stranijezici.ffzg.unizg.hr\/index.php\/vol2n1\/","title":{"rendered":"Vol 2. (1)"},"content":{"rendered":"<ul style=\"list-style-type: none;\">\n<li style=\"list-style-type: none;\">\n<ul style=\"list-style-type: none;\">\n<li><a href=\"https:\/\/stranijezici.ffzg.unizg.hr\/wp-content\/uploads\/2018\/10\/sj2_1_str1-4.pdf\" target=\"_blank\" rel=\"noopener\"><strong>ODGOJNA FUNKCIJA \u0160KOLE I NASTAVA STRANIH JEZIKA<\/strong><\/a> (str. 1-4)\n<ul style=\"list-style-type: none;\">\n<li>\u2003\u2003 Pero \u0160imle\u0161a<\/li>\n<li><\/li>\n<\/ul>\n<\/li>\n<\/ul>\n<\/li>\n<\/ul>\n<p>&nbsp;<\/p>\n<ul style=\"list-style-type: none;\">\n<li style=\"list-style-type: none;\">\n<ul style=\"list-style-type: none;\">\n<li>\n<h3>Lingvistika<\/h3>\n<\/li>\n<li><a href=\"https:\/\/stranijezici.ffzg.unizg.hr\/wp-content\/uploads\/2018\/10\/sj2_1_str5-8.pdf\" target=\"_blank\" rel=\"noopener\"><strong>TRANSFORMACIONA GENERATIVNA GRAMATIKA I U\u010cENJE STRANOG JEZIKA<\/strong><\/a> (str. 5-8)\n<ul style=\"list-style-type: none;\">\n<li>\u2003\u2003 Ljubomir Mihailovi\u0107<\/li>\n<li><\/li>\n<\/ul>\n<\/li>\n<\/ul>\n<\/li>\n<\/ul>\n<p>&nbsp;<\/p>\n<ul style=\"list-style-type: none;\">\n<li style=\"list-style-type: none;\">\n<ul style=\"list-style-type: none;\">\n<li><a href=\"https:\/\/stranijezici.ffzg.unizg.hr\/wp-content\/uploads\/2018\/10\/sj2_1_str9-14.pdf\" target=\"_blank\" rel=\"noopener\"><strong>O TVORBI RIJE\u010cI U NJEMA\u010cKOM JEZIKU<\/strong><\/a> (str. 9-14)\n<ul style=\"list-style-type: none;\">\n<li>\u2003\u2003 Stanko \u017depi\u0107<\/li>\n<li><\/li>\n<\/ul>\n<\/li>\n<\/ul>\n<\/li>\n<\/ul>\n<p>&nbsp;<\/p>\n<ul style=\"list-style-type: none;\">\n<li style=\"list-style-type: none;\">\n<ul style=\"list-style-type: none;\">\n<li>\n<h3>Metodika<\/h3>\n<\/li>\n<li><a href=\"https:\/\/stranijezici.ffzg.unizg.hr\/wp-content\/uploads\/2018\/10\/sj2_1_str15-26.pdf\" target=\"_blank\" rel=\"noopener\"><strong>PRAKTI\u010cNE VJE\u017dBE ZA RAZVIJANJE SPOSOBNOSTI SLU\u0160ANJA I RAZUMIJEVANJA<\/strong><\/a> (str. 15-26)\n<ul style=\"list-style-type: none;\">\n<li>\u2003\u2003 Miho Skljarov<\/li>\n<li><\/li>\n<\/ul>\n<\/li>\n<\/ul>\n<\/li>\n<\/ul>\n<p>&nbsp;<\/p>\n<ul style=\"list-style-type: none;\">\n<li style=\"list-style-type: none;\">\n<ul style=\"list-style-type: none;\">\n<li><a href=\"https:\/\/stranijezici.ffzg.unizg.hr\/wp-content\/uploads\/2018\/10\/sj2_1_str26-29.pdf\" target=\"_blank\" rel=\"noopener\"><strong>FONETSKA STRANA MAGNETOFONSKIH VRPCI<\/strong><\/a> (str. 26-29)\n<ul style=\"list-style-type: none;\">\n<li>\u2003\u2003 Tatjana Srebot<\/li>\n<li><\/li>\n<\/ul>\n<\/li>\n<\/ul>\n<\/li>\n<\/ul>\n<p>&nbsp;<\/p>\n<ul style=\"list-style-type: none;\">\n<li style=\"list-style-type: none;\">\n<ul style=\"list-style-type: none;\">\n<li><a href=\"https:\/\/stranijezici.ffzg.unizg.hr\/wp-content\/uploads\/2018\/10\/sj2_1_str29-32.pdf\" target=\"_blank\" rel=\"noopener\"><strong>PRISTUP NARATIVNOM TEKSTU<\/strong><\/a> (str. 29-32)\n<ul style=\"list-style-type: none;\">\n<li>\u2003\u2003 Elvira Petrovi\u0107<\/li>\n<li><\/li>\n<\/ul>\n<\/li>\n<\/ul>\n<\/li>\n<\/ul>\n<p>&nbsp;<\/p>\n<ul style=\"list-style-type: none;\">\n<li style=\"list-style-type: none;\">\n<ul style=\"list-style-type: none;\">\n<li>\n<h3>\u017diva rije\u010d<\/h3>\n<\/li>\n<li><a href=\"https:\/\/stranijezici.ffzg.unizg.hr\/wp-content\/uploads\/2018\/10\/sj2_1_str33-36.pdf\" target=\"_blank\" rel=\"noopener\"><strong>AID IN LEARNING &gt;&gt;SOMETHING ABOUT CULTURE AND CIVILIZATION&lt;&lt; <\/strong><\/a> (str. 33-36)\n<ul style=\"list-style-type: none;\">\n<li>\u2003\u2003 Sonia Bi\u0107ani\u0107<\/li>\n<li><\/li>\n<\/ul>\n<\/li>\n<\/ul>\n<\/li>\n<\/ul>\n<p>&nbsp;<\/p>\n<ul style=\"list-style-type: none;\">\n<li style=\"list-style-type: none;\">\n<ul style=\"list-style-type: none;\">\n<li><a href=\"https:\/\/stranijezici.ffzg.unizg.hr\/wp-content\/uploads\/2018\/10\/sj2_1_str36-39.pdf\" target=\"_blank\" rel=\"noopener\"><strong>LE CANCRE &#8211; PRESENTATION D&#8217;UN TEXTE LITTERAIRE AUTHENTIQUE DANS L&#8217;ENSEIGNEMENT DE LA DEUXIEME LANGUE<\/strong><\/a> (str. 36-39)\n<ul style=\"list-style-type: none;\">\n<li>\u2003\u2003 Spomenka Banovac<\/li>\n<li><\/li>\n<\/ul>\n<\/li>\n<\/ul>\n<\/li>\n<\/ul>\n<p>&nbsp;<\/p>\n<ul style=\"list-style-type: none;\">\n<li style=\"list-style-type: none;\">\n<ul style=\"list-style-type: none;\">\n<li><a href=\"https:\/\/stranijezici.ffzg.unizg.hr\/wp-content\/uploads\/2018\/10\/sj2_1_str40-43.pdf\" target=\"_blank\" rel=\"noopener\"><strong>AUSZ\u00dcGE AUS DEM DEUTSCHKURS F\u00dcR SCH\u00dcLER<\/strong><\/a> (str. 40-43)\n<ul style=\"list-style-type: none;\">\n<li>\u2003\u2003 Nada Kocian<\/li>\n<li><\/li>\n<\/ul>\n<\/li>\n<\/ul>\n<\/li>\n<\/ul>\n<p>&nbsp;<\/p>\n<ul style=\"list-style-type: none;\">\n<li style=\"list-style-type: none;\">\n<ul style=\"list-style-type: none;\">\n<li>\n<h3>Na\u0161a iskustva<\/h3>\n<\/li>\n<li><a href=\"https:\/\/stranijezici.ffzg.unizg.hr\/wp-content\/uploads\/2018\/10\/sj2_1_str44-47.pdf\" target=\"_blank\" rel=\"noopener\"><strong>PRIMJENA RADIO-EMISIJA A COURSE OF SPOKEN ENGLISH NA STRU\u010cNOJ \u0160KOLI<\/strong><\/a> (str. 44-47)\n<ul style=\"list-style-type: none;\">\n<li>\u2003\u2003 Davorka Marini\u0107<\/li>\n<li><\/li>\n<\/ul>\n<\/li>\n<\/ul>\n<\/li>\n<\/ul>\n<p>&nbsp;<\/p>\n<ul style=\"list-style-type: none;\">\n<li style=\"list-style-type: none;\">\n<ul style=\"list-style-type: none;\">\n<li><a href=\"https:\/\/stranijezici.ffzg.unizg.hr\/wp-content\/uploads\/2018\/10\/sj2_1_str47-52.pdf\" target=\"_blank\" rel=\"noopener\"><strong>MOGU\u0106NOSTI UVJE\u017dBAVANJA RE\u010cENI\u010cNIH STRUKTURA (TEMPORALNE RE\u010cENICE S &gt;&gt;WENN&lt;&lt;, &gt;&gt;ALS&lt;&lt; I &gt;&gt;WANN&lt;&lt;) <\/strong><\/a> (str. 47-52)\n<ul style=\"list-style-type: none;\">\n<li>\u2003\u2003 Velimir Petrovi\u0107<\/li>\n<li><\/li>\n<\/ul>\n<\/li>\n<\/ul>\n<\/li>\n<\/ul>\n<p>&nbsp;<\/p>\n<ul style=\"list-style-type: none;\">\n<li style=\"list-style-type: none;\">\n<ul style=\"list-style-type: none;\">\n<li><a href=\"https:\/\/stranijezici.ffzg.unizg.hr\/wp-content\/uploads\/2018\/10\/sj2_1_str53-57.pdf\" target=\"_blank\" rel=\"noopener\"><strong>PISANJE PISMA KAO JEDAN OD NA\u010cINA PISMENOG IZRA\u017dAVANJA<\/strong><\/a> (str. 53-57)\n<ul style=\"list-style-type: none;\">\n<li>\u2003\u2003 Nives Sironi\u0107-Bonefa\u010di\u0107<\/li>\n<li><\/li>\n<\/ul>\n<\/li>\n<\/ul>\n<\/li>\n<\/ul>\n<p>&nbsp;<\/p>\n<ul style=\"list-style-type: none;\">\n<li>\n<h3>Kronika; Na\u0161a po\u0161ta; Prikazi knjiga; Bibliografija<\/h3>\n<\/li>\n<li><strong><a href=\"https:\/\/stranijezici.ffzg.unizg.hr\/wp-content\/uploads\/2022\/03\/SJ_2_1_00.pdf\">Kronika, na\u0161a po\u0161ta, prikazi knjiga, bibliografija<\/a><\/strong> (str. 58-80)<\/li>\n<\/ul>\n","protected":false},"excerpt":{"rendered":"<p>ODGOJNA FUNKCIJA \u0160KOLE I NASTAVA STRANIH JEZIKA (str. 1-4) \u2003\u2003 Pero \u0160imle\u0161a &nbsp; Lingvistika TRANSFORMACIONA GENERATIVNA GRAMATIKA I U\u010cENJE STRANOG JEZIKA (str. 5-8) \u2003\u2003 Ljubomir Mihailovi\u0107 &nbsp; O TVORBI RIJE\u010cI U NJEMA\u010cKOM JEZIKU (str. 9-14) \u2003\u2003 Stanko \u017depi\u0107 &nbsp; Metodika PRAKTI\u010cNE VJE\u017dBE ZA RAZVIJANJE SPOSOBNOSTI SLU\u0160ANJA I RAZUMIJEVANJA (str. 15-26) \u2003\u2003 Miho Skljarov &nbsp; FONETSKA &hellip; <\/p>\n<p class=\"link-more\"><a href=\"https:\/\/stranijezici.ffzg.unizg.hr\/index.php\/vol2n1\/\" class=\"more-link\">Continue reading<span class=\"screen-reader-text\"> &#8220;Vol 2. (1)&#8221;<\/span><\/a><\/p>\n","protected":false},"author":2,"featured_media":0,"parent":0,"menu_order":0,"comment_status":"closed","ping_status":"closed","template":"","meta":{"ngg_post_thumbnail":0,"footnotes":""},"class_list":["post-672","page","type-page","status-publish","hentry"],"_links":{"self":[{"href":"https:\/\/stranijezici.ffzg.unizg.hr\/index.php\/wp-json\/wp\/v2\/pages\/672","targetHints":{"allow":["GET"]}}],"collection":[{"href":"https:\/\/stranijezici.ffzg.unizg.hr\/index.php\/wp-json\/wp\/v2\/pages"}],"about":[{"href":"https:\/\/stranijezici.ffzg.unizg.hr\/index.php\/wp-json\/wp\/v2\/types\/page"}],"author":[{"embeddable":true,"href":"https:\/\/stranijezici.ffzg.unizg.hr\/index.php\/wp-json\/wp\/v2\/users\/2"}],"replies":[{"embeddable":true,"href":"https:\/\/stranijezici.ffzg.unizg.hr\/index.php\/wp-json\/wp\/v2\/comments?post=672"}],"version-history":[{"count":7,"href":"https:\/\/stranijezici.ffzg.unizg.hr\/index.php\/wp-json\/wp\/v2\/pages\/672\/revisions"}],"predecessor-version":[{"id":3234,"href":"https:\/\/stranijezici.ffzg.unizg.hr\/index.php\/wp-json\/wp\/v2\/pages\/672\/revisions\/3234"}],"wp:attachment":[{"href":"https:\/\/stranijezici.ffzg.unizg.hr\/index.php\/wp-json\/wp\/v2\/media?parent=672"}],"curies":[{"name":"wp","href":"https:\/\/api.w.org\/{rel}","templated":true}]}}