{"id":671,"date":"2018-10-14T23:14:40","date_gmt":"2018-10-14T23:14:40","guid":{"rendered":"https:\/\/stranijezici.ffzg.unizg.hr\/?page_id=671"},"modified":"2018-12-15T18:09:08","modified_gmt":"2018-12-15T18:09:08","slug":"vol1n4","status":"publish","type":"page","link":"https:\/\/stranijezici.ffzg.unizg.hr\/index.php\/vol1n4\/","title":{"rendered":"Vol 1. (4)"},"content":{"rendered":"<ul style=\"list-style-type:none\">\n<li><a href=\"https:\/\/stranijezici.ffzg.unizg.hr\/wp-content\/uploads\/2018\/12\/SJ_1_4_0.pdf\" target=\"_blank\"><strong>NA KRAJU PRVE GODINE<\/strong><\/a> (str. 241-243)<\/li>\n<ul style=\"list-style-type:none\">\n<li>&emsp;&emsp; Damir Kalogjera<\/li>\n<li>&emsp;&emsp; <\/li>\n<\/ul>\n<\/li>\n<li>\n<h3>Lingvistika<\/h3>\n<\/li>\n<li><a href=\"https:\/\/stranijezici.ffzg.unizg.hr\/wp-content\/uploads\/2018\/10\/sj1_4_str244-252.pdf\" target=\"_blank\"><strong>PREDVI\u0110ANJE INTERFERENCIJE I ANALIZA POGRE\u0160AKA U UPOTREBI ENGLESKIH MODALNIH GLAGOLA<\/strong><\/a> (str. 244-252)<\/li>\n<ul style=\"list-style-type:none\">\n<li>&emsp;&emsp; Damir Kalogjera<\/li>\n<li>&emsp;&emsp; <\/li>\n<\/ul>\n<\/li>\n<p>  &nbsp;<\/p>\n<li>\n<h3>Metodika<\/h3>\n<\/li>\n<li><a href=\"https:\/\/stranijezici.ffzg.unizg.hr\/wp-content\/uploads\/2018\/10\/sj1_4_str253-262.pdf\" target=\"_blank\"><strong>KULTURA KAO FAKTOR U NASTAVI ENGLESKOG JEZIKA<\/strong><\/a> (str. 253-262)<\/li>\n<ul style=\"list-style-type:none\">\n<li>&emsp;&emsp; Radmila \u0110or\u0111evi\u0107<\/li>\n<li>&emsp;&emsp; <\/li>\n<\/ul>\n<\/li>\n<p>  &nbsp;<\/p>\n<li><a href=\"https:\/\/stranijezici.ffzg.unizg.hr\/wp-content\/uploads\/2018\/10\/sj1_4_str263-272.pdf\" target=\"_blank\"><strong>PISMENE VJE\u017dBE U NASTAVI STRANIH JEZIKA<\/strong><\/a> (str. 263-272)<\/li>\n<ul style=\"list-style-type:none\">\n<li>&emsp;&emsp; Mirjana Jur\u010di\u0107<\/li>\n<li>&emsp;&emsp; <\/li>\n<\/ul>\n<\/li>\n<p>  &nbsp;<\/p>\n<li><a href=\"https:\/\/stranijezici.ffzg.unizg.hr\/wp-content\/uploads\/2018\/10\/sj1_4_str272-278.pdf\" target=\"_blank\"><strong>\u010cITANJE U NASTAVI STRANIH JEZIKA S POSEBNIM OSVRTOM NA TIHO \u010cITANJE<\/strong><\/a> (str. 272-278)<\/li>\n<ul style=\"list-style-type:none\">\n<li>&emsp;&emsp; Aleksandra Krstulovi\u0107<\/li>\n<li>&emsp;&emsp; <\/li>\n<\/ul>\n<\/li>\n<p>  &nbsp;<\/p>\n<li>\n<h3>\u017diva rije\u010d<\/h3>\n<\/li>\n<li><a href=\"https:\/\/stranijezici.ffzg.unizg.hr\/wp-content\/uploads\/2018\/10\/sj1_4_str279-283.pdf\" target=\"_blank\"><strong>PAGES FROM A DEMOCRAT&#8217;S NOTEBOOK<\/strong><\/a> (str. 279-283)<\/li>\n<ul style=\"list-style-type:none\">\n<li>&emsp;&emsp; David Jolly<\/li>\n<li>&emsp;&emsp; <\/li>\n<\/ul>\n<\/li>\n<p>  &nbsp;<\/p>\n<li><a href=\"https:\/\/stranijezici.ffzg.unizg.hr\/wp-content\/uploads\/2018\/10\/sj1_4_str283-288.pdf\" target=\"_blank\"><strong>LE PASSAGE DE L&#8217;ORAL A L&#8217;ECRIT<\/strong><\/a> (str. 283-288)<\/li>\n<ul style=\"list-style-type:none\">\n<li>&emsp;&emsp; Bla\u017eenka Bubanj<\/li>\n<li>&emsp;&emsp; <\/li>\n<\/ul>\n<\/li>\n<p>  &nbsp;<\/p>\n<li><a href=\"https:\/\/stranijezici.ffzg.unizg.hr\/wp-content\/uploads\/2018\/10\/sj1_4_str289-292.pdf\" target=\"_blank\"><strong>SIND BEETHOVEN UND MOZART EIGENTLICH NOCH IN MODE?<\/strong><\/a> (str. 289-292)<\/li>\n<ul style=\"list-style-type:none\">\n<li>&emsp;&emsp; Christine Reiser-Dumbovi\u0107<\/li>\n<li>&emsp;&emsp; <\/li>\n<\/ul>\n<\/li>\n<p>  &nbsp;<\/p>\n<li><a href=\"https:\/\/stranijezici.ffzg.unizg.hr\/wp-content\/uploads\/2018\/10\/sj1_4_str293-298.pdf\" target=\"_blank\"><strong>\u0412\u0418\u0414 \u042d\u041a\u0421\u041f\u041b\u0423\u0410\u0422\u0410\u0426\u0418\u0418 \u041b\u0418\u0422\u0415\u0420\u0410\u0422\u0423\u0420\u041d\u041e\u0413\u041e \u0422\u0415\u041a\u0421\u0422\u0410 \u041d\u0410 \u041f\u0420\u0410\u041a\u0422\u0418\u0427\u0415\u0421\u041a\u0418\u0425 \u0417\u0410\u041d\u042f\u0422\u0418\u042f\u0425 \u041f\u041e \u0420\u0423\u0421\u0421\u041a\u041e\u041c\u0423 \u042f\u0417\u042b\u041a\u0423<\/strong><\/a> (str. 293-298)<\/li>\n<ul style=\"list-style-type:none\">\n<li>&emsp;&emsp; Antica Menac<\/li>\n<li>&emsp;&emsp; <\/li>\n<\/ul>\n<\/li>\n<p>  &nbsp;<\/p>\n<li>\n<h3>Na\u0161a iskustva<\/h3>\n<\/li>\n<li><a href=\"https:\/\/stranijezici.ffzg.unizg.hr\/wp-content\/uploads\/2018\/10\/sj1_4_str299-301.pdf\" target=\"_blank\"><strong>OBRADA DIJAFILMA >>WHAT&#8217;S IN A NAME<< <\/strong><\/a> (str. 299-301)<\/li>\n<ul style=\"list-style-type:none\">\n<li>&emsp;&emsp; Zlata Kip\u010di\u0107<\/li>\n<li>&emsp;&emsp; <\/li>\n<\/ul>\n<\/li>\n<p>  &nbsp;<\/p>\n<li><a href=\"https:\/\/stranijezici.ffzg.unizg.hr\/wp-content\/uploads\/2018\/10\/sj1_4_str301-306.pdf\" target=\"_blank\"><strong>TIHO \u010cITANJE U OBRADI \u0160TIVA &#8220;\u0412 \u041fA\u0420\u041aE&#8221;<\/strong><\/a> (str. 301-306)<\/li>\n<ul style=\"list-style-type:none\">\n<li>&emsp;&emsp; Milica Bukarica<\/li>\n<li>&emsp;&emsp; <\/li>\n<\/ul>\n<\/li>\n<p>  &nbsp;<\/p>\n<li><a href=\"https:\/\/stranijezici.ffzg.unizg.hr\/wp-content\/uploads\/2018\/10\/sj1_4_str306-308.pdf\" target=\"_blank\"><strong>USMJERENI, KONTROLIRANI SASTAV U NASTAVI DRUGOG STRANOG JEZIKA<\/strong><\/a> (str. 306-308)<\/li>\n<ul style=\"list-style-type:none\">\n<li>&emsp;&emsp; Vesna Zeli\u0107<\/li>\n<li>&emsp;&emsp; <\/li>\n<\/ul>\n<\/li>\n<p>  &nbsp;<\/p>\n<li><a href=\"https:\/\/stranijezici.ffzg.unizg.hr\/wp-content\/uploads\/2018\/10\/sj1_4_str309.pdf\" target=\"_blank\"><strong>RADIO-TEST IZ ENGLESKOG JEZIKA<\/strong><\/a> (str. 309)<\/li>\n<ul style=\"list-style-type:none\">\n<li>&emsp;&emsp; Mladen Dolenc<\/li>\n<li>&emsp;&emsp; <\/li>\n<\/ul>\n<\/li>\n<p>  &nbsp;<\/p>\n<li>\n<h3>Kronika; Na\u0161a po\u0161ta; Prikazi knjiga; Bibliografija<\/h3>\n<\/li>\n<li><a href=\"https:\/\/stranijezici.ffzg.unizg.hr\/wp-content\/uploads\/2018\/12\/SJ_1_4_00.pdf\" target=\"_blank\"><strong>Kronika, na\u0161a po\u0161ta, prikazi knjiga, bibliografija<\/strong><\/a> (str. 310-320)<\/li>\n<\/ul>\n","protected":false},"excerpt":{"rendered":"<p>NA KRAJU PRVE GODINE (str. 241-243) &emsp;&emsp; Damir Kalogjera &emsp;&emsp; Lingvistika PREDVI\u0110ANJE INTERFERENCIJE I ANALIZA POGRE\u0160AKA U UPOTREBI ENGLESKIH MODALNIH GLAGOLA (str. 244-252) &emsp;&emsp; Damir Kalogjera &emsp;&emsp; &nbsp; Metodika KULTURA KAO FAKTOR U NASTAVI ENGLESKOG JEZIKA (str. 253-262) &emsp;&emsp; Radmila \u0110or\u0111evi\u0107 &emsp;&emsp; &nbsp; PISMENE VJE\u017dBE U NASTAVI STRANIH JEZIKA (str. 263-272) &emsp;&emsp; Mirjana Jur\u010di\u0107 &emsp;&emsp; &hellip; <\/p>\n<p class=\"link-more\"><a href=\"https:\/\/stranijezici.ffzg.unizg.hr\/index.php\/vol1n4\/\" class=\"more-link\">Continue reading<span class=\"screen-reader-text\"> &#8220;Vol 1. (4)&#8221;<\/span><\/a><\/p>\n","protected":false},"author":2,"featured_media":0,"parent":0,"menu_order":0,"comment_status":"closed","ping_status":"closed","template":"","meta":{"ngg_post_thumbnail":0,"footnotes":""},"class_list":["post-671","page","type-page","status-publish","hentry"],"_links":{"self":[{"href":"https:\/\/stranijezici.ffzg.unizg.hr\/index.php\/wp-json\/wp\/v2\/pages\/671","targetHints":{"allow":["GET"]}}],"collection":[{"href":"https:\/\/stranijezici.ffzg.unizg.hr\/index.php\/wp-json\/wp\/v2\/pages"}],"about":[{"href":"https:\/\/stranijezici.ffzg.unizg.hr\/index.php\/wp-json\/wp\/v2\/types\/page"}],"author":[{"embeddable":true,"href":"https:\/\/stranijezici.ffzg.unizg.hr\/index.php\/wp-json\/wp\/v2\/users\/2"}],"replies":[{"embeddable":true,"href":"https:\/\/stranijezici.ffzg.unizg.hr\/index.php\/wp-json\/wp\/v2\/comments?post=671"}],"version-history":[{"count":7,"href":"https:\/\/stranijezici.ffzg.unizg.hr\/index.php\/wp-json\/wp\/v2\/pages\/671\/revisions"}],"predecessor-version":[{"id":1596,"href":"https:\/\/stranijezici.ffzg.unizg.hr\/index.php\/wp-json\/wp\/v2\/pages\/671\/revisions\/1596"}],"wp:attachment":[{"href":"https:\/\/stranijezici.ffzg.unizg.hr\/index.php\/wp-json\/wp\/v2\/media?parent=671"}],"curies":[{"name":"wp","href":"https:\/\/api.w.org\/{rel}","templated":true}]}}