{"id":669,"date":"2018-10-14T22:34:18","date_gmt":"2018-10-14T22:34:18","guid":{"rendered":"https:\/\/stranijezici.ffzg.unizg.hr\/?page_id=669"},"modified":"2018-12-15T18:07:17","modified_gmt":"2018-12-15T18:07:17","slug":"vol1n3","status":"publish","type":"page","link":"https:\/\/stranijezici.ffzg.unizg.hr\/index.php\/vol1n3\/","title":{"rendered":"Vol 1. (3)"},"content":{"rendered":"<ul style=\"list-style-type:none\">\n<li><a href=\"https:\/\/stranijezici.ffzg.unizg.hr\/wp-content\/uploads\/2018\/10\/sj1_3_str161-165.pdf\" target=\"_blank\"><strong>TEHNOLOGIJA OBRAZOVANJA U SVJETLU NOVE OP\u0106E OBRAZOVNE POLITIKE U SR HRVATSKOJ<\/strong><\/a> (str. 161-165)<\/li>\n<ul style=\"list-style-type:none\">\n<li>&emsp;&emsp; Veseljko Vel\u010di\u0107<\/li>\n<li>&emsp;&emsp; <\/li>\n<\/ul>\n<\/li>\n<p>  &nbsp;<\/p>\n<li>\n<h3>Lingvistika<\/h3>\n<\/li>\n<li><a href=\"https:\/\/stranijezici.ffzg.unizg.hr\/wp-content\/uploads\/2018\/10\/sj1_3_str166-170.pdf\" target=\"_blank\"><strong>ULOGA JEZIKA U PRENO\u0160ENJU OBAVIJESTI<\/strong><\/a> (str. 166-170)<\/li>\n<ul style=\"list-style-type:none\">\n<li>&emsp;&emsp; Henry Widdowson<\/li>\n<li>&emsp;&emsp; <\/li>\n<\/ul>\n<\/li>\n<p>  &nbsp;<\/p>\n<li>\n<h3>Metodika<\/h3>\n<\/li>\n<li><a href=\"https:\/\/stranijezici.ffzg.unizg.hr\/wp-content\/uploads\/2018\/10\/sj1_3_str171-180.pdf\" target=\"_blank\"><strong>SLU\u0160ANJE I RAZUMIJEVANJE<\/strong><\/a> (str. 171-180)<\/li>\n<ul style=\"list-style-type:none\">\n<li>&emsp;&emsp; Miho Skljarov<\/li>\n<li>&emsp;&emsp; <\/li>\n<\/ul>\n<\/li>\n<p>  &nbsp;<\/p>\n<li><a href=\"https:\/\/stranijezici.ffzg.unizg.hr\/wp-content\/uploads\/2018\/10\/sj1_3_str181-187.pdf\" target=\"_blank\"><strong>MOGU\u0106NOSTI I PRIMJENA PROGRAMIRANE NASTAVE U STRANIM JEZICIMA<\/strong><\/a> (str. 181-187)<\/li>\n<ul style=\"list-style-type:none\">\n<li>&emsp;&emsp; Davorka Celmi\u0107<\/li>\n<li>&emsp;&emsp; <\/li>\n<\/ul>\n<\/li>\n<p>  &nbsp;<\/p>\n<li><a href=\"https:\/\/stranijezici.ffzg.unizg.hr\/wp-content\/uploads\/2018\/10\/sj1_3_str187-194.pdf\" target=\"_blank\"><strong>ULOGA IGRE I PJESME U NASTAVI STRANOG JEZIKA U OSNOVNOJ \u0160KOLI<\/strong><\/a> (str. 187-194)<\/li>\n<ul style=\"list-style-type:none\">\n<li>&emsp;&emsp; Oktavija Ger\u010dan<\/li>\n<li>&emsp;&emsp; <\/li>\n<\/ul>\n<\/li>\n<p>  &nbsp;<\/p>\n<li>\n<h3>\u017diva rije\u010d<\/h3>\n<\/li>\n<li><a href=\"https:\/\/stranijezici.ffzg.unizg.hr\/wp-content\/uploads\/2018\/10\/sj1_3_str195-201.pdf\" target=\"_blank\"><strong>PARLIAMO UN PO&#8217; DEL MARE<\/strong><\/a> (str. 195-201)<\/li>\n<ul style=\"list-style-type:none\">\n<li>&emsp;&emsp; Domenico Cernecca<\/li>\n<li>&emsp;&emsp; <\/li>\n<\/ul>\n<\/li>\n<p>  &nbsp;<\/p>\n<li><a href=\"https:\/\/stranijezici.ffzg.unizg.hr\/wp-content\/uploads\/2018\/10\/sj1_3_str201-205.pdf\" target=\"_blank\"><strong>\u041a\u041e\u041d\u041a\u0423\u0420\u0421-\u041a\u0412\u0418\u0417 \u0417\u041d\u0410\u041d\u0418\u042f \u0418 \u041d\u0410\u0425\u041e\u0414\u0427\u0418\u0412\u041e\u0421\u0422\u0418<\/strong><\/a> (str. 201-205)<\/li>\n<ul style=\"list-style-type:none\">\n<li>&emsp;&emsp; Miho Skljarov, Zoja Valujeva<\/li>\n<li>&emsp;&emsp; <\/li>\n<\/ul>\n<\/li>\n<p>  &nbsp;<\/p>\n<li>\n<h3>Na\u0161a iskustva<\/h3>\n<\/li>\n<li><a href=\"https:\/\/stranijezici.ffzg.unizg.hr\/wp-content\/uploads\/2018\/10\/sj1_3_str206-209.pdf\" target=\"_blank\"><strong>OBRADA PERFEKTA POMO\u0106U TV-TE\u010cAJA &#8220;SLIM JOHN&#8221;<\/strong><\/a> (str. 206-209)<\/li>\n<ul style=\"list-style-type:none\">\n<li>&emsp;&emsp; Nada Bosna<\/li>\n<li>&emsp;&emsp; <\/li>\n<\/ul>\n<\/li>\n<p>  &nbsp;<\/p>\n<li><a href=\"https:\/\/stranijezici.ffzg.unizg.hr\/wp-content\/uploads\/2018\/10\/sj1_3_str210-214.pdf\" target=\"_blank\"><strong>PRIKAZ EKSPERIMENTA S PROGRAMIRANIM SEKVENCAMA IZ \u010cITANJA I PISANJA U STRU\u010cNIM \u0160KOLAMA<\/strong><\/a> (str. 210-214)<\/li>\n<ul style=\"list-style-type:none\">\n<li>&emsp;&emsp; Davorka Celmi\u0107<\/li>\n<li>&emsp;&emsp; <\/li>\n<\/ul>\n<\/li>\n<p>  &nbsp;<\/p>\n<li><a href=\"https:\/\/stranijezici.ffzg.unizg.hr\/wp-content\/uploads\/2018\/10\/sj1_3_str215-220.pdf\" target=\"_blank\"><strong>PRIJELAZ S USMENOG UVJE\u017dBAVANJA GRADIVA NA PISMENI SASTAV<\/strong><\/a> (str. 215-220)<\/li>\n<ul style=\"list-style-type:none\">\n<li>&emsp;&emsp; Nives Sironi\u0107-Bonefa\u010di\u0107<\/li>\n<li>&emsp;&emsp; <\/li>\n<\/ul>\n<\/li>\n<p>  &nbsp;<\/p>\n<li>\n<h3>Kronika; Na\u0161a po\u0161ta; Prikazi knjiga; Bibliografija<\/h3>\n<\/li>\n<li><a href=\"https:\/\/stranijezici.ffzg.unizg.hr\/wp-content\/uploads\/2018\/12\/SJ_1_3_00.pdf\" target=\"_blank\"><strong>Kronika, na\u0161a po\u0161ta, prikazi knjiga, bibliografija<\/strong><\/a> (str. 221-240)<\/li>\n<\/ul>\n","protected":false},"excerpt":{"rendered":"<p>TEHNOLOGIJA OBRAZOVANJA U SVJETLU NOVE OP\u0106E OBRAZOVNE POLITIKE U SR HRVATSKOJ (str. 161-165) &emsp;&emsp; Veseljko Vel\u010di\u0107 &emsp;&emsp; &nbsp; Lingvistika ULOGA JEZIKA U PRENO\u0160ENJU OBAVIJESTI (str. 166-170) &emsp;&emsp; Henry Widdowson &emsp;&emsp; &nbsp; Metodika SLU\u0160ANJE I RAZUMIJEVANJE (str. 171-180) &emsp;&emsp; Miho Skljarov &emsp;&emsp; &nbsp; MOGU\u0106NOSTI I PRIMJENA PROGRAMIRANE NASTAVE U STRANIM JEZICIMA (str. 181-187) &emsp;&emsp; Davorka Celmi\u0107 &hellip; <\/p>\n<p class=\"link-more\"><a href=\"https:\/\/stranijezici.ffzg.unizg.hr\/index.php\/vol1n3\/\" class=\"more-link\">Continue reading<span class=\"screen-reader-text\"> &#8220;Vol 1. (3)&#8221;<\/span><\/a><\/p>\n","protected":false},"author":2,"featured_media":0,"parent":0,"menu_order":0,"comment_status":"closed","ping_status":"closed","template":"","meta":{"ngg_post_thumbnail":0,"footnotes":""},"class_list":["post-669","page","type-page","status-publish","hentry"],"_links":{"self":[{"href":"https:\/\/stranijezici.ffzg.unizg.hr\/index.php\/wp-json\/wp\/v2\/pages\/669","targetHints":{"allow":["GET"]}}],"collection":[{"href":"https:\/\/stranijezici.ffzg.unizg.hr\/index.php\/wp-json\/wp\/v2\/pages"}],"about":[{"href":"https:\/\/stranijezici.ffzg.unizg.hr\/index.php\/wp-json\/wp\/v2\/types\/page"}],"author":[{"embeddable":true,"href":"https:\/\/stranijezici.ffzg.unizg.hr\/index.php\/wp-json\/wp\/v2\/users\/2"}],"replies":[{"embeddable":true,"href":"https:\/\/stranijezici.ffzg.unizg.hr\/index.php\/wp-json\/wp\/v2\/comments?post=669"}],"version-history":[{"count":6,"href":"https:\/\/stranijezici.ffzg.unizg.hr\/index.php\/wp-json\/wp\/v2\/pages\/669\/revisions"}],"predecessor-version":[{"id":1590,"href":"https:\/\/stranijezici.ffzg.unizg.hr\/index.php\/wp-json\/wp\/v2\/pages\/669\/revisions\/1590"}],"wp:attachment":[{"href":"https:\/\/stranijezici.ffzg.unizg.hr\/index.php\/wp-json\/wp\/v2\/media?parent=669"}],"curies":[{"name":"wp","href":"https:\/\/api.w.org\/{rel}","templated":true}]}}