{"id":667,"date":"2018-10-14T22:26:20","date_gmt":"2018-10-14T22:26:20","guid":{"rendered":"https:\/\/stranijezici.ffzg.unizg.hr\/?page_id=667"},"modified":"2018-12-15T18:05:45","modified_gmt":"2018-12-15T18:05:45","slug":"vol1n1","status":"publish","type":"page","link":"https:\/\/stranijezici.ffzg.unizg.hr\/index.php\/vol1n1\/","title":{"rendered":"Vol 1. (1)"},"content":{"rendered":"<ul style=\"list-style-type:none\">\n<li>\n<h3>Uvodnik<\/h3>\n<\/li>\n<li><a href=\"https:\/\/stranijezici.ffzg.unizg.hr\/wp-content\/uploads\/2018\/12\/SJ_1_1_0.pdf\" target=\"_blank\"><strong>Sadr\u017eaj I. godi\u0161ta; ZA\u0160TO IZLAZIMO?<\/strong><\/a> (str. 1-3)<\/li>\n<ul style=\"list-style-type:none\">\n<li>&emsp;&emsp; Rudolf Filipovi\u0107<\/li>\n<li>&emsp;&emsp; <\/li>\n<\/ul>\n<\/li>\n<p>  &nbsp;<\/p>\n<li>\n<h3>Lingvistika<\/h3>\n<\/li>\n<li><a href=\"https:\/\/stranijezici.ffzg.unizg.hr\/wp-content\/uploads\/2018\/10\/sj1_1_str4-8.pdf\" target=\"_blank\"><strong>JEDAN ASPEKT LINGVISTI\u010cKOG PRISTUPA NASTAVI STRANIH JEZIKA<\/strong><\/a> (str. 4-8)<\/li>\n<ul style=\"list-style-type:none\">\n<li>&emsp;&emsp; Rudolf Filipovi\u0107<\/li>\n<li>&emsp;&emsp; <\/li>\n<\/ul>\n<\/li>\n<p>  &nbsp;<\/p>\n<li><a href=\"https:\/\/stranijezici.ffzg.unizg.hr\/wp-content\/uploads\/2018\/10\/sj1_1_str9-18.pdf\" target=\"_blank\"><strong>SVOJE I POSU\u0110ENO U FRAZEOLOGIJU<\/strong><\/a> (str. 9-18)<\/li>\n<ul style=\"list-style-type:none\">\n<li>&emsp;&emsp; Antica Menac<\/li>\n<li>&emsp;&emsp; <\/li>\n<\/ul>\n<\/li>\n<p>  &nbsp;<\/p>\n<li>\n<h3>Metodika<\/h3>\n<\/li>\n<li><a href=\"https:\/\/stranijezici.ffzg.unizg.hr\/wp-content\/uploads\/2018\/10\/sj1_1_str19-27.pdf\" target=\"_blank\"><strong>JEZI\u010cNO ZNANJE I GOVORNO UMIJE\u0106E U NASTAVI STRANIH JEZIKA<\/strong><\/a> (str. 19-27)<\/li>\n<ul style=\"list-style-type:none\">\n<li>&emsp;&emsp; Miho Skljarov<\/li>\n<li>&emsp;&emsp; <\/li>\n<\/ul>\n<\/li>\n<p>  &nbsp;<\/p>\n<li><a href=\"https:\/\/stranijezici.ffzg.unizg.hr\/wp-content\/uploads\/2018\/10\/sj1_1_str27-33.pdf\" target=\"_blank\"><strong>ULOGA VIZUELNIH SREDSTAVA U NASTAVI STRANIH JEZIKA<\/strong><\/a> (str. 27-33)<\/li>\n<ul style=\"list-style-type:none\">\n<li>&emsp;&emsp; Mirjana Jur\u010di\u0107<\/li>\n<li>&emsp;&emsp; <\/li>\n<\/ul>\n<\/li>\n<p>  &nbsp;<\/p>\n<li><a href=\"https:\/\/stranijezici.ffzg.unizg.hr\/wp-content\/uploads\/2018\/10\/sj1_1_str34-38.pdf\" target=\"_blank\"><strong>TALIJANSKA KONVERZACIJA U RAZREDU<\/strong><\/a> (str. 34-38)<\/li>\n<ul style=\"list-style-type:none\">\n<li>&emsp;&emsp; Josip Jernej<\/li>\n<li>&emsp;&emsp; <\/li>\n<\/ul>\n<\/li>\n<p>  &nbsp;<\/p>\n<li>\n<h3>\u017diva rije\u010d<\/h3>\n<\/li>\n<li><a href=\"https:\/\/stranijezici.ffzg.unizg.hr\/wp-content\/uploads\/2018\/10\/sj1_1_str39-42.pdf\" target=\"_blank\"><strong>PENGUINS<\/strong><\/a> (str. 39-42)<\/li>\n<ul style=\"list-style-type:none\">\n<li>&emsp;&emsp; David Jolly<\/li>\n<li>&emsp;&emsp; <\/li>\n<\/ul>\n<\/li>\n<p>  &nbsp;<\/p>\n<li><a href=\"https:\/\/stranijezici.ffzg.unizg.hr\/wp-content\/uploads\/2018\/10\/sj1_1_str43-47.pdf\" target=\"_blank\"><strong>PORTRAIT DE L&#8217;EPOUSE IDEALE PAR UN FUTUR JEUNE MARI<\/strong><\/a> (str. 43-47)<\/li>\n<ul style=\"list-style-type:none\">\n<li>&emsp;&emsp; Ivana Batu\u0161i\u0107<\/li>\n<li>&emsp;&emsp; <\/li>\n<\/ul>\n<\/li>\n<p>  &nbsp;<\/p>\n<li><a href=\"https:\/\/stranijezici.ffzg.unizg.hr\/wp-content\/uploads\/2018\/10\/sj1_1_str47-50.pdf\" target=\"_blank\"><strong>SCHULFUNKSENDUNGEN IM DEUTSCHUNTERRICHT<\/strong><\/a> (str. 47-50)<\/li>\n<ul style=\"list-style-type:none\">\n<li>&emsp;&emsp; Gertruda Postl-Bo\u017ei\u0107<\/li>\n<li>&emsp;&emsp; <\/li>\n<\/ul>\n<\/li>\n<p>  &nbsp;<\/p>\n<li><a href=\"https:\/\/stranijezici.ffzg.unizg.hr\/wp-content\/uploads\/2018\/10\/sj1_1_str51-54.pdf\" target=\"_blank\"><strong>\u0421\u0415\u041c\u0415\u0419\u041d\u0411\u0407\u0415 \u0420\u0410\u0417\u0413\u041e\u0412\u041e\u0420\u0411\u0406<\/strong><\/a> (str. 51-54)<\/li>\n<ul style=\"list-style-type:none\">\n<li>&emsp;&emsp; Renata Volos<\/li>\n<li>&emsp;&emsp; <\/li>\n<\/ul>\n<\/li>\n<p>  &nbsp;<\/p>\n<li>\n<h3>Na\u0161a iskustva<\/h3>\n<\/li>\n<li><a href=\"https:\/\/stranijezici.ffzg.unizg.hr\/wp-content\/uploads\/2018\/10\/sj1_1_str55-59.pdf\" target=\"_blank\"><strong>EMISIJE \u0160KOLSKOG RADIJA U NASTAVI NJEMA\u010cKOGA JEZIKA<\/strong><\/a> (str. 55-59)<\/li>\n<ul style=\"list-style-type:none\">\n<li>&emsp;&emsp; Gertruda Postl-Bo\u017ei\u0107<\/li>\n<li>&emsp;&emsp; <\/li>\n<\/ul>\n<\/li>\n<p>  &nbsp;<\/p>\n<li><a href=\"https:\/\/stranijezici.ffzg.unizg.hr\/wp-content\/uploads\/2018\/10\/sj1_1_str59-64.pdf\" target=\"_blank\"><strong>OBRADA TEKSTA IZ STRANIH NOVINA<\/strong><\/a> (str. 59-64)<\/li>\n<ul style=\"list-style-type:none\">\n<li>&emsp;&emsp; Nives Sironi\u0107-Bonefa\u010di\u0107<\/li>\n<li>&emsp;&emsp; <\/li>\n<\/ul>\n<\/li>\n<p>  &nbsp;<\/p>\n<li>\n<h3>Kronika; Na\u0161a po\u0161ta; Prikazi knjiga; Bibliografija<\/h3>\n<\/li>\n<li><a href=\"https:\/\/stranijezici.ffzg.unizg.hr\/wp-content\/uploads\/2018\/12\/SJ_1_1_00.pdf\" target=\"_blank\"><strong>Kronika, na\u0161a po\u0161ta, prikazi knjiga, bibliografija<\/strong><\/a> (str. 64-80)<\/li>\n<\/ul>\n","protected":false},"excerpt":{"rendered":"<p>Uvodnik Sadr\u017eaj I. godi\u0161ta; ZA\u0160TO IZLAZIMO? (str. 1-3) &emsp;&emsp; Rudolf Filipovi\u0107 &emsp;&emsp; &nbsp; Lingvistika JEDAN ASPEKT LINGVISTI\u010cKOG PRISTUPA NASTAVI STRANIH JEZIKA (str. 4-8) &emsp;&emsp; Rudolf Filipovi\u0107 &emsp;&emsp; &nbsp; SVOJE I POSU\u0110ENO U FRAZEOLOGIJU (str. 9-18) &emsp;&emsp; Antica Menac &emsp;&emsp; &nbsp; Metodika JEZI\u010cNO ZNANJE I GOVORNO UMIJE\u0106E U NASTAVI STRANIH JEZIKA (str. 19-27) &emsp;&emsp; Miho Skljarov &hellip; <\/p>\n<p class=\"link-more\"><a href=\"https:\/\/stranijezici.ffzg.unizg.hr\/index.php\/vol1n1\/\" class=\"more-link\">Continue reading<span class=\"screen-reader-text\"> &#8220;Vol 1. (1)&#8221;<\/span><\/a><\/p>\n","protected":false},"author":2,"featured_media":0,"parent":0,"menu_order":0,"comment_status":"closed","ping_status":"closed","template":"","meta":{"ngg_post_thumbnail":0,"footnotes":""},"class_list":["post-667","page","type-page","status-publish","hentry"],"_links":{"self":[{"href":"https:\/\/stranijezici.ffzg.unizg.hr\/index.php\/wp-json\/wp\/v2\/pages\/667","targetHints":{"allow":["GET"]}}],"collection":[{"href":"https:\/\/stranijezici.ffzg.unizg.hr\/index.php\/wp-json\/wp\/v2\/pages"}],"about":[{"href":"https:\/\/stranijezici.ffzg.unizg.hr\/index.php\/wp-json\/wp\/v2\/types\/page"}],"author":[{"embeddable":true,"href":"https:\/\/stranijezici.ffzg.unizg.hr\/index.php\/wp-json\/wp\/v2\/users\/2"}],"replies":[{"embeddable":true,"href":"https:\/\/stranijezici.ffzg.unizg.hr\/index.php\/wp-json\/wp\/v2\/comments?post=667"}],"version-history":[{"count":9,"href":"https:\/\/stranijezici.ffzg.unizg.hr\/index.php\/wp-json\/wp\/v2\/pages\/667\/revisions"}],"predecessor-version":[{"id":1582,"href":"https:\/\/stranijezici.ffzg.unizg.hr\/index.php\/wp-json\/wp\/v2\/pages\/667\/revisions\/1582"}],"wp:attachment":[{"href":"https:\/\/stranijezici.ffzg.unizg.hr\/index.php\/wp-json\/wp\/v2\/media?parent=667"}],"curies":[{"name":"wp","href":"https:\/\/api.w.org\/{rel}","templated":true}]}}