{"id":607,"date":"2018-10-10T09:30:07","date_gmt":"2018-10-10T09:30:07","guid":{"rendered":"https:\/\/stranijezici.ffzg.unizg.hr\/?page_id=607"},"modified":"2019-06-18T21:15:12","modified_gmt":"2019-06-18T21:15:12","slug":"vol38n1","status":"publish","type":"page","link":"https:\/\/stranijezici.ffzg.unizg.hr\/index.php\/vol38n1\/","title":{"rendered":"Vol 38. (1)"},"content":{"rendered":"<ul style=\"list-style-type:none\">\n<li><a href=\"https:\/\/stranijezici.ffzg.unizg.hr\/wp-content\/uploads\/2019\/06\/SJ_38_1_0.pdf\" target=\"_blank\"><strong>UVODNA RIJE\u010c<\/strong><\/a><\/li>\n<\/li>\n<p>  &nbsp;<\/p>\n<li><a href=\"https:\/\/stranijezici.ffzg.unizg.hr\/wp-content\/uploads\/2019\/06\/SJ_38_1_1.pdf\" target=\"_blank\"><strong>INTERVIEW MIT DR. HABIL. DETLEV BLANKE<\/strong><\/a> (str. 7-16)<\/li>\n<ul style=\"list-style-type:none\">\n<li>&emsp;&emsp; Aleksandra \u0160\u010dukanec<\/li>\n<\/ul>\n<\/li>\n<p>  &nbsp;<\/p>\n<li><a href=\"https:\/\/stranijezici.ffzg.unizg.hr\/wp-content\/uploads\/2019\/06\/SJ_38_1_2.pdf\" target=\"_blank\"><strong>THE USABILITY OF GRAMMATICAL CODES IN MONOLINGUAL LEARNERS&#8217; DICTIONARIES<\/strong><\/a> (str. 17-34)<\/li>\n<ul style=\"list-style-type:none\">\n<li>&emsp;&emsp; Marjeta Vrbinc<\/li>\n<li>&emsp;&emsp; Znanstveni pregledni \u010dlanak<\/li>\n<\/ul>\n<\/li>\n<p>  &nbsp;<\/p>\n<li><a href=\"https:\/\/stranijezici.ffzg.unizg.hr\/wp-content\/uploads\/2019\/06\/SJ_38_1_3.pdf\" target=\"_blank\"><strong>POU\u010cAVANJE VOKABULARA U KONTEKSTU JEZIKA STRUKE<\/strong><\/a> (str. 35-44)<\/li>\n<ul style=\"list-style-type:none\">\n<li>&emsp;&emsp; Ivana \u0160piranec<\/li>\n<li>&emsp;&emsp; Stru\u010dni \u010dlanak<\/li>\n<\/ul>\n<\/li>\n<p>  &nbsp;<\/p>\n<li><a href=\"https:\/\/stranijezici.ffzg.unizg.hr\/wp-content\/uploads\/2019\/06\/SJ_38_1_4.pdf\" target=\"_blank\"><strong>PRAGMATICA DELLA COMUNICAZIONE SPONTANEA<\/strong><\/a> (str. 45-58)<\/li>\n<ul style=\"list-style-type:none\">\n<li>&emsp;&emsp; Rita Scotti Juri\u0107<\/li>\n<li>&emsp;&emsp; Stru\u010dni \u010dlanak<\/li>\n<\/ul>\n<\/li>\n<p>  &nbsp;<\/p>\n<li><a href=\"https:\/\/stranijezici.ffzg.unizg.hr\/wp-content\/uploads\/2019\/06\/SJ_38_1_5.pdf\" target=\"_blank\"><strong>MORE LEXIS, LESS GRAMMAR: THE IMPORTANCE OF LARGER LEXICAL INPUT AT MORE ADVANCED LEVELS OF ENGLISH<\/strong><\/a> (str. 59-78)<\/li>\n<ul style=\"list-style-type:none\">\n<li>&emsp;&emsp; Jasminka Bibi\u0107, Daniela Mati\u0107<\/li>\n<li>&emsp;&emsp; Stru\u010dni \u010dlanak<\/li>\n<\/ul>\n<\/li>\n<p>  &nbsp;<\/p>\n<li><a href=\"https:\/\/stranijezici.ffzg.unizg.hr\/wp-content\/uploads\/2019\/06\/SJ_38_1_6.pdf\" target=\"_blank\"><strong>LEKSIKOLO\u0160KA I ETIMOLO\u0160KA OBRADA ROMANIZAMA U NAZIVLJU VO\u0106A, POVR\u0106A I ZA\u010cINA U GOVORU OMI\u0160LJA NA OTOKU KRKU<\/strong><\/a> (str. 79-90)<\/li>\n<ul style=\"list-style-type:none\">\n<li>&emsp;&emsp; Nina Spicijari\u0107<\/li>\n<li>&emsp;&emsp; Znanstveni pregledni \u010dlanak<\/li>\n<\/ul>\n<\/li>\n<p>  &nbsp;<\/p>\n<li><a href=\"https:\/\/stranijezici.ffzg.unizg.hr\/wp-content\/uploads\/2019\/06\/SJ_38_1_7.pdf\" target=\"_blank\"><strong>HIGHER EDUCATION LANGUAGE TEACHERS&#8217; PERCEPTIONS OF THEIR COMPETENCES<\/strong><\/a> (str. 91-104)<\/li>\n<ul style=\"list-style-type:none\">\n<li>&emsp;&emsp; Mihaela Zava\u0161nik<\/li>\n<li>&emsp;&emsp; Izvorni znanstveni \u010dlanak<\/li>\n<\/ul>\n<\/li>\n<p>  &nbsp;<\/p>\n<li><a href=\"https:\/\/stranijezici.ffzg.unizg.hr\/wp-content\/uploads\/2019\/06\/SJ_38_1_8.pdf\" target=\"_blank\"><strong>PITANJE STANDARDIZACIJE NACIONALNOGA NATJECANJA IZ ENGLESKOGA JEZIKA<\/strong><\/a> (str. 105-112)<\/li>\n<ul style=\"list-style-type:none\">\n<li>&emsp;&emsp; Ana Baka\u0161un, Tania Bla\u017eevi\u0107, Melanija Maru\u0161i\u0107<\/li>\n<li>&emsp;&emsp; Stru\u010dni \u010dlanak<\/li>\n<\/ul>\n<\/li>\n<p>  &nbsp;<\/p>\n<li><a href=\"https:\/\/stranijezici.ffzg.unizg.hr\/wp-content\/uploads\/2019\/06\/SJ_38_1_9.pdf\" target=\"_blank\"><strong>PRIKAZ ME\u0110UNARODNOGA SKUPA ACCENTS 2008, \u0141\u00d3D\u0179 12.-14. PROSINCA 2008.<\/strong><\/a> (str. 113-116)<\/li>\n<ul style=\"list-style-type:none\">\n<li>&emsp;&emsp; Vi\u0161nja Josipovi\u0107 Smojver<\/li>\n<li>&emsp;&emsp; Kronika<\/li>\n<\/ul>\n<\/li>\n<p>  &nbsp;<\/p>\n<li><a href=\"https:\/\/stranijezici.ffzg.unizg.hr\/wp-content\/uploads\/2019\/06\/SJ_38_1_10.pdf\" target=\"_blank\"><strong>STRU\u010cNO SAVJETOVANJE ZA LEKTORE HRVATSKOGA JEZIKA KAO INOJEZI\u010cNOGA (SIH)<\/strong><\/a> (str. 117-120)<\/li>\n<ul style=\"list-style-type:none\">\n<li>&emsp;&emsp; Iva Nazalevi\u0107<\/li>\n<li>&emsp;&emsp; Kronika<\/li>\n<\/ul>\n<\/li>\n<p>  &nbsp;<\/p>\n<li><a href=\"https:\/\/stranijezici.ffzg.unizg.hr\/wp-content\/uploads\/2019\/06\/SJ_38_1_11.pdf\" target=\"_blank\"><strong>&#8220;MOBILNOST I KONTAKT&#8221;, ZNANSTVENA KONFERENCIJA UDRU\u017dENJA GERMANISTA JUGOISTO\u010cNE EUROPE (ZADAR, 20.-22.11.2008.)<\/strong><\/a> (str. 121-122)<\/li>\n<ul style=\"list-style-type:none\">\n<li>&emsp;&emsp; Tomislav Krpan<\/li>\n<li>&emsp;&emsp; Kronika<\/li>\n<\/ul>\n<\/li>\n<p>  &nbsp;<\/p>\n<li><a href=\"https:\/\/stranijezici.ffzg.unizg.hr\/wp-content\/uploads\/2019\/06\/SJ_38_1_12.pdf\" target=\"_blank\"><strong>PRIKAZ PRIRU\u010cNIKA PAULA RUSCHA I HELEN SCHMITZ: <em>EINFACH GRAMMATIK<\/em><\/strong><\/a> (str. 123-124)<\/li>\n<ul style=\"list-style-type:none\">\n<li>&emsp;&emsp; Lucia Mi\u0161kulin Saletovi\u0107<\/li>\n<li>&emsp;&emsp; Prikaz<\/li>\n<\/ul>\n<\/li>\n<p>  &nbsp;<\/p>\n<li><a href=\"https:\/\/stranijezici.ffzg.unizg.hr\/wp-content\/uploads\/2019\/06\/SJ_38_1_13.pdf\" target=\"_blank\"><strong>PRIKAZ KNJIGE R. MESTHRIEA I R. M. BHATTA: <em>WORLD ENGLISHES<\/em><\/strong><\/a> (str. 125-130)<\/li>\n<ul style=\"list-style-type:none\">\n<li>&emsp;&emsp; Vi\u0161nja Josipovi\u0107 Smojver<\/li>\n<li>&emsp;&emsp; Prikaz<\/li>\n<\/ul>\n<\/li>\n<p>  &nbsp;<\/p>\n<li><a href=\"https:\/\/stranijezici.ffzg.unizg.hr\/wp-content\/uploads\/2019\/06\/SJ_38_1_14.pdf\" target=\"_blank\"><strong>PRIKAZ KNJIGE GAVINA DUDENEYJA I NICKY HOCKLY: <em>HOW TO TEACH ENGLISH WITH TECHNOLOGY<\/em><\/strong><\/a> (str. 131-134)<\/li>\n<ul style=\"list-style-type:none\">\n<li>&emsp;&emsp; Vesna Vuli\u0107<\/li>\n<li>&emsp;&emsp; Prikaz<\/li>\n<\/ul>\n<\/li>\n<p>  &nbsp;\n<\/ul>\n","protected":false},"excerpt":{"rendered":"<p>UVODNA RIJE\u010c &nbsp; INTERVIEW MIT DR. HABIL. DETLEV BLANKE (str. 7-16) &emsp;&emsp; Aleksandra \u0160\u010dukanec &nbsp; THE USABILITY OF GRAMMATICAL CODES IN MONOLINGUAL LEARNERS&#8217; DICTIONARIES (str. 17-34) &emsp;&emsp; Marjeta Vrbinc &emsp;&emsp; Znanstveni pregledni \u010dlanak &nbsp; POU\u010cAVANJE VOKABULARA U KONTEKSTU JEZIKA STRUKE (str. 35-44) &emsp;&emsp; Ivana \u0160piranec &emsp;&emsp; Stru\u010dni \u010dlanak &nbsp; PRAGMATICA DELLA COMUNICAZIONE SPONTANEA (str. 45-58) &hellip; <\/p>\n<p class=\"link-more\"><a href=\"https:\/\/stranijezici.ffzg.unizg.hr\/index.php\/vol38n1\/\" class=\"more-link\">Continue reading<span class=\"screen-reader-text\"> &#8220;Vol 38. (1)&#8221;<\/span><\/a><\/p>\n","protected":false},"author":2,"featured_media":0,"parent":0,"menu_order":0,"comment_status":"closed","ping_status":"closed","template":"","meta":{"ngg_post_thumbnail":0,"footnotes":""},"class_list":["post-607","page","type-page","status-publish","hentry"],"_links":{"self":[{"href":"https:\/\/stranijezici.ffzg.unizg.hr\/index.php\/wp-json\/wp\/v2\/pages\/607","targetHints":{"allow":["GET"]}}],"collection":[{"href":"https:\/\/stranijezici.ffzg.unizg.hr\/index.php\/wp-json\/wp\/v2\/pages"}],"about":[{"href":"https:\/\/stranijezici.ffzg.unizg.hr\/index.php\/wp-json\/wp\/v2\/types\/page"}],"author":[{"embeddable":true,"href":"https:\/\/stranijezici.ffzg.unizg.hr\/index.php\/wp-json\/wp\/v2\/users\/2"}],"replies":[{"embeddable":true,"href":"https:\/\/stranijezici.ffzg.unizg.hr\/index.php\/wp-json\/wp\/v2\/comments?post=607"}],"version-history":[{"count":5,"href":"https:\/\/stranijezici.ffzg.unizg.hr\/index.php\/wp-json\/wp\/v2\/pages\/607\/revisions"}],"predecessor-version":[{"id":1831,"href":"https:\/\/stranijezici.ffzg.unizg.hr\/index.php\/wp-json\/wp\/v2\/pages\/607\/revisions\/1831"}],"wp:attachment":[{"href":"https:\/\/stranijezici.ffzg.unizg.hr\/index.php\/wp-json\/wp\/v2\/media?parent=607"}],"curies":[{"name":"wp","href":"https:\/\/api.w.org\/{rel}","templated":true}]}}