{"id":602,"date":"2018-10-09T09:20:26","date_gmt":"2018-10-09T09:20:26","guid":{"rendered":"https:\/\/stranijezici.ffzg.unizg.hr\/?page_id=602"},"modified":"2019-02-24T13:59:08","modified_gmt":"2019-02-24T13:59:08","slug":"vol43n4","status":"publish","type":"page","link":"https:\/\/stranijezici.ffzg.unizg.hr\/index.php\/vol43n4\/","title":{"rendered":"Vol 43. (4)"},"content":{"rendered":"<ul style=\"list-style-type:none\">\n<li><a href=\"https:\/\/stranijezici.ffzg.unizg.hr\/wp-content\/uploads\/2019\/02\/SJ_43_4_1.pdf\" target=\"_blank\"><strong>ISTRA\u017dIVANJE RAZVOJA GRAMATI\u010cKE KOMPETENCIJE: REDOSLIJED USVAJANJA GRAMATI\u010cKIH MORFEMA<\/strong><\/a> (str. 260-286)<\/li>\n<ul style=\"list-style-type:none\">\n<li>&emsp;&emsp; Mirjana Semren<\/li>\n<li>&emsp;&emsp; Izvorni znanstveni \u010dlanak<\/li>\n<\/ul>\n<\/li>\n<p>  &nbsp;<\/p>\n<li><a href=\"https:\/\/stranijezici.ffzg.unizg.hr\/wp-content\/uploads\/2019\/02\/SJ_43_4_2.pdf\" target=\"_blank\"><strong>DEFINIRANJE ODGOVORNOG JEZI\u010cNOG VRJEDNOVANJA<\/strong><\/a> (str. 287-296)<\/li>\n<ul style=\"list-style-type:none\">\n<li>&emsp;&emsp; Rea Luji\u0107<\/li>\n<li>&emsp;&emsp; Pregledni \u010dlanak<\/li>\n<\/ul>\n<\/li>\n<p>  &nbsp;<\/p>\n<li><a href=\"https:\/\/stranijezici.ffzg.unizg.hr\/wp-content\/uploads\/2019\/02\/SJ_43_4_3.pdf\" target=\"_blank\"><strong>NASTAVNIKOVE STRATEGIJE PRI SADR\u017dAJNIM DILEMAMA U NASTAVI JEZIKA STRUKE I STAVOVI U\u010cENIKA PREMA NASTAVNICIMA JEZIKA STRUKE<\/strong><\/a> (str. 297-320)<\/li>\n<ul style=\"list-style-type:none\">\n<li>&emsp;&emsp; Brankica Bo\u0161njak Terzi\u0107<\/li>\n<li>&emsp;&emsp; Stru\u010dni \u010dlanak<\/li>\n<\/ul>\n<\/li>\n<p>  &nbsp;<\/p>\n<li><a href=\"https:\/\/stranijezici.ffzg.unizg.hr\/wp-content\/uploads\/2019\/02\/SJ_43_4_4.pdf\" target=\"_blank\"><strong>PRIKAZ UD\u017dBENIKA &#8220;RAZGOVARAJTE S NAMA! (B2)&#8221;<\/strong><\/a> (str. 321-328)<\/li>\n<ul style=\"list-style-type:none\">\n<li>&emsp;&emsp; Dinka Pasini<\/li>\n<li>&emsp;&emsp; Prikaz<\/li>\n<\/ul>\n<\/li>\n<p>  &nbsp;<\/p>\n<\/ul>\n","protected":false},"excerpt":{"rendered":"<p>ISTRA\u017dIVANJE RAZVOJA GRAMATI\u010cKE KOMPETENCIJE: REDOSLIJED USVAJANJA GRAMATI\u010cKIH MORFEMA (str. 260-286) &emsp;&emsp; Mirjana Semren &emsp;&emsp; Izvorni znanstveni \u010dlanak &nbsp; DEFINIRANJE ODGOVORNOG JEZI\u010cNOG VRJEDNOVANJA (str. 287-296) &emsp;&emsp; Rea Luji\u0107 &emsp;&emsp; Pregledni \u010dlanak &nbsp; NASTAVNIKOVE STRATEGIJE PRI SADR\u017dAJNIM DILEMAMA U NASTAVI JEZIKA STRUKE I STAVOVI U\u010cENIKA PREMA NASTAVNICIMA JEZIKA STRUKE (str. 297-320) &emsp;&emsp; Brankica Bo\u0161njak Terzi\u0107 &emsp;&emsp; Stru\u010dni &hellip; <\/p>\n<p class=\"link-more\"><a href=\"https:\/\/stranijezici.ffzg.unizg.hr\/index.php\/vol43n4\/\" class=\"more-link\">Continue reading<span class=\"screen-reader-text\"> &#8220;Vol 43. (4)&#8221;<\/span><\/a><\/p>\n","protected":false},"author":2,"featured_media":0,"parent":0,"menu_order":0,"comment_status":"closed","ping_status":"closed","template":"","meta":{"ngg_post_thumbnail":0,"footnotes":""},"class_list":["post-602","page","type-page","status-publish","hentry"],"_links":{"self":[{"href":"https:\/\/stranijezici.ffzg.unizg.hr\/index.php\/wp-json\/wp\/v2\/pages\/602","targetHints":{"allow":["GET"]}}],"collection":[{"href":"https:\/\/stranijezici.ffzg.unizg.hr\/index.php\/wp-json\/wp\/v2\/pages"}],"about":[{"href":"https:\/\/stranijezici.ffzg.unizg.hr\/index.php\/wp-json\/wp\/v2\/types\/page"}],"author":[{"embeddable":true,"href":"https:\/\/stranijezici.ffzg.unizg.hr\/index.php\/wp-json\/wp\/v2\/users\/2"}],"replies":[{"embeddable":true,"href":"https:\/\/stranijezici.ffzg.unizg.hr\/index.php\/wp-json\/wp\/v2\/comments?post=602"}],"version-history":[{"count":5,"href":"https:\/\/stranijezici.ffzg.unizg.hr\/index.php\/wp-json\/wp\/v2\/pages\/602\/revisions"}],"predecessor-version":[{"id":1707,"href":"https:\/\/stranijezici.ffzg.unizg.hr\/index.php\/wp-json\/wp\/v2\/pages\/602\/revisions\/1707"}],"wp:attachment":[{"href":"https:\/\/stranijezici.ffzg.unizg.hr\/index.php\/wp-json\/wp\/v2\/media?parent=602"}],"curies":[{"name":"wp","href":"https:\/\/api.w.org\/{rel}","templated":true}]}}