{"id":601,"date":"2018-10-09T09:19:11","date_gmt":"2018-10-09T09:19:11","guid":{"rendered":"https:\/\/stranijezici.ffzg.unizg.hr\/?page_id=601"},"modified":"2019-02-24T13:38:38","modified_gmt":"2019-02-24T13:38:38","slug":"vol43n3","status":"publish","type":"page","link":"https:\/\/stranijezici.ffzg.unizg.hr\/index.php\/vol43n3\/","title":{"rendered":"Vol 43. (3)"},"content":{"rendered":"<ul style=\"list-style-type:none\">\n<li><a href=\"https:\/\/stranijezici.ffzg.unizg.hr\/wp-content\/uploads\/2019\/02\/SJ_43_3_1.pdf\" target=\"_blank\"><strong>KROSSEKCIJSKO ISTRA\u017dIVANJE RAZVOJA PRAGMATI\u010cKE KOMPETENCIJE U U\u010cENI\u010cKOM ME\u0110UJEZIKU<\/strong><\/a> (str. 187-213)<\/li>\n<ul style=\"list-style-type:none\">\n<li>&emsp;&emsp; Danijela \u0160egedin Borovina<\/li>\n<li>&emsp;&emsp; Izvorni znanstveni \u010dlanak<\/li>\n<\/ul>\n<\/li>\n<p>  &nbsp;<\/p>\n<li><a href=\"https:\/\/stranijezici.ffzg.unizg.hr\/wp-content\/uploads\/2019\/02\/SJ_43_3_2.pdf\" target=\"_blank\"><strong>BLISKI SUSRETI HRVATSKOG I ENGLESKOG JEZIKA &#8211; FRAZEOLO\u0160KI KALKOVI S DODATNIM PRIJENOSOM ZNA\u010cENJA<\/strong><\/a> (str. 214-227)<\/li>\n<ul style=\"list-style-type:none\">\n<li>&emsp;&emsp; Jasmina Jel\u010di\u0107<\/li>\n<li>&emsp;&emsp; Prethodno priop\u0107enje<\/li>\n<\/ul>\n<\/li>\n<p>  &nbsp;<\/p>\n<li><a href=\"https:\/\/stranijezici.ffzg.unizg.hr\/wp-content\/uploads\/2019\/02\/SJ_43_3_3.pdf\" target=\"_blank\"><strong>DEVELOPING LEARNERS&#8217; COMMUNICATIVE COMPETENCE IN TASK-BASED LANGUAGE TEACHING<\/strong><\/a> (str. 228-236)<\/li>\n<ul style=\"list-style-type:none\">\n<li>&emsp;&emsp; Leonarda Lovrovi\u0107<\/li>\n<li>&emsp;&emsp; Pregledni \u010dlanak<\/li>\n<\/ul>\n<\/li>\n<p>  &nbsp;<\/p>\n<li><a href=\"https:\/\/stranijezici.ffzg.unizg.hr\/wp-content\/uploads\/2019\/02\/SJ_43_3_4.pdf\" target=\"_blank\"><strong>REGIONALE DEUTSCHLEHRENDENTAGUNG DES UNGARISCHEN DEUTSCHLEHRERVERBANDES (BUDAPEST, UNGARN)<\/strong><\/a> (str. 237-239)<\/li>\n<ul style=\"list-style-type:none\">\n<li>&emsp;&emsp; Dragica Bukov\u010dan<\/li>\n<li>&emsp;&emsp; Prikaz<\/li>\n<\/ul>\n<\/li>\n<p>  &nbsp;<\/p>\n<li><a href=\"https:\/\/stranijezici.ffzg.unizg.hr\/wp-content\/uploads\/2019\/02\/SJ_43_3_5.pdf\" target=\"_blank\"><strong>XXIX. ME\u0110UNARODNI ZNANSTVENI SKUP HRVATSKOG DRU\u0160TVA ZA PRIMIJENJENU LINGVISTIKU &#8220;METODOLOGIJA I PRIMJENA LINGVISTI\u010cKIH ISTRA\u017dIVANJA&#8221;<\/strong><\/a> (str. 240-246)<\/li>\n<ul style=\"list-style-type:none\">\n<li>&emsp;&emsp; Vesna De\u017eeljin<\/li>\n<li>&emsp;&emsp; Prikaz<\/li>\n<\/ul>\n<\/li>\n<p>  &nbsp;<\/p>\n<li><a href=\"https:\/\/stranijezici.ffzg.unizg.hr\/wp-content\/uploads\/2019\/02\/SJ_43_3_7.pdf\" target=\"_blank\"><strong>XXIII. ME\u0110UNARODNA KONFERENCIJA HRVATSKOGA DRU\u0160TVA U\u010cITELJA I PROFESORA NJEMA\u010cKOGA JEZIKA <em>&#8220;Pr\u00e4sentations- und Kommunikationstechniken in einem innovativen DaF-Unterricht &#8211; Motivationsf\u00f6rderung&#8221;<\/em><\/strong><\/a> (str. 247-252)<\/li>\n<ul style=\"list-style-type:none\">\n<li>&emsp;&emsp; Izidora Radek<\/li>\n<li>&emsp;&emsp; Prikaz<\/li>\n<\/ul>\n<\/li>\n<p>  &nbsp;\n<\/ul>\n","protected":false},"excerpt":{"rendered":"<p>KROSSEKCIJSKO ISTRA\u017dIVANJE RAZVOJA PRAGMATI\u010cKE KOMPETENCIJE U U\u010cENI\u010cKOM ME\u0110UJEZIKU (str. 187-213) &emsp;&emsp; Danijela \u0160egedin Borovina &emsp;&emsp; Izvorni znanstveni \u010dlanak &nbsp; BLISKI SUSRETI HRVATSKOG I ENGLESKOG JEZIKA &#8211; FRAZEOLO\u0160KI KALKOVI S DODATNIM PRIJENOSOM ZNA\u010cENJA (str. 214-227) &emsp;&emsp; Jasmina Jel\u010di\u0107 &emsp;&emsp; Prethodno priop\u0107enje &nbsp; DEVELOPING LEARNERS&#8217; COMMUNICATIVE COMPETENCE IN TASK-BASED LANGUAGE TEACHING (str. 228-236) &emsp;&emsp; Leonarda Lovrovi\u0107 &emsp;&emsp; &hellip; <\/p>\n<p class=\"link-more\"><a href=\"https:\/\/stranijezici.ffzg.unizg.hr\/index.php\/vol43n3\/\" class=\"more-link\">Continue reading<span class=\"screen-reader-text\"> &#8220;Vol 43. (3)&#8221;<\/span><\/a><\/p>\n","protected":false},"author":2,"featured_media":0,"parent":0,"menu_order":0,"comment_status":"closed","ping_status":"closed","template":"","meta":{"ngg_post_thumbnail":0,"footnotes":""},"class_list":["post-601","page","type-page","status-publish","hentry"],"_links":{"self":[{"href":"https:\/\/stranijezici.ffzg.unizg.hr\/index.php\/wp-json\/wp\/v2\/pages\/601","targetHints":{"allow":["GET"]}}],"collection":[{"href":"https:\/\/stranijezici.ffzg.unizg.hr\/index.php\/wp-json\/wp\/v2\/pages"}],"about":[{"href":"https:\/\/stranijezici.ffzg.unizg.hr\/index.php\/wp-json\/wp\/v2\/types\/page"}],"author":[{"embeddable":true,"href":"https:\/\/stranijezici.ffzg.unizg.hr\/index.php\/wp-json\/wp\/v2\/users\/2"}],"replies":[{"embeddable":true,"href":"https:\/\/stranijezici.ffzg.unizg.hr\/index.php\/wp-json\/wp\/v2\/comments?post=601"}],"version-history":[{"count":4,"href":"https:\/\/stranijezici.ffzg.unizg.hr\/index.php\/wp-json\/wp\/v2\/pages\/601\/revisions"}],"predecessor-version":[{"id":1702,"href":"https:\/\/stranijezici.ffzg.unizg.hr\/index.php\/wp-json\/wp\/v2\/pages\/601\/revisions\/1702"}],"wp:attachment":[{"href":"https:\/\/stranijezici.ffzg.unizg.hr\/index.php\/wp-json\/wp\/v2\/media?parent=601"}],"curies":[{"name":"wp","href":"https:\/\/api.w.org\/{rel}","templated":true}]}}