{"id":600,"date":"2018-10-09T09:18:19","date_gmt":"2018-10-09T09:18:19","guid":{"rendered":"https:\/\/stranijezici.ffzg.unizg.hr\/?page_id=600"},"modified":"2019-02-21T11:48:56","modified_gmt":"2019-02-21T11:48:56","slug":"vol43n2","status":"publish","type":"page","link":"https:\/\/stranijezici.ffzg.unizg.hr\/index.php\/vol43n2\/","title":{"rendered":"Vol 43. (2)"},"content":{"rendered":"<ul style=\"list-style-type:none\">\n<li><a href=\"https:\/\/stranijezici.ffzg.unizg.hr\/wp-content\/uploads\/2019\/02\/SJ_43_2_1.pdf\" target=\"_blank\"><strong>ISTRA\u017dIVANJA POU\u010cAVANJA INIH JEZIKA I OVLADAVANJA NJIMA<\/strong><\/a> (str. 81-103)<\/li>\n<ul style=\"list-style-type:none\">\n<li>&emsp;&emsp; Vesna Bagari\u0107 Medve, Vi\u0161nja Pavi\u010di\u0107 Taka\u010d<\/li>\n<li>&emsp;&emsp; Izvorni znanstveni \u010dlanak<\/li>\n<\/ul>\n<\/li>\n<p>  &nbsp;<\/p>\n<li><a href=\"https:\/\/stranijezici.ffzg.unizg.hr\/wp-content\/uploads\/2019\/02\/SJ_43_2_2.pdf\" target=\"_blank\"><strong>NEVERBALNA KOMUNIKACIJA NA NASTAVI ENGLESKOG JEZIKA<\/strong><\/a> (str. 104-122)<\/li>\n<ul style=\"list-style-type:none\">\n<li>&emsp;&emsp; Brankica Bo\u0161njak Terzi\u0107<\/li>\n<li>&emsp;&emsp; Prethodno priop\u0107enje<\/li>\n<\/ul>\n<\/li>\n<p>  &nbsp;<\/p>\n<li><a href=\"https:\/\/stranijezici.ffzg.unizg.hr\/wp-content\/uploads\/2019\/02\/SJ_43_2_3.pdf\" target=\"_blank\"><strong>KNJI\u017dEVNI TEKST KAO DIDAKTI\u010cKO SREDSTVO U UD\u017dBENICIMA <em>Prisma<\/em> I <em>Sue\u00f1a<\/em> U NASTAVI \u0160PANJOLSKOGA KAO STRANOGA JEZIKA<\/strong><\/a> (str. 123-133)<\/li>\n<ul style=\"list-style-type:none\">\n<li>&emsp;&emsp; Petra Vuli\u0107<\/li>\n<li>&emsp;&emsp; Pregledni \u010dlanak<\/li>\n<\/ul>\n<\/li>\n<p>  &nbsp;<\/p>\n<li><a href=\"https:\/\/stranijezici.ffzg.unizg.hr\/wp-content\/uploads\/2019\/02\/SJ_43_2_4.pdf\" target=\"_blank\"><strong>OVLADAVANJE IMPERFEKTOM U NASTAVI TALIJANSKOG JEZIKA<\/strong><\/a> (str. 134-163)<\/li>\n<ul style=\"list-style-type:none\">\n<li>&emsp;&emsp; Manuela Kotlar, Danijela Beri\u0161i\u0107 Anti\u0107<\/li>\n<li>&emsp;&emsp; Prethodno priop\u0107enje<\/li>\n<\/ul>\n<\/li>\n<p>  &nbsp;<\/p>\n<li><a href=\"https:\/\/stranijezici.ffzg.unizg.hr\/wp-content\/uploads\/2019\/02\/SJ_43_2_5.pdf\" target=\"_blank\"><strong>PRIKAZ:&#8221;RAZGOVARAJTE S NAMA: GRAMATIKA I PRAVOPIS HRVATSKOGA JEZIKA S VJE\u017dBAMA ZA RAZINE B2-C1&#8243;<\/strong><\/a> (str. 164-166)<\/li>\n<ul style=\"list-style-type:none\">\n<li>&emsp;&emsp; Dinka Pasini<\/li>\n<li>&emsp;&emsp; Prikaz<\/li>\n<\/ul>\n<\/li>\n<p>  &nbsp;<\/p>\n<li><a href=\"https:\/\/stranijezici.ffzg.unizg.hr\/wp-content\/uploads\/2019\/02\/SJ_43_2_6.pdf\" target=\"_blank\"><strong>KOLOKACIJSKI RJE\u010cNIK OP\u0106EG NJEMA\u010cKOGA JEZIKA &#8211; STABILNE LEKSI\u010cKE SVEZE<\/strong><\/a> (str. 167-172)<\/li>\n<ul style=\"list-style-type:none\">\n<li>&emsp;&emsp; Mirjana \u0160njari\u0107<\/li>\n<li>&emsp;&emsp; Prikaz<\/li>\n<\/ul>\n<\/li>\n<p>  &nbsp;<\/p>\n<li><a href=\"https:\/\/stranijezici.ffzg.unizg.hr\/wp-content\/uploads\/2019\/02\/SJ_43_2_7.pdf\" target=\"_blank\"><strong>ZNANSTVENI SKUP <em>&#8220;LA TRADUZIONE: STRUMENTI, PROBLEMI, ESPERIENZE&#8221;<\/em>, VAR\u0160AVA (POLJSKA)<\/strong><\/a> (str. 173-175)<\/li>\n<ul style=\"list-style-type:none\">\n<li>&emsp;&emsp; Vesna De\u017eeljin<\/li>\n<li>&emsp;&emsp; Prikaz<\/li>\n<\/ul>\n<\/li>\n<p>  &nbsp;<\/p>\n<li><a href=\"https:\/\/stranijezici.ffzg.unizg.hr\/wp-content\/uploads\/2019\/02\/SJ_43_2_8.pdf\" target=\"_blank\"><strong>III. STRU\u010cNO-ZNANSTVENI SKUP UDRUGE NASTAVNIKA JEZIKA STRUKE NA VISOKO\u0160KOLSKIM USTANOVAMA &#8220;OD TEORIJE DO PRAKSE U JEZIKU STRUKE&#8221;<\/strong><\/a> (str. 176-178)<\/li>\n<ul style=\"list-style-type:none\">\n<li>&emsp;&emsp; Gorana Duplan\u010di\u0107 Rogo\u0161i\u0107<\/li>\n<li>&emsp;&emsp; Prikaz<\/li>\n<\/ul>\n<\/li>\n<p>  &nbsp;\n<\/ul>\n","protected":false},"excerpt":{"rendered":"<p>ISTRA\u017dIVANJA POU\u010cAVANJA INIH JEZIKA I OVLADAVANJA NJIMA (str. 81-103) &emsp;&emsp; Vesna Bagari\u0107 Medve, Vi\u0161nja Pavi\u010di\u0107 Taka\u010d &emsp;&emsp; Izvorni znanstveni \u010dlanak &nbsp; NEVERBALNA KOMUNIKACIJA NA NASTAVI ENGLESKOG JEZIKA (str. 104-122) &emsp;&emsp; Brankica Bo\u0161njak Terzi\u0107 &emsp;&emsp; Prethodno priop\u0107enje &nbsp; KNJI\u017dEVNI TEKST KAO DIDAKTI\u010cKO SREDSTVO U UD\u017dBENICIMA Prisma I Sue\u00f1a U NASTAVI \u0160PANJOLSKOGA KAO STRANOGA JEZIKA (str. 123-133) &hellip; <\/p>\n<p class=\"link-more\"><a href=\"https:\/\/stranijezici.ffzg.unizg.hr\/index.php\/vol43n2\/\" class=\"more-link\">Continue reading<span class=\"screen-reader-text\"> &#8220;Vol 43. (2)&#8221;<\/span><\/a><\/p>\n","protected":false},"author":2,"featured_media":0,"parent":0,"menu_order":0,"comment_status":"closed","ping_status":"closed","template":"","meta":{"ngg_post_thumbnail":0,"footnotes":""},"class_list":["post-600","page","type-page","status-publish","hentry"],"_links":{"self":[{"href":"https:\/\/stranijezici.ffzg.unizg.hr\/index.php\/wp-json\/wp\/v2\/pages\/600","targetHints":{"allow":["GET"]}}],"collection":[{"href":"https:\/\/stranijezici.ffzg.unizg.hr\/index.php\/wp-json\/wp\/v2\/pages"}],"about":[{"href":"https:\/\/stranijezici.ffzg.unizg.hr\/index.php\/wp-json\/wp\/v2\/types\/page"}],"author":[{"embeddable":true,"href":"https:\/\/stranijezici.ffzg.unizg.hr\/index.php\/wp-json\/wp\/v2\/users\/2"}],"replies":[{"embeddable":true,"href":"https:\/\/stranijezici.ffzg.unizg.hr\/index.php\/wp-json\/wp\/v2\/comments?post=600"}],"version-history":[{"count":4,"href":"https:\/\/stranijezici.ffzg.unizg.hr\/index.php\/wp-json\/wp\/v2\/pages\/600\/revisions"}],"predecessor-version":[{"id":1682,"href":"https:\/\/stranijezici.ffzg.unizg.hr\/index.php\/wp-json\/wp\/v2\/pages\/600\/revisions\/1682"}],"wp:attachment":[{"href":"https:\/\/stranijezici.ffzg.unizg.hr\/index.php\/wp-json\/wp\/v2\/media?parent=600"}],"curies":[{"name":"wp","href":"https:\/\/api.w.org\/{rel}","templated":true}]}}