{"id":585,"date":"2018-10-09T08:58:09","date_gmt":"2018-10-09T08:58:09","guid":{"rendered":"https:\/\/stranijezici.ffzg.unizg.hr\/?page_id=585"},"modified":"2020-06-28T18:57:13","modified_gmt":"2020-06-28T18:57:13","slug":"vol36n4","status":"publish","type":"page","link":"https:\/\/stranijezici.ffzg.unizg.hr\/index.php\/vol36n4\/","title":{"rendered":"Vol 36. (4)"},"content":{"rendered":"<ul style=\"list-style-type:none\">\n<li><a href=\"https:\/\/stranijezici.ffzg.unizg.hr\/wp-content\/uploads\/2020\/06\/SJ_36_4_0.pdf\" target=\"_blank\"><strong>UVODNA RIJE\u010c<\/strong><\/a> <\/li>\n<p>  &nbsp;<\/p>\n<ul style=\"list-style-type:none\">\n<li><a href=\"https:\/\/stranijezici.ffzg.unizg.hr\/wp-content\/uploads\/2020\/06\/SJ_36_4_1.pdf\" target=\"_blank\"><strong>IN MEMORIAM PAVAO TEKAV\u010cI\u0106 1931. &#8211; 2007.<\/strong><\/a><\/li>\n<p>  &nbsp;<\/p>\n<ul style=\"list-style-type:none\">\n<li><a href=\"https:\/\/stranijezici.ffzg.unizg.hr\/wp-content\/uploads\/2020\/06\/SJ_36_4_2.pdf\" target=\"_blank\"><strong>POMORSKI ENGLESKI NASUPROT POMORSKOM HRVATSKOM: KONTRASTIVNA ANALIZA LEKSIKA<\/strong><\/a><\/li>\n<ul style=\"list-style-type:none\">\n<li>&emsp;&emsp; Lia Dragojevi\u0107<\/li>\n<li>&emsp;&emsp; Znanstveni pregledni \u010dlanak<\/li>\n<\/ul>\n<p>  &nbsp;<\/p>\n<li><a href=\"https:\/\/stranijezici.ffzg.unizg.hr\/wp-content\/uploads\/2020\/06\/SJ_36_4_3.pdf\" target=\"_blank\"><strong>NA\u010cINI LEKSIKOGRAFSKE OBRADE EUFEMIZAMA U ENGLESKOM JEZIKU<\/strong><\/a> <\/li>\n<ul style=\"list-style-type:none\">\n<li>&emsp;&emsp; Dubravka Kuna<\/li>\n<li>&emsp;&emsp; Znanstveni pregledni \u010dlanak<\/li>\n<\/ul>\n<p>  &nbsp;<\/p>\n<li><a href=\"https:\/\/stranijezici.ffzg.unizg.hr\/wp-content\/uploads\/2020\/06\/SJ_36_4_4.pdf\" target=\"_blank\"><strong>PROVEDBA KONTINUIRANE PROVJERE ZNANJA STRANOG JEZIKA U STRUCI PREMA BOLONJSKOM PROCESU<\/strong><\/a> <\/li>\n<ul style=\"list-style-type:none\">\n<li>&emsp;&emsp; Snje\u017eana Kerekovi\u0107<\/li>\n<li>&emsp;&emsp; Izvorni znanstveni \u010dlanak<\/li>\n<\/ul>\n<p>  &nbsp;<\/p>\n<ul style=\"list-style-type:none\">\n<li><a href=\"https:\/\/stranijezici.ffzg.unizg.hr\/wp-content\/uploads\/2020\/06\/SJ_36_4_5.pdf\" target=\"_blank\"><strong>BACK TO REALITY: IMPLEMENTING THE CASE METHOD IN TEACHING BUSINESS ENGLISH<\/strong><\/a><\/li>\n<ul style=\"list-style-type:none\">\n<li>&emsp;&emsp; Sanja Radmilo Derado<\/li>\n<li>&emsp;&emsp; Stru\u010dni \u010dlanak<\/li>\n<\/ul>\n<p>  &nbsp;<\/p>\n<ul style=\"list-style-type:none\">\n<li><a href=\"https:\/\/stranijezici.ffzg.unizg.hr\/wp-content\/uploads\/2020\/06\/SJ_36_4_6.pdf\" target=\"_blank\"><strong>PRI\u010cAM TI PRI\u010cU (UTJECAJ PRI\u010cA O PODRIJETLU RIJE\u010cI NA PAM\u0106ENJE NOVOGA VOKABULARA)<\/strong><\/a><\/li>\n<ul style=\"list-style-type:none\">\n<li>&emsp;&emsp; Tajana Ba\u0161i\u0107, Vesna Ple\u0161a<\/li>\n<li>&emsp;&emsp; Izvorni znanstveni \u010dlanak<\/li>\n<\/ul>\n<p>  &nbsp;<\/p>\n<li><a href=\"https:\/\/stranijezici.ffzg.unizg.hr\/wp-content\/uploads\/2020\/06\/SJ_36_4_7.pdf\" target=\"_blank\"><strong>LET&#8217;S FOCUS ON LEXIS<\/strong><\/a> <\/li>\n<ul style=\"list-style-type:none\">\n<li>&emsp;&emsp; Bisera Plan\u010di\u0107, Jasminka Bibi\u0107<\/li>\n<li>&emsp;&emsp; Znanstveni pregledni \u010dlanak<\/li>\n<\/ul>\n<p>  &nbsp;<\/p>\n<li><a href=\"https:\/\/stranijezici.ffzg.unizg.hr\/wp-content\/uploads\/2020\/06\/SJ_36_4_8.pdf\" target=\"_blank\"><strong>KONTRASTIVNOM ANALIZOM DO U\u010cINKOVITOG POU\u010cAVANJA ENGLESKOGA JEZIKA<\/strong><\/a> <\/li>\n<ul style=\"list-style-type:none\">\n<li>&emsp;&emsp; Jasmina Rogulj<\/li>\n<li>&emsp;&emsp; Prethodno priop\u0107enje<\/li>\n<\/ul>\n<p>  &nbsp;<\/p>\n<ul style=\"list-style-type:none\">\n<li><a href=\"https:\/\/stranijezici.ffzg.unizg.hr\/wp-content\/uploads\/2020\/06\/SJ_36_4_9.pdf\" target=\"_blank\"><strong>DENGLISCH &#8220;MODERN TALKING&#8221; AUF DEUTSCH<\/strong><\/a><\/li>\n<ul style=\"list-style-type:none\">\n<li>&emsp;&emsp; Tina Ku\u017ei\u0107<\/li>\n<li>&emsp;&emsp; Stru\u010dni \u010dlanak<\/li>\n<\/ul>\n<p>  &nbsp;<\/p>\n<ul style=\"list-style-type:none\">\n<li><a href=\"https:\/\/stranijezici.ffzg.unizg.hr\/wp-content\/uploads\/2020\/06\/SJ_36_4_10.pdf\" target=\"_blank\"><strong>ME\u0110UNARODNI ZNANSTVENI LINGVISTI\u010cKI SKUP U TUZLI<\/strong><\/a><\/li>\n<ul style=\"list-style-type:none\">\n<li>&emsp;&emsp; Ljiljana Koleni\u0107<\/li>\n<li>&emsp;&emsp; Prikaz<\/li>\n<\/ul>\n<p>  &nbsp;<\/p>\n<ul style=\"list-style-type:none\">\n<li><a href=\"https:\/\/stranijezici.ffzg.unizg.hr\/wp-content\/uploads\/2020\/06\/SJ_36_4_11.pdf\" target=\"_blank\"><strong>PRIKAZ KNJIGE NEVENKE BLA\u017dEVI\u0106 <em>GRUNDLAGEN DER DIDAKTIK UND METHODIK DES UNTERRICHTS DEUTSCH ALS FREMDSPRACHE<\/em><\/strong><\/a><\/li>\n<ul style=\"list-style-type:none\">\n<li>&emsp;&emsp; Manuela Svoboda<\/li>\n<li>&emsp;&emsp; Prikaz<\/li>\n<\/ul>\n<p>  &nbsp;<\/p>\n<ul style=\"list-style-type:none\">\n<li><a href=\"https:\/\/stranijezici.ffzg.unizg.hr\/wp-content\/uploads\/2020\/06\/SJ_36_4_12.pdf\" target=\"_blank\"><strong>POLJSKI RJE\u010cNIK KOLOKACIJA ILI <em>RJE\u010cNIK DOBROGA STILA, ODNOSNO RIJE\u010cI KOJE SE VOLE<\/em><\/strong><\/a><\/li>\n<ul style=\"list-style-type:none\">\n<li>&emsp;&emsp; Marek-Mladen Stanojevi\u0107<\/li>\n<li>&emsp;&emsp; Prikaz<\/li>\n<\/ul>\n<p>  &nbsp;\n<\/ul>\n","protected":false},"excerpt":{"rendered":"<p>UVODNA RIJE\u010c &nbsp; IN MEMORIAM PAVAO TEKAV\u010cI\u0106 1931. &#8211; 2007. &nbsp; POMORSKI ENGLESKI NASUPROT POMORSKOM HRVATSKOM: KONTRASTIVNA ANALIZA LEKSIKA &emsp;&emsp; Lia Dragojevi\u0107 &emsp;&emsp; Znanstveni pregledni \u010dlanak &nbsp; NA\u010cINI LEKSIKOGRAFSKE OBRADE EUFEMIZAMA U ENGLESKOM JEZIKU &emsp;&emsp; Dubravka Kuna &emsp;&emsp; Znanstveni pregledni \u010dlanak &nbsp; PROVEDBA KONTINUIRANE PROVJERE ZNANJA STRANOG JEZIKA U STRUCI PREMA BOLONJSKOM PROCESU &emsp;&emsp; Snje\u017eana &hellip; <\/p>\n<p class=\"link-more\"><a href=\"https:\/\/stranijezici.ffzg.unizg.hr\/index.php\/vol36n4\/\" class=\"more-link\">Continue reading<span class=\"screen-reader-text\"> &#8220;Vol 36. (4)&#8221;<\/span><\/a><\/p>\n","protected":false},"author":2,"featured_media":0,"parent":0,"menu_order":0,"comment_status":"closed","ping_status":"closed","template":"","meta":{"ngg_post_thumbnail":0,"footnotes":""},"class_list":["post-585","page","type-page","status-publish","hentry"],"_links":{"self":[{"href":"https:\/\/stranijezici.ffzg.unizg.hr\/index.php\/wp-json\/wp\/v2\/pages\/585","targetHints":{"allow":["GET"]}}],"collection":[{"href":"https:\/\/stranijezici.ffzg.unizg.hr\/index.php\/wp-json\/wp\/v2\/pages"}],"about":[{"href":"https:\/\/stranijezici.ffzg.unizg.hr\/index.php\/wp-json\/wp\/v2\/types\/page"}],"author":[{"embeddable":true,"href":"https:\/\/stranijezici.ffzg.unizg.hr\/index.php\/wp-json\/wp\/v2\/users\/2"}],"replies":[{"embeddable":true,"href":"https:\/\/stranijezici.ffzg.unizg.hr\/index.php\/wp-json\/wp\/v2\/comments?post=585"}],"version-history":[{"count":4,"href":"https:\/\/stranijezici.ffzg.unizg.hr\/index.php\/wp-json\/wp\/v2\/pages\/585\/revisions"}],"predecessor-version":[{"id":2418,"href":"https:\/\/stranijezici.ffzg.unizg.hr\/index.php\/wp-json\/wp\/v2\/pages\/585\/revisions\/2418"}],"wp:attachment":[{"href":"https:\/\/stranijezici.ffzg.unizg.hr\/index.php\/wp-json\/wp\/v2\/media?parent=585"}],"curies":[{"name":"wp","href":"https:\/\/api.w.org\/{rel}","templated":true}]}}