{"id":583,"date":"2018-10-09T08:57:25","date_gmt":"2018-10-09T08:57:25","guid":{"rendered":"https:\/\/stranijezici.ffzg.unizg.hr\/?page_id=583"},"modified":"2020-06-26T01:36:43","modified_gmt":"2020-06-26T01:36:43","slug":"vol36n3","status":"publish","type":"page","link":"https:\/\/stranijezici.ffzg.unizg.hr\/index.php\/vol36n3\/","title":{"rendered":"Vol 36. (3)"},"content":{"rendered":"<ul style=\"list-style-type:none\">\n<li><a href=\"https:\/\/stranijezici.ffzg.unizg.hr\/wp-content\/uploads\/2019\/06\/SJ_36_3_0.pdf\" target=\"_blank\"><strong>UVODNA RIJE\u010c<\/strong><\/a><\/li>\n<\/li>\n<p>  &nbsp;<\/p>\n<li><a href=\"https:\/\/stranijezici.ffzg.unizg.hr\/wp-content\/uploads\/2019\/06\/SJ_36_3_1.pdf\" target=\"_blank\"><strong>INTERVJU S PROFESOROM HEINZOM VATEROM<\/strong><\/a><\/li>\n<ul style=\"list-style-type:none\">\n<li>&emsp;&emsp; Franjo Jane\u0161<\/li>\n<\/ul>\n<\/li>\n<p>  &nbsp;<\/p>\n<li>\n<h3>Lingvistika, Metodika<\/h3>\n<\/li>\n<li><a href=\"https:\/\/stranijezici.ffzg.unizg.hr\/wp-content\/uploads\/2019\/06\/SJ_36_3_2.pdf\" target=\"_blank\"><strong>NASTAVA JEZIKA U RANOJ DOBI: RAZVOJ NASTAVNIKOVE SAMOSPOZNAJE<\/strong><\/a><\/li>\n<ul style=\"list-style-type:none\">\n<li>&emsp;&emsp; Milena Kova\u010devi\u0107<\/li>\n<li>&emsp;&emsp; Stru\u010dni \u010dlanak<\/li>\n<\/ul>\n<\/li>\n<p>  &nbsp;<\/p>\n<li><a href=\"https:\/\/stranijezici.ffzg.unizg.hr\/wp-content\/uploads\/2019\/06\/SJ_36_3_3.pdf\" target=\"_blank\"><strong>U\u010cESTALOST UPORABE NEKIH GLAGOLA DUBROVA\u010cKOGA IDIOMA S OBZIROM NA NJIHOVO ZNA\u010cENJE<\/strong><\/a><\/li>\n<ul style=\"list-style-type:none\">\n<li>&emsp;&emsp; Jasenka Maslek<\/li>\n<li>&emsp;&emsp; Prethodno priop\u0107enje<\/li>\n<\/ul>\n<\/li>\n<p>  &nbsp;<\/p>\n<li><a href=\"https:\/\/stranijezici.ffzg.unizg.hr\/wp-content\/uploads\/2019\/06\/SJ_36_3_4.pdf\" target=\"_blank\"><strong>HRVATSKO POMORSKO NAZIVLJE U PRIJEVODU ROMANA HERMANA MELVILLEA &#8220;MOBY DICK&#8221;<\/strong><\/a><\/li>\n<ul style=\"list-style-type:none\">\n<li>&emsp;&emsp; \u017deljko Stepani\u0107, Jasenka Maslek<\/li>\n<li>&emsp;&emsp; Stru\u010dni \u010dlanak<\/li>\n<\/ul>\n<\/li>\n<p>  &nbsp;<\/p>\n<li><a href=\"https:\/\/stranijezici.ffzg.unizg.hr\/wp-content\/uploads\/2019\/06\/SJ_36_3_5.pdf\" target=\"_blank\"><strong>TVORBA UMANJENICA U HRVATSKOME I POLJSKOME JEZIKU<\/strong><\/a><\/li>\n<ul style=\"list-style-type:none\">\n<li>&emsp;&emsp; Ana Jurin<\/li>\n<li>&emsp;&emsp; Znanstveni pregledni \u010dlanak<\/li>\n<\/ul>\n<\/li>\n<p>  &nbsp;<\/p>\n<li><a href=\"https:\/\/stranijezici.ffzg.unizg.hr\/wp-content\/uploads\/2019\/06\/SJ_36_3_6.pdf\" target=\"_blank\"><strong>PERIFERNA PERSVAZIJA NA PRIMJERIMA POLJSKIH REKLAMA<\/strong><\/a><\/li>\n<ul style=\"list-style-type:none\">\n<li>&emsp;&emsp; Ivana Masla\u010d<\/li>\n<li>&emsp;&emsp; Izvorni znanstveni \u010dlanak<\/li>\n<\/ul>\n<\/li>\n<p>  &nbsp;<\/p>\n<li>\n<h3>Na\u0161a iskustva<\/h3>\n<\/li>\n<li><a href=\"https:\/\/stranijezici.ffzg.unizg.hr\/wp-content\/uploads\/2019\/06\/SJ_36_3_7.pdf\" target=\"_blank\"><strong>NAUCZANIE J\u0118ZYK\u00d3W OBCYCH NA \u015aL\u0104SKIEJ SLAWISTYCE<\/strong><\/a><\/li>\n<ul style=\"list-style-type:none\">\n<li>&emsp;&emsp; Krystyna Jarzabek<\/li>\n<li>&emsp;&emsp; Stru\u010dni \u010dlanak<\/li>\n<\/ul>\n<\/li>\n<p>  &nbsp;<\/p>\n<li><a href=\"https:\/\/stranijezici.ffzg.unizg.hr\/wp-content\/uploads\/2019\/06\/SJ_36_3_8.pdf\" target=\"_blank\"><strong>NEKOLIKO BILJE\u017dAKA O POU\u010cAVANJU KULTURE NA STUDIJU ENGLESKOGA JEZIKA<\/strong><\/a><\/li>\n<ul style=\"list-style-type:none\">\n<li>&emsp;&emsp; Snje\u017eana Veselica-Majhut, Tea Ra\u0161e<\/li>\n<li>&emsp;&emsp; Stru\u010dni \u010dlanak<\/li>\n<\/ul>\n<\/li>\n<p>  &nbsp;<\/p>\n<li><a href=\"https:\/\/stranijezici.ffzg.unizg.hr\/wp-content\/uploads\/2019\/06\/SJ_36_3_9.pdf\" target=\"_blank\"><strong>EKSTENZIVNO \u010cITANJE KAO PRIPREMA ZA KREATIVNO PISANJE<\/strong><\/a><\/li>\n<ul style=\"list-style-type:none\">\n<li>&emsp;&emsp; Leonarda Lovrovi\u0107<\/li>\n<li>&emsp;&emsp; Stru\u010dni \u010dlanak<\/li>\n<\/ul>\n<\/li>\n<p>  &nbsp;<\/p>\n<li>\n<h3>Prikazi<\/h3>\n<\/li>\n<li><a href=\"https:\/\/stranijezici.ffzg.unizg.hr\/wp-content\/uploads\/2019\/06\/SJ_36_3_10.pdf\" target=\"_blank\"><strong>PRIKAZ KNJIGE H. DALEWSKE-GREN <i>SLAVENSKI JEZICI<\/i><\/strong><\/a><\/li>\n<ul style=\"list-style-type:none\">\n<li>&emsp;&emsp; Marinela Aleksovski<\/li>\n<\/ul>\n<\/li>\n<p>  &nbsp;<\/p>\n<li><a href=\"https:\/\/stranijezici.ffzg.unizg.hr\/wp-content\/uploads\/2019\/06\/SJ_36_3_11.pdf\" target=\"_blank\"><strong>PRIKAZ UD\u017dBENIKA <i>NUEVO VEN 1<\/i> I <i>NUEVO VEN 2<\/i><\/strong><\/a><\/li>\n<ul style=\"list-style-type:none\">\n<li>&emsp;&emsp; Maja Ad\u017eija<\/li>\n<\/ul>\n<p>  &nbsp;\n<\/ul>\n","protected":false},"excerpt":{"rendered":"<p>UVODNA RIJE\u010c &nbsp; INTERVJU S PROFESOROM HEINZOM VATEROM &emsp;&emsp; Franjo Jane\u0161 &nbsp; Lingvistika, Metodika NASTAVA JEZIKA U RANOJ DOBI: RAZVOJ NASTAVNIKOVE SAMOSPOZNAJE &emsp;&emsp; Milena Kova\u010devi\u0107 &emsp;&emsp; Stru\u010dni \u010dlanak &nbsp; U\u010cESTALOST UPORABE NEKIH GLAGOLA DUBROVA\u010cKOGA IDIOMA S OBZIROM NA NJIHOVO ZNA\u010cENJE &emsp;&emsp; Jasenka Maslek &emsp;&emsp; Prethodno priop\u0107enje &nbsp; HRVATSKO POMORSKO NAZIVLJE U PRIJEVODU ROMANA HERMANA MELVILLEA &hellip; <\/p>\n<p class=\"link-more\"><a href=\"https:\/\/stranijezici.ffzg.unizg.hr\/index.php\/vol36n3\/\" class=\"more-link\">Continue reading<span class=\"screen-reader-text\"> &#8220;Vol 36. (3)&#8221;<\/span><\/a><\/p>\n","protected":false},"author":2,"featured_media":0,"parent":0,"menu_order":0,"comment_status":"closed","ping_status":"closed","template":"","meta":{"ngg_post_thumbnail":0,"footnotes":""},"class_list":["post-583","page","type-page","status-publish","hentry"],"_links":{"self":[{"href":"https:\/\/stranijezici.ffzg.unizg.hr\/index.php\/wp-json\/wp\/v2\/pages\/583","targetHints":{"allow":["GET"]}}],"collection":[{"href":"https:\/\/stranijezici.ffzg.unizg.hr\/index.php\/wp-json\/wp\/v2\/pages"}],"about":[{"href":"https:\/\/stranijezici.ffzg.unizg.hr\/index.php\/wp-json\/wp\/v2\/types\/page"}],"author":[{"embeddable":true,"href":"https:\/\/stranijezici.ffzg.unizg.hr\/index.php\/wp-json\/wp\/v2\/users\/2"}],"replies":[{"embeddable":true,"href":"https:\/\/stranijezici.ffzg.unizg.hr\/index.php\/wp-json\/wp\/v2\/comments?post=583"}],"version-history":[{"count":7,"href":"https:\/\/stranijezici.ffzg.unizg.hr\/index.php\/wp-json\/wp\/v2\/pages\/583\/revisions"}],"predecessor-version":[{"id":1874,"href":"https:\/\/stranijezici.ffzg.unizg.hr\/index.php\/wp-json\/wp\/v2\/pages\/583\/revisions\/1874"}],"wp:attachment":[{"href":"https:\/\/stranijezici.ffzg.unizg.hr\/index.php\/wp-json\/wp\/v2\/media?parent=583"}],"curies":[{"name":"wp","href":"https:\/\/api.w.org\/{rel}","templated":true}]}}