{"id":581,"date":"2018-10-09T08:55:28","date_gmt":"2018-10-09T08:55:28","guid":{"rendered":"https:\/\/stranijezici.ffzg.unizg.hr\/?page_id=581"},"modified":"2020-06-26T00:42:16","modified_gmt":"2020-06-26T00:42:16","slug":"vol36n2","status":"publish","type":"page","link":"https:\/\/stranijezici.ffzg.unizg.hr\/index.php\/vol36n2\/","title":{"rendered":"Vol 36. (2)"},"content":{"rendered":"<ul style=\"list-style-type:none\">\n<li><a href=\"https:\/\/stranijezici.ffzg.unizg.hr\/wp-content\/uploads\/2020\/06\/SJ_36_2_1.pdf\" target=\"_blank\"><strong>INTERVIEW MIT PROF.DR. PETER SCHLOBINSKI<\/strong><\/a><\/li>\n<ul style=\"list-style-type:none\">\n<li>&emsp;&emsp; Kristian Novak<\/li>\n<\/ul>\n<\/li>\n<p>  &nbsp;<\/p>\n<li><a href=\"https:\/\/stranijezici.ffzg.unizg.hr\/wp-content\/uploads\/2020\/06\/SJ_36_2_2.pdf\" target=\"_blank\"><strong>NEKI ELEMENTI OBRADE FRAZEMA U \u0160VEDSKIM RJE\u010cNICIMA<\/strong><\/a><\/li>\n<ul style=\"list-style-type:none\">\n<li>&emsp;&emsp; Zvonimir Novoselec<\/li>\n<li>&emsp;&emsp; Stru\u010dni \u010dlanak<\/li>\n<\/ul>\n<\/li>\n<p>  &nbsp;<\/p>\n<li><a href=\"https:\/\/stranijezici.ffzg.unizg.hr\/wp-content\/uploads\/2020\/06\/SJ_36_2_3.pdf\" target=\"_blank\"><strong>KONTRASTIVNA ANALIZA POSLOVICA S LEKSEMOM <em>PAS<\/em> U POLJSKOME I HRVATSKOME JEZIKU<\/strong><\/a><\/li>\n<ul style=\"list-style-type:none\">\n<li>&emsp;&emsp; Marinela Aleksovski<\/li>\n<li>&emsp;&emsp; Izvorni znanstveni \u010dlanak<\/li>\n<\/ul>\n<\/li>\n<p>  &nbsp;<\/p>\n<li><a href=\"https:\/\/stranijezici.ffzg.unizg.hr\/wp-content\/uploads\/2020\/06\/SJ_36_2_4.pdf\" target=\"_blank\"><strong>NENAMJERNO USVAJANJE VOKABULARA KROZ \u010cITANJE: \u010cIMBENICI, STRATEGIJE I REZULTAT<\/strong><\/a><\/li>\n<ul style=\"list-style-type:none\">\n<li>&emsp;&emsp; Andrea-Beata Jeli\u0107<\/li>\n<li>&emsp;&emsp; Znanstveni pregledni \u010dlanak<\/li>\n<\/ul>\n<\/li>\n<p>  &nbsp;<\/p>\n<li><a href=\"https:\/\/stranijezici.ffzg.unizg.hr\/wp-content\/uploads\/2020\/06\/SJ_36_2_5.pdf\" target=\"_blank\"><strong>PICTURE BOOKS WITH PRESCHOOL CHILDREN<\/strong><\/a><\/li>\n<ul style=\"list-style-type:none\">\n<li>&emsp;&emsp; Martina Bla\u017eevi\u0107<\/li>\n<li>&emsp;&emsp; Stru\u010dni \u010dlanak<\/li>\n<\/ul>\n<\/li>\n<p>  &nbsp;<\/p>\n<li><a href=\"https:\/\/stranijezici.ffzg.unizg.hr\/wp-content\/uploads\/2020\/06\/SJ_36_2_6.pdf\" target=\"_blank\"><strong>GOVORNIKOV KUTAK<\/strong><\/a> <\/li>\n<ul style=\"list-style-type:none\">\n<li>&emsp;&emsp; Emil \u0160prljan<\/li>\n<li>&emsp;&emsp; Stru\u010dni \u010dlanak<\/li>\n<\/ul>\n<\/li>\n<p>  &nbsp;<\/p>\n<li><a href=\"https:\/\/stranijezici.ffzg.unizg.hr\/wp-content\/uploads\/2020\/06\/SJ_36_2_7.pdf\" target=\"_blank\"><strong>ISTRA\u017dIVANJEM DO NASTAVE PO MJERI U\u010cENIKA<\/strong><\/a><\/li>\n<ul style=\"list-style-type:none\">\n<li>&emsp;&emsp; Irena Posavec<\/li>\n<li>&emsp;&emsp; Znanstveni pregledni \u010dlanak<\/li>\n<\/ul>\n<\/li>\n<p>  &nbsp;<\/p>\n<li><a href=\"https:\/\/stranijezici.ffzg.unizg.hr\/wp-content\/uploads\/2020\/06\/SJ_36_2_8.pdf\" target=\"_blank\"><strong>PROMID\u017dBENE PORUKE U HRVATSKOM I \u010cE\u0160KOM JEZIKU<\/strong><\/a><\/li>\n<ul style=\"list-style-type:none\">\n<li>&emsp;&emsp; Kristyna Lajko<\/li>\n<li>&emsp;&emsp; Stru\u010dni \u010dlanak<\/li>\n<\/ul>\n<\/li>\n<p>  &nbsp;<\/p>\n<li><a href=\"https:\/\/stranijezici.ffzg.unizg.hr\/wp-content\/uploads\/2020\/06\/SJ_36_2_9.pdf\" target=\"_blank\"><strong>INTERNATIONAL CONFERENCE ON ENGLISHNESS, UNIVERSIT\u00c9 DE BOURGOGNE, DIJON, 16.-17.3.2007.<\/strong><\/a> <\/li>\n<ul style=\"list-style-type:none\">\n<li>&emsp;&emsp; Milena Kova\u010devi\u0107<\/li>\n<li>&emsp;&emsp; Prikaz<\/li>\n<\/ul>\n<\/li>\n<p>  &nbsp;<\/p>\n<li><a href=\"https:\/\/stranijezici.ffzg.unizg.hr\/wp-content\/uploads\/2020\/06\/SJ_36_2_10.pdf\" target=\"_blank\"><strong>PRIKAZ KNJIGE A.R. BAGDASAROVA <em>KONVERZACIJSKI PRIRU\u010cNIK ZA HRVATSKI JEZIK<\/em><\/strong><\/a><\/li>\n<ul style=\"list-style-type:none\">\n<li>&emsp;&emsp; Eugenija \u0106uto<\/li>\n<li>&emsp;&emsp; Prikaz<\/li>\n<\/ul>\n<\/li>\n<p>  &nbsp;\n<\/ul>\n","protected":false},"excerpt":{"rendered":"<p>INTERVIEW MIT PROF.DR. PETER SCHLOBINSKI &emsp;&emsp; Kristian Novak &nbsp; NEKI ELEMENTI OBRADE FRAZEMA U \u0160VEDSKIM RJE\u010cNICIMA &emsp;&emsp; Zvonimir Novoselec &emsp;&emsp; Stru\u010dni \u010dlanak &nbsp; KONTRASTIVNA ANALIZA POSLOVICA S LEKSEMOM PAS U POLJSKOME I HRVATSKOME JEZIKU &emsp;&emsp; Marinela Aleksovski &emsp;&emsp; Izvorni znanstveni \u010dlanak &nbsp; NENAMJERNO USVAJANJE VOKABULARA KROZ \u010cITANJE: \u010cIMBENICI, STRATEGIJE I REZULTAT &emsp;&emsp; Andrea-Beata Jeli\u0107 &emsp;&emsp; &hellip; <\/p>\n<p class=\"link-more\"><a href=\"https:\/\/stranijezici.ffzg.unizg.hr\/index.php\/vol36n2\/\" class=\"more-link\">Continue reading<span class=\"screen-reader-text\"> &#8220;Vol 36. (2)&#8221;<\/span><\/a><\/p>\n","protected":false},"author":2,"featured_media":0,"parent":0,"menu_order":0,"comment_status":"closed","ping_status":"closed","template":"","meta":{"ngg_post_thumbnail":0,"footnotes":""},"class_list":["post-581","page","type-page","status-publish","hentry"],"_links":{"self":[{"href":"https:\/\/stranijezici.ffzg.unizg.hr\/index.php\/wp-json\/wp\/v2\/pages\/581","targetHints":{"allow":["GET"]}}],"collection":[{"href":"https:\/\/stranijezici.ffzg.unizg.hr\/index.php\/wp-json\/wp\/v2\/pages"}],"about":[{"href":"https:\/\/stranijezici.ffzg.unizg.hr\/index.php\/wp-json\/wp\/v2\/types\/page"}],"author":[{"embeddable":true,"href":"https:\/\/stranijezici.ffzg.unizg.hr\/index.php\/wp-json\/wp\/v2\/users\/2"}],"replies":[{"embeddable":true,"href":"https:\/\/stranijezici.ffzg.unizg.hr\/index.php\/wp-json\/wp\/v2\/comments?post=581"}],"version-history":[{"count":5,"href":"https:\/\/stranijezici.ffzg.unizg.hr\/index.php\/wp-json\/wp\/v2\/pages\/581\/revisions"}],"predecessor-version":[{"id":2256,"href":"https:\/\/stranijezici.ffzg.unizg.hr\/index.php\/wp-json\/wp\/v2\/pages\/581\/revisions\/2256"}],"wp:attachment":[{"href":"https:\/\/stranijezici.ffzg.unizg.hr\/index.php\/wp-json\/wp\/v2\/media?parent=581"}],"curies":[{"name":"wp","href":"https:\/\/api.w.org\/{rel}","templated":true}]}}