{"id":579,"date":"2018-10-09T08:54:03","date_gmt":"2018-10-09T08:54:03","guid":{"rendered":"https:\/\/stranijezici.ffzg.unizg.hr\/?page_id=579"},"modified":"2019-06-19T11:22:37","modified_gmt":"2019-06-19T11:22:37","slug":"vol36n1","status":"publish","type":"page","link":"https:\/\/stranijezici.ffzg.unizg.hr\/index.php\/vol36n1\/","title":{"rendered":"Vol 36. (1)"},"content":{"rendered":"<ul style=\"list-style-type:none\">\n<li><a href=\"https:\/\/stranijezici.ffzg.unizg.hr\/wp-content\/uploads\/2019\/06\/SJ_36_1_0.pdf\" target=\"_blank\"><strong>UVODNA RIJE\u010c; PROF.DR.SC. DUBRAVKO KU\u010cANDA *1950. &#8211; 2006. &#8211; IN MEMORIAM<\/strong><\/a> <\/li>\n<\/li>\n<p>  &nbsp;<\/p>\n<li><a href=\"https:\/\/stranijezici.ffzg.unizg.hr\/wp-content\/uploads\/2019\/06\/SJ_36_1_1.pdf\" target=\"_blank\"><strong>NOVI RUSKI VOKABULAR REKLAMNOGA PORIJEKLA<\/strong><\/a> (str. 9-20)<\/li>\n<ul style=\"list-style-type:none\">\n<li>&emsp;&emsp; \u017deljka \u010celi\u0107<\/li>\n<li>&emsp;&emsp; Izvorni znanstveni \u010dlanak<\/li>\n<\/ul>\n<\/li>\n<p>  &nbsp;<\/p>\n<li><a href=\"https:\/\/stranijezici.ffzg.unizg.hr\/wp-content\/uploads\/2019\/06\/SJ_36_1_2.pdf\" target=\"_blank\"><strong>NEOLOGIZMI U RAZGOVORNOME STILU BOSANSKOGA JEZIKA<\/strong><\/a> (str. 21-30)<\/li>\n<ul style=\"list-style-type:none\">\n<li>&emsp;&emsp; Amela \u0160ehovi\u0107<\/li>\n<li>&emsp;&emsp; Izvorni znanstveni \u010dlanak<\/li>\n<\/ul>\n<\/li>\n<p>  &nbsp;<\/p>\n<li><a href=\"https:\/\/stranijezici.ffzg.unizg.hr\/wp-content\/uploads\/2019\/06\/SJ_36_1_3.pdf\" target=\"_blank\"><strong>RAZVIJANJE KOLOKACIJSKE KOMPETENCIJE U HRVATSKOME KAO STRANOM I DRUGOM JEZIKU<\/strong><\/a> (str. 31-38)<\/li>\n<ul style=\"list-style-type:none\">\n<li>&emsp;&emsp; Bernardina Petrovi\u0107<\/li>\n<li>&emsp;&emsp; Izvorni znanstveni \u010dlanak<\/li>\n<\/ul>\n<\/li>\n<p>  &nbsp;<\/p>\n<li><a href=\"https:\/\/stranijezici.ffzg.unizg.hr\/wp-content\/uploads\/2019\/06\/SJ_36_1_4.pdf\" target=\"_blank\"><strong>U\u010cENJE FRANCUSKOGA JEZIKA KROZ BROJILICE, PJESME I KRATKE PRI\u010cE ZA STUDENTE GLUME I LUTKARSTVA<\/strong><\/a> (str. 39-46)<\/li>\n<ul style=\"list-style-type:none\">\n<li>&emsp;&emsp; Jasenka Buti\u0107<\/li>\n<li>&emsp;&emsp; Znanstveni pregledni \u010dlanak<\/li>\n<\/ul>\n<\/li>\n<p>  &nbsp;<\/p>\n<li><a href=\"https:\/\/stranijezici.ffzg.unizg.hr\/wp-content\/uploads\/2019\/06\/SJ_36_1_5.pdf\" target=\"_blank\"><strong>O JEDNOME LEKTORATU IZ PERSPEKTIVE DVAJU LEKTORA<\/strong><\/a> (str. 47-54)<\/li>\n<ul style=\"list-style-type:none\">\n<li>&emsp;&emsp; Vlatka \u0160timac, Bla\u017eenka Martinovi\u0107<\/li>\n<li>&emsp;&emsp; Stru\u010dni \u010dlanak<\/li>\n<\/ul>\n<\/li>\n<p>  &nbsp;<\/p>\n<li><a href=\"https:\/\/stranijezici.ffzg.unizg.hr\/wp-content\/uploads\/2019\/06\/SJ_36_1_6.pdf\" target=\"_blank\"><strong>EUROPSKI JEZI\u010cNI PORTFOLIO U OSNOVNOJ \u0160KOLI &#8220;IZIDOR KR\u0160NJAVI&#8221;<\/strong><\/a> (str. 55-62)<\/li>\n<ul style=\"list-style-type:none\">\n<li>&emsp;&emsp; Bojan Prosenjak<\/li>\n<li>&emsp;&emsp; Stru\u010dni \u010dlanak<\/li>\n<\/ul>\n<\/li>\n<p>  &nbsp;<\/p>\n<li><a href=\"https:\/\/stranijezici.ffzg.unizg.hr\/wp-content\/uploads\/2019\/06\/SJ_36_1_7.pdf\" target=\"_blank\"><strong>DVOJEZI\u010cNA NASTAVA &#8211; \u0160TO O TOME MISLE U\u010cENICI?<\/strong><\/a> (str. 63-74)<\/li>\n<ul style=\"list-style-type:none\">\n<li>&emsp;&emsp; Ana Irena Hudi<\/li>\n<li>&emsp;&emsp; Izvorni znanstveni \u010dlanak<\/li>\n<\/ul>\n<\/li>\n<p>  &nbsp;<\/p>\n<li><a href=\"https:\/\/stranijezici.ffzg.unizg.hr\/wp-content\/uploads\/2019\/06\/SJ_36_1_8.pdf\" target=\"_blank\"><strong>DAAD SUMMER SCHOOL 2006 <<QUALIT\u00c4TSENTWICKLUNG UND BILDUNGSSTANDARDS IN EUROPA - KONZEPTE UND METHODEN<\/strong><\/a> (str. 75-76)<\/li>\n<ul style=\"list-style-type:none\">\n<li>&emsp;&emsp; Nikolina Bor\u010di\u0107<\/li>\n<li>&emsp;&emsp; Kronika<\/li>\n<\/ul>\n<\/li>\n<p>  &nbsp;<\/p>\n<li><a href=\"https:\/\/stranijezici.ffzg.unizg.hr\/wp-content\/uploads\/2019\/06\/SJ_36_1_9.pdf\" target=\"_blank\"><strong>PRIKAZ DEVETOJEZI\u010cNOG RJE\u010cNIKA POREDBENIH FRAZEMA: HRVATSKO-SLAVENSKI RJE\u010cNIK POREDBENIH FRAZEMA<\/strong><\/a> (str. 77-81)<\/li>\n<ul style=\"list-style-type:none\">\n<li>&emsp;&emsp; Barbara Kova\u010devi\u0107<\/li>\n<li>&emsp;&emsp; Prikaz<\/li>\n<\/ul>\n<\/li>\n<p>  &nbsp;\n<\/ul>\n","protected":false},"excerpt":{"rendered":"<p>UVODNA RIJE\u010c; PROF.DR.SC. DUBRAVKO KU\u010cANDA *1950. &#8211; 2006. &#8211; IN MEMORIAM &nbsp; NOVI RUSKI VOKABULAR REKLAMNOGA PORIJEKLA (str. 9-20) &emsp;&emsp; \u017deljka \u010celi\u0107 &emsp;&emsp; Izvorni znanstveni \u010dlanak &nbsp; NEOLOGIZMI U RAZGOVORNOME STILU BOSANSKOGA JEZIKA (str. 21-30) &emsp;&emsp; Amela \u0160ehovi\u0107 &emsp;&emsp; Izvorni znanstveni \u010dlanak &nbsp; RAZVIJANJE KOLOKACIJSKE KOMPETENCIJE U HRVATSKOME KAO STRANOM I DRUGOM JEZIKU (str. 31-38) &hellip; <\/p>\n<p class=\"link-more\"><a href=\"https:\/\/stranijezici.ffzg.unizg.hr\/index.php\/vol36n1\/\" class=\"more-link\">Continue reading<span class=\"screen-reader-text\"> &#8220;Vol 36. (1)&#8221;<\/span><\/a><\/p>\n","protected":false},"author":2,"featured_media":0,"parent":0,"menu_order":0,"comment_status":"closed","ping_status":"closed","template":"","meta":{"ngg_post_thumbnail":0,"footnotes":""},"class_list":["post-579","page","type-page","status-publish","hentry"],"_links":{"self":[{"href":"https:\/\/stranijezici.ffzg.unizg.hr\/index.php\/wp-json\/wp\/v2\/pages\/579","targetHints":{"allow":["GET"]}}],"collection":[{"href":"https:\/\/stranijezici.ffzg.unizg.hr\/index.php\/wp-json\/wp\/v2\/pages"}],"about":[{"href":"https:\/\/stranijezici.ffzg.unizg.hr\/index.php\/wp-json\/wp\/v2\/types\/page"}],"author":[{"embeddable":true,"href":"https:\/\/stranijezici.ffzg.unizg.hr\/index.php\/wp-json\/wp\/v2\/users\/2"}],"replies":[{"embeddable":true,"href":"https:\/\/stranijezici.ffzg.unizg.hr\/index.php\/wp-json\/wp\/v2\/comments?post=579"}],"version-history":[{"count":5,"href":"https:\/\/stranijezici.ffzg.unizg.hr\/index.php\/wp-json\/wp\/v2\/pages\/579\/revisions"}],"predecessor-version":[{"id":1875,"href":"https:\/\/stranijezici.ffzg.unizg.hr\/index.php\/wp-json\/wp\/v2\/pages\/579\/revisions\/1875"}],"wp:attachment":[{"href":"https:\/\/stranijezici.ffzg.unizg.hr\/index.php\/wp-json\/wp\/v2\/media?parent=579"}],"curies":[{"name":"wp","href":"https:\/\/api.w.org\/{rel}","templated":true}]}}