{"id":573,"date":"2018-10-09T08:52:02","date_gmt":"2018-10-09T08:52:02","guid":{"rendered":"https:\/\/stranijezici.ffzg.unizg.hr\/?page_id=573"},"modified":"2021-07-15T17:22:26","modified_gmt":"2021-07-15T17:22:26","slug":"vol37n4","status":"publish","type":"page","link":"https:\/\/stranijezici.ffzg.unizg.hr\/index.php\/vol37n4\/","title":{"rendered":"Vol 37. (4)"},"content":{"rendered":"<p><span style=\"font-size: 10pt; color: #447373;\"><strong>2008.,<\/strong> <strong>Vol. 37, No. 4<br \/>\n<\/strong><\/span><br \/>\n<a href=\"https:\/\/stranijezici.ffzg.unizg.hr\/wp-content\/uploads\/2021\/07\/SJ_37_4_1.pdf\" target=\"_blank\" rel=\"noopener\"><strong>POGRJE\u0160KE HRVATSKIH GOVORNIKA PRI UPORABI ENGLESKIH GLAGOLSKIH VREMENA PREZENT PERFEKT I SIMPLE PAST: ISTRA\u017dIVANJE INTERFERENCIJE HRVATSKOGA<\/strong><\/a> (str. 327-336)<br \/>\nNelda Marinkovi\u0107 Horvath<br \/>\nStru\u010dni \u010dlanak<\/p>\n<p><a href=\"https:\/\/stranijezici.ffzg.unizg.hr\/wp-content\/uploads\/2021\/07\/SJ_37_4_2.pdf\" target=\"_blank\" rel=\"noopener\"><strong>\u0160TO NEDOSTAJE &#8220;MAGARCU&#8221; I &#8220;RU\u017dMARINU&#8221;? (O VOKABULARU U RANOM U\u010cENJU STRANOGA JEZIKA)<\/strong><\/a> (str. 337-358)<br \/>\nGloria Vickov<br \/>\nIzvorni znanstveni \u010dlanak<\/p>\n<p><a href=\"https:\/\/stranijezici.ffzg.unizg.hr\/wp-content\/uploads\/2021\/07\/SJ_37_4_3.pdf\" target=\"_blank\" rel=\"noopener\"><strong>KONTRASTIVNA ANALIZA NENAGLA\u0160ENIH OBLIKA OSOBNIH ZAMJENICA U HRVATSKOM I TALIJANSKOM JEZIKU: SUSTAV OBRADE OD PO\u010cETNOGA DO NAPREDNOGA STADIJA U\u010cENJA<\/strong><\/a> (str. 359-366)<br \/>\nTarita \u0160tokovac<br \/>\nStru\u010dni \u010dlanak<\/p>\n<p><a href=\"https:\/\/stranijezici.ffzg.unizg.hr\/wp-content\/uploads\/2021\/07\/SJ_37_4_4.pdf\" target=\"_blank\" rel=\"noopener\"><strong>PRIMJENA \u010cASOPISA ADESSO U NASTAVI TALIJANSKOGA JEZIKA<\/strong><\/a> (str. 367-374)<br \/>\nJasna \u0106iri\u0107, Ines Jelov\u010di\u0107<br \/>\nPrethodno priop\u0107enje<\/p>\n<p><a href=\"https:\/\/stranijezici.ffzg.unizg.hr\/wp-content\/uploads\/2021\/07\/SJ_37_4_5.pdf\" target=\"_blank\" rel=\"noopener\"><strong>TIPOLOGIJA PREVEDENICA U VI\u0160ERJE\u010cNOM PSIHOLOGIJSKOM NAZIVLJU<\/strong><\/a> (str. 375-384)<br \/>\nMirna Varga<br \/>\nStru\u010dni \u010dlanak<\/p>\n<p><a href=\"https:\/\/stranijezici.ffzg.unizg.hr\/wp-content\/uploads\/2021\/07\/SJ_37_4_6.pdf\" target=\"_blank\" rel=\"noopener\"><strong>INSIGHTS FROM THE PAST: THE COMMUNICATIVE APPROACH &#8211; A REVOLUTION OR A LOGICAL EVOLUTION?<\/strong><\/a> (str. 385-410)<br \/>\nJanez Skela<br \/>\nZnanstveni pregledni \u010dlanak<\/p>\n<p><a href=\"https:\/\/stranijezici.ffzg.unizg.hr\/wp-content\/uploads\/2021\/07\/SJ_37_4_7.pdf\" target=\"_blank\" rel=\"noopener\"><strong>ODNOS IZME\u0110U ZNANJA VOKABULARA I STRATEGIJA U\u010cENJA VOKABULARA U ENGLESKOM KAO STRANOM JEZIKU<\/strong><\/a> (str. 411-422)<br \/>\nVi\u0161nja Pavi\u010di\u0107 Taka\u010d, Ana Umiljanovi\u0107<br \/>\nIzvorni znanstveni \u010dlanak<\/p>\n<p><a href=\"https:\/\/stranijezici.ffzg.unizg.hr\/wp-content\/uploads\/2021\/07\/SJ_37_4_8.pdf\" target=\"_blank\" rel=\"noopener\"><strong>HRVATSKI I POLJSKI PISANI GRAFITI<\/strong><\/a> (str. 423-434)<br \/>\nAna Kodri\u0107<br \/>\nStru\u010dni \u010dlanak<\/p>\n<p><a href=\"https:\/\/stranijezici.ffzg.unizg.hr\/wp-content\/uploads\/2021\/07\/SJ_37_4_9.pdf\" target=\"_blank\" rel=\"noopener\"><strong>GLOBALISATION AND THE FORMULATION OF TECHNICAL TERMS: IS THERE STILL A NEED FOR TERMINOLOGY IN NATIONAL LANGUAGES<\/strong><\/a> (str. 435-450)<br \/>\nMonika Kalin Golob, Nata\u0161a Logar<br \/>\nPrethodno priop\u0107enje<\/p>\n<p><a href=\"https:\/\/stranijezici.ffzg.unizg.hr\/wp-content\/uploads\/2021\/07\/SJ_37_4_10.pdf\" target=\"_blank\" rel=\"noopener\"><strong>RAZVIJANJE VJE\u0160TINE SLU\u0160ANJA NA RAZINI JEZI\u010cNOGA ZNANJA B1 I B2<\/strong><\/a> (str. 451-460)<br \/>\nIvana \u0160piranec<br \/>\nStru\u010dni \u010dlanak<\/p>\n<p><a href=\"https:\/\/stranijezici.ffzg.unizg.hr\/wp-content\/uploads\/2021\/07\/SJ_37_4_11.pdf\" target=\"_blank\" rel=\"noopener\"><strong>PRIKAZ UD\u017dBENIKA ZA U\u010cENJE ENGLESKOG JEZIKA PROFILE 1<\/strong><\/a> (str. 461-464)<br \/>\nMarijana Juri\u0161i\u0107<br \/>\nPrikaz<\/p>\n<p><a href=\"https:\/\/stranijezici.ffzg.unizg.hr\/wp-content\/uploads\/2021\/07\/SJ_37_4_12.pdf\" target=\"_blank\" rel=\"noopener\"><strong>PRIKAZ UD\u017dBENIKA JON NAUNTONA: PROFILE 3 UPPER-INTERMEDIATE<\/strong><\/a> (str. 465-470)<br \/>\nPetra Gr\u010devi\u0107 Bakari\u0107<br \/>\nPrikaz<\/p>\n<p>&nbsp;<\/p>\n","protected":false},"excerpt":{"rendered":"<p>2008., Vol. 37, No. 4 POGRJE\u0160KE HRVATSKIH GOVORNIKA PRI UPORABI ENGLESKIH GLAGOLSKIH VREMENA PREZENT PERFEKT I SIMPLE PAST: ISTRA\u017dIVANJE INTERFERENCIJE HRVATSKOGA (str. 327-336) Nelda Marinkovi\u0107 Horvath Stru\u010dni \u010dlanak \u0160TO NEDOSTAJE &#8220;MAGARCU&#8221; I &#8220;RU\u017dMARINU&#8221;? (O VOKABULARU U RANOM U\u010cENJU STRANOGA JEZIKA) (str. 337-358) Gloria Vickov Izvorni znanstveni \u010dlanak KONTRASTIVNA ANALIZA NENAGLA\u0160ENIH OBLIKA OSOBNIH ZAMJENICA U HRVATSKOM &hellip; <\/p>\n<p class=\"link-more\"><a href=\"https:\/\/stranijezici.ffzg.unizg.hr\/index.php\/vol37n4\/\" class=\"more-link\">Continue reading<span class=\"screen-reader-text\"> &#8220;Vol 37. (4)&#8221;<\/span><\/a><\/p>\n","protected":false},"author":2,"featured_media":0,"parent":0,"menu_order":0,"comment_status":"closed","ping_status":"closed","template":"","meta":{"ngg_post_thumbnail":0,"footnotes":""},"class_list":["post-573","page","type-page","status-publish","hentry"],"_links":{"self":[{"href":"https:\/\/stranijezici.ffzg.unizg.hr\/index.php\/wp-json\/wp\/v2\/pages\/573","targetHints":{"allow":["GET"]}}],"collection":[{"href":"https:\/\/stranijezici.ffzg.unizg.hr\/index.php\/wp-json\/wp\/v2\/pages"}],"about":[{"href":"https:\/\/stranijezici.ffzg.unizg.hr\/index.php\/wp-json\/wp\/v2\/types\/page"}],"author":[{"embeddable":true,"href":"https:\/\/stranijezici.ffzg.unizg.hr\/index.php\/wp-json\/wp\/v2\/users\/2"}],"replies":[{"embeddable":true,"href":"https:\/\/stranijezici.ffzg.unizg.hr\/index.php\/wp-json\/wp\/v2\/comments?post=573"}],"version-history":[{"count":16,"href":"https:\/\/stranijezici.ffzg.unizg.hr\/index.php\/wp-json\/wp\/v2\/pages\/573\/revisions"}],"predecessor-version":[{"id":3040,"href":"https:\/\/stranijezici.ffzg.unizg.hr\/index.php\/wp-json\/wp\/v2\/pages\/573\/revisions\/3040"}],"wp:attachment":[{"href":"https:\/\/stranijezici.ffzg.unizg.hr\/index.php\/wp-json\/wp\/v2\/media?parent=573"}],"curies":[{"name":"wp","href":"https:\/\/api.w.org\/{rel}","templated":true}]}}