{"id":572,"date":"2018-10-09T08:50:01","date_gmt":"2018-10-09T08:50:01","guid":{"rendered":"https:\/\/stranijezici.ffzg.unizg.hr\/?page_id=572"},"modified":"2020-01-08T22:20:07","modified_gmt":"2020-01-08T22:20:07","slug":"vol37n2","status":"publish","type":"page","link":"https:\/\/stranijezici.ffzg.unizg.hr\/index.php\/vol37n2\/","title":{"rendered":"Vol 37. (2)"},"content":{"rendered":"<ul style=\"list-style-type:none\">\n<li><a href=\"https:\/\/stranijezici.ffzg.unizg.hr\/wp-content\/uploads\/2020\/01\/SJ_37_2_1.pdf\" target=\"_blank\"><strong>DIDAKTI\u010cKA OBRADA PRIPOVIJEDAKA ZA NASTAVU NJEMA\u010cKOGA JEZIKA: GENIES IN DER SCHULE<\/strong><\/a> (str. 101-110)<\/li>\n<ul style=\"list-style-type:none\">\n<li>&emsp;&emsp; Mirjana \u0160njari\u0107<\/li>\n<li>&emsp;&emsp; Stru\u010dni \u010dlanak<\/li>\n<\/ul>\n<\/li>\n<p>  &nbsp;<\/p>\n<li><a href=\"https:\/\/stranijezici.ffzg.unizg.hr\/wp-content\/uploads\/2020\/01\/SJ_37_2_2.pdf\" target=\"_blank\"><strong>BUSINESS ENGLISH STUDY FOR FUTURE ECONOMISTS: THE ROLE OF GENERAL ENGLISH ATTRITION<\/strong><\/a> (str. 111-122)<\/li>\n<ul style=\"list-style-type:none\">\n<li>&emsp;&emsp; Slavica \u010cepon<\/li>\n<li>&emsp;&emsp; Znanstveni pregledni \u010dlanak<\/li>\n<\/ul>\n<\/li>\n<p>  &nbsp;<\/p>\n<li><a href=\"https:\/\/stranijezici.ffzg.unizg.hr\/wp-content\/uploads\/2020\/01\/SJ_37_2_3.pdf\" target=\"_blank\"><strong>RUSKI I HRVATSKI: TRANSLITERACIJA I\/ILI TRANSKRIPCIJA<\/strong><\/a> (str. 123-136)<\/li>\n<ul style=\"list-style-type:none\">\n<li>&emsp;&emsp; Igor \u017divkovi\u0107<\/li>\n<li>&emsp;&emsp; Izvorni znanstveni \u010dlanak<\/li>\n<\/ul>\n<\/li>\n<p>  &nbsp;<\/p>\n<li><a href=\"https:\/\/stranijezici.ffzg.unizg.hr\/wp-content\/uploads\/2020\/01\/SJ_37_2_4.pdf\" target=\"_blank\"><strong>HARRY POTTER I KAMEN MUDRACA &#8211; KREATIVAN PRISTUP I KRITI\u010cKA RASPRAVA O POPULARNOSTI SUVREMENOGA DJE\u010cJEG ROMANA U 3. RAZREDU GIMNAZIJE<\/strong><\/a> (str. 137-146)<\/li>\n<ul style=\"list-style-type:none\">\n<li>&emsp;&emsp; Manuela Svodoba<\/li>\n<li>&emsp;&emsp; Stru\u010dni \u010dlanak<\/li>\n<\/ul>\n<\/li>\n<p>  &nbsp;<\/p>\n<li><a href=\"https:\/\/stranijezici.ffzg.unizg.hr\/wp-content\/uploads\/2020\/01\/SJ_37_2_5.pdf\" target=\"_blank\"><strong>KORI\u0160TENJE INTERAKTIVNOGA ALATA MOODLE U VISOKO\u0160KOLSKOJ NASTAVI ENGLESKOGA JEZIKA STRUKE U CALL OKRU\u017dENJU<\/strong><\/a> (str. 147-158)<\/li>\n<ul style=\"list-style-type:none\">\n<li>&emsp;&emsp; Biserka Fu\u010dkan Dr\u017ei\u0107, Alemka Kralj \u0160tih<\/li>\n<li>&emsp;&emsp; Stru\u010dni \u010dlanak<\/li>\n<\/ul>\n<\/li>\n<p>  &nbsp;<\/p>\n<li><a href=\"https:\/\/stranijezici.ffzg.unizg.hr\/wp-content\/uploads\/2020\/01\/SJ_37_2_6.pdf\" target=\"_blank\"><strong>STAV STUDENATA PREMA IZRADI STUDENTSKE MAPE ZA KOLEGIJ &#8220;POSLOVNI ENGLESKI JEZIK&#8221;<\/strong><\/a> (str. 159-168)<\/li>\n<ul style=\"list-style-type:none\">\n<li>&emsp;&emsp; Sanja Marinov, Magda Pa\u0161ali\u0107<\/li>\n<li>&emsp;&emsp; Stru\u010dni \u010dlanak<\/li>\n<\/ul>\n<\/li>\n<p>  &nbsp;<\/p>\n<li><a href=\"https:\/\/stranijezici.ffzg.unizg.hr\/wp-content\/uploads\/2020\/01\/SJ_37_2_7.pdf\" target=\"_blank\"><strong>IZVJE\u0160TAJ O 20. GODI\u0160NJOJ KONFERENCIJI BESIG-A<\/strong><\/a> (str. 169-172)<\/li>\n<ul style=\"list-style-type:none\">\n<li>&emsp;&emsp; Sanja Marinov, Magda Pa\u0161ali\u0107<\/li>\n<li>&emsp;&emsp; Kronika<\/li>\n<\/ul>\n<\/li>\n<p>  &nbsp;<\/p>\n<li><a href=\"https:\/\/stranijezici.ffzg.unizg.hr\/wp-content\/uploads\/2020\/01\/SJ_37_2_8.pdf\" target=\"_blank\"><strong>UD\u017dBENIK &#8220;ENGLISH FOR TEXTILE ENGINEERS AND FASHION DESIGNERS&#8221;<\/strong><\/a> (str. 173-176)<\/li>\n<ul style=\"list-style-type:none\">\n<li>&emsp;&emsp; Vekenega Profaca-Prebeg<\/li>\n<li>&emsp;&emsp; Prikaz<\/li>\n<\/ul>\n<\/li>\n<p>  &nbsp;<\/p>\n<li><a href=\"https:\/\/stranijezici.ffzg.unizg.hr\/wp-content\/uploads\/2020\/01\/SJ_37_2_9.pdf\" target=\"_blank\"><strong>PRIKAZ UD\u017dBENIKA SONJE ETEROVI\u0106 I KATICE SOBO: <em>KOMMUNIKATION IM TOURISMUS<\/em><\/strong><\/a> (str. 177-180)<\/li>\n<ul style=\"list-style-type:none\">\n<li>&emsp;&emsp; Antonela Konjevod<\/li>\n<li>&emsp;&emsp; Prikaz<\/li>\n<\/ul>\n<\/li>\n<p>  &nbsp;<\/p>\n<li><a href=\"https:\/\/stranijezici.ffzg.unizg.hr\/wp-content\/uploads\/2020\/01\/SJ_37_2_10.pdf\" target=\"_blank\"><strong>PRIKAZ ZBORNIKA <em>TEMPO D&#8217;INCONTRI<\/em><\/strong><\/a> (str. 181-184)<\/li>\n<ul style=\"list-style-type:none\">\n<li>&emsp;&emsp; Vesna De\u017eeljin<\/li>\n<li>&emsp;&emsp; Prikaz<\/li>\n<\/ul>\n<\/li>\n<p>  &nbsp;<\/p>\n<li><a href=\"https:\/\/stranijezici.ffzg.unizg.hr\/wp-content\/uploads\/2020\/01\/SJ_37_2_11.pdf\" target=\"_blank\"><strong>HRVATSKO-ENGLESKI FRAZEOLO\u0160KI RJE\u010cNIK<\/strong><\/a> (str. 185-189)<\/li>\n<ul style=\"list-style-type:none\">\n<li>&emsp;&emsp; Anita Hrnjak<\/li>\n<li>&emsp;&emsp; Prikaz<\/li>\n<\/ul>\n<\/li>\n<p>  &nbsp;\n<\/ul>\n","protected":false},"excerpt":{"rendered":"<p>DIDAKTI\u010cKA OBRADA PRIPOVIJEDAKA ZA NASTAVU NJEMA\u010cKOGA JEZIKA: GENIES IN DER SCHULE (str. 101-110) &emsp;&emsp; Mirjana \u0160njari\u0107 &emsp;&emsp; Stru\u010dni \u010dlanak &nbsp; BUSINESS ENGLISH STUDY FOR FUTURE ECONOMISTS: THE ROLE OF GENERAL ENGLISH ATTRITION (str. 111-122) &emsp;&emsp; Slavica \u010cepon &emsp;&emsp; Znanstveni pregledni \u010dlanak &nbsp; RUSKI I HRVATSKI: TRANSLITERACIJA I\/ILI TRANSKRIPCIJA (str. 123-136) &emsp;&emsp; Igor \u017divkovi\u0107 &emsp;&emsp; Izvorni &hellip; <\/p>\n<p class=\"link-more\"><a href=\"https:\/\/stranijezici.ffzg.unizg.hr\/index.php\/vol37n2\/\" class=\"more-link\">Continue reading<span class=\"screen-reader-text\"> &#8220;Vol 37. (2)&#8221;<\/span><\/a><\/p>\n","protected":false},"author":2,"featured_media":0,"parent":0,"menu_order":0,"comment_status":"closed","ping_status":"closed","template":"","meta":{"ngg_post_thumbnail":0,"footnotes":""},"class_list":["post-572","page","type-page","status-publish","hentry"],"_links":{"self":[{"href":"https:\/\/stranijezici.ffzg.unizg.hr\/index.php\/wp-json\/wp\/v2\/pages\/572","targetHints":{"allow":["GET"]}}],"collection":[{"href":"https:\/\/stranijezici.ffzg.unizg.hr\/index.php\/wp-json\/wp\/v2\/pages"}],"about":[{"href":"https:\/\/stranijezici.ffzg.unizg.hr\/index.php\/wp-json\/wp\/v2\/types\/page"}],"author":[{"embeddable":true,"href":"https:\/\/stranijezici.ffzg.unizg.hr\/index.php\/wp-json\/wp\/v2\/users\/2"}],"replies":[{"embeddable":true,"href":"https:\/\/stranijezici.ffzg.unizg.hr\/index.php\/wp-json\/wp\/v2\/comments?post=572"}],"version-history":[{"count":5,"href":"https:\/\/stranijezici.ffzg.unizg.hr\/index.php\/wp-json\/wp\/v2\/pages\/572\/revisions"}],"predecessor-version":[{"id":1952,"href":"https:\/\/stranijezici.ffzg.unizg.hr\/index.php\/wp-json\/wp\/v2\/pages\/572\/revisions\/1952"}],"wp:attachment":[{"href":"https:\/\/stranijezici.ffzg.unizg.hr\/index.php\/wp-json\/wp\/v2\/media?parent=572"}],"curies":[{"name":"wp","href":"https:\/\/api.w.org\/{rel}","templated":true}]}}