{"id":571,"date":"2018-10-09T08:49:18","date_gmt":"2018-10-09T08:49:18","guid":{"rendered":"https:\/\/stranijezici.ffzg.unizg.hr\/?page_id=571"},"modified":"2020-01-08T22:18:07","modified_gmt":"2020-01-08T22:18:07","slug":"vol37n1","status":"publish","type":"page","link":"https:\/\/stranijezici.ffzg.unizg.hr\/index.php\/vol37n1\/","title":{"rendered":"Vol 37. (1)"},"content":{"rendered":"<ul style=\"list-style-type:none\">\n<li><a href=\"https:\/\/stranijezici.ffzg.unizg.hr\/wp-content\/uploads\/2020\/01\/SJ_37_1_1.pdf\" target=\"_blank\"><strong>ZNA\u010cENJE VREMENSKE OGRANI\u010cENOSTI PRIJEDLOGA <em>DO<\/em> I <em>OD<\/em> U HRVATSKOME I RUSKOME JEZIKU<\/strong><\/a> (str. 7-16)<\/li>\n<ul style=\"list-style-type:none\">\n<li>&emsp;&emsp; Ivana Matas Ivankovi\u0107<\/li>\n<li>&emsp;&emsp; Stru\u010dni \u010dlanak<\/li>\n<\/ul>\n<\/li>\n<p>  &nbsp;<\/p>\n<li><a href=\"https:\/\/stranijezici.ffzg.unizg.hr\/wp-content\/uploads\/2020\/01\/SJ_37_1_2.pdf\" target=\"_blank\"><strong>AN INSIGHT INTO FOREIGN LANGUAGE LEARNING STYLES<\/strong><\/a> (str. 17-26)<\/li>\n<ul style=\"list-style-type:none\">\n<li>&emsp;&emsp; Marta Madved Krajnovi\u0107, Igor Opi\u0107<\/li>\n<li>&emsp;&emsp; Izvorni znanstveni \u010dlanak<\/li>\n<\/ul>\n<\/li>\n<p>  &nbsp;<\/p>\n<li><a href=\"https:\/\/stranijezici.ffzg.unizg.hr\/wp-content\/uploads\/2020\/01\/SJ_37_1_3.pdf\" target=\"_blank\"><strong>A LEXICO-SEMANTIC ANALYSIS OF THE LANGUAGE OF THE AMERICAN WILD WEST<\/strong><\/a> (str. 27-36)<\/li>\n<ul style=\"list-style-type:none\">\n<li>&emsp;&emsp; Sini\u0161a Nin\u010devi\u0107<\/li>\n<li>&emsp;&emsp; Znanstveni pregledni \u010dlanak<\/li>\n<\/ul>\n<\/li>\n<p>  &nbsp;<\/p>\n<li><a href=\"https:\/\/stranijezici.ffzg.unizg.hr\/wp-content\/uploads\/2020\/01\/SJ_37_1_4.pdf\" target=\"_blank\"><strong>GLOBALISATION AND THE EFFECT OF THE ENGLISH LANGUAGE ON IDENTITY<\/strong><\/a> (str. 37-46)<\/li>\n<ul style=\"list-style-type:none\">\n<li>&emsp;&emsp; Anna Martinovi\u0107<\/li>\n<li>&emsp;&emsp; Znanstveni pregledni \u010dlanak<\/li>\n<\/ul>\n<\/li>\n<p>  &nbsp;<\/p>\n<li><a href=\"https:\/\/stranijezici.ffzg.unizg.hr\/wp-content\/uploads\/2020\/01\/SJ_37_1_5.pdf\" target=\"_blank\"><strong>\u041a\u0410\u041a \u041f\u041e-\u0425\u041e\u0420\u0412\u0410\u0422\u0421\u041a\u0418 \u0422\u0418\u0420\u0415 \u0418 \u0414\u0415\u0424\u0418\u0421 ?<\/strong><\/a> (str. 47-54)<\/li>\n<ul style=\"list-style-type:none\">\n<li>&emsp;&emsp; Eugenija \u0106uto<\/li>\n<li>&emsp;&emsp; Znanstveni pregledni \u010dlanak<\/li>\n<\/ul>\n<\/li>\n<p>  &nbsp;<\/p>\n<li><a href=\"https:\/\/stranijezici.ffzg.unizg.hr\/wp-content\/uploads\/2020\/01\/SJ_37_1_6.pdf\" target=\"_blank\"><strong>KOLLOKATIONEN ALS TEIL DER WORTSCHATZARBEIT<\/strong><\/a> (str. 55-62)<\/li>\n<ul style=\"list-style-type:none\">\n<li>&emsp;&emsp; Mirjana \u0160njari\u0107<\/li>\n<li>&emsp;&emsp; Stru\u010dni \u010dlanak<\/li>\n<\/ul>\n<\/li>\n<p>  &nbsp;<\/p>\n<li><a href=\"https:\/\/stranijezici.ffzg.unizg.hr\/wp-content\/uploads\/2020\/01\/SJ_37_1_7.pdf\" target=\"_blank\"><strong>INDIVIDUALNO SAVJETOVANJE U U\u010cENJU<\/strong><\/a> (str. 63-76)<\/li>\n<ul style=\"list-style-type:none\">\n<li>&emsp;&emsp; Antonela Konjevod<\/li>\n<li>&emsp;&emsp; Stru\u010dni \u010dlanak<\/li>\n<\/ul>\n<\/li>\n<p>  &nbsp;<\/p>\n<li><a href=\"https:\/\/stranijezici.ffzg.unizg.hr\/wp-content\/uploads\/2020\/01\/SJ_37_1_8.pdf\" target=\"_blank\"><strong>ME\u0110UNARODNI SEMINAR MAKEDONSKOGA JEZIKA, KNJI\u017dEVNOSTI I KULTURE<\/strong><\/a> (str. 77-80)<\/li>\n<ul style=\"list-style-type:none\">\n<li>&emsp;&emsp; Lidija Cviki\u0107<\/li>\n<li>&emsp;&emsp; Kronika<\/li>\n<\/ul>\n<\/li>\n<p>  &nbsp;<\/p>\n<li><a href=\"https:\/\/stranijezici.ffzg.unizg.hr\/wp-content\/uploads\/2020\/01\/SJ_37_1_9.pdf\" target=\"_blank\"><strong>PRIKAZ UD\u017dBENIKA ZA U\u010cENJE TALIJANSKOGA JEZIKA <em>&#8220;PROGETTO ITALIANO 1&#8221;<\/em>, <em>&#8220;PROGETTO ITALIANO 2&#8221;<\/em> I <em>&#8220;PROGETTO ITALIANO 3&#8221;<\/em><\/strong><\/a> (str. 81-90)<\/li>\n<ul style=\"list-style-type:none\">\n<li>&emsp;&emsp; Katarina Krni\u0107<\/li>\n<li>&emsp;&emsp; Prikaz<\/li>\n<\/ul>\n<\/li>\n<p>  &nbsp;\n<\/ul>\n","protected":false},"excerpt":{"rendered":"<p>ZNA\u010cENJE VREMENSKE OGRANI\u010cENOSTI PRIJEDLOGA DO I OD U HRVATSKOME I RUSKOME JEZIKU (str. 7-16) &emsp;&emsp; Ivana Matas Ivankovi\u0107 &emsp;&emsp; Stru\u010dni \u010dlanak &nbsp; AN INSIGHT INTO FOREIGN LANGUAGE LEARNING STYLES (str. 17-26) &emsp;&emsp; Marta Madved Krajnovi\u0107, Igor Opi\u0107 &emsp;&emsp; Izvorni znanstveni \u010dlanak &nbsp; A LEXICO-SEMANTIC ANALYSIS OF THE LANGUAGE OF THE AMERICAN WILD WEST (str. 27-36) &hellip; <\/p>\n<p class=\"link-more\"><a href=\"https:\/\/stranijezici.ffzg.unizg.hr\/index.php\/vol37n1\/\" class=\"more-link\">Continue reading<span class=\"screen-reader-text\"> &#8220;Vol 37. (1)&#8221;<\/span><\/a><\/p>\n","protected":false},"author":2,"featured_media":0,"parent":0,"menu_order":0,"comment_status":"closed","ping_status":"closed","template":"","meta":{"ngg_post_thumbnail":0,"footnotes":""},"class_list":["post-571","page","type-page","status-publish","hentry"],"_links":{"self":[{"href":"https:\/\/stranijezici.ffzg.unizg.hr\/index.php\/wp-json\/wp\/v2\/pages\/571","targetHints":{"allow":["GET"]}}],"collection":[{"href":"https:\/\/stranijezici.ffzg.unizg.hr\/index.php\/wp-json\/wp\/v2\/pages"}],"about":[{"href":"https:\/\/stranijezici.ffzg.unizg.hr\/index.php\/wp-json\/wp\/v2\/types\/page"}],"author":[{"embeddable":true,"href":"https:\/\/stranijezici.ffzg.unizg.hr\/index.php\/wp-json\/wp\/v2\/users\/2"}],"replies":[{"embeddable":true,"href":"https:\/\/stranijezici.ffzg.unizg.hr\/index.php\/wp-json\/wp\/v2\/comments?post=571"}],"version-history":[{"count":6,"href":"https:\/\/stranijezici.ffzg.unizg.hr\/index.php\/wp-json\/wp\/v2\/pages\/571\/revisions"}],"predecessor-version":[{"id":1940,"href":"https:\/\/stranijezici.ffzg.unizg.hr\/index.php\/wp-json\/wp\/v2\/pages\/571\/revisions\/1940"}],"wp:attachment":[{"href":"https:\/\/stranijezici.ffzg.unizg.hr\/index.php\/wp-json\/wp\/v2\/media?parent=571"}],"curies":[{"name":"wp","href":"https:\/\/api.w.org\/{rel}","templated":true}]}}