{"id":553,"date":"2018-10-03T10:57:44","date_gmt":"2018-10-03T10:57:44","guid":{"rendered":"https:\/\/stranijezici.ffzg.unizg.hr\/?page_id=553"},"modified":"2019-06-18T23:02:58","modified_gmt":"2019-06-18T23:02:58","slug":"vol38n3","status":"publish","type":"page","link":"https:\/\/stranijezici.ffzg.unizg.hr\/index.php\/vol38n3\/","title":{"rendered":"Vol 38. (3)"},"content":{"rendered":"<ul style=\"list-style-type:none\">\n<li><a href=\"https:\/\/stranijezici.ffzg.unizg.hr\/wp-content\/uploads\/2019\/06\/SJ_38_3_0.pdf\" target=\"_blank\"><strong>UVODNA RIJE\u010c<\/strong><\/a><\/li>\n<\/li>\n<p>  &nbsp;<\/p>\n<li><a href=\"https:\/\/stranijezici.ffzg.unizg.hr\/wp-content\/uploads\/2019\/06\/SJ_38_3_1.pdf\" target=\"_blank\"><strong>HIPERAKTIVNO DIJETE I U\u010cENJE STRANOGA JEZIKA <\/strong><\/a> (str. 263-276)<\/li>\n<ul style=\"list-style-type:none\">\n<li>&emsp;&emsp; Ivana \u010cizmi\u0107<\/li>\n<li>&emsp;&emsp; Stru\u010dni \u010dlanak<\/li>\n<\/ul>\n<\/li>\n<p>  &nbsp;<\/p>\n<li><a href=\"https:\/\/stranijezici.ffzg.unizg.hr\/wp-content\/uploads\/2019\/06\/SJ_38_3_2.pdf\" target=\"_blank\"><strong>ENTWICKLUNG DER KOLLOKATIONSKOMPETENZ IM FREMDSPRACHENUNTERRICHT <\/strong><\/a> (str. 277-284)<\/li>\n<ul style=\"list-style-type:none\">\n<li>&emsp;&emsp; Mirjana \u0160njari\u0107<\/li>\n<li>&emsp;&emsp; Stru\u010dni \u010dlanak<\/li>\n<\/ul>\n<\/li>\n<p>  &nbsp;<\/p>\n<li><a href=\"https:\/\/stranijezici.ffzg.unizg.hr\/wp-content\/uploads\/2019\/06\/SJ_38_3_3.pdf\" target=\"_blank\"><strong>QUANDO IL VERBO NON \u00c8 SOLO UN VERBO. (SEGNALI DISCORSIVI DI ORIGINE VERBALE) <\/strong><\/a> (str. 285-296)<\/li>\n<ul style=\"list-style-type:none\">\n<li>&emsp;&emsp; Magdalena Nigoevi\u0107, Katarina Peri\u0161i\u0107<\/li>\n<li>&emsp;&emsp; Izvorni znanstveni \u010dlanak<\/li>\n<\/ul>\n<\/li>\n<p>  &nbsp;<\/p>\n<li><a href=\"https:\/\/stranijezici.ffzg.unizg.hr\/wp-content\/uploads\/2019\/06\/SJ_38_3_4.pdf\" target=\"_blank\"><strong>VARIOUS SEMANTIC ASPECTS OF ENGLISH  -SHIP SUFFIXATIO<\/strong><\/a> (str.297-302)<\/li>\n<ul style=\"list-style-type:none\">\n<li>&emsp;&emsp; Sini\u0161a Nin\u010devi\u0107<\/li>\n<li>&emsp;&emsp; Znanstveni pregledni \u010dlanak<\/li>\n<\/ul>\n<\/li>\n<p>  &nbsp;<\/p>\n<li><a href=\"https:\/\/stranijezici.ffzg.unizg.hr\/wp-content\/uploads\/2019\/06\/SJ_38_3_5.pdf\" target=\"_blank\"><strong>SKRA\u0106ENICE U NJEMA\u010cKOM JEZIKU POLICIJSKO-PRAVNE STRUKE <\/strong><\/a> (str. 303-310)<\/li>\n<ul style=\"list-style-type:none\">\n<li>&emsp;&emsp; Dragica Dragi\u010devi\u0107<\/li>\n<li>&emsp;&emsp; Stru\u010dni \u010dlanak<\/li>\n<\/ul>\n<\/li>\n<p>  &nbsp;<\/p>\n<li><a href=\"https:\/\/stranijezici.ffzg.unizg.hr\/wp-content\/uploads\/2019\/06\/SJ_38_3_6.pdf\" target=\"_blank\"><strong>POSTOJI LI POTREBA ZA U\u010cENJEM OP\u0106EGA ENGLESKOG JEZIKA NA FAKULTETIMA? <\/strong><\/a> (str. 311-320)<\/li>\n<ul style=\"list-style-type:none\">\n<li>&emsp;&emsp; Gorana Duplan\u010di\u0107 Rogo\u0161i\u0107<\/li>\n<li>&emsp;&emsp; Stru\u010dni \u010dlanak<\/li>\n<\/ul>\n<\/li>\n<p>  &nbsp;<\/p>\n<li><a href=\"https:\/\/stranijezici.ffzg.unizg.hr\/wp-content\/uploads\/2019\/06\/SJ_38_3_7.pdf\" target=\"_blank\"><strong>PROJEKTNA NASTAVA U NASTAVI STRANIH JEZIKA <\/strong><\/a> (str. 321-330)<\/li>\n<ul style=\"list-style-type:none\">\n<li>&emsp;&emsp; Mia Vrbanac<\/li>\n<li>&emsp;&emsp; Stru\u010dni \u010dlanak<\/li>\n<\/ul>\n<\/li>\n<p>  &nbsp;<\/p>\n<li><a href=\"https:\/\/stranijezici.ffzg.unizg.hr\/wp-content\/uploads\/2019\/06\/SJ_38_3_8.pdf\" target=\"_blank\"><strong>GDANJSKI FILOLO\u0160KI \u010cASOPIS <\/strong><\/a> (str. 331-334)<\/li>\n<ul style=\"list-style-type:none\">\n<li>&emsp;&emsp; Ljiljana Koleni\u0107<\/li>\n<li>&emsp;&emsp; Prikaz<\/li>\n<\/ul>\n<\/li>\n<p>  &nbsp;<\/p>\n<li><a href=\"https:\/\/stranijezici.ffzg.unizg.hr\/wp-content\/uploads\/2019\/06\/SJ_38_3_9.pdf\" target=\"_blank\"><strong>PRIKAZ UD\u017dBENIKA ZA U\u010cENJE TALIJANSKOGA JEZIKA VIAGGIO IN ITALIA<\/strong><\/a> (str. 335-340)<\/li>\n<ul style=\"list-style-type:none\">\n<li>&emsp;&emsp; Katarina Krni\u0107<\/li>\n<li>&emsp;&emsp; Prikaz<\/li>\n<\/ul>\n<\/li>\n<p>  &nbsp;<\/p>\n<li><a href=\"https:\/\/stranijezici.ffzg.unizg.hr\/wp-content\/uploads\/2019\/06\/SJ_38_3_10.pdf\" target=\"_blank\"><strong>PRIKAZ UD\u017dBENIKA PETER STRUTTA: ENGLISH FOR INTERNATIONAL TOURISM &#8211; INTERMEDIATE <\/strong><\/a> (str. 341-344)<\/li>\n<ul style=\"list-style-type:none\">\n<li>&emsp;&emsp; Ivana Vodogaz<\/li>\n<li>&emsp;&emsp; Prikaz<\/li>\n<\/ul>\n<\/li>\n<p>  &nbsp;<\/p>\n<li><a href=\"https:\/\/stranijezici.ffzg.unizg.hr\/wp-content\/uploads\/2019\/06\/SJ_38_3_11.pdf\" target=\"_blank\"><strong>PRIKAZ UD\u017dBENIKA ZA U\u010cENJE POSLOVNOG ENGLESKOG JEZIKA \u2013 PROFILE 2<\/strong><\/a> (str. 345-347)<\/li>\n<ul style=\"list-style-type:none\">\n<li>&emsp;&emsp; Edita \u0160alov<\/li>\n<li>&emsp;&emsp; Prikaz<\/li>\n<\/ul>\n<\/li>\n<p>  &nbsp;\n<\/ul>\n","protected":false},"excerpt":{"rendered":"<p>UVODNA RIJE\u010c &nbsp; HIPERAKTIVNO DIJETE I U\u010cENJE STRANOGA JEZIKA (str. 263-276) &emsp;&emsp; Ivana \u010cizmi\u0107 &emsp;&emsp; Stru\u010dni \u010dlanak &nbsp; ENTWICKLUNG DER KOLLOKATIONSKOMPETENZ IM FREMDSPRACHENUNTERRICHT (str. 277-284) &emsp;&emsp; Mirjana \u0160njari\u0107 &emsp;&emsp; Stru\u010dni \u010dlanak &nbsp; QUANDO IL VERBO NON \u00c8 SOLO UN VERBO. (SEGNALI DISCORSIVI DI ORIGINE VERBALE) (str. 285-296) &emsp;&emsp; Magdalena Nigoevi\u0107, Katarina Peri\u0161i\u0107 &emsp;&emsp; Izvorni znanstveni &hellip; <\/p>\n<p class=\"link-more\"><a href=\"https:\/\/stranijezici.ffzg.unizg.hr\/index.php\/vol38n3\/\" class=\"more-link\">Continue reading<span class=\"screen-reader-text\"> &#8220;Vol 38. (3)&#8221;<\/span><\/a><\/p>\n","protected":false},"author":2,"featured_media":0,"parent":0,"menu_order":0,"comment_status":"closed","ping_status":"closed","template":"","meta":{"ngg_post_thumbnail":0,"footnotes":""},"class_list":["post-553","page","type-page","status-publish","hentry"],"_links":{"self":[{"href":"https:\/\/stranijezici.ffzg.unizg.hr\/index.php\/wp-json\/wp\/v2\/pages\/553","targetHints":{"allow":["GET"]}}],"collection":[{"href":"https:\/\/stranijezici.ffzg.unizg.hr\/index.php\/wp-json\/wp\/v2\/pages"}],"about":[{"href":"https:\/\/stranijezici.ffzg.unizg.hr\/index.php\/wp-json\/wp\/v2\/types\/page"}],"author":[{"embeddable":true,"href":"https:\/\/stranijezici.ffzg.unizg.hr\/index.php\/wp-json\/wp\/v2\/users\/2"}],"replies":[{"embeddable":true,"href":"https:\/\/stranijezici.ffzg.unizg.hr\/index.php\/wp-json\/wp\/v2\/comments?post=553"}],"version-history":[{"count":6,"href":"https:\/\/stranijezici.ffzg.unizg.hr\/index.php\/wp-json\/wp\/v2\/pages\/553\/revisions"}],"predecessor-version":[{"id":1846,"href":"https:\/\/stranijezici.ffzg.unizg.hr\/index.php\/wp-json\/wp\/v2\/pages\/553\/revisions\/1846"}],"wp:attachment":[{"href":"https:\/\/stranijezici.ffzg.unizg.hr\/index.php\/wp-json\/wp\/v2\/media?parent=553"}],"curies":[{"name":"wp","href":"https:\/\/api.w.org\/{rel}","templated":true}]}}