{"id":5128,"date":"2026-03-30T08:37:48","date_gmt":"2026-03-30T08:37:48","guid":{"rendered":"https:\/\/stranijezici.ffzg.unizg.hr\/?page_id=5128"},"modified":"2026-03-30T08:59:18","modified_gmt":"2026-03-30T08:59:18","slug":"vol-54-2","status":"publish","type":"page","link":"https:\/\/stranijezici.ffzg.unizg.hr\/index.php\/vol-54-2\/","title":{"rendered":"Vol 54. (2)"},"content":{"rendered":"<p><span style=\"font-size: 11pt; color: #447373;\"><strong>2025.,<\/strong> <strong>Vol. 54, <span style=\"color: #447373;\">No.<\/span> 2<\/strong><\/span><\/p>\n<p><strong><span style=\"font-size: 14pt; color: #447373;\"><span style=\"color: #b8d1d1;\">***<br \/>\n<\/span><\/span><\/strong><\/p>\n<p>Vi\u0161nja \u010ci\u010din-\u0160ain<br \/>\n<strong><a href=\"https:\/\/stranijezici.ffzg.unizg.hr\/wp-content\/uploads\/2026\/03\/SJ_54_2_1.pdf\" target=\"_blank\" rel=\"noopener\">Izme\u0111u straha od stranoga jezika i jezi\u010dnoga zadovoljstva: idiodinami\u010dka studija afektivnih oscilacija u komunikaciji na stranome jeziku<\/a><br \/>\n<\/strong>\u2013 str. 213<br \/>\n(izvorni znanstveni rad)<\/p>\n<p>&nbsp;<\/p>\n<p>Ivana \u0160ari\u0107 \u0160ok\u010devi\u0107<br \/>\n<strong><a href=\"https:\/\/stranijezici.ffzg.unizg.hr\/wp-content\/uploads\/2026\/03\/SJ_54_2_2.pdf\" target=\"_blank\" rel=\"noopener\">On personal pronouns in Croatian GFL learners\u2019 argumentative texts<\/a>&nbsp;<br \/>\n<\/strong>\u2013 str. 251<br \/>\n(izvorni znanstveni rad)<\/p>\n<p>&nbsp;<\/p>\n<p>Mirela Landsman Vinkovi\u0107 i Valentina Bla\u017eini\u0107<br \/>\n<strong><a href=\"https:\/\/stranijezici.ffzg.unizg.hr\/wp-content\/uploads\/2026\/03\/SJ_54_2_3.pdf\" target=\"_blank\" rel=\"noopener\">Mediation in zulassungspflichtigen kroatischen DaF-Grundschullehrwerken<\/a>&nbsp;<br \/>\n<\/strong>\u2013 str. 285<br \/>\n(izvorni znanstveni rad)<\/p>\n<p>&nbsp;<\/p>\n<p>Igor Dvor\u0161\u0107ak<br \/>\n<strong><a href=\"https:\/\/stranijezici.ffzg.unizg.hr\/wp-content\/uploads\/2026\/03\/SJ_54_2_4.pdf\" target=\"_blank\" rel=\"noopener\">O vokativu kao rubnome pade\u017eu<\/a>&nbsp;<br \/>\n<\/strong>\u2013 str. 307<br \/>\n(pregledni rad)<\/p>\n<p>&nbsp;<\/p>\n<p>Marija Konsuo Kuzmani\u0107 i Rebeka Milkovi\u0107<br \/>\n<strong><a href=\"https:\/\/stranijezici.ffzg.unizg.hr\/wp-content\/uploads\/2026\/03\/SJ_54_2_5.pdf\" target=\"_blank\" rel=\"noopener\">Utjecaj dobi i razine obrazovanja na stavove i uvjerenja u\u010denika hrvatskoga kao inoga jezika<\/a>&nbsp;<br \/>\n<\/strong>\u2013 str. 331<br \/>\n(stru\u010dni rad)<\/p>\n<p><img loading=\"lazy\" decoding=\"async\" class=\"alignnone size-full wp-image-5139\" src=\"https:\/\/stranijezici.ffzg.unizg.hr\/wp-content\/uploads\/2026\/03\/NASLOVNICA-54-2-2025-A-i-B.png\" alt=\"\" width=\"750\" height=\"523\" srcset=\"https:\/\/stranijezici.ffzg.unizg.hr\/wp-content\/uploads\/2026\/03\/NASLOVNICA-54-2-2025-A-i-B.png 750w, https:\/\/stranijezici.ffzg.unizg.hr\/wp-content\/uploads\/2026\/03\/NASLOVNICA-54-2-2025-A-i-B-300x209.png 300w, https:\/\/stranijezici.ffzg.unizg.hr\/wp-content\/uploads\/2026\/03\/NASLOVNICA-54-2-2025-A-i-B-24x17.png 24w, https:\/\/stranijezici.ffzg.unizg.hr\/wp-content\/uploads\/2026\/03\/NASLOVNICA-54-2-2025-A-i-B-36x25.png 36w, https:\/\/stranijezici.ffzg.unizg.hr\/wp-content\/uploads\/2026\/03\/NASLOVNICA-54-2-2025-A-i-B-48x33.png 48w\" sizes=\"auto, (max-width: 706px) 89vw, (max-width: 767px) 82vw, 740px\" \/><\/p>\n<p><img loading=\"lazy\" decoding=\"async\" class=\"alignnone size-full wp-image-5140\" src=\"https:\/\/stranijezici.ffzg.unizg.hr\/wp-content\/uploads\/2026\/03\/NASLOVNICA-54-2-2025-A.png\" alt=\"\" width=\"412\" height=\"597\" srcset=\"https:\/\/stranijezici.ffzg.unizg.hr\/wp-content\/uploads\/2026\/03\/NASLOVNICA-54-2-2025-A.png 412w, https:\/\/stranijezici.ffzg.unizg.hr\/wp-content\/uploads\/2026\/03\/NASLOVNICA-54-2-2025-A-207x300.png 207w, https:\/\/stranijezici.ffzg.unizg.hr\/wp-content\/uploads\/2026\/03\/NASLOVNICA-54-2-2025-A-17x24.png 17w, https:\/\/stranijezici.ffzg.unizg.hr\/wp-content\/uploads\/2026\/03\/NASLOVNICA-54-2-2025-A-25x36.png 25w, https:\/\/stranijezici.ffzg.unizg.hr\/wp-content\/uploads\/2026\/03\/NASLOVNICA-54-2-2025-A-33x48.png 33w\" sizes=\"auto, (max-width: 412px) 100vw, 412px\" \/><\/p>\n","protected":false},"excerpt":{"rendered":"<p>2025., Vol. 54, No. 2 *** Vi\u0161nja \u010ci\u010din-\u0160ain Izme\u0111u straha od stranoga jezika i jezi\u010dnoga zadovoljstva: idiodinami\u010dka studija afektivnih oscilacija u komunikaciji na stranome jeziku \u2013 str. 213 (izvorni znanstveni rad) &nbsp; Ivana \u0160ari\u0107 \u0160ok\u010devi\u0107 On personal pronouns in Croatian GFL learners\u2019 argumentative texts&nbsp; \u2013 str. 251 (izvorni znanstveni rad) &nbsp; Mirela Landsman Vinkovi\u0107 i &hellip; <\/p>\n<p class=\"link-more\"><a href=\"https:\/\/stranijezici.ffzg.unizg.hr\/index.php\/vol-54-2\/\" class=\"more-link\">Continue reading<span class=\"screen-reader-text\"> &#8220;Vol 54. (2)&#8221;<\/span><\/a><\/p>\n","protected":false},"author":3,"featured_media":0,"parent":0,"menu_order":0,"comment_status":"closed","ping_status":"closed","template":"","meta":{"ngg_post_thumbnail":0,"footnotes":""},"class_list":["post-5128","page","type-page","status-publish","hentry"],"_links":{"self":[{"href":"https:\/\/stranijezici.ffzg.unizg.hr\/index.php\/wp-json\/wp\/v2\/pages\/5128","targetHints":{"allow":["GET"]}}],"collection":[{"href":"https:\/\/stranijezici.ffzg.unizg.hr\/index.php\/wp-json\/wp\/v2\/pages"}],"about":[{"href":"https:\/\/stranijezici.ffzg.unizg.hr\/index.php\/wp-json\/wp\/v2\/types\/page"}],"author":[{"embeddable":true,"href":"https:\/\/stranijezici.ffzg.unizg.hr\/index.php\/wp-json\/wp\/v2\/users\/3"}],"replies":[{"embeddable":true,"href":"https:\/\/stranijezici.ffzg.unizg.hr\/index.php\/wp-json\/wp\/v2\/comments?post=5128"}],"version-history":[{"count":6,"href":"https:\/\/stranijezici.ffzg.unizg.hr\/index.php\/wp-json\/wp\/v2\/pages\/5128\/revisions"}],"predecessor-version":[{"id":5141,"href":"https:\/\/stranijezici.ffzg.unizg.hr\/index.php\/wp-json\/wp\/v2\/pages\/5128\/revisions\/5141"}],"wp:attachment":[{"href":"https:\/\/stranijezici.ffzg.unizg.hr\/index.php\/wp-json\/wp\/v2\/media?parent=5128"}],"curies":[{"name":"wp","href":"https:\/\/api.w.org\/{rel}","templated":true}]}}