{"id":5098,"date":"2025-12-09T14:18:33","date_gmt":"2025-12-09T14:18:33","guid":{"rendered":"https:\/\/stranijezici.ffzg.unizg.hr\/?page_id=5098"},"modified":"2025-12-09T15:50:51","modified_gmt":"2025-12-09T15:50:51","slug":"vol-54-1","status":"publish","type":"page","link":"https:\/\/stranijezici.ffzg.unizg.hr\/index.php\/vol-54-1\/","title":{"rendered":"Vol 54. (1)"},"content":{"rendered":"<p><span style=\"font-size: 11pt; color: #447373;\"><strong>2025.,<\/strong> <strong>Vol. 54, <span style=\"color: #447373;\">No.<\/span> 1<\/strong><\/span><\/p>\n<p><strong><span style=\"font-size: 14pt; color: #447373;\"><span style=\"color: #b8d1d1;\">***<br \/>\n<\/span><\/span><\/strong><\/p>\n<p>Gordana Dobravac<br \/>\n<strong><a href=\"https:\/\/stranijezici.ffzg.unizg.hr\/wp-content\/uploads\/2025\/12\/SJ_54_1_1.pdf\" target=\"_blank\" rel=\"noopener\">Stvaranje nove strategije odre\u0111ivanja vr\u0161itelja radnje u po\u010detnoj fazi u\u010denja hrvatskoga kao stranoga jezika<\/a><br \/>\n<\/strong>&#8211; str. 5<br \/>\n(izvorni znanstveni rad)<\/p>\n<p>Emir \u0160i\u0161i\u0107<br \/>\n<strong><a href=\"https:\/\/stranijezici.ffzg.unizg.hr\/wp-content\/uploads\/2025\/12\/SJ_54_1_2.pdf\" target=\"_blank\" rel=\"noopener\">L\u2019emploi des adjectifs en ant\u00e9position, en postposition et en position attributive : le poids des adjectifs dans un corpus d\u2019allophones<\/a>&nbsp;<br \/>\n<\/strong>&#8211; str. 35<br \/>\n(izvorni znanstveni rad)<\/p>\n<p>Dra\u017eenka Molnar<br \/>\n<a href=\"https:\/\/stranijezici.ffzg.unizg.hr\/wp-content\/uploads\/2025\/12\/SJ_54_1_3.pdf\" target=\"_blank\" rel=\"noopener\"><strong>A Cultural Content Analysis of Four EFL Textbooks for Younger Learners in Croatia<\/strong><\/a><strong><br \/>\n<\/strong>&#8211; str. 61<br \/>\n(prethodno priop\u0107enje)<\/p>\n<p>Rene \u010cipanj Banja<br \/>\n<strong><a href=\"https:\/\/stranijezici.ffzg.unizg.hr\/wp-content\/uploads\/2025\/12\/SJ_54_1_4.pdf\" target=\"_blank\" rel=\"noopener\">Utjecaj ma\u0111arskoga jezika pri usvajanju i uporabi glagolske rekcije u procesu u\u010denja hrvatskoga jezika kao inoga<\/a>&nbsp;<br \/>\n<\/strong>&#8211; str. 93<br \/>\n(prethodno priop\u0107enje)<\/p>\n<p>Dario Mar\u0161ani\u0107 i Anita Badurina Filipin<br \/>\n<strong><a href=\"https:\/\/stranijezici.ffzg.unizg.hr\/wp-content\/uploads\/2025\/12\/SJ_54_1_5.pdf\" target=\"_blank\" rel=\"noopener\">Die Rolle von YouTube-Lernvideos beim Erwerb des deutschen Passivs auf A2-Niveau<\/a>&nbsp;<br \/>\n<\/strong>&#8211; str. 109<br \/>\n(stru\u010dni rad)<\/p>\n<p>Darko Kasani\u0107<br \/>\n<strong><a href=\"https:\/\/stranijezici.ffzg.unizg.hr\/wp-content\/uploads\/2025\/12\/SJ_54_1_6.pdf\" target=\"_blank\" rel=\"noopener\">The Role of Video Games in Learning EFL: A Case Study<\/a>&nbsp;<br \/>\n<\/strong>&#8211; str. 135<br \/>\n(stru\u010dni rad)<\/p>\n<p>Anna Martinovi\u0107<br \/>\n<strong><a href=\"https:\/\/stranijezici.ffzg.unizg.hr\/wp-content\/uploads\/2025\/12\/SJ_54_1_7.pdf\" target=\"_blank\" rel=\"noopener\">Implementing the Action-Oriented Approach: Enhancing English Language Teaching in Croatia through Scenarios<\/a>&nbsp;<br \/>\n<\/strong>&#8211; str. 163<br \/>\n(stru\u010dni rad)<\/p>\n<h1><strong>&nbsp;<br \/>\n<\/strong>Prikazi<\/h1>\n<p>Marija Petri\u0107<br \/>\n<strong><a href=\"https:\/\/stranijezici.ffzg.unizg.hr\/wp-content\/uploads\/2025\/12\/SJ_54_1_8.pdf\" target=\"_blank\" rel=\"noopener\">Zbornik radova s 37. me\u0111unarodnog znanstvenog skupa Hrvatskog dru\u0161tva za primijenjenu lingvistiku: Jezik i migracije<\/a>&nbsp;<br \/>\n<\/strong>&#8211; str. 191<\/p>\n<p><img loading=\"lazy\" decoding=\"async\" class=\"alignnone size-full wp-image-5113\" src=\"https:\/\/stranijezici.ffzg.unizg.hr\/wp-content\/uploads\/2025\/12\/NASLOVNICA-54-1-2025-A-i-B.png\" alt=\"\" width=\"750\" height=\"517\" srcset=\"https:\/\/stranijezici.ffzg.unizg.hr\/wp-content\/uploads\/2025\/12\/NASLOVNICA-54-1-2025-A-i-B.png 750w, https:\/\/stranijezici.ffzg.unizg.hr\/wp-content\/uploads\/2025\/12\/NASLOVNICA-54-1-2025-A-i-B-300x207.png 300w, https:\/\/stranijezici.ffzg.unizg.hr\/wp-content\/uploads\/2025\/12\/NASLOVNICA-54-1-2025-A-i-B-24x17.png 24w, https:\/\/stranijezici.ffzg.unizg.hr\/wp-content\/uploads\/2025\/12\/NASLOVNICA-54-1-2025-A-i-B-36x25.png 36w, https:\/\/stranijezici.ffzg.unizg.hr\/wp-content\/uploads\/2025\/12\/NASLOVNICA-54-1-2025-A-i-B-48x33.png 48w\" sizes=\"auto, (max-width: 706px) 89vw, (max-width: 767px) 82vw, 740px\" \/><\/p>\n<p><strong> <img loading=\"lazy\" decoding=\"async\" class=\"alignnone size-full wp-image-5114\" src=\"https:\/\/stranijezici.ffzg.unizg.hr\/wp-content\/uploads\/2025\/12\/NASLOVNICA-54-1-2025-A.png\" alt=\"\" width=\"413\" height=\"591\" srcset=\"https:\/\/stranijezici.ffzg.unizg.hr\/wp-content\/uploads\/2025\/12\/NASLOVNICA-54-1-2025-A.png 413w, https:\/\/stranijezici.ffzg.unizg.hr\/wp-content\/uploads\/2025\/12\/NASLOVNICA-54-1-2025-A-210x300.png 210w, https:\/\/stranijezici.ffzg.unizg.hr\/wp-content\/uploads\/2025\/12\/NASLOVNICA-54-1-2025-A-17x24.png 17w, https:\/\/stranijezici.ffzg.unizg.hr\/wp-content\/uploads\/2025\/12\/NASLOVNICA-54-1-2025-A-25x36.png 25w, https:\/\/stranijezici.ffzg.unizg.hr\/wp-content\/uploads\/2025\/12\/NASLOVNICA-54-1-2025-A-34x48.png 34w\" sizes=\"auto, (max-width: 413px) 100vw, 413px\" \/><\/strong><\/p>\n<p>&nbsp;<\/p>\n","protected":false},"excerpt":{"rendered":"<p>2025., Vol. 54, No. 1 *** Gordana Dobravac Stvaranje nove strategije odre\u0111ivanja vr\u0161itelja radnje u po\u010detnoj fazi u\u010denja hrvatskoga kao stranoga jezika &#8211; str. 5 (izvorni znanstveni rad) Emir \u0160i\u0161i\u0107 L\u2019emploi des adjectifs en ant\u00e9position, en postposition et en position attributive : le poids des adjectifs dans un corpus d\u2019allophones&nbsp; &#8211; str. 35 (izvorni znanstveni &hellip; <\/p>\n<p class=\"link-more\"><a href=\"https:\/\/stranijezici.ffzg.unizg.hr\/index.php\/vol-54-1\/\" class=\"more-link\">Continue reading<span class=\"screen-reader-text\"> &#8220;Vol 54. (1)&#8221;<\/span><\/a><\/p>\n","protected":false},"author":3,"featured_media":0,"parent":0,"menu_order":0,"comment_status":"closed","ping_status":"closed","template":"","meta":{"ngg_post_thumbnail":0,"footnotes":""},"class_list":["post-5098","page","type-page","status-publish","hentry"],"_links":{"self":[{"href":"https:\/\/stranijezici.ffzg.unizg.hr\/index.php\/wp-json\/wp\/v2\/pages\/5098","targetHints":{"allow":["GET"]}}],"collection":[{"href":"https:\/\/stranijezici.ffzg.unizg.hr\/index.php\/wp-json\/wp\/v2\/pages"}],"about":[{"href":"https:\/\/stranijezici.ffzg.unizg.hr\/index.php\/wp-json\/wp\/v2\/types\/page"}],"author":[{"embeddable":true,"href":"https:\/\/stranijezici.ffzg.unizg.hr\/index.php\/wp-json\/wp\/v2\/users\/3"}],"replies":[{"embeddable":true,"href":"https:\/\/stranijezici.ffzg.unizg.hr\/index.php\/wp-json\/wp\/v2\/comments?post=5098"}],"version-history":[{"count":7,"href":"https:\/\/stranijezici.ffzg.unizg.hr\/index.php\/wp-json\/wp\/v2\/pages\/5098\/revisions"}],"predecessor-version":[{"id":5115,"href":"https:\/\/stranijezici.ffzg.unizg.hr\/index.php\/wp-json\/wp\/v2\/pages\/5098\/revisions\/5115"}],"wp:attachment":[{"href":"https:\/\/stranijezici.ffzg.unizg.hr\/index.php\/wp-json\/wp\/v2\/media?parent=5098"}],"curies":[{"name":"wp","href":"https:\/\/api.w.org\/{rel}","templated":true}]}}