{"id":5066,"date":"2025-03-18T16:08:24","date_gmt":"2025-03-18T16:08:24","guid":{"rendered":"https:\/\/stranijezici.ffzg.unizg.hr\/?page_id=5066"},"modified":"2025-04-24T14:52:10","modified_gmt":"2025-04-24T14:52:10","slug":"vol-53-2","status":"publish","type":"page","link":"https:\/\/stranijezici.ffzg.unizg.hr\/index.php\/vol-53-2\/","title":{"rendered":"Vol 53. (2)"},"content":{"rendered":"<p><span style=\"font-size: 11pt; color: #447373;\"><strong>2024.,<\/strong> <strong>Vol. 53, <span style=\"color: #447373;\">No.<\/span> 2<\/strong><\/span><\/p>\n<p><strong><span style=\"font-size: 14pt; color: #447373;\"><span style=\"color: #b8d1d1;\">***<br \/>\n<\/span><\/span><\/strong><\/p>\n<p>Leonard Pon<br \/>\n<strong><a href=\"https:\/\/stranijezici.ffzg.unizg.hr\/wp-content\/uploads\/2025\/04\/SJ_53_2_1.pdf\" target=\"_blank\" rel=\"noopener\">Zur Verwendung von Adverbkonnektoren in der L2 und L1<\/a><br \/>\n<\/strong>\u2013 str. 167<br \/>\n(izvorni znanstveni rad)<\/p>\n<p>Lukas Paun<br \/>\n<strong><a href=\"https:\/\/stranijezici.ffzg.unizg.hr\/wp-content\/uploads\/2025\/04\/SJ_53_2_2.pdf\" target=\"_blank\" rel=\"noopener\">Primjena ChatGPT-ja u izradi zadataka razumijevanja tekstova za \u010ditanje i slu\u0161anje<\/a><br \/>\n<\/strong>\u2013 str. 195<br \/>\n(prethodno priop\u0107enje)<\/p>\n<p>Juraj Ozmec<br \/>\n<strong><a href=\"https:\/\/stranijezici.ffzg.unizg.hr\/wp-content\/uploads\/2025\/04\/SJ_53_2_3.pdf\" target=\"_blank\" rel=\"noopener\">Zastupljenost varijeteta u srednjo\u0161kolskim ud\u017ebenicima njema\u010dkoga kao stranoga jezika<\/a><br \/>\n<\/strong>\u2013 str. 215<br \/>\n(prethodno priop\u0107enje)<\/p>\n<p>Antonia Ordulj i Ranka \u0110ur\u0111evi\u0107<br \/>\n<strong><a href=\"https:\/\/stranijezici.ffzg.unizg.hr\/wp-content\/uploads\/2025\/04\/SJ_53_2_4.pdf\" target=\"_blank\" rel=\"noopener\">Procjenjivanje pisane proizvodnje na razini A2 u hrvatskom kao inom jeziku<\/a><br \/>\n<\/strong>\u2013 str. 247<br \/>\n(stru\u010dni rad)<\/p>\n<h1>Prikazi<\/h1>\n<p>Rene \u010cipanj Banja<br \/>\n<strong><a href=\"https:\/\/stranijezici.ffzg.unizg.hr\/wp-content\/uploads\/2025\/04\/SJ_53_2_5.pdf\" target=\"_blank\" rel=\"noopener\">Kre\u0161imir Su\u010devi\u0107 Me\u0111eral: \u201eMa\u0111arski glagolski prefiksi \u2013 o\u010dima Hrvata\u201d<\/a><\/strong><br \/>\n\u2013 str. 267<\/p>\n<p>Kristine Petru\u0161i\u0107<br \/>\n<strong><a href=\"https:\/\/stranijezici.ffzg.unizg.hr\/wp-content\/uploads\/2025\/04\/SJ_53_2_6.pdf\" target=\"_blank\" rel=\"noopener\">\u201eMe\u0111unarodni znanstveni skup UZRT 2024: Early language learning in formal contexts\u201c<\/a><br \/>\n<\/strong>\u2013 str. 275<\/p>\n<p><img loading=\"lazy\" decoding=\"async\" class=\"alignnone size-full wp-image-5081\" src=\"https:\/\/stranijezici.ffzg.unizg.hr\/wp-content\/uploads\/2025\/04\/NASLOVNICA-53-2-2024-A-i-B.png\" alt=\"\" width=\"748\" height=\"517\" srcset=\"https:\/\/stranijezici.ffzg.unizg.hr\/wp-content\/uploads\/2025\/04\/NASLOVNICA-53-2-2024-A-i-B.png 748w, https:\/\/stranijezici.ffzg.unizg.hr\/wp-content\/uploads\/2025\/04\/NASLOVNICA-53-2-2024-A-i-B-300x207.png 300w, https:\/\/stranijezici.ffzg.unizg.hr\/wp-content\/uploads\/2025\/04\/NASLOVNICA-53-2-2024-A-i-B-24x17.png 24w, https:\/\/stranijezici.ffzg.unizg.hr\/wp-content\/uploads\/2025\/04\/NASLOVNICA-53-2-2024-A-i-B-36x25.png 36w, https:\/\/stranijezici.ffzg.unizg.hr\/wp-content\/uploads\/2025\/04\/NASLOVNICA-53-2-2024-A-i-B-48x33.png 48w\" sizes=\"auto, (max-width: 706px) 89vw, (max-width: 767px) 82vw, 740px\" \/><\/p>\n<p><img loading=\"lazy\" decoding=\"async\" class=\"alignnone size-full wp-image-5082\" src=\"https:\/\/stranijezici.ffzg.unizg.hr\/wp-content\/uploads\/2025\/04\/NASLOVNICA-53-2-2024-A.png\" alt=\"\" width=\"414\" height=\"604\" srcset=\"https:\/\/stranijezici.ffzg.unizg.hr\/wp-content\/uploads\/2025\/04\/NASLOVNICA-53-2-2024-A.png 414w, https:\/\/stranijezici.ffzg.unizg.hr\/wp-content\/uploads\/2025\/04\/NASLOVNICA-53-2-2024-A-206x300.png 206w, https:\/\/stranijezici.ffzg.unizg.hr\/wp-content\/uploads\/2025\/04\/NASLOVNICA-53-2-2024-A-16x24.png 16w, https:\/\/stranijezici.ffzg.unizg.hr\/wp-content\/uploads\/2025\/04\/NASLOVNICA-53-2-2024-A-25x36.png 25w, https:\/\/stranijezici.ffzg.unizg.hr\/wp-content\/uploads\/2025\/04\/NASLOVNICA-53-2-2024-A-33x48.png 33w\" sizes=\"auto, (max-width: 414px) 100vw, 414px\" \/><\/p>\n","protected":false},"excerpt":{"rendered":"<p>2024., Vol. 53, No. 2 *** Leonard Pon Zur Verwendung von Adverbkonnektoren in der L2 und L1 \u2013 str. 167 (izvorni znanstveni rad) Lukas Paun Primjena ChatGPT-ja u izradi zadataka razumijevanja tekstova za \u010ditanje i slu\u0161anje \u2013 str. 195 (prethodno priop\u0107enje) Juraj Ozmec Zastupljenost varijeteta u srednjo\u0161kolskim ud\u017ebenicima njema\u010dkoga kao stranoga jezika \u2013 str. 215 &hellip; <\/p>\n<p class=\"link-more\"><a href=\"https:\/\/stranijezici.ffzg.unizg.hr\/index.php\/vol-53-2\/\" class=\"more-link\">Continue reading<span class=\"screen-reader-text\"> &#8220;Vol 53. (2)&#8221;<\/span><\/a><\/p>\n","protected":false},"author":3,"featured_media":0,"parent":0,"menu_order":0,"comment_status":"closed","ping_status":"closed","template":"","meta":{"ngg_post_thumbnail":0,"footnotes":""},"class_list":["post-5066","page","type-page","status-publish","hentry"],"_links":{"self":[{"href":"https:\/\/stranijezici.ffzg.unizg.hr\/index.php\/wp-json\/wp\/v2\/pages\/5066","targetHints":{"allow":["GET"]}}],"collection":[{"href":"https:\/\/stranijezici.ffzg.unizg.hr\/index.php\/wp-json\/wp\/v2\/pages"}],"about":[{"href":"https:\/\/stranijezici.ffzg.unizg.hr\/index.php\/wp-json\/wp\/v2\/types\/page"}],"author":[{"embeddable":true,"href":"https:\/\/stranijezici.ffzg.unizg.hr\/index.php\/wp-json\/wp\/v2\/users\/3"}],"replies":[{"embeddable":true,"href":"https:\/\/stranijezici.ffzg.unizg.hr\/index.php\/wp-json\/wp\/v2\/comments?post=5066"}],"version-history":[{"count":7,"href":"https:\/\/stranijezici.ffzg.unizg.hr\/index.php\/wp-json\/wp\/v2\/pages\/5066\/revisions"}],"predecessor-version":[{"id":5083,"href":"https:\/\/stranijezici.ffzg.unizg.hr\/index.php\/wp-json\/wp\/v2\/pages\/5066\/revisions\/5083"}],"wp:attachment":[{"href":"https:\/\/stranijezici.ffzg.unizg.hr\/index.php\/wp-json\/wp\/v2\/media?parent=5066"}],"curies":[{"name":"wp","href":"https:\/\/api.w.org\/{rel}","templated":true}]}}