{"id":4995,"date":"2025-02-13T15:16:32","date_gmt":"2025-02-13T15:16:32","guid":{"rendered":"https:\/\/stranijezici.ffzg.unizg.hr\/?page_id=4995"},"modified":"2025-02-17T17:01:37","modified_gmt":"2025-02-17T17:01:37","slug":"vol17n1","status":"publish","type":"page","link":"https:\/\/stranijezici.ffzg.unizg.hr\/index.php\/vol17n1\/","title":{"rendered":"Vol 17. (1)"},"content":{"rendered":"<p><span style=\"font-size: 10pt; color: #447373;\"><strong>1988.,<\/strong> <strong>Vol. 17, No. 1<br \/>\n<\/strong><\/span><\/p>\n<p><strong><a href=\"https:\/\/stranijezici.ffzg.unizg.hr\/wp-content\/uploads\/2025\/02\/SJ_17_1_0.pdf\">Uvodna rije\u010d (Damir Kalogjera i Mirjana Vilke)<\/a><\/strong><br \/>\nstr. 1<\/p>\n<h1>Intervju<\/h1>\n<p>(razgovarala Vida Nikpalj)<br \/>\n<strong><a href=\"https:\/\/stranijezici.ffzg.unizg.hr\/wp-content\/uploads\/2025\/02\/SJ_17_1_1.pdf\">Akademik Rudolf Filipovi\u0107<\/a><\/strong><br \/>\nstr. 3<\/p>\n<h1>Lingvistika, metodika<\/h1>\n<p>Stanko \u017depi\u0107:<br \/>\n<strong><a href=\"https:\/\/stranijezici.ffzg.unizg.hr\/wp-content\/uploads\/2025\/02\/SJ_17_1_2.pdf\">Iz povijesti njema\u010dkog izgovora<\/a><\/strong><br \/>\nstr. 14<\/p>\n<p>Zorica Vu\u010deti\u0107:<br \/>\n<strong><a href=\"https:\/\/stranijezici.ffzg.unizg.hr\/wp-content\/uploads\/2025\/02\/SJ_17_1_3.pdf\">O talijanskom govornom jeziku<\/a><\/strong><br \/>\nstr. 21<\/p>\n<p>Antun Kova\u010dec:<br \/>\n<strong><a href=\"https:\/\/stranijezici.ffzg.unizg.hr\/wp-content\/uploads\/2025\/02\/SJ_17_1_4.pdf\">U povodu zna\u010dajne knjige o etimologiji<\/a><\/strong><br \/>\nstr. 25<\/p>\n<h1>Na\u0161a iskustva<\/h1>\n<p>\u0110ur\u0111ica Poljak:<br \/>\n<strong><a href=\"https:\/\/stranijezici.ffzg.unizg.hr\/wp-content\/uploads\/2025\/02\/SJ_17_1_5.pdf\">British English and American English<\/a><\/strong><br \/>\nstr. 34<\/p>\n<p>Vesna Lisi\u010di\u0107:<br \/>\n<strong><a href=\"https:\/\/stranijezici.ffzg.unizg.hr\/wp-content\/uploads\/2025\/02\/SJ_17_1_6.pdf\">L&#8217;etait \u2013 definition et specification<\/a><\/strong><br \/>\nstr. 44<\/p>\n<p>Ale M. Poljarevi\u0107:<br \/>\n<strong><a href=\"https:\/\/stranijezici.ffzg.unizg.hr\/wp-content\/uploads\/2025\/02\/SJ_17_1_7.pdf\">Suvremena francuska \u0161ansona u nastavi<\/a><\/strong><br \/>\nstr. 50<\/p>\n<p>Ranka Gaji\u0107:<br \/>\n<strong><a href=\"https:\/\/stranijezici.ffzg.unizg.hr\/wp-content\/uploads\/2025\/02\/SJ_17_1_8.pdf\">Engleski jezik kao jezik u funkciji struke<\/a><\/strong><br \/>\nstr. 57<\/p>\n<p>Ana Marija Auster-\u010cen\u010dur:<br \/>\n<strong><a href=\"https:\/\/stranijezici.ffzg.unizg.hr\/wp-content\/uploads\/2025\/02\/SJ_17_1_9.pdf\">Metodologija poslovnih seminara stranog jezika<\/a><\/strong><br \/>\nstr. 60<\/p>\n<h1>Prikazi<\/h1>\n<p>Jovan \u0110ukanovi\u0107:<br \/>\n<strong><a href=\"https:\/\/stranijezici.ffzg.unizg.hr\/wp-content\/uploads\/2025\/02\/SJ_17_1_10.pdf\">\u017deljka Matulina-Jerak. Grundlagen der germanistischen Linguistik (Osnove germanisti\u010dke lingvistike), \u0160kolska knjiga, Zagreb, 1987.<\/a><\/strong><br \/>\nstr. 64<\/p>\n<p>Zrinjka Glovacki-Bernardi:<br \/>\n<strong><a href=\"https:\/\/stranijezici.ffzg.unizg.hr\/wp-content\/uploads\/2025\/02\/SJ_17_1_11.pdf\">\u017deljka Matulina-Jerak. Grundlagen der germanistischen Linguistik (Osnove germanisti\u010dke lingvistike), \u0160kolska knjiga, Zagreb, 1987.<\/a><\/strong><br \/>\nstr. 66<\/p>\n<p>Zlatica Skender Hoki:<br \/>\n<strong><a href=\"https:\/\/stranijezici.ffzg.unizg.hr\/wp-content\/uploads\/2025\/02\/SJ_17_1_12.pdf\">Hill, J. Using Literature in Language Teaching, Macmillan, London, 1986, 120 str.<\/a><\/strong><br \/>\nstr. 67<\/p>\n<h1>Kronika<\/h1>\n<p>Tamara Jovanovi\u0107:<br \/>\n<strong><a href=\"https:\/\/stranijezici.ffzg.unizg.hr\/wp-content\/uploads\/2025\/02\/SJ_17_1_13.pdf\">Dvadeset prvi kongres TESOLA, Miami Beach, Florida, 21. \u2013 25. travnja 1987.<\/a><\/strong><br \/>\nstr. 70<\/p>\n<p>Ana Mahni\u0107-\u0106osi\u0107:<br \/>\n<strong><a href=\"https:\/\/stranijezici.ffzg.unizg.hr\/wp-content\/uploads\/2025\/02\/SJ_17_1_14.pdf\">Vikend kanadske literature<\/a><\/strong><br \/>\nstr. 73<\/p>\n<p>&nbsp;<\/p>\n<p>&nbsp;<\/p>\n","protected":false},"excerpt":{"rendered":"<p>1988., Vol. 17, No. 1 Uvodna rije\u010d (Damir Kalogjera i Mirjana Vilke) str. 1 Intervju (razgovarala Vida Nikpalj) Akademik Rudolf Filipovi\u0107 str. 3 Lingvistika, metodika Stanko \u017depi\u0107: Iz povijesti njema\u010dkog izgovora str. 14 Zorica Vu\u010deti\u0107: O talijanskom govornom jeziku str. 21 Antun Kova\u010dec: U povodu zna\u010dajne knjige o etimologiji str. 25 Na\u0161a iskustva \u0110ur\u0111ica Poljak: &hellip; <\/p>\n<p class=\"link-more\"><a href=\"https:\/\/stranijezici.ffzg.unizg.hr\/index.php\/vol17n1\/\" class=\"more-link\">Continue reading<span class=\"screen-reader-text\"> &#8220;Vol 17. (1)&#8221;<\/span><\/a><\/p>\n","protected":false},"author":3,"featured_media":0,"parent":0,"menu_order":0,"comment_status":"closed","ping_status":"closed","template":"","meta":{"ngg_post_thumbnail":0,"footnotes":""},"class_list":["post-4995","page","type-page","status-publish","hentry"],"_links":{"self":[{"href":"https:\/\/stranijezici.ffzg.unizg.hr\/index.php\/wp-json\/wp\/v2\/pages\/4995","targetHints":{"allow":["GET"]}}],"collection":[{"href":"https:\/\/stranijezici.ffzg.unizg.hr\/index.php\/wp-json\/wp\/v2\/pages"}],"about":[{"href":"https:\/\/stranijezici.ffzg.unizg.hr\/index.php\/wp-json\/wp\/v2\/types\/page"}],"author":[{"embeddable":true,"href":"https:\/\/stranijezici.ffzg.unizg.hr\/index.php\/wp-json\/wp\/v2\/users\/3"}],"replies":[{"embeddable":true,"href":"https:\/\/stranijezici.ffzg.unizg.hr\/index.php\/wp-json\/wp\/v2\/comments?post=4995"}],"version-history":[{"count":19,"href":"https:\/\/stranijezici.ffzg.unizg.hr\/index.php\/wp-json\/wp\/v2\/pages\/4995\/revisions"}],"predecessor-version":[{"id":5064,"href":"https:\/\/stranijezici.ffzg.unizg.hr\/index.php\/wp-json\/wp\/v2\/pages\/4995\/revisions\/5064"}],"wp:attachment":[{"href":"https:\/\/stranijezici.ffzg.unizg.hr\/index.php\/wp-json\/wp\/v2\/media?parent=4995"}],"curies":[{"name":"wp","href":"https:\/\/api.w.org\/{rel}","templated":true}]}}