{"id":489,"date":"2018-09-29T18:31:20","date_gmt":"2018-09-29T18:31:20","guid":{"rendered":"https:\/\/stranijezici.ffzg.unizg.hr\/?page_id=489"},"modified":"2019-06-15T14:24:53","modified_gmt":"2019-06-15T14:24:53","slug":"vol39n3","status":"publish","type":"page","link":"https:\/\/stranijezici.ffzg.unizg.hr\/index.php\/vol39n3\/","title":{"rendered":"Vol 39. (3)"},"content":{"rendered":"<ul style=\"list-style-type:none\">\n<li><a href=\"https:\/\/stranijezici.ffzg.unizg.hr\/wp-content\/uploads\/2019\/06\/SJ_39_3_0.pdf\" target=\"_blank\"><strong>UVODNA RIJE\u010c<\/strong><\/a><\/li>\n<\/li>\n<p>  &nbsp;<\/p>\n<li><a href=\"https:\/\/stranijezici.ffzg.unizg.hr\/wp-content\/uploads\/2019\/06\/SJ_39_3_1.pdf\" target=\"_blank\"><strong>INTERVIEW WITH PROFESSOR RANDI<br \/>\nREPPEN<\/strong><\/a> (str. 151-156)<\/li>\n<ul style=\"list-style-type:none\">\n<li>&emsp;&emsp; Vi\u0161nja Pavi\u010di\u0107 Taka\u010d<\/li>\n<\/ul>\n<\/li>\n<p>  &nbsp;<\/p>\n<li><a href=\"https:\/\/stranijezici.ffzg.unizg.hr\/wp-content\/uploads\/2019\/06\/SJ_39_3_2.pdf\" target=\"_blank\"><strong>KONTRASTIVNA ANALIZA TEKSTOVA U HRVATSKOME I TALIJANSKOME \u017dENSKOM TISKU<\/strong><\/a> (str. 157-170)<\/li>\n<ul style=\"list-style-type:none\">\n<li>&emsp;&emsp; Nada \u017dupanovi\u0107, Ivana Kljakovi\u0107-Ga\u0161pi\u0107<\/li>\n<li>&emsp;&emsp; Izvorni znanstveni \u010dlanak<\/li>\n<\/ul>\n<\/li>\n<p>  &nbsp;<\/p>\n<li><a href=\"https:\/\/stranijezici.ffzg.unizg.hr\/wp-content\/uploads\/2019\/06\/SJ_39_3_3.pdf\" target=\"_blank\"><strong>JEZI\u010cNA POLITIKA U MULTILINGVALNOJ SREDINI GRADA OSIJEKA &#8211; POVIJESNI PRISTUP<\/strong><\/a> (str. 171-192)<\/li>\n<ul style=\"list-style-type:none\">\n<li>&emsp;&emsp; Ljubica Kordi\u0107<\/li>\n<li>&emsp;&emsp; Znanstveni pregledni \u010dlanak<\/li>\n<\/ul>\n<\/li>\n<p>  &nbsp;<\/p>\n<li><a href=\"https:\/\/stranijezici.ffzg.unizg.hr\/wp-content\/uploads\/2019\/06\/SJ_39_3_4.pdf\" target=\"_blank\"><strong>UPOTREBA \u0160ANSONE U NASTAVI FRANCUSKOGA JEZIKA<\/strong><\/a> (str. 193-198)<\/li>\n<ul style=\"list-style-type:none\">\n<li>&emsp;&emsp; Jasna \u0106iri\u0107<\/li>\n<li>&emsp;&emsp; Stru\u010dni \u010dlanak<\/li>\n<\/ul>\n<\/li>\n<p>  &nbsp;<\/p>\n<li><a href=\"https:\/\/stranijezici.ffzg.unizg.hr\/wp-content\/uploads\/2019\/06\/SJ_39_3_5.pdf\" target=\"_blank\"><strong>RAZVIJANJE VJE\u0160TINE SLU\u0160ANJA KORI\u0160TENJEM AUTENTI\u010cNIH MATERIJALA: PJESMA U NASTAVI ENGLESKOGA JEZIKA<\/strong><\/a> (str. 199-210)<\/li>\n<ul style=\"list-style-type:none\">\n<li>&emsp;&emsp; Marina O\u0161tari\u0107, Leonarda Lovrovi\u0107<\/li>\n<li>&emsp;&emsp; Stru\u010dni \u010dlanak<\/li>\n<\/ul>\n<\/li>\n<p>  &nbsp;<\/p>\n<li><a href=\"https:\/\/stranijezici.ffzg.unizg.hr\/wp-content\/uploads\/2019\/06\/SJ_39_3_6.pdf\" target=\"_blank\"><strong>PROBLEMATIKA OBRADE FRAZEMA U<br \/>\nJEZI\u010cNOJ NASTAVI STUDIJA GERMANISTIKE<\/strong><\/a> (str. 211-222)<\/li>\n<ul style=\"list-style-type:none\">\n<li>&emsp;&emsp; Sonja Strme\u010dki Markovi\u0107<\/li>\n<li>&emsp;&emsp; Stru\u010dni \u010dlanak<\/li>\n<\/ul>\n<\/li>\n<p>  &nbsp;<\/p>\n<li><a href=\"https:\/\/stranijezici.ffzg.unizg.hr\/wp-content\/uploads\/2019\/06\/SJ_39_3_7.pdf\" target=\"_blank\"><strong>PRIKAZ UD\u017dBENIKA TECHNOLOGY 1 I<br \/>\nTECHNOLOGY 2<\/strong><\/a> (str. 223-226)<\/li>\n<ul style=\"list-style-type:none\">\n<li>&emsp;&emsp; Na\u0111a De\u0161palj<\/li>\n<li>&emsp;&emsp; Prikaz<\/li>\n<\/ul>\n<\/li>\n<p>  &nbsp;<\/p>\n<li><a href=\"https:\/\/stranijezici.ffzg.unizg.hr\/wp-content\/uploads\/2019\/06\/SJ_39_3_8.pdf\" target=\"_blank\"><strong>PRIKAZ ZBORNIKA PROSTOR I VRIJEME U JEZIKU: JEZIK U PROSTORU I VREMENU<\/strong><\/a> (str. 227-230)<\/li>\n<ul style=\"list-style-type:none\">\n<li>&emsp;&emsp; Vesna De\u017eeljin<\/li>\n<li>&emsp;&emsp; Prikaz<\/li>\n<\/ul>\n<\/li>\n<p>  &nbsp;<\/p>\n<li><a href=\"https:\/\/stranijezici.ffzg.unizg.hr\/wp-content\/uploads\/2019\/06\/SJ_39_3_9.pdf\" target=\"_blank\"><strong>PRIKAZ KNJIGE MARTE MEDVED<br \/>\nKRAJNOVI\u0106 OD JEDNOJEZI\u010cNOSTI DO VI\u0160EJEZI\u010cNOSTI. UVOD U ISTRA\u017dIVANJA PROCESA OVLADAVANJA INIM JEZIKOM<\/strong><\/a> (str. 231-236)<\/li>\n<ul style=\"list-style-type:none\">\n<li>&emsp;&emsp; Nino\u010dka Truck-Biljan<\/li>\n<li>&emsp;&emsp; Prikaz<\/li>\n<\/ul>\n<\/li>\n<p>  &nbsp;<\/p>\n<li><a href=\"https:\/\/stranijezici.ffzg.unizg.hr\/wp-content\/uploads\/2019\/06\/SJ_39_3_10.pdf\" target=\"_blank\"><strong>PRIKAZ KNJIGE GRAMATIKA<br \/>\nENGLESKOGA JEZIKA STRUKE<\/strong><\/a> (str. 237-241)<\/li>\n<ul style=\"list-style-type:none\">\n<li>&emsp;&emsp; Lovorka Zergollern-Mileti\u0107<\/li>\n<li>&emsp;&emsp; Prikaz<\/li>\n<\/ul>\n<\/li>\n<p>  &nbsp;\n<\/ul>\n","protected":false},"excerpt":{"rendered":"<p>UVODNA RIJE\u010c &nbsp; INTERVIEW WITH PROFESSOR RANDI REPPEN (str. 151-156) &emsp;&emsp; Vi\u0161nja Pavi\u010di\u0107 Taka\u010d &nbsp; KONTRASTIVNA ANALIZA TEKSTOVA U HRVATSKOME I TALIJANSKOME \u017dENSKOM TISKU (str. 157-170) &emsp;&emsp; Nada \u017dupanovi\u0107, Ivana Kljakovi\u0107-Ga\u0161pi\u0107 &emsp;&emsp; Izvorni znanstveni \u010dlanak &nbsp; JEZI\u010cNA POLITIKA U MULTILINGVALNOJ SREDINI GRADA OSIJEKA &#8211; POVIJESNI PRISTUP (str. 171-192) &emsp;&emsp; Ljubica Kordi\u0107 &emsp;&emsp; Znanstveni pregledni \u010dlanak &hellip; <\/p>\n<p class=\"link-more\"><a href=\"https:\/\/stranijezici.ffzg.unizg.hr\/index.php\/vol39n3\/\" class=\"more-link\">Continue reading<span class=\"screen-reader-text\"> &#8220;Vol 39. (3)&#8221;<\/span><\/a><\/p>\n","protected":false},"author":2,"featured_media":0,"parent":0,"menu_order":0,"comment_status":"closed","ping_status":"closed","template":"","meta":{"ngg_post_thumbnail":0,"footnotes":""},"class_list":["post-489","page","type-page","status-publish","hentry"],"_links":{"self":[{"href":"https:\/\/stranijezici.ffzg.unizg.hr\/index.php\/wp-json\/wp\/v2\/pages\/489","targetHints":{"allow":["GET"]}}],"collection":[{"href":"https:\/\/stranijezici.ffzg.unizg.hr\/index.php\/wp-json\/wp\/v2\/pages"}],"about":[{"href":"https:\/\/stranijezici.ffzg.unizg.hr\/index.php\/wp-json\/wp\/v2\/types\/page"}],"author":[{"embeddable":true,"href":"https:\/\/stranijezici.ffzg.unizg.hr\/index.php\/wp-json\/wp\/v2\/users\/2"}],"replies":[{"embeddable":true,"href":"https:\/\/stranijezici.ffzg.unizg.hr\/index.php\/wp-json\/wp\/v2\/comments?post=489"}],"version-history":[{"count":6,"href":"https:\/\/stranijezici.ffzg.unizg.hr\/index.php\/wp-json\/wp\/v2\/pages\/489\/revisions"}],"predecessor-version":[{"id":1768,"href":"https:\/\/stranijezici.ffzg.unizg.hr\/index.php\/wp-json\/wp\/v2\/pages\/489\/revisions\/1768"}],"wp:attachment":[{"href":"https:\/\/stranijezici.ffzg.unizg.hr\/index.php\/wp-json\/wp\/v2\/media?parent=489"}],"curies":[{"name":"wp","href":"https:\/\/api.w.org\/{rel}","templated":true}]}}