{"id":4824,"date":"2024-09-09T16:16:27","date_gmt":"2024-09-09T16:16:27","guid":{"rendered":"https:\/\/stranijezici.ffzg.unizg.hr\/?page_id=4824"},"modified":"2024-09-10T16:11:31","modified_gmt":"2024-09-10T16:11:31","slug":"vol15n3-4","status":"publish","type":"page","link":"https:\/\/stranijezici.ffzg.unizg.hr\/index.php\/vol15n3-4\/","title":{"rendered":"Vol 15. (3-4)"},"content":{"rendered":"<p><span style=\"font-size: 10pt; color: #447373;\"><strong>1986.,<\/strong> <strong>Vol. 15, No. 3-4<br \/>\n<\/strong><\/span><\/p>\n<h1>Lingvistika, metodika<\/h1>\n<p>Pavao Tekav\u010di\u0107:<br \/>\n<strong><a href=\"https:\/\/stranijezici.ffzg.unizg.hr\/wp-content\/uploads\/2024\/09\/SJ_15_3-4_1.pdf\">O prevo\u0111enju \u201eneprevodivoga\u201c (na hrvatskim ili srpskim i talijanskim primjerima) (2. dio)<\/a><\/strong><br \/>\nstr. 121<\/p>\n<p>Mirko Gojmerac:<br \/>\n<strong><a href=\"https:\/\/stranijezici.ffzg.unizg.hr\/wp-content\/uploads\/2024\/09\/SJ_15_3-4_2.pdf\">\u010clan ili determinator<\/a><\/strong><br \/>\nstr. 128<\/p>\n<p>Zorica Vu\u010deti\u0107:<br \/>\n<strong><a href=\"https:\/\/stranijezici.ffzg.unizg.hr\/wp-content\/uploads\/2024\/09\/SJ_15_3-4_3.pdf\">Neki problemi tvorbe rije\u010di<\/a><\/strong><br \/>\nstr. 135<\/p>\n<p>Peter Starren:<br \/>\n<strong><a href=\"https:\/\/stranijezici.ffzg.unizg.hr\/wp-content\/uploads\/2024\/09\/SJ_15_3-4_4.pdf\">A Taste of Honey<\/a><\/strong><br \/>\nstr. 142<\/p>\n<h1>Iz knji\u017eevnosti<\/h1>\n<p>Paul Levine:<br \/>\n<strong><a href=\"https:\/\/stranijezici.ffzg.unizg.hr\/wp-content\/uploads\/2024\/09\/SJ_15_3-4_5.pdf\">The New Realism in Contemporary American Literature<\/a><\/strong><br \/>\nstr. 156<\/p>\n<h1>\u017diva rije\u010d<\/h1>\n<p>Milica Bukarica:<br \/>\n<strong><a href=\"https:\/\/stranijezici.ffzg.unizg.hr\/wp-content\/uploads\/2024\/09\/SJ_15_3-4_6.pdf\">Le temps qu&#8217;il fait<\/a><\/strong><br \/>\nstr. 164<\/p>\n<p>Vi\u0161nja Josipovi\u0107:<br \/>\n<strong><a href=\"https:\/\/stranijezici.ffzg.unizg.hr\/wp-content\/uploads\/2024\/09\/SJ_15_3-4_7.pdf\">On the language of weather forecasts<\/a><\/strong><br \/>\nstr. 170<\/p>\n<p>Nina Sokol:<br \/>\n<strong><a href=\"https:\/\/stranijezici.ffzg.unizg.hr\/wp-content\/uploads\/2024\/09\/SJ_15_3-4_8.pdf\">Das Wetter heute \u2013 eine kleine Wetterkunde<\/a><\/strong><br \/>\nstr. 175<\/p>\n<p>Valentina Borisovna Taranenko:<br \/>\n<strong><a href=\"https:\/\/stranijezici.ffzg.unizg.hr\/wp-content\/uploads\/2024\/09\/SJ_15_3-4_9.pdf\">\u041f\u0440\u043e\u0433\u043d\u043e\u0437 \u043f\u043e\u0433\u043e\u0434\u044b<\/a><\/strong><br \/>\nstr. 179<\/p>\n<h1>Na\u0161a iskustva<\/h1>\n<p>Eva Bakran:<br \/>\n<strong><a href=\"https:\/\/stranijezici.ffzg.unizg.hr\/wp-content\/uploads\/2024\/09\/SJ_15_3-4_10.pdf\">Razgovarajmo o vremenu<\/a><\/strong><br \/>\nstr. 182<\/p>\n<p>Nina Legi\u0161a-Glavi\u0107, Andy Jel\u010di\u0107:<br \/>\n<strong><a href=\"https:\/\/stranijezici.ffzg.unizg.hr\/wp-content\/uploads\/2024\/09\/SJ_15_3-4_11.pdf\">Meteorolo\u0161ka terminologija i simboli u nastavi njema\u010dkog jezika<\/a><\/strong><br \/>\nstr. 185<\/p>\n<p>Nives Sironi\u0107-Bonefa\u010di\u0107:<br \/>\n<strong><a href=\"https:\/\/stranijezici.ffzg.unizg.hr\/wp-content\/uploads\/2024\/09\/SJ_15_3-4_12.pdf\">Vremenska prognoza kao poticaj usmenom i pismenom izra\u017eavanju<\/a><\/strong><br \/>\nstr. 188<\/p>\n<p>Nina Sokol:<br \/>\n<strong><a href=\"https:\/\/stranijezici.ffzg.unizg.hr\/wp-content\/uploads\/2024\/09\/SJ_15_3-4_13.pdf\">Satovi konverzacije na temu vrijeme<\/a><\/strong><br \/>\nstr. 195<\/p>\n<p>Valentina Borisovna Taranenko:<br \/>\n<strong><a href=\"https:\/\/stranijezici.ffzg.unizg.hr\/wp-content\/uploads\/2024\/09\/SJ_15_3-4_14.pdf\">\u0420\u0430\u0431\u043e\u0442\u0430 \u043f\u043e \u0442\u0435\u043c\u0435: \u043f\u043e\u0433\u043e\u0434\u0430<\/a><\/strong><br \/>\nstr. 199<\/p>\n<p>Bo\u017eena Vorkapi\u0107:<br \/>\n<strong><a href=\"https:\/\/stranijezici.ffzg.unizg.hr\/wp-content\/uploads\/2024\/09\/SJ_15_3-4_15.pdf\">Obrada teme \u201eMeteorologija na autenti\u010dnom materijalu\u201c<\/a><\/strong><br \/>\nstr. 202<\/p>\n<h1>Prikazi knjiga i \u010dasopisa<\/h1>\n<p>Damir Kalogjera:<br \/>\n<strong><a href=\"https:\/\/stranijezici.ffzg.unizg.hr\/wp-content\/uploads\/2024\/09\/SJ_15_3-4_16.pdf\">Midhat Ri\u0111anovi\u0107, Jezik i njegova struktura<\/a><\/strong><br \/>\nstr. 206<\/p>\n<p>Zrinjka Glovacki-Bernardi:<br \/>\n<strong><a href=\"https:\/\/stranijezici.ffzg.unizg.hr\/wp-content\/uploads\/2024\/09\/SJ_15_3-4_17.pdf\">Ulrich Engel i Pavica Mrazovi\u0107, Kontrastive Grammatik Deutsch-Serbokroatisch<\/a><\/strong><br \/>\nstr. 211<\/p>\n<p>Marija Popovi\u0107:<br \/>\n<strong><a href=\"https:\/\/stranijezici.ffzg.unizg.hr\/wp-content\/uploads\/2024\/09\/SJ_15_3-4_18.pdf\">\u010casopis SOL<\/a><\/strong><br \/>\nstr. 214<\/p>\n<p>Ernestina Landau:<br \/>\n<strong><a href=\"https:\/\/stranijezici.ffzg.unizg.hr\/wp-content\/uploads\/2024\/09\/SJ_15_3-4_19.pdf\">Najnovije izdanje engleskog rje\u010dnika \u201eOxford Advanced Learner&#8217;s Dictionary of Current English\u201c i njegova upotreba<\/a><\/strong><br \/>\nstr. 218<\/p>\n<h1>Kronika<\/h1>\n<p>Zorica Vu\u010deti\u0107:<br \/>\n<strong><a href=\"https:\/\/stranijezici.ffzg.unizg.hr\/wp-content\/uploads\/2024\/09\/SJ_15_3-4_20.pdf\">Nastava SH\/HS jezika kao stranog, Beograd 24. i 28.10.<\/a><\/strong><br \/>\nstr. 223<\/p>\n<h1>In Memoriam<\/h1>\n<p><span style=\"font-size: 12pt;\">Mirjana Vilke:<\/span><br \/>\n<span style=\"font-size: 12pt;\"><strong><a href=\"https:\/\/stranijezici.ffzg.unizg.hr\/wp-content\/uploads\/2024\/09\/SJ_15_3-4_21.pdf\">In Memoriam prof. dr. Josipu Torbarini<\/a><\/strong><\/span><br \/>\n<span style=\"font-size: 12pt;\">str. 227<\/span><\/p>\n<p>&nbsp;<\/p>\n<p>&nbsp;<\/p>\n<p>&nbsp;<\/p>\n","protected":false},"excerpt":{"rendered":"<p>1986., Vol. 15, No. 3-4 Lingvistika, metodika Pavao Tekav\u010di\u0107: O prevo\u0111enju \u201eneprevodivoga\u201c (na hrvatskim ili srpskim i talijanskim primjerima) (2. dio) str. 121 Mirko Gojmerac: \u010clan ili determinator str. 128 Zorica Vu\u010deti\u0107: Neki problemi tvorbe rije\u010di str. 135 Peter Starren: A Taste of Honey str. 142 Iz knji\u017eevnosti Paul Levine: The New Realism in Contemporary &hellip; <\/p>\n<p class=\"link-more\"><a href=\"https:\/\/stranijezici.ffzg.unizg.hr\/index.php\/vol15n3-4\/\" class=\"more-link\">Continue reading<span class=\"screen-reader-text\"> &#8220;Vol 15. (3-4)&#8221;<\/span><\/a><\/p>\n","protected":false},"author":3,"featured_media":0,"parent":0,"menu_order":0,"comment_status":"closed","ping_status":"closed","template":"","meta":{"ngg_post_thumbnail":0,"footnotes":""},"class_list":["post-4824","page","type-page","status-publish","hentry"],"_links":{"self":[{"href":"https:\/\/stranijezici.ffzg.unizg.hr\/index.php\/wp-json\/wp\/v2\/pages\/4824","targetHints":{"allow":["GET"]}}],"collection":[{"href":"https:\/\/stranijezici.ffzg.unizg.hr\/index.php\/wp-json\/wp\/v2\/pages"}],"about":[{"href":"https:\/\/stranijezici.ffzg.unizg.hr\/index.php\/wp-json\/wp\/v2\/types\/page"}],"author":[{"embeddable":true,"href":"https:\/\/stranijezici.ffzg.unizg.hr\/index.php\/wp-json\/wp\/v2\/users\/3"}],"replies":[{"embeddable":true,"href":"https:\/\/stranijezici.ffzg.unizg.hr\/index.php\/wp-json\/wp\/v2\/comments?post=4824"}],"version-history":[{"count":27,"href":"https:\/\/stranijezici.ffzg.unizg.hr\/index.php\/wp-json\/wp\/v2\/pages\/4824\/revisions"}],"predecessor-version":[{"id":4878,"href":"https:\/\/stranijezici.ffzg.unizg.hr\/index.php\/wp-json\/wp\/v2\/pages\/4824\/revisions\/4878"}],"wp:attachment":[{"href":"https:\/\/stranijezici.ffzg.unizg.hr\/index.php\/wp-json\/wp\/v2\/media?parent=4824"}],"curies":[{"name":"wp","href":"https:\/\/api.w.org\/{rel}","templated":true}]}}