{"id":4761,"date":"2024-09-02T15:49:39","date_gmt":"2024-09-02T15:49:39","guid":{"rendered":"https:\/\/stranijezici.ffzg.unizg.hr\/?page_id=4761"},"modified":"2024-09-09T16:21:15","modified_gmt":"2024-09-09T16:21:15","slug":"vol15n1","status":"publish","type":"page","link":"https:\/\/stranijezici.ffzg.unizg.hr\/index.php\/vol15n1\/","title":{"rendered":"Vol 15. (1)"},"content":{"rendered":"<p><span style=\"font-size: 10pt; color: #447373;\"><strong>1986.,<\/strong> <strong>Vol. 15, No. 1<br \/>\n<\/strong><\/span><\/p>\n<p>&nbsp;<\/p>\n<p><strong><a href=\"https:\/\/stranijezici.ffzg.unizg.hr\/wp-content\/uploads\/2024\/09\/SJ_15_1_0.pdf\">Uvodna rije\u010d<\/a> <\/strong>(Damir Kalogjera)<br \/>\nstr. 1<\/p>\n<h1>Lingvistika, metodika<\/h1>\n<p>Aleksandar Stankovi\u0107:<br \/>\n<strong><a href=\"https:\/\/stranijezici.ffzg.unizg.hr\/wp-content\/uploads\/2024\/09\/SJ_15_1_1.pdf\">Infinitivska grupa u nema\u010dkom jeziku<\/a><\/strong><br \/>\nstr. 2<\/p>\n<p>Mirjana Bona\u010di\u0107:<br \/>\n<strong><a href=\"https:\/\/stranijezici.ffzg.unizg.hr\/wp-content\/uploads\/2024\/09\/SJ_15_1_2.pdf\">Varijabilnost u u\u010denikovom govoru i teorija me\u0111ujezika<\/a><\/strong><br \/>\nstr. 15<\/p>\n<p>Radmilo Marojevi\u0107:<br \/>\n<strong><a href=\"https:\/\/stranijezici.ffzg.unizg.hr\/wp-content\/uploads\/2024\/09\/SJ_15_1_3.pdf\">Russko-serbskohorvatskij u\u010debnyj slovar&#8217;<\/a><\/strong><br \/>\nstr. 22<\/p>\n<p>Zrinjka Glovacki-Bernardi:<br \/>\n<strong><a href=\"https:\/\/stranijezici.ffzg.unizg.hr\/wp-content\/uploads\/2024\/09\/SJ_15_1_4.pdf\">Izokvirivanje \u2013 iznimka ili pravilo?<\/a><\/strong><br \/>\nstr. 28<\/p>\n<p>Ljubo Milinkovi\u0107:<br \/>\n<strong><a href=\"https:\/\/stranijezici.ffzg.unizg.hr\/wp-content\/uploads\/2024\/09\/SJ_15_1_5.pdf\">Semantizacija leksike u nastavi ruskog jezika<\/a><\/strong><br \/>\nstr. 32<\/p>\n<h1>Na\u0161a iskustva<\/h1>\n<p>Aleksandra Krstulovi\u0107:<br \/>\n<strong><a href=\"https:\/\/stranijezici.ffzg.unizg.hr\/wp-content\/uploads\/2024\/09\/SJ_15_1_6.pdf\">Autenti\u010dni knji\u017eevni tekst u nastavi stranih jezika<\/a><\/strong><br \/>\nstr. 37<\/p>\n<p>Verica Zori\u0107:<br \/>\n<strong><a href=\"https:\/\/stranijezici.ffzg.unizg.hr\/wp-content\/uploads\/2024\/09\/SJ_15_1_7.pdf\">Autenti\u010dno knji\u017eevno djelo u nastavi stranih jezika u osnovnoj \u0161koli<\/a><\/strong><br \/>\nstr. 39<\/p>\n<p>Milvija Markovi\u0107:<br \/>\n<strong><a href=\"https:\/\/stranijezici.ffzg.unizg.hr\/wp-content\/uploads\/2024\/09\/SJ_15_1_8.pdf\">Literarni tekst \u2013 kako ga \u010ditati s razumijevanjem<\/a><\/strong><br \/>\nstr. 46<\/p>\n<p>Ana Mi\u0161kovi\u0107:<br \/>\n<strong><a href=\"https:\/\/stranijezici.ffzg.unizg.hr\/wp-content\/uploads\/2024\/09\/SJ_15_1_9.pdf\">Rad na literarnom tekstu<\/a><\/strong><br \/>\nstr. 53<\/p>\n<p>Bojana Ma\u017euran:<br \/>\n<strong><a href=\"https:\/\/stranijezici.ffzg.unizg.hr\/wp-content\/uploads\/2024\/09\/SJ_15_1_10.pdf\">Knji\u017eevni tekst u nastavi stranih jezika<\/a><\/strong><br \/>\nstr. 55<\/p>\n<h1>Kronika<\/h1>\n<p>Pavica Mrazovi\u0107, Ivo Runti\u0107:<br \/>\n<strong><a href=\"https:\/\/stranijezici.ffzg.unizg.hr\/wp-content\/uploads\/2024\/09\/SJ_15_1_11.pdf\">Knji\u017eevni tekstovi u nastavi njema\u010dkog jezika \u2013 U povodu Internacionalnog simpozija profesora njema\u010dkog jezika u Moskvi<\/a><\/strong><br \/>\nstr. 57<\/p>\n<p>Neda Gojmerac:<br \/>\n<strong><a href=\"https:\/\/stranijezici.ffzg.unizg.hr\/wp-content\/uploads\/2024\/09\/SJ_15_1_12.pdf\">Tri milijuna odraslih analfabeta u Njema\u010dkoj \u2013 o simpoziju \u201eJezi\u010dni deficiti omladine i odraslih\u201c<\/a><\/strong><br \/>\nstr. 61<\/p>\n<h1>In Memoriam<\/h1>\n<p><strong><a href=\"https:\/\/stranijezici.ffzg.unizg.hr\/wp-content\/uploads\/2024\/09\/SJ_15_1_13.pdf\">Zlatko Muhvi\u0107 (1910-1986)<\/a><\/strong><br \/>\nstr. 64<\/p>\n<p>&nbsp;<\/p>\n<p>&nbsp;<\/p>\n","protected":false},"excerpt":{"rendered":"<p>1986., Vol. 15, No. 1 &nbsp; Uvodna rije\u010d (Damir Kalogjera) str. 1 Lingvistika, metodika Aleksandar Stankovi\u0107: Infinitivska grupa u nema\u010dkom jeziku str. 2 Mirjana Bona\u010di\u0107: Varijabilnost u u\u010denikovom govoru i teorija me\u0111ujezika str. 15 Radmilo Marojevi\u0107: Russko-serbskohorvatskij u\u010debnyj slovar&#8217; str. 22 Zrinjka Glovacki-Bernardi: Izokvirivanje \u2013 iznimka ili pravilo? str. 28 Ljubo Milinkovi\u0107: Semantizacija leksike u &hellip; <\/p>\n<p class=\"link-more\"><a href=\"https:\/\/stranijezici.ffzg.unizg.hr\/index.php\/vol15n1\/\" class=\"more-link\">Continue reading<span class=\"screen-reader-text\"> &#8220;Vol 15. (1)&#8221;<\/span><\/a><\/p>\n","protected":false},"author":3,"featured_media":0,"parent":0,"menu_order":0,"comment_status":"closed","ping_status":"closed","template":"","meta":{"ngg_post_thumbnail":0,"footnotes":""},"class_list":["post-4761","page","type-page","status-publish","hentry"],"_links":{"self":[{"href":"https:\/\/stranijezici.ffzg.unizg.hr\/index.php\/wp-json\/wp\/v2\/pages\/4761","targetHints":{"allow":["GET"]}}],"collection":[{"href":"https:\/\/stranijezici.ffzg.unizg.hr\/index.php\/wp-json\/wp\/v2\/pages"}],"about":[{"href":"https:\/\/stranijezici.ffzg.unizg.hr\/index.php\/wp-json\/wp\/v2\/types\/page"}],"author":[{"embeddable":true,"href":"https:\/\/stranijezici.ffzg.unizg.hr\/index.php\/wp-json\/wp\/v2\/users\/3"}],"replies":[{"embeddable":true,"href":"https:\/\/stranijezici.ffzg.unizg.hr\/index.php\/wp-json\/wp\/v2\/comments?post=4761"}],"version-history":[{"count":19,"href":"https:\/\/stranijezici.ffzg.unizg.hr\/index.php\/wp-json\/wp\/v2\/pages\/4761\/revisions"}],"predecessor-version":[{"id":4767,"href":"https:\/\/stranijezici.ffzg.unizg.hr\/index.php\/wp-json\/wp\/v2\/pages\/4761\/revisions\/4767"}],"wp:attachment":[{"href":"https:\/\/stranijezici.ffzg.unizg.hr\/index.php\/wp-json\/wp\/v2\/media?parent=4761"}],"curies":[{"name":"wp","href":"https:\/\/api.w.org\/{rel}","templated":true}]}}