{"id":4713,"date":"2024-07-16T14:20:29","date_gmt":"2024-07-16T14:20:29","guid":{"rendered":"https:\/\/stranijezici.ffzg.unizg.hr\/?page_id=4713"},"modified":"2024-09-09T16:21:37","modified_gmt":"2024-09-09T16:21:37","slug":"vol14n4","status":"publish","type":"page","link":"https:\/\/stranijezici.ffzg.unizg.hr\/index.php\/vol14n4\/","title":{"rendered":"Vol 14. (4)"},"content":{"rendered":"<p><span style=\"font-size: 10pt; color: #447373;\"><strong>1985.,<\/strong> <strong>Vol. 14, No. 4<\/strong><\/span><\/p>\n<h1>Lingvistika, metodika<\/h1>\n<p>Nada S. Arsenijevi\u0107:<br \/>\n<strong><a href=\"https:\/\/stranijezici.ffzg.unizg.hr\/wp-content\/uploads\/2024\/07\/SJ_14_4_1.pdf\">Pasivne strukture i njihove semanti\u010dke varijante<\/a><\/strong><br \/>\nstr. 157<\/p>\n<p>Aleksandar Peri\u0107:<br \/>\n<strong><a href=\"https:\/\/stranijezici.ffzg.unizg.hr\/wp-content\/uploads\/2024\/07\/SJ_14_4_2.pdf\">Ka artikulaciji problema razumevanja teksta<\/a><\/strong><br \/>\nstr. 165<\/p>\n<p>Stanko \u017depi\u0107:<br \/>\n<strong><a href=\"https:\/\/stranijezici.ffzg.unizg.hr\/wp-content\/uploads\/2024\/07\/SJ_14_4_3.pdf\">O interferenciji i drugim izvorima gre\u0161aka<\/a><\/strong><br \/>\nstr. 171<\/p>\n<p>Nives Sironi\u0107-Bonefa\u010di\u0107:<br \/>\n<strong><a href=\"https:\/\/stranijezici.ffzg.unizg.hr\/wp-content\/uploads\/2024\/07\/SJ_14_4_4.pdf\">Nastava stranih jezika na fakultetu i tipovi komunikacija<\/a><\/strong><br \/>\nstr. 178<\/p>\n<p>I. E. Buckalew, T. F. Magner:<br \/>\n<strong><a href=\"https:\/\/stranijezici.ffzg.unizg.hr\/wp-content\/uploads\/2024\/07\/SJ_14_4_5.pdf\">Attempts to Equalize Sex References in American English<\/a><\/strong><br \/>\nstr. 184<\/p>\n<h1>Iz strane stru\u010dne literature<\/h1>\n<p>Louis Porcher:<br \/>\n<strong><a href=\"https:\/\/stranijezici.ffzg.unizg.hr\/wp-content\/uploads\/2024\/07\/SJ_14_4_6.pdf\">Paradoks o nastavniku<\/a><\/strong><br \/>\nstr. 192<\/p>\n<h1>Prikazi<\/h1>\n<p>Yvonne Vrhovac:<br \/>\n<strong><a href=\"https:\/\/stranijezici.ffzg.unizg.hr\/wp-content\/uploads\/2024\/07\/SJ_14_4_7-i-8.pdf\">U\u010denje francuskog jezika posredstvom malog ekrana<\/a><\/strong><br \/>\nstr. 201<\/p>\n<p>Jerko Ljubeti\u0107:<br \/>\n<strong><a href=\"https:\/\/stranijezici.ffzg.unizg.hr\/wp-content\/uploads\/2024\/07\/SJ_14_4_7-i-8.pdf\">Povodom <em>Ways to English 1<\/em> \u2013 dojmovi i mi\u0161ljenja<\/a><\/strong><br \/>\nstr. 203<\/p>\n<p>Tamara Mar\u010deti\u0107:<br \/>\n<strong><a href=\"https:\/\/stranijezici.ffzg.unizg.hr\/wp-content\/uploads\/2024\/07\/SJ_14_4_9.pdf\">Prikaz ud\u017ebenika <em>Kontaktsprache Deutsch 1<\/em><\/a><\/strong><em><br \/>\n<\/em>str. 210<\/p>\n<p>&nbsp;<\/p>\n","protected":false},"excerpt":{"rendered":"<p>1985., Vol. 14, No. 4 Lingvistika, metodika Nada S. Arsenijevi\u0107: Pasivne strukture i njihove semanti\u010dke varijante str. 157 Aleksandar Peri\u0107: Ka artikulaciji problema razumevanja teksta str. 165 Stanko \u017depi\u0107: O interferenciji i drugim izvorima gre\u0161aka str. 171 Nives Sironi\u0107-Bonefa\u010di\u0107: Nastava stranih jezika na fakultetu i tipovi komunikacija str. 178 I. E. Buckalew, T. F. Magner: &hellip; <\/p>\n<p class=\"link-more\"><a href=\"https:\/\/stranijezici.ffzg.unizg.hr\/index.php\/vol14n4\/\" class=\"more-link\">Continue reading<span class=\"screen-reader-text\"> &#8220;Vol 14. (4)&#8221;<\/span><\/a><\/p>\n","protected":false},"author":3,"featured_media":0,"parent":0,"menu_order":0,"comment_status":"closed","ping_status":"closed","template":"","meta":{"ngg_post_thumbnail":0,"footnotes":""},"class_list":["post-4713","page","type-page","status-publish","hentry"],"_links":{"self":[{"href":"https:\/\/stranijezici.ffzg.unizg.hr\/index.php\/wp-json\/wp\/v2\/pages\/4713","targetHints":{"allow":["GET"]}}],"collection":[{"href":"https:\/\/stranijezici.ffzg.unizg.hr\/index.php\/wp-json\/wp\/v2\/pages"}],"about":[{"href":"https:\/\/stranijezici.ffzg.unizg.hr\/index.php\/wp-json\/wp\/v2\/types\/page"}],"author":[{"embeddable":true,"href":"https:\/\/stranijezici.ffzg.unizg.hr\/index.php\/wp-json\/wp\/v2\/users\/3"}],"replies":[{"embeddable":true,"href":"https:\/\/stranijezici.ffzg.unizg.hr\/index.php\/wp-json\/wp\/v2\/comments?post=4713"}],"version-history":[{"count":11,"href":"https:\/\/stranijezici.ffzg.unizg.hr\/index.php\/wp-json\/wp\/v2\/pages\/4713\/revisions"}],"predecessor-version":[{"id":4830,"href":"https:\/\/stranijezici.ffzg.unizg.hr\/index.php\/wp-json\/wp\/v2\/pages\/4713\/revisions\/4830"}],"wp:attachment":[{"href":"https:\/\/stranijezici.ffzg.unizg.hr\/index.php\/wp-json\/wp\/v2\/media?parent=4713"}],"curies":[{"name":"wp","href":"https:\/\/api.w.org\/{rel}","templated":true}]}}