{"id":4709,"date":"2024-07-16T14:13:09","date_gmt":"2024-07-16T14:13:09","guid":{"rendered":"https:\/\/stranijezici.ffzg.unizg.hr\/?page_id=4709"},"modified":"2024-09-09T16:22:03","modified_gmt":"2024-09-09T16:22:03","slug":"vol14n3","status":"publish","type":"page","link":"https:\/\/stranijezici.ffzg.unizg.hr\/index.php\/vol14n3\/","title":{"rendered":"Vol 14. (3)"},"content":{"rendered":"<p><span style=\"font-size: 10pt; color: #447373;\"><strong>1985.,<\/strong> <strong>Vol. 14, No. 3<\/strong><\/span><\/p>\n<p><strong><a href=\"https:\/\/stranijezici.ffzg.unizg.hr\/wp-content\/uploads\/2024\/07\/SJ_14_3_0.pdf\">Uvodna rije\u010d <\/a><\/strong>(Damir Kalogjera)<br \/>\nstr. 101<\/p>\n<h1>Lingvistika, metodika<\/h1>\n<p>Ana Mahni\u0107-\u0106osi\u0107:<br \/>\n<strong><a href=\"https:\/\/stranijezici.ffzg.unizg.hr\/wp-content\/uploads\/2024\/07\/SJ_14_3_1.pdf\">Istovjetnosti i razlike pridjevskih pratilaca u njema\u010dkom i hrvatskom ili srpskom jeziku<\/a><\/strong><br \/>\nstr. 102<\/p>\n<p>Edita \u010cavi\u0107:<br \/>\n<strong><a href=\"https:\/\/stranijezici.ffzg.unizg.hr\/wp-content\/uploads\/2024\/07\/SJ_14_3_2.pdf\">Neke mogu\u0107nosti mikrora\u010dunara u razvijanju sposobnosti razumevanja stranog stru\u010dnog teksta<\/a><\/strong><br \/>\nstr. 112<\/p>\n<p>Milica Ga\u010di\u0107:<br \/>\n<strong><a href=\"https:\/\/stranijezici.ffzg.unizg.hr\/wp-content\/uploads\/2024\/07\/SJ_14_3_3.pdf\">Kori\u0161tenje konkordacija u izradi pedago\u0161kih rje\u010dnika struke<\/a><\/strong><br \/>\nstr. 117<\/p>\n<p>Marijan Urbany:<br \/>\n<strong><a href=\"https:\/\/stranijezici.ffzg.unizg.hr\/wp-content\/uploads\/2024\/07\/SJ_14_3_4.pdf\">Prevo\u0111enjem do usvajanja stranog jezika<\/a><\/strong><br \/>\nstr. 124<\/p>\n<h1>\u017diva rije\u010d<\/h1>\n<p>Peter Begg:<br \/>\n<strong><a href=\"https:\/\/stranijezici.ffzg.unizg.hr\/wp-content\/uploads\/2024\/07\/SJ_14_3_5.pdf\">Functional English<\/a><\/strong><br \/>\nstr. 128<\/p>\n<h1>Na\u0161a iskustva<\/h1>\n<p>Branislava Savi\u0107:<br \/>\n<strong><a href=\"https:\/\/stranijezici.ffzg.unizg.hr\/wp-content\/uploads\/2024\/07\/SJ_14_3_6.pdf\">Kako se slu\u017eiti re\u010dnikom<\/a><\/strong><br \/>\nstr. 134<\/p>\n<p>Gojko Nenadi\u0107:<br \/>\n<strong><a href=\"https:\/\/stranijezici.ffzg.unizg.hr\/wp-content\/uploads\/2024\/07\/SJ_14_3_7.pdf\">Govorne ve\u017ebe na \u010dasu sistematizacije teme<\/a><\/strong><br \/>\nstr. 139<\/p>\n<h1>Prikazi knjiga<\/h1>\n<p>Vida Nikpalj:<br \/>\n<strong><a href=\"https:\/\/stranijezici.ffzg.unizg.hr\/wp-content\/uploads\/2024\/07\/SJ_14_3_8-i-9.pdf\">Ani\u0107, Horvat-Vukelja, Hru\u0161: Igra je igra je igra<\/a><\/strong><br \/>\nstr. 143<\/p>\n<p>Vjekoslav \u0106osi\u0107:<br \/>\n<strong><a href=\"https:\/\/stranijezici.ffzg.unizg.hr\/wp-content\/uploads\/2024\/07\/SJ_14_3_8-i-9.pdf\">Marko Papi\u0107, Gramatika francuskog jezika<\/a><\/strong><br \/>\nstr. 144<\/p>\n<p>Stanko \u017depi\u0107:<br \/>\n<strong><a href=\"https:\/\/stranijezici.ffzg.unizg.hr\/wp-content\/uploads\/2024\/07\/SJ_14_3_10.pdf\">Jan Jeziorski, Substantivische Nominalkomposita des Deutschen und ihre polnischen Entsprechungen<\/a><\/strong><br \/>\nstr. 147<\/p>\n<h1>Kronika<\/h1>\n<p>Dragoljub Hristovi\u0107:<br \/>\n<strong><a href=\"https:\/\/stranijezici.ffzg.unizg.hr\/wp-content\/uploads\/2024\/07\/SJ_14_3_11.pdf\">Seminar za profesore nema\u010dkog jezika u Sarajevu<\/a><\/strong><br \/>\nstr. 153<\/p>\n<h1>In memoriam<\/h1>\n<p>Stanko \u017depi\u0107:<br \/>\n<strong><a href=\"https:\/\/stranijezici.ffzg.unizg.hr\/wp-content\/uploads\/2024\/07\/SJ_14_3_12.pdf\">Zdenko \u0160kreb (1904-1985)<\/a><\/strong><br \/>\nstr. 153<\/p>\n<p>&nbsp;<\/p>\n<p>&nbsp;<\/p>\n","protected":false},"excerpt":{"rendered":"<p>1985., Vol. 14, No. 3 Uvodna rije\u010d (Damir Kalogjera) str. 101 Lingvistika, metodika Ana Mahni\u0107-\u0106osi\u0107: Istovjetnosti i razlike pridjevskih pratilaca u njema\u010dkom i hrvatskom ili srpskom jeziku str. 102 Edita \u010cavi\u0107: Neke mogu\u0107nosti mikrora\u010dunara u razvijanju sposobnosti razumevanja stranog stru\u010dnog teksta str. 112 Milica Ga\u010di\u0107: Kori\u0161tenje konkordacija u izradi pedago\u0161kih rje\u010dnika struke str. 117 Marijan &hellip; <\/p>\n<p class=\"link-more\"><a href=\"https:\/\/stranijezici.ffzg.unizg.hr\/index.php\/vol14n3\/\" class=\"more-link\">Continue reading<span class=\"screen-reader-text\"> &#8220;Vol 14. (3)&#8221;<\/span><\/a><\/p>\n","protected":false},"author":3,"featured_media":0,"parent":0,"menu_order":0,"comment_status":"closed","ping_status":"closed","template":"","meta":{"ngg_post_thumbnail":0,"footnotes":""},"class_list":["post-4709","page","type-page","status-publish","hentry"],"_links":{"self":[{"href":"https:\/\/stranijezici.ffzg.unizg.hr\/index.php\/wp-json\/wp\/v2\/pages\/4709","targetHints":{"allow":["GET"]}}],"collection":[{"href":"https:\/\/stranijezici.ffzg.unizg.hr\/index.php\/wp-json\/wp\/v2\/pages"}],"about":[{"href":"https:\/\/stranijezici.ffzg.unizg.hr\/index.php\/wp-json\/wp\/v2\/types\/page"}],"author":[{"embeddable":true,"href":"https:\/\/stranijezici.ffzg.unizg.hr\/index.php\/wp-json\/wp\/v2\/users\/3"}],"replies":[{"embeddable":true,"href":"https:\/\/stranijezici.ffzg.unizg.hr\/index.php\/wp-json\/wp\/v2\/comments?post=4709"}],"version-history":[{"count":17,"href":"https:\/\/stranijezici.ffzg.unizg.hr\/index.php\/wp-json\/wp\/v2\/pages\/4709\/revisions"}],"predecessor-version":[{"id":4831,"href":"https:\/\/stranijezici.ffzg.unizg.hr\/index.php\/wp-json\/wp\/v2\/pages\/4709\/revisions\/4831"}],"wp:attachment":[{"href":"https:\/\/stranijezici.ffzg.unizg.hr\/index.php\/wp-json\/wp\/v2\/media?parent=4709"}],"curies":[{"name":"wp","href":"https:\/\/api.w.org\/{rel}","templated":true}]}}