{"id":4612,"date":"2024-06-28T14:40:47","date_gmt":"2024-06-28T14:40:47","guid":{"rendered":"https:\/\/stranijezici.ffzg.unizg.hr\/?page_id=4612"},"modified":"2024-07-01T16:53:23","modified_gmt":"2024-07-01T16:53:23","slug":"vol18n4","status":"publish","type":"page","link":"https:\/\/stranijezici.ffzg.unizg.hr\/index.php\/vol18n4\/","title":{"rendered":"Vol 18. (4)"},"content":{"rendered":"<p><span style=\"font-size: 10pt; color: #447373;\"><strong>1989.,<\/strong> <strong>Vol. 18, No. 4<br \/>\n<\/strong><\/span><\/p>\n<p><strong><a href=\"https:\/\/stranijezici.ffzg.unizg.hr\/wp-content\/uploads\/2024\/06\/SJ_18_4_0.pdf\">Uvodna rije\u010d<\/a><\/strong> (Mirjana Vilke)<br \/>\nstr. 109<\/p>\n<h1>lntervju<\/h1>\n<p>razgovarala Vida Nikpalj:<br \/>\n<strong><a href=\"https:\/\/stranijezici.ffzg.unizg.hr\/wp-content\/uploads\/2024\/07\/SJ_18_4_1.pdf\">Oktavija Ger\u010dan, prof. i autorica ud\u017ebenika za engleski jezik<\/a> <\/strong><br \/>\nstr. 162<\/p>\n<h1><span style=\"font-size: 18pt;\">Lingvistika, metodika<\/span><\/h1>\n<p>Irena Rosandi\u0107:<br \/>\n<strong><a href=\"https:\/\/stranijezici.ffzg.unizg.hr\/wp-content\/uploads\/2024\/07\/SJ_18_4_2.pdf\">Prema znanstvenoj verifikaciji ud\u017ebenika za strane jezike<\/a><\/strong><br \/>\nstr. 170<\/p>\n<p>Mirko Gojmerac:<br \/>\n<strong><a href=\"https:\/\/stranijezici.ffzg.unizg.hr\/wp-content\/uploads\/2024\/07\/SJ_18_4_3.pdf\">O gramatici i njezinoj obradi u nekim ud\u017ebenicima i priru\u010dnicima njema\u010dkog jezika<\/a><br \/>\n<\/strong>str. 182<\/p>\n<p>Tamara Mar\u010deti\u0107:<br \/>\n<strong><a href=\"https:\/\/stranijezici.ffzg.unizg.hr\/wp-content\/uploads\/2024\/07\/SJ_18_4_4.pdf\">Uloga radnog priru\u010dnika za u\u010denike u u\u010denju stranog jezika<\/a><\/strong><br \/>\nstr. 187<\/p>\n<h1>lz strane stru\u010dne literature<\/h1>\n<p>Nata\u0161a Benini:<br \/>\n<strong><a href=\"https:\/\/stranijezici.ffzg.unizg.hr\/wp-content\/uploads\/2024\/07\/SJ_18_4_5.pdf\">O vrednovanju ud\u017ebenika i nastavnih materijala u nastavi stranog jezika<\/a><\/strong><br \/>\nstr. 195<\/p>\n<p>Maria Cecilia Bertoletti, Patrick Dahle!:<br \/>\n<strong><a href=\"https:\/\/stranijezici.ffzg.unizg.hr\/wp-content\/uploads\/2024\/07\/SJ_18_4_6.pdf\">Ud\u017ebenici i nastavni materijali za u\u010denje francuskog kao stranog jezika<\/a><\/strong><br \/>\nstr. 196<\/p>\n<h1>Prikazi knjiga<\/h1>\n<p>Pavao Tekav\u010di\u0107:<br \/>\n<strong><a href=\"https:\/\/stranijezici.ffzg.unizg.hr\/wp-content\/uploads\/2024\/07\/SJ_18_4_7.pdf\">P. Agazzi &#8211; A. Fallica &#8211; A. Menegoi, <em>La lingua e i testi, Grammatica della lingua italiana<\/em>, Minerva ltalica, Bergamo, 1988.<\/a><br \/>\n<\/strong>str. 206<\/p>\n<p>Gordana lri\u010danin:<br \/>\n<strong><a href=\"https:\/\/stranijezici.ffzg.unizg.hr\/wp-content\/uploads\/2024\/07\/SJ_18_4_8.pdf\">Elvira Petrovi\u0107. Teorija nastave stranih jezika, \u0160kolska knjiga, Zagreb, 1988.<\/a><\/strong><br \/>\nstr. 211<\/p>\n<p>Zrinjka Glovacki-Bernardi:<br \/>\n<strong><a href=\"https:\/\/stranijezici.ffzg.unizg.hr\/wp-content\/uploads\/2024\/07\/SJ_18_4_9.pdf\">Pristup gramatici i obrada gramati\u010dkih oblika u ud\u017ebenicima njema\u010dkog jezika za usmjereno obrazovanje \u00dcberlege, und sage es auf Deutsch, \u0160kolska knjiga, Zagreb<\/a><\/strong><br \/>\nstr. 217<\/p>\n<p>Ana Mi\u0161kovi\u0107:<br \/>\n<strong><a href=\"https:\/\/stranijezici.ffzg.unizg.hr\/wp-content\/uploads\/2024\/07\/SJ_18_4_10.pdf\">I. Batu\u0161i\u0107 &#8211; Y. Vrhovac, Ud\u017ebenik francuskoga jezika R\u00e9fl\u00e9chis et dis-le en fran\u00e7ais od I. do IV. stupnja usmjerenog obrazovanja, \u0160kolska knjiga, Zagreb<\/a><br \/>\n<\/strong>str. 219<\/p>\n<p>Stanka Pavuna:<br \/>\n<strong><a href=\"https:\/\/stranijezici.ffzg.unizg.hr\/wp-content\/uploads\/2024\/07\/SJ_18_4_11.pdf\">Ud\u017ebenik ruskog jezika za studente II. godine Fakulteta prometnih znanosti<\/a><\/strong><br \/>\nstr. 220<\/p>\n<p>Lisbet Pals Svendsen:<br \/>\n<strong><a href=\"https:\/\/stranijezici.ffzg.unizg.hr\/wp-content\/uploads\/2024\/07\/SJ_18_4_12.pdf\">Technical English in Electronics and Electrical Power Engineering, Ljerka Bartoli\u0107, \u0160kolska knjiga, Zagreb<\/a><\/strong><br \/>\nstr. 221<\/p>\n<h1>Kronika<\/h1>\n<p>\u017deljka Matulina-Jerak:<br \/>\n<strong><a href=\"https:\/\/stranijezici.ffzg.unizg.hr\/wp-content\/uploads\/2024\/07\/SJ_18_4_13.pdf\">lstra\u017eivanja u nastavi stranih jezika<\/a><\/strong><br \/>\nstr. 222<\/p>\n<p>Maja Hausler:<br \/>\n<strong><a href=\"https:\/\/stranijezici.ffzg.unizg.hr\/wp-content\/uploads\/2024\/07\/SJ_18_4_14.pdf\">9. medunarodni kongres nastavnika njema\u010dkog jezika<\/a><br \/>\n<\/strong>str. 226<\/p>\n<p>Berthold Kolorz:<br \/>\n<strong><a href=\"https:\/\/stranijezici.ffzg.unizg.hr\/wp-content\/uploads\/2024\/07\/SJ_18_4_15.pdf\">&#8220;Libert\u00e9, \u00e9galit\u00e9, fraternit\u00e9&#8221;, Me\u0111unarodni simpozij o stranim jezicima u Parizu (26-29. 4. 1989.)<\/a><\/strong><br \/>\nstr.&nbsp; 228<\/p>\n<h1>In memoriam<\/h1>\n<p>Stanko \u017depi\u0107:<br \/>\n<strong><a href=\"https:\/\/stranijezici.ffzg.unizg.hr\/wp-content\/uploads\/2024\/07\/SJ_18_4_16.pdf\">Blanka Jaki\u0107<\/a><\/strong><br \/>\nstr. 229<\/p>\n<p>&nbsp;<\/p>\n","protected":false},"excerpt":{"rendered":"<p>1989., Vol. 18, No. 4 Uvodna rije\u010d (Mirjana Vilke) str. 109 lntervju razgovarala Vida Nikpalj: Oktavija Ger\u010dan, prof. i autorica ud\u017ebenika za engleski jezik str. 162 Lingvistika, metodika Irena Rosandi\u0107: Prema znanstvenoj verifikaciji ud\u017ebenika za strane jezike str. 170 Mirko Gojmerac: O gramatici i njezinoj obradi u nekim ud\u017ebenicima i priru\u010dnicima njema\u010dkog jezika str. 182 &hellip; <\/p>\n<p class=\"link-more\"><a href=\"https:\/\/stranijezici.ffzg.unizg.hr\/index.php\/vol18n4\/\" class=\"more-link\">Continue reading<span class=\"screen-reader-text\"> &#8220;Vol 18. (4)&#8221;<\/span><\/a><\/p>\n","protected":false},"author":3,"featured_media":0,"parent":0,"menu_order":0,"comment_status":"closed","ping_status":"closed","template":"","meta":{"ngg_post_thumbnail":0,"footnotes":""},"class_list":["post-4612","page","type-page","status-publish","hentry"],"_links":{"self":[{"href":"https:\/\/stranijezici.ffzg.unizg.hr\/index.php\/wp-json\/wp\/v2\/pages\/4612","targetHints":{"allow":["GET"]}}],"collection":[{"href":"https:\/\/stranijezici.ffzg.unizg.hr\/index.php\/wp-json\/wp\/v2\/pages"}],"about":[{"href":"https:\/\/stranijezici.ffzg.unizg.hr\/index.php\/wp-json\/wp\/v2\/types\/page"}],"author":[{"embeddable":true,"href":"https:\/\/stranijezici.ffzg.unizg.hr\/index.php\/wp-json\/wp\/v2\/users\/3"}],"replies":[{"embeddable":true,"href":"https:\/\/stranijezici.ffzg.unizg.hr\/index.php\/wp-json\/wp\/v2\/comments?post=4612"}],"version-history":[{"count":22,"href":"https:\/\/stranijezici.ffzg.unizg.hr\/index.php\/wp-json\/wp\/v2\/pages\/4612\/revisions"}],"predecessor-version":[{"id":4652,"href":"https:\/\/stranijezici.ffzg.unizg.hr\/index.php\/wp-json\/wp\/v2\/pages\/4612\/revisions\/4652"}],"wp:attachment":[{"href":"https:\/\/stranijezici.ffzg.unizg.hr\/index.php\/wp-json\/wp\/v2\/media?parent=4612"}],"curies":[{"name":"wp","href":"https:\/\/api.w.org\/{rel}","templated":true}]}}