{"id":4588,"date":"2024-04-09T15:56:21","date_gmt":"2024-04-09T15:56:21","guid":{"rendered":"https:\/\/stranijezici.ffzg.unizg.hr\/?page_id=4588"},"modified":"2024-04-09T16:14:27","modified_gmt":"2024-04-09T16:14:27","slug":"vol18n3","status":"publish","type":"page","link":"https:\/\/stranijezici.ffzg.unizg.hr\/index.php\/vol18n3\/","title":{"rendered":"Vol 18. (3)"},"content":{"rendered":"<p><span style=\"font-size: 10pt; color: #447373;\"><strong>1989.,<\/strong> <strong>Vol. 18, No. 3<br \/>\n<\/strong><\/span><\/p>\n<p><strong><a href=\"https:\/\/stranijezici.ffzg.unizg.hr\/wp-content\/uploads\/2024\/04\/SJ_18_3_0.pdf\">Uvodna rije\u010d<\/a><\/strong> (Mirjana Vilke)<br \/>\nstr. 109<\/p>\n<h1>lntervju<\/h1>\n<p>razgovarala Vida Nikpalj:<br \/>\n<strong><a href=\"https:\/\/stranijezici.ffzg.unizg.hr\/wp-content\/uploads\/2024\/04\/SJ_18_3_1.pdf\">Dr. Josip Mali\u0107, predsjednik Poslovodnog odbora &#8220;\u0160kolske knjige&#8221;<\/a><\/strong><br \/>\nstr. 110<\/p>\n<h1>Lingvistika, metodika<\/h1>\n<p>Mirjana Vilke:<br \/>\n<strong><a href=\"https:\/\/stranijezici.ffzg.unizg.hr\/wp-content\/uploads\/2024\/04\/SJ_18_3_2.pdf\">Ud\u017ebenik<\/a><\/strong><br \/>\nstr. 117<br \/>\nYvonne Vrhovac :<br \/>\n<strong><a href=\"https:\/\/stranijezici.ffzg.unizg.hr\/wp-content\/uploads\/2024\/04\/SJ_18_3_3.pdf\">Nova generacija ud\u017ebenika za u\u010denje francuskog jezika<\/a><\/strong><br \/>\nstr. 123<\/p>\n<h1>lz strane stru\u010dne literature<\/h1>\n<p>Diane Larsen-Freeman:<br \/>\n<strong><a href=\"https:\/\/stranijezici.ffzg.unizg.hr\/wp-content\/uploads\/2024\/04\/SJ_18_3_4.pdf\">0d jednostavnosti do raznolikosti: dvadeset pet godina metodike nastave stranih jezika<\/a><\/strong><br \/>\nstr. 130<\/p>\n<h1>Na\u0161a iskustva<\/h1>\n<p>Zvjezdana Rani\u0107-Vrhovnik:<br \/>\n<strong><a href=\"https:\/\/stranijezici.ffzg.unizg.hr\/wp-content\/uploads\/2024\/04\/SJ_18_3_5.pdf\">Prikaz obrade teksta \u0420\u0430\u0434\u0438\u043e\u043f\u0435\u0440\u0435\u0434\u0430\u0447\u0430 u VII. razredu osnovne \u0161kole<\/a><br \/>\n<\/strong>(Prikaz obrade teksta Radioperada\u010da u VII. razredu osnovne \u0161kole)<br \/>\nstr. 146<\/p>\n<h1>\u017diva rije\u010d<\/h1>\n<p>Angi Maldrez:<br \/>\n<strong><a href=\"https:\/\/stranijezici.ffzg.unizg.hr\/wp-content\/uploads\/2024\/04\/SJ_18_3_6.pdf\">Exploiting the textbook: A report on workshops held at Zagreb regional seminar, Crikvenica 28. 8. 1988.-3. 9. 1988.<\/a><\/strong><br \/>\n&nbsp;str. 150<\/p>\n<h1>Prikazi knjiga<\/h1>\n<p>Mirjana Vilke:<br \/>\n<strong><a href=\"https:\/\/stranijezici.ffzg.unizg.hr\/wp-content\/uploads\/2024\/04\/SJ_18_3_7.pdf\">Vilke-Mihaljevi\u0107, Ways to English 2, \u0160kolska knjiga, Zagreb, 1989. <\/a><\/strong><br \/>\nstr. 155<\/p>\n<p>Silvija Maru\u0161i\u0107:<br \/>\n<strong><a href=\"https:\/\/stranijezici.ffzg.unizg.hr\/wp-content\/uploads\/2024\/04\/SJ_18_3_8.pdf\">Dra\u0161kovi\u0107-Lueti\u0107, Piensa y dilo en espa\u00f1ol 1, Centar za u\u010denje stranih jezika i \u0160kolska knjiga, Zagreb, 1968.<\/a><\/strong><br \/>\nstr. 159<\/p>\n","protected":false},"excerpt":{"rendered":"<p>1989., Vol. 18, No. 3 Uvodna rije\u010d (Mirjana Vilke) str. 109 lntervju razgovarala Vida Nikpalj: Dr. Josip Mali\u0107, predsjednik Poslovodnog odbora &#8220;\u0160kolske knjige&#8221; str. 110 Lingvistika, metodika Mirjana Vilke: Ud\u017ebenik str. 117 Yvonne Vrhovac : Nova generacija ud\u017ebenika za u\u010denje francuskog jezika str. 123 lz strane stru\u010dne literature Diane Larsen-Freeman: 0d jednostavnosti do raznolikosti: dvadeset &hellip; <\/p>\n<p class=\"link-more\"><a href=\"https:\/\/stranijezici.ffzg.unizg.hr\/index.php\/vol18n3\/\" class=\"more-link\">Continue reading<span class=\"screen-reader-text\"> &#8220;Vol 18. (3)&#8221;<\/span><\/a><\/p>\n","protected":false},"author":3,"featured_media":0,"parent":0,"menu_order":0,"comment_status":"closed","ping_status":"closed","template":"","meta":{"ngg_post_thumbnail":0,"footnotes":""},"class_list":["post-4588","page","type-page","status-publish","hentry"],"_links":{"self":[{"href":"https:\/\/stranijezici.ffzg.unizg.hr\/index.php\/wp-json\/wp\/v2\/pages\/4588","targetHints":{"allow":["GET"]}}],"collection":[{"href":"https:\/\/stranijezici.ffzg.unizg.hr\/index.php\/wp-json\/wp\/v2\/pages"}],"about":[{"href":"https:\/\/stranijezici.ffzg.unizg.hr\/index.php\/wp-json\/wp\/v2\/types\/page"}],"author":[{"embeddable":true,"href":"https:\/\/stranijezici.ffzg.unizg.hr\/index.php\/wp-json\/wp\/v2\/users\/3"}],"replies":[{"embeddable":true,"href":"https:\/\/stranijezici.ffzg.unizg.hr\/index.php\/wp-json\/wp\/v2\/comments?post=4588"}],"version-history":[{"count":10,"href":"https:\/\/stranijezici.ffzg.unizg.hr\/index.php\/wp-json\/wp\/v2\/pages\/4588\/revisions"}],"predecessor-version":[{"id":4608,"href":"https:\/\/stranijezici.ffzg.unizg.hr\/index.php\/wp-json\/wp\/v2\/pages\/4588\/revisions\/4608"}],"wp:attachment":[{"href":"https:\/\/stranijezici.ffzg.unizg.hr\/index.php\/wp-json\/wp\/v2\/media?parent=4588"}],"curies":[{"name":"wp","href":"https:\/\/api.w.org\/{rel}","templated":true}]}}