{"id":4568,"date":"2024-03-28T13:16:56","date_gmt":"2024-03-28T13:16:56","guid":{"rendered":"https:\/\/stranijezici.ffzg.unizg.hr\/?page_id=4568"},"modified":"2024-03-28T14:16:32","modified_gmt":"2024-03-28T14:16:32","slug":"vol18n2","status":"publish","type":"page","link":"https:\/\/stranijezici.ffzg.unizg.hr\/index.php\/vol18n2\/","title":{"rendered":"Vol 18. (2)"},"content":{"rendered":"<p><span style=\"font-size: 10pt; color: #447373;\"><strong>1989.,<\/strong> <strong>Vol. 18, No. 2<\/strong><\/span><\/p>\n<p><strong>Uvodna rije\u010d<\/strong> (Uredni\u0161tvo) <span style=\"font-size: 10pt;\">(tekst je u PDF dokumentu sa <em>Siegfried Gehrmann, lektor za njema\u010dki jezik<\/em>)<\/span><br \/>\nstr. 57<\/p>\n<p><span style=\"font-size: 18pt;\">lntervju<\/span><\/p>\n<p><strong><a href=\"https:\/\/stranijezici.ffzg.unizg.hr\/wp-content\/uploads\/2024\/03\/SJ_18_2_1.pdf\">Siegfried Gehrmann, lektor za njema\u010dki jezik<\/a><\/strong><br \/>\nStr. 57<\/p>\n<p><span style=\"font-size: 18pt;\">Lingvistika, metodika<\/span><\/p>\n<p>Pavao Tekav\u010di\u0107:<br \/>\n<strong><a href=\"https:\/\/stranijezici.ffzg.unizg.hr\/wp-content\/uploads\/2024\/03\/SJ_18_2_2.pdf\">Izra\u017eavanje intenziteta svojstva u hrvatskom ili srpskom i talijanskom jeziku<\/a> <\/strong><br \/>\nstr. 63<\/p>\n<p>Jasenka Mi\u0161eta-Bradari\u0107:<br \/>\n<strong><a href=\"https:\/\/stranijezici.ffzg.unizg.hr\/wp-content\/uploads\/2024\/03\/SJ_18_2_3.pdf\">Kontrastivna analiza slo\u017eenih glagola i njihovih prijevodnih ekvivalenata<br \/>\n<\/a><\/strong>str. 70<\/p>\n<p>Irena Rosandi\u0107:<br \/>\n<strong><a href=\"https:\/\/stranijezici.ffzg.unizg.hr\/wp-content\/uploads\/2024\/03\/SJ_18_2_4.pdf\">Tekst kao metodi\u010dka kategorija<\/a><br \/>\n<\/strong>str. 78<\/p>\n<p><span style=\"font-size: 18pt;\">\u017diva rije\u010d<\/span><\/p>\n<p>Karl-Heinz Elbracht:<br \/>\n<strong><a href=\"https:\/\/stranijezici.ffzg.unizg.hr\/wp-content\/uploads\/2024\/03\/SJ_18_2_5.pdf\">Zeitungsanalyse im Unterricht Didaktische Anmerkungen fur den Mutter &#8211; und Fremdsprachenunterricht<\/a><\/strong><br \/>\nStr. 85<\/p>\n<p><span style=\"font-size: 18pt;\">Prikazi knjiga<\/span><\/p>\n<p>Margita \u0160nel-\u017divanovi\u0107:<br \/>\n<strong><a href=\"https:\/\/stranijezici.ffzg.unizg.hr\/wp-content\/uploads\/2024\/03\/SJ_18_2_6.pdf\">Ulrich Engel, Deutsche Grammatik, Julius Gross, Heildelberg, 1988, 888 str.<\/a><\/strong><br \/>\nstr. 91<\/p>\n<p>\u017deljka Fink:<br \/>\n<strong><a href=\"https:\/\/stranijezici.ffzg.unizg.hr\/wp-content\/uploads\/2024\/03\/SJ_18_2_7.pdf\">\u0413. \u0410. \u0417\u043e\u043b\u043e\u0442\u043e\u0432\u0430, \u0421\u0438\u043d\u0442\u0430\u043a\u0441\u0438\u044c\u0435\u0441\u043a\u0438\u0439 \u0441\u043b\u043e\u0432\u0430\u0440\u044c, \u0420\u0435\u043f\u0435\u0440\u0442\u0443\u0430\u0440 \u0435\u043b\u0435\u043c\u0435\u043d\u0442\u0430\u0440\u043d\u044b\u0445 \u0435\u0434\u0438\u043d\u0438\u0446 \u0440\u0443\u0441\u0441\u043a\u043e\u0433\u043e \u0441\u0438\u043d\u0442\u0430\u043a\u0441\u0438\u0441\u0430, \u041c\u043e\u0441\u043a\u0432\u0430, \u00ab\u041d\u0430\u0443\u043a\u0430\u00bb, 1988.<\/a><br \/>\n<\/strong>str. 95<\/p>\n<p><span style=\"font-size: 18pt;\">Kronika<\/span><\/p>\n<p>Zdravko Jelenovi\u0107:<br \/>\n<strong><a href=\"https:\/\/stranijezici.ffzg.unizg.hr\/wp-content\/uploads\/2024\/03\/SJ_18_2_8.pdf\">Povodom trogodi\u0161njeg djelovanja lionskog ogranka &#8220;Alliance Fran\u00e7aise&#8221;<\/a><\/strong><br \/>\nstr. 99<\/p>\n<p>Ksenija Kon\u010darevi\u0107:<br \/>\n<strong><a href=\"https:\/\/stranijezici.ffzg.unizg.hr\/wp-content\/uploads\/2024\/03\/SJ_18_2_9.pdf\">XXVII Skup slavista Srbije, Nastava slovenskih jezika i knji\u017eevnosti, Beograd, 27-28. 1. 1989.<\/a><\/strong><br \/>\nstr. 102<\/p>\n<p>Zorica Vu\u010deti\u0107:<br \/>\n<strong><a href=\"https:\/\/stranijezici.ffzg.unizg.hr\/wp-content\/uploads\/2024\/03\/SJ_18_2_10.pdf\">1. Me\u0111unarodni znanstveni skup &#8220;Jezici i kulture u doticajima&#8221;<\/a><br \/>\n<\/strong>str. 105<\/p>\n<p>Nives Sironi\u0107-Bonefa\u010di\u0107:<br \/>\n<strong><a href=\"https:\/\/stranijezici.ffzg.unizg.hr\/wp-content\/uploads\/2024\/03\/SJ_18_2_11.pdf\">Rezultati Republi\u010dkog natjecanja iz stranih jezika, Zagreb, 1. travnja 1989.<\/a><\/strong><br \/>\nstr. 106<\/p>\n<p><span style=\"font-size: 18pt;\">In memoriam<\/span><\/p>\n<p>Ankica Tomi\u0107:<br \/>\n<strong><a href=\"https:\/\/stranijezici.ffzg.unizg.hr\/wp-content\/uploads\/2024\/03\/SJ_18_2_12.pdf\">Tatjana Miljkovi\u0107 (1933-1988)<\/a><br \/>\n<\/strong>str. 108<\/p>\n<p>&nbsp;<\/p>\n","protected":false},"excerpt":{"rendered":"<p>1989., Vol. 18, No. 2 Uvodna rije\u010d (Uredni\u0161tvo) (tekst je u PDF dokumentu sa Siegfried Gehrmann, lektor za njema\u010dki jezik) str. 57 lntervju Siegfried Gehrmann, lektor za njema\u010dki jezik Str. 57 Lingvistika, metodika Pavao Tekav\u010di\u0107: Izra\u017eavanje intenziteta svojstva u hrvatskom ili srpskom i talijanskom jeziku str. 63 Jasenka Mi\u0161eta-Bradari\u0107: Kontrastivna analiza slo\u017eenih glagola i njihovih &hellip; <\/p>\n<p class=\"link-more\"><a href=\"https:\/\/stranijezici.ffzg.unizg.hr\/index.php\/vol18n2\/\" class=\"more-link\">Continue reading<span class=\"screen-reader-text\"> &#8220;Vol 18. (2)&#8221;<\/span><\/a><\/p>\n","protected":false},"author":3,"featured_media":0,"parent":0,"menu_order":0,"comment_status":"closed","ping_status":"closed","template":"","meta":{"ngg_post_thumbnail":0,"footnotes":""},"class_list":["post-4568","page","type-page","status-publish","hentry"],"_links":{"self":[{"href":"https:\/\/stranijezici.ffzg.unizg.hr\/index.php\/wp-json\/wp\/v2\/pages\/4568","targetHints":{"allow":["GET"]}}],"collection":[{"href":"https:\/\/stranijezici.ffzg.unizg.hr\/index.php\/wp-json\/wp\/v2\/pages"}],"about":[{"href":"https:\/\/stranijezici.ffzg.unizg.hr\/index.php\/wp-json\/wp\/v2\/types\/page"}],"author":[{"embeddable":true,"href":"https:\/\/stranijezici.ffzg.unizg.hr\/index.php\/wp-json\/wp\/v2\/users\/3"}],"replies":[{"embeddable":true,"href":"https:\/\/stranijezici.ffzg.unizg.hr\/index.php\/wp-json\/wp\/v2\/comments?post=4568"}],"version-history":[{"count":5,"href":"https:\/\/stranijezici.ffzg.unizg.hr\/index.php\/wp-json\/wp\/v2\/pages\/4568\/revisions"}],"predecessor-version":[{"id":4585,"href":"https:\/\/stranijezici.ffzg.unizg.hr\/index.php\/wp-json\/wp\/v2\/pages\/4568\/revisions\/4585"}],"wp:attachment":[{"href":"https:\/\/stranijezici.ffzg.unizg.hr\/index.php\/wp-json\/wp\/v2\/media?parent=4568"}],"curies":[{"name":"wp","href":"https:\/\/api.w.org\/{rel}","templated":true}]}}