{"id":4547,"date":"2024-03-14T11:44:25","date_gmt":"2024-03-14T11:44:25","guid":{"rendered":"https:\/\/stranijezici.ffzg.unizg.hr\/?page_id=4547"},"modified":"2024-03-27T16:05:21","modified_gmt":"2024-03-27T16:05:21","slug":"vol18n1","status":"publish","type":"page","link":"https:\/\/stranijezici.ffzg.unizg.hr\/index.php\/vol18n1\/","title":{"rendered":"Vol 18. (1)"},"content":{"rendered":"<p><span style=\"font-size: 10pt; color: #447373;\"><strong>1989.,<\/strong> <strong>Vol. 18, No. 1<\/strong><\/span><\/p>\n<p><a href=\"https:\/\/stranijezici.ffzg.unizg.hr\/wp-content\/uploads\/2024\/03\/SJ_18_1_0.pdf\"><strong>Uvodna rije\u010d<\/strong><\/a> (Mirjana Vilke)<br \/>\nstr. 1<\/p>\n<p><span style=\"font-size: 18pt;\">lntervju<\/span><\/p>\n<p><strong><a href=\"https:\/\/stranijezici.ffzg.unizg.hr\/wp-content\/uploads\/2024\/03\/SJ_18_1_1.pdf\">Ljerka Bartoli\u0107, vi\u0161i predava\u010d i znanstveni istra\u017eiva\u010d<\/a><\/strong><br \/>\nstr. 2<\/p>\n<p>&nbsp;<\/p>\n<p><span style=\"font-size: 18pt;\">Lingvistika, metodika<\/span><\/p>\n<p>Aleksandar Kolka:<br \/>\n<strong><a href=\"https:\/\/stranijezici.ffzg.unizg.hr\/wp-content\/uploads\/2024\/03\/SJ_18_1_2.pdf\">Strani jezici i transfer tehnologijo &#8211;&nbsp; potrebe razvoja<\/a><br \/>\n<\/strong>str.&nbsp; 9<\/p>\n<p>Renata Fox:<br \/>\n<strong><a href=\"https:\/\/stranijezici.ffzg.unizg.hr\/wp-content\/uploads\/2024\/03\/SJ_18_1_3.pdf\">Odabir minimalnog vokabulara za primjenu u nastavi stranih jezika<\/a> <\/strong><br \/>\nstr.&nbsp; 20<\/p>\n<p>Olga \u0160kari\u0107:<br \/>\n<strong><a href=\"https:\/\/stranijezici.ffzg.unizg.hr\/wp-content\/uploads\/2024\/03\/SJ_18_1_4.pdf\">Transparentnost naslova tekstova gra\u0111evinske struke<\/a> <\/strong><br \/>\nstr. 27<\/p>\n<p>&nbsp;<\/p>\n<p><span style=\"font-size: 18pt;\">\u017diva rije\u010d<\/span><\/p>\n<p><strong><a href=\"https:\/\/stranijezici.ffzg.unizg.hr\/wp-content\/uploads\/2024\/03\/SJ_18_1_5.pdf\">Kako pro\u010ditati simbole i kratice u jeziku struke<\/a> <\/strong><br \/>\n&nbsp;str.&nbsp; 37-52<\/p>\n<p><span style=\"font-size: 10pt;\"><span style=\"text-decoration: underline;\">Popis i prire\u0111iva\u010di:<\/span><br \/>\nMiljenka Demel:<\/span><br \/>\n<span style=\"font-size: 10pt;\">Basic English for Natural Scientists<\/span><br \/>\n<span style=\"font-size: 10pt;\">str.&nbsp; 37<\/span><br \/>\n<span style=\"font-size: 10pt;\">Milica Bukarica:<\/span><br \/>\n<span style=\"font-size: 10pt;\">\u00c9l\u00e9ments de fran\u00e7ais technique<\/span><br \/>\n<span style=\"font-size: 10pt;\">str.&nbsp; 40<\/span><br \/>\n<span style=\"font-size: 10pt;\">Mirjana Rito\u0161a:<\/span><br \/>\n<span style=\"font-size: 10pt;\">Grundbegriffe der deutschen Fachsprache der Naturwissenschaften<\/span><br \/>\n<span style=\"font-size: 10pt;\">str.&nbsp; 43<\/span><br \/>\n<span style=\"font-size: 10pt;\">Milica Bukarica:<\/span><br \/>\n<span style=\"font-size: 10pt;\">\u0414\u043b\u044f \u0432\u0430\u0441, \u0441\u043f\u0435\u0446\u0438\u0430\u043b\u0438\u0441\u0442\u044b<\/span><br \/>\n<span style=\"font-size: 10pt;\">str. 49<\/span><\/p>\n<p>&nbsp;<\/p>\n<p><span style=\"font-size: 18pt;\">Prikazi knjiga<\/span><\/p>\n<p>Manjan Urbany:<br \/>\n<strong><a href=\"https:\/\/stranijezici.ffzg.unizg.hr\/wp-content\/uploads\/2024\/03\/SJ_18_1_6.pdf\">Pomorsko nazivlje na hrvatskom ili srpskom i engleskom jeziku, \u0160kolska knjiga, Zagreb 1989.<\/a> <\/strong><br \/>\nstr. 53<\/p>\n<p>Davorka Marini\u0107:<br \/>\n<strong><a href=\"https:\/\/stranijezici.ffzg.unizg.hr\/wp-content\/uploads\/2024\/03\/SJ_18_1_7.pdf\">Marela Hcrcezi-Skalicki, Reading Technical English for Academic Purposes, \u0160kolska knjiga, Zagreb 1988.<\/a> <\/strong><br \/>\nstr. 55<\/p>\n<p>&nbsp;<\/p>\n<p>&nbsp;<\/p>\n<p>&nbsp;<\/p>\n","protected":false},"excerpt":{"rendered":"<p>1989., Vol. 18, No. 1 Uvodna rije\u010d (Mirjana Vilke) str. 1 lntervju Ljerka Bartoli\u0107, vi\u0161i predava\u010d i znanstveni istra\u017eiva\u010d str. 2 &nbsp; Lingvistika, metodika Aleksandar Kolka: Strani jezici i transfer tehnologijo &#8211;&nbsp; potrebe razvoja str.&nbsp; 9 Renata Fox: Odabir minimalnog vokabulara za primjenu u nastavi stranih jezika str.&nbsp; 20 Olga \u0160kari\u0107: Transparentnost naslova tekstova gra\u0111evinske &hellip; <\/p>\n<p class=\"link-more\"><a href=\"https:\/\/stranijezici.ffzg.unizg.hr\/index.php\/vol18n1\/\" class=\"more-link\">Continue reading<span class=\"screen-reader-text\"> &#8220;Vol 18. (1)&#8221;<\/span><\/a><\/p>\n","protected":false},"author":3,"featured_media":0,"parent":0,"menu_order":0,"comment_status":"closed","ping_status":"closed","template":"","meta":{"ngg_post_thumbnail":0,"footnotes":""},"class_list":["post-4547","page","type-page","status-publish","hentry"],"_links":{"self":[{"href":"https:\/\/stranijezici.ffzg.unizg.hr\/index.php\/wp-json\/wp\/v2\/pages\/4547","targetHints":{"allow":["GET"]}}],"collection":[{"href":"https:\/\/stranijezici.ffzg.unizg.hr\/index.php\/wp-json\/wp\/v2\/pages"}],"about":[{"href":"https:\/\/stranijezici.ffzg.unizg.hr\/index.php\/wp-json\/wp\/v2\/types\/page"}],"author":[{"embeddable":true,"href":"https:\/\/stranijezici.ffzg.unizg.hr\/index.php\/wp-json\/wp\/v2\/users\/3"}],"replies":[{"embeddable":true,"href":"https:\/\/stranijezici.ffzg.unizg.hr\/index.php\/wp-json\/wp\/v2\/comments?post=4547"}],"version-history":[{"count":9,"href":"https:\/\/stranijezici.ffzg.unizg.hr\/index.php\/wp-json\/wp\/v2\/pages\/4547\/revisions"}],"predecessor-version":[{"id":4567,"href":"https:\/\/stranijezici.ffzg.unizg.hr\/index.php\/wp-json\/wp\/v2\/pages\/4547\/revisions\/4567"}],"wp:attachment":[{"href":"https:\/\/stranijezici.ffzg.unizg.hr\/index.php\/wp-json\/wp\/v2\/media?parent=4547"}],"curies":[{"name":"wp","href":"https:\/\/api.w.org\/{rel}","templated":true}]}}