{"id":4499,"date":"2023-12-28T07:19:17","date_gmt":"2023-12-28T07:19:17","guid":{"rendered":"https:\/\/stranijezici.ffzg.unizg.hr\/?page_id=4499"},"modified":"2024-01-04T17:27:59","modified_gmt":"2024-01-04T17:27:59","slug":"vol-52-2","status":"publish","type":"page","link":"https:\/\/stranijezici.ffzg.unizg.hr\/index.php\/vol-52-2\/","title":{"rendered":"Vol 52. (2)"},"content":{"rendered":"<p><span style=\"font-size: 11pt; color: #447373;\"><strong>2023.,<\/strong> <strong>Vol. 52, <span style=\"color: #447373;\">No.<\/span> 2<br \/>\n<\/strong><\/span><\/p>\n<p><strong><span style=\"font-size: 14pt; color: #447373;\"><span style=\"color: #b8d1d1;\">***<\/span><br \/>\n<\/span><span style=\"font-size: 12pt;\"><a href=\"https:\/\/stranijezici.ffzg.unizg.hr\/wp-content\/uploads\/2024\/01\/SJ_52_2_0.pdf\">Sadr\u017eaj<\/a><\/span><br \/>\n<\/strong><\/p>\n<p>Jelena Hodak i Brankica Bo\u0161njak Terzi\u0107<br \/>\n<strong><a href=\"https:\/\/stranijezici.ffzg.unizg.hr\/wp-content\/uploads\/2024\/01\/SJ_52_2_1.pdf\">Engineering students\u2019 use of technical literature in English and attitudes towards ESP<\/a><\/strong><strong><br \/>\n<\/strong>&#8211; str. 171<br \/>\n(izvorni znanstveni rad)<\/p>\n<p>Mirna Erk, Selina Geli i Vlasta \u017divkovi\u0107<br \/>\n<strong><a href=\"https:\/\/stranijezici.ffzg.unizg.hr\/wp-content\/uploads\/2024\/01\/SJ_52_2_2.pdf\">Usporedba postignu\u0107a mla\u0111ih u\u010denika engleskog kao stranog jezika u Austriji i Hrvatskoj<\/a><\/strong><strong><br \/>\n<\/strong>&#8211; str. 197<br \/>\n(izvorni znanstveni rad)<\/p>\n<p>Bojana Pavlovi\u0107<br \/>\n<strong><a href=\"https:\/\/stranijezici.ffzg.unizg.hr\/wp-content\/uploads\/2024\/01\/SJ_52_2_3.pdf\">Honorifik shimu (\u5e08\u6bcd) u kineskom jeziku<\/a><\/strong><br \/>\n&#8211; str. 223<br \/>\n(pregledni rad)<\/p>\n<p>Neda Bori\u0107<br \/>\n<strong><a href=\"https:\/\/stranijezici.ffzg.unizg.hr\/wp-content\/uploads\/2024\/01\/SJ_52_2_4.pdf\">Teorijsko-metodolo\u0161ki okviri suvremenoga pristupa nastavi stranoga jezika struke<\/a><\/strong><br \/>\n&#8211; str. 239<br \/>\n(pregledni rad)<\/p>\n<p>Dubravka Kuna<br \/>\n<strong><a href=\"https:\/\/stranijezici.ffzg.unizg.hr\/wp-content\/uploads\/2024\/01\/SJ_52_2_5.pdf\">Nastava stranoga jezika struke na filozofskim fakultetima u Hrvatskoj<\/a><\/strong><br \/>\n&#8211; str. 263<br \/>\n(stru\u010dni rad)<\/p>\n<p>&nbsp;<\/p>\n<p><span style=\"font-size: 14pt; color: #447373;\"><strong>Prikaz<\/strong><\/span><\/p>\n<p><strong><a href=\"https:\/\/stranijezici.ffzg.unizg.hr\/wp-content\/uploads\/2024\/01\/SJ_52_2_6.pdf\">Derwing, T. M., Munro, M. J., &amp; Thomson, R. I. (2022). The Routledge Handbook of Second Language Acquisition and Speaking. Routledge.<\/a><\/strong><br \/>\n&#8211; str. 293<br \/>\nVolodymyr Revniuk<\/p>\n<p><strong>&nbsp;<\/strong><\/p>\n<p><span style=\"font-size: 14pt; color: #447373;\"><strong>Forum<\/strong><\/span><\/p>\n<p><strong><a href=\"https:\/\/stranijezici.ffzg.unizg.hr\/wp-content\/uploads\/2024\/01\/SJ_52_2_7.pdf\">In memoriam profesorici Yvonne Vrhovac<\/a><\/strong><br \/>\n&#8211; str. 297<br \/>\nIvana Frani\u0107<\/p>\n<p><img loading=\"lazy\" decoding=\"async\" class=\"alignnone size-full wp-image-4503\" src=\"https:\/\/stranijezici.ffzg.unizg.hr\/wp-content\/uploads\/2023\/12\/NASLOVNICA-52-2-2023-A-i-B.png\" alt=\"\" width=\"756\" height=\"524\" srcset=\"https:\/\/stranijezici.ffzg.unizg.hr\/wp-content\/uploads\/2023\/12\/NASLOVNICA-52-2-2023-A-i-B.png 756w, https:\/\/stranijezici.ffzg.unizg.hr\/wp-content\/uploads\/2023\/12\/NASLOVNICA-52-2-2023-A-i-B-300x208.png 300w, https:\/\/stranijezici.ffzg.unizg.hr\/wp-content\/uploads\/2023\/12\/NASLOVNICA-52-2-2023-A-i-B-24x17.png 24w, https:\/\/stranijezici.ffzg.unizg.hr\/wp-content\/uploads\/2023\/12\/NASLOVNICA-52-2-2023-A-i-B-36x25.png 36w, https:\/\/stranijezici.ffzg.unizg.hr\/wp-content\/uploads\/2023\/12\/NASLOVNICA-52-2-2023-A-i-B-48x33.png 48w\" sizes=\"auto, (max-width: 706px) 89vw, (max-width: 767px) 82vw, 740px\" \/><\/p>\n<p><img loading=\"lazy\" decoding=\"async\" class=\"alignnone size-full wp-image-4504\" src=\"https:\/\/stranijezici.ffzg.unizg.hr\/wp-content\/uploads\/2023\/12\/NASLOVNICA-52-2-2023-A.png\" alt=\"\" width=\"413\" height=\"590\" srcset=\"https:\/\/stranijezici.ffzg.unizg.hr\/wp-content\/uploads\/2023\/12\/NASLOVNICA-52-2-2023-A.png 413w, https:\/\/stranijezici.ffzg.unizg.hr\/wp-content\/uploads\/2023\/12\/NASLOVNICA-52-2-2023-A-210x300.png 210w, https:\/\/stranijezici.ffzg.unizg.hr\/wp-content\/uploads\/2023\/12\/NASLOVNICA-52-2-2023-A-17x24.png 17w, https:\/\/stranijezici.ffzg.unizg.hr\/wp-content\/uploads\/2023\/12\/NASLOVNICA-52-2-2023-A-25x36.png 25w, https:\/\/stranijezici.ffzg.unizg.hr\/wp-content\/uploads\/2023\/12\/NASLOVNICA-52-2-2023-A-34x48.png 34w\" sizes=\"auto, (max-width: 413px) 100vw, 413px\" \/><br \/>\n<span style=\"color: #6f9491; font-size: 8pt;\">_________<\/span><br \/>\n<span style=\"color: #6f9491; font-size: 8pt;\">objavljeno 28.12.2023.<\/span><\/p>\n","protected":false},"excerpt":{"rendered":"<p>2023., Vol. 52, No. 2 *** Sadr\u017eaj Jelena Hodak i Brankica Bo\u0161njak Terzi\u0107 Engineering students\u2019 use of technical literature in English and attitudes towards ESP &#8211; str. 171 (izvorni znanstveni rad) Mirna Erk, Selina Geli i Vlasta \u017divkovi\u0107 Usporedba postignu\u0107a mla\u0111ih u\u010denika engleskog kao stranog jezika u Austriji i Hrvatskoj &#8211; str. 197 (izvorni znanstveni &hellip; <\/p>\n<p class=\"link-more\"><a href=\"https:\/\/stranijezici.ffzg.unizg.hr\/index.php\/vol-52-2\/\" class=\"more-link\">Continue reading<span class=\"screen-reader-text\"> &#8220;Vol 52. (2)&#8221;<\/span><\/a><\/p>\n","protected":false},"author":3,"featured_media":0,"parent":0,"menu_order":0,"comment_status":"closed","ping_status":"closed","template":"","meta":{"ngg_post_thumbnail":0,"footnotes":""},"class_list":["post-4499","page","type-page","status-publish","hentry"],"_links":{"self":[{"href":"https:\/\/stranijezici.ffzg.unizg.hr\/index.php\/wp-json\/wp\/v2\/pages\/4499","targetHints":{"allow":["GET"]}}],"collection":[{"href":"https:\/\/stranijezici.ffzg.unizg.hr\/index.php\/wp-json\/wp\/v2\/pages"}],"about":[{"href":"https:\/\/stranijezici.ffzg.unizg.hr\/index.php\/wp-json\/wp\/v2\/types\/page"}],"author":[{"embeddable":true,"href":"https:\/\/stranijezici.ffzg.unizg.hr\/index.php\/wp-json\/wp\/v2\/users\/3"}],"replies":[{"embeddable":true,"href":"https:\/\/stranijezici.ffzg.unizg.hr\/index.php\/wp-json\/wp\/v2\/comments?post=4499"}],"version-history":[{"count":12,"href":"https:\/\/stranijezici.ffzg.unizg.hr\/index.php\/wp-json\/wp\/v2\/pages\/4499\/revisions"}],"predecessor-version":[{"id":4531,"href":"https:\/\/stranijezici.ffzg.unizg.hr\/index.php\/wp-json\/wp\/v2\/pages\/4499\/revisions\/4531"}],"wp:attachment":[{"href":"https:\/\/stranijezici.ffzg.unizg.hr\/index.php\/wp-json\/wp\/v2\/media?parent=4499"}],"curies":[{"name":"wp","href":"https:\/\/api.w.org\/{rel}","templated":true}]}}