{"id":4398,"date":"2023-10-20T13:31:45","date_gmt":"2023-10-20T13:31:45","guid":{"rendered":"https:\/\/stranijezici.ffzg.unizg.hr\/?page_id=4398"},"modified":"2024-01-04T14:19:51","modified_gmt":"2024-01-04T14:19:51","slug":"vol-52-1","status":"publish","type":"page","link":"https:\/\/stranijezici.ffzg.unizg.hr\/index.php\/vol-52-1\/","title":{"rendered":"Vol 52. (1)"},"content":{"rendered":"<p><span style=\"font-size: 11pt; color: #447373;\"><strong>2023.,<\/strong> <strong>Vol. 52, No. 1<br \/>\n<\/strong><\/span><\/p>\n<p><strong><a href=\"https:\/\/stranijezici.ffzg.unizg.hr\/wp-content\/uploads\/2023\/10\/SJ_52_1_0_A.pdf\">Sadr\u017eaj<\/a><\/strong><strong><br \/>\n<\/strong><\/p>\n<p><strong><a href=\"https:\/\/stranijezici.ffzg.unizg.hr\/wp-content\/uploads\/2023\/10\/SJ_52_1_0_B.pdf\">Uvodna rije\u010d \/ Editors&#8217; introduction<\/a><\/strong><br \/>\nStela Letica Krevelj, Lidija Cviki\u0107, Maja An\u0111el<br \/>\n&#8211; str. 5<\/p>\n<p>Christoph Gabriel, Jonas Gr\u00fcnke i Claudia Schlaak<br \/>\n<strong><a href=\"https:\/\/stranijezici.ffzg.unizg.hr\/wp-content\/uploads\/2023\/10\/SJ_52_1_1.pdf\">Rhotics in Spanish as a foreign language: An intervention study with German-Turkish bilinguals<\/a><br \/>\n<\/strong>(izvorni znanstveni rad)<br \/>\n&#8211; str. 9<\/p>\n<p>David Singleton i Dorota Z\u00e1borsk\u00e1<br \/>\n<strong><a href=\"https:\/\/stranijezici.ffzg.unizg.hr\/wp-content\/uploads\/2023\/10\/SJ_52_1_2.pdf\">Migrant and third-age language learners telling stories<\/a><br \/>\n<\/strong>(prethodno priop\u0107enje)<br \/>\n&#8211; str. 37<\/p>\n<p>Petra Ih\u00e1sz, Andr\u00e1s Benyhe, Gyula S\u00e1ry, Zolt\u00e1n Juh\u00e1sz i Judit Navracsics<br \/>\n<strong><a href=\"https:\/\/stranijezici.ffzg.unizg.hr\/wp-content\/uploads\/2023\/10\/SJ_52_1_3.pdf\">Phonological awareness of bilinguals in visual word recognition<\/a><\/strong><strong><br \/>\n<\/strong>(izvorni znanstveni rad)<br \/>\n&#8211; str. 49<\/p>\n<p>Diego Cort\u00e9s Vel\u00e1squez, Clorinda Donato i Francesca Ricciardelli<br \/>\n<strong><a href=\"https:\/\/stranijezici.ffzg.unizg.hr\/wp-content\/uploads\/2023\/10\/SJ_52_1_4.pdf\">Language use and intercomprehension in telecollaboration among Italian mentors and heritage Spanish speaker mentees<\/a><\/strong><strong><br \/>\n<\/strong>(izvorni znanstveni rad)<br \/>\n&#8211; str. 75<\/p>\n<p>Adriana Petra Bla\u017eevi\u0107 i Mara Ru\u017ea Bla\u017eevi\u0107<br \/>\n<strong><a href=\"https:\/\/stranijezici.ffzg.unizg.hr\/wp-content\/uploads\/2023\/10\/SJ_52_1_5.pdf\">A focus on objectives, outcomes and learner needs in ESP courses<\/a><br \/>\n<\/strong>(prethodno priop\u0107enje)<br \/>\n&#8211; str. 101<\/p>\n<p><strong>&nbsp;<\/strong><\/p>\n<p><span style=\"font-size: 14pt; color: #447373;\"><strong>Prikazi<\/strong><\/span><\/p>\n<p><strong><a href=\"https:\/\/stranijezici.ffzg.unizg.hr\/wp-content\/uploads\/2023\/10\/SJ_52_1_6.pdf\">The 12th International Conference on Third Language Acquisition and Multilingualism, Zagreb, 14.-17. rujna 2022.<\/a><\/strong><br \/>\nStela Letica Krevelj<br \/>\n&#8211; str. 127<\/p>\n<p><strong><a href=\"https:\/\/stranijezici.ffzg.unizg.hr\/wp-content\/uploads\/2023\/10\/SJ_52_1_7.pdf\">Dami\u0107 Boha\u010d, Darja (2019). Difficult\u00e9s de la langue fran\u00e7aise vues par les croatophones<em>. <\/em>Zagreb: FF Press. <\/a><\/strong><strong><br \/>\n<\/strong>Yvonne Vrhovac<br \/>\n&#8211; str. 131<\/p>\n<p><strong><a href=\"https:\/\/stranijezici.ffzg.unizg.hr\/wp-content\/uploads\/2023\/10\/SJ_52_1_8.pdf\">Piat, Fanny i Vi\u010devi\u0107 Ivanovi\u0107, Sanja (2022). Young Learners Online: A Guide for Foreign Language Teachers. Newcastle upon Tyne, UK: Cambridge Scholars Publishing.<\/a><\/strong><br \/>\nNata\u0161a Ko\u0161uta<br \/>\n&#8211; str. 137<\/p>\n<p><span style=\"color: #447373; font-size: 14pt;\"><strong>Forum<\/strong><\/span><\/p>\n<p><strong><a href=\"https:\/\/stranijezici.ffzg.unizg.hr\/wp-content\/uploads\/2023\/10\/SJ_52_1_9.pdf\">Interview with David Singleton<\/a><br \/>\n<\/strong>Stela Letica Krevelj<br \/>\n&#8211; str. 141<\/p>\n<p><strong><a href=\"https:\/\/stranijezici.ffzg.unizg.hr\/wp-content\/uploads\/2023\/10\/SJ_52_1_10.pdf\">In memoriam profesoru emeritusu Damiru Kalogjeri<\/a><br \/>\n<\/strong>Damir Horga<br \/>\n&#8211; str. 147<\/p>\n<p><img loading=\"lazy\" decoding=\"async\" class=\"alignnone size-full wp-image-4422\" src=\"https:\/\/stranijezici.ffzg.unizg.hr\/wp-content\/uploads\/2023\/10\/NASLOVNICA-52-1-2023-A-i-B.png\" alt=\"\" width=\"754\" height=\"524\" srcset=\"https:\/\/stranijezici.ffzg.unizg.hr\/wp-content\/uploads\/2023\/10\/NASLOVNICA-52-1-2023-A-i-B.png 754w, https:\/\/stranijezici.ffzg.unizg.hr\/wp-content\/uploads\/2023\/10\/NASLOVNICA-52-1-2023-A-i-B-300x208.png 300w, https:\/\/stranijezici.ffzg.unizg.hr\/wp-content\/uploads\/2023\/10\/NASLOVNICA-52-1-2023-A-i-B-24x17.png 24w, https:\/\/stranijezici.ffzg.unizg.hr\/wp-content\/uploads\/2023\/10\/NASLOVNICA-52-1-2023-A-i-B-36x25.png 36w, https:\/\/stranijezici.ffzg.unizg.hr\/wp-content\/uploads\/2023\/10\/NASLOVNICA-52-1-2023-A-i-B-48x33.png 48w\" sizes=\"auto, (max-width: 706px) 89vw, (max-width: 767px) 82vw, 740px\" \/><\/p>\n<p><img loading=\"lazy\" decoding=\"async\" class=\"alignnone size-full wp-image-4423\" src=\"https:\/\/stranijezici.ffzg.unizg.hr\/wp-content\/uploads\/2023\/10\/NASLOVNICA-52-1-2023-A.png\" alt=\"\" width=\"400\" height=\"590\" srcset=\"https:\/\/stranijezici.ffzg.unizg.hr\/wp-content\/uploads\/2023\/10\/NASLOVNICA-52-1-2023-A.png 400w, https:\/\/stranijezici.ffzg.unizg.hr\/wp-content\/uploads\/2023\/10\/NASLOVNICA-52-1-2023-A-203x300.png 203w, https:\/\/stranijezici.ffzg.unizg.hr\/wp-content\/uploads\/2023\/10\/NASLOVNICA-52-1-2023-A-16x24.png 16w, https:\/\/stranijezici.ffzg.unizg.hr\/wp-content\/uploads\/2023\/10\/NASLOVNICA-52-1-2023-A-24x36.png 24w, https:\/\/stranijezici.ffzg.unizg.hr\/wp-content\/uploads\/2023\/10\/NASLOVNICA-52-1-2023-A-33x48.png 33w\" sizes=\"auto, (max-width: 400px) 100vw, 400px\" \/><\/p>\n<p><span style=\"font-size: 8pt; color: #6a8f82;\">__________<\/span><br \/>\n<span style=\"font-size: 8pt; color: #6a8f82;\">objavljeno 23.10.2023.<\/span><\/p>\n<p>&nbsp;<\/p>\n<p>&nbsp;<\/p>\n","protected":false},"excerpt":{"rendered":"<p>2023., Vol. 52, No. 1 Sadr\u017eaj Uvodna rije\u010d \/ Editors&#8217; introduction Stela Letica Krevelj, Lidija Cviki\u0107, Maja An\u0111el &#8211; str. 5 Christoph Gabriel, Jonas Gr\u00fcnke i Claudia Schlaak Rhotics in Spanish as a foreign language: An intervention study with German-Turkish bilinguals (izvorni znanstveni rad) &#8211; str. 9 David Singleton i Dorota Z\u00e1borsk\u00e1 Migrant and third-age &hellip; <\/p>\n<p class=\"link-more\"><a href=\"https:\/\/stranijezici.ffzg.unizg.hr\/index.php\/vol-52-1\/\" class=\"more-link\">Continue reading<span class=\"screen-reader-text\"> &#8220;Vol 52. (1)&#8221;<\/span><\/a><\/p>\n","protected":false},"author":3,"featured_media":0,"parent":0,"menu_order":0,"comment_status":"closed","ping_status":"closed","template":"","meta":{"ngg_post_thumbnail":0,"footnotes":""},"class_list":["post-4398","page","type-page","status-publish","hentry"],"_links":{"self":[{"href":"https:\/\/stranijezici.ffzg.unizg.hr\/index.php\/wp-json\/wp\/v2\/pages\/4398","targetHints":{"allow":["GET"]}}],"collection":[{"href":"https:\/\/stranijezici.ffzg.unizg.hr\/index.php\/wp-json\/wp\/v2\/pages"}],"about":[{"href":"https:\/\/stranijezici.ffzg.unizg.hr\/index.php\/wp-json\/wp\/v2\/types\/page"}],"author":[{"embeddable":true,"href":"https:\/\/stranijezici.ffzg.unizg.hr\/index.php\/wp-json\/wp\/v2\/users\/3"}],"replies":[{"embeddable":true,"href":"https:\/\/stranijezici.ffzg.unizg.hr\/index.php\/wp-json\/wp\/v2\/comments?post=4398"}],"version-history":[{"count":13,"href":"https:\/\/stranijezici.ffzg.unizg.hr\/index.php\/wp-json\/wp\/v2\/pages\/4398\/revisions"}],"predecessor-version":[{"id":4517,"href":"https:\/\/stranijezici.ffzg.unizg.hr\/index.php\/wp-json\/wp\/v2\/pages\/4398\/revisions\/4517"}],"wp:attachment":[{"href":"https:\/\/stranijezici.ffzg.unizg.hr\/index.php\/wp-json\/wp\/v2\/media?parent=4398"}],"curies":[{"name":"wp","href":"https:\/\/api.w.org\/{rel}","templated":true}]}}