{"id":4362,"date":"2023-06-10T09:50:28","date_gmt":"2023-06-10T09:50:28","guid":{"rendered":"https:\/\/stranijezici.ffzg.unizg.hr\/?page_id=4362"},"modified":"2023-07-17T12:40:43","modified_gmt":"2023-07-17T12:40:43","slug":"vol27n3-4","status":"publish","type":"page","link":"https:\/\/stranijezici.ffzg.unizg.hr\/index.php\/vol27n3-4\/","title":{"rendered":"Vol 27. (3-4)"},"content":{"rendered":"<p><span style=\"font-size: 11pt; color: #447373;\"><strong>1998.,<\/strong> <strong>Vol. 27, <span style=\"color: #447373;\">No.<\/span> 3-4<br \/>\n<\/strong><\/span><\/p>\n<p><strong><a href=\"https:\/\/stranijezici.ffzg.unizg.hr\/wp-content\/uploads\/2023\/07\/SJ_27_3-4_0.pdf\">Uvodna rije\u010d<\/a><\/strong><br \/>\nstr.&nbsp; 131<\/p>\n<h1>Intervju<\/h1>\n<p><strong><a href=\"https:\/\/stranijezici.ffzg.unizg.hr\/wp-content\/uploads\/2023\/07\/SJ_27_3-4_1.pdf\">Dora Ma\u010dek<\/a><\/strong><br \/>\nstr.&nbsp; 133<\/p>\n<h1>Lingvistika, metodika<\/h1>\n<p>Ivana Vidovi\u0107<br \/>\n<strong><a href=\"https:\/\/stranijezici.ffzg.unizg.hr\/wp-content\/uploads\/2023\/07\/SJ_27_3-4_2.pdf\">Jednojezi\u010dni rje\u010dnici poljskoga jezika<\/a><\/strong><br \/>\n(pregledni znanstveni \u010dlanak) str.&nbsp; 142<\/p>\n<p>Darja Damic Boha\u010d<br \/>\n<strong><a href=\"https:\/\/stranijezici.ffzg.unizg.hr\/wp-content\/uploads\/2023\/07\/SJ_27_3-4_3.pdf\">Difficult\u00e9s de la langue fran\u00e7aise vues par les croatophones: le decoupage de la chaine parlee<\/a><\/strong><br \/>\n(izvomi znanstveni \u010dlanak) str.&nbsp; 151<\/p>\n<p>Sanja \u0106urkovi\u0107 Kalebi\u0107<br \/>\n<strong><a href=\"https:\/\/stranijezici.ffzg.unizg.hr\/wp-content\/uploads\/2023\/07\/SJ_27_3-4_4.pdf\">O prirodi povratne obavijesti u diskursu nastavnika engleskog jezika<\/a><\/strong><br \/>\n(izvorni znanstveni \u010dlanak) str.&nbsp; 158<\/p>\n<h1>Iz strane stru\u010dne literature<\/h1>\n<p>Robert Phillipson<br \/>\n<strong><a href=\"https:\/\/stranijezici.ffzg.unizg.hr\/wp-content\/uploads\/2023\/07\/SJ_27_3-4_5.pdf\">Teorijske osnove jezi\u010dnog imperijalizma<\/a><\/strong><br \/>\nstr.&nbsp; &nbsp;168<\/p>\n<h1>Na\u0161a iskustva<\/h1>\n<p>Zdravko Jelenovi\u0107<br \/>\n<strong><a href=\"https:\/\/stranijezici.ffzg.unizg.hr\/wp-content\/uploads\/2023\/07\/SJ_27_3-4_6.pdf\">Izvandomovinsko u\u010denje hrvatskog jezika i hrvatske kulture<\/a><\/strong><br \/>\nstr.&nbsp; 194<\/p>\n<p>Marijan Fitz<br \/>\n<strong><a href=\"https:\/\/stranijezici.ffzg.unizg.hr\/wp-content\/uploads\/2023\/07\/SJ_27_3-4_7.pdf\">Hrvatski i ameri\u010dki bo\u017ei\u0107ni obi\u010daji<\/a><\/strong><br \/>\n(stru\u010dni \u010dlanak)&nbsp; str.&nbsp; 200<\/p>\n<p>Maximiljana Baran\u010di\u0107<br \/>\n<strong><a href=\"https:\/\/stranijezici.ffzg.unizg.hr\/wp-content\/uploads\/2023\/07\/SJ_27_3-4_8.pdf\">U\u010denje engleskog jezika uz glumu<\/a><\/strong><br \/>\nstr.&nbsp; &nbsp;209<\/p>\n<p>Anica Perkovi\u0107<br \/>\n<strong><a href=\"https:\/\/stranijezici.ffzg.unizg.hr\/wp-content\/uploads\/2023\/07\/SJ_27_3-4_9.pdf\">Povezivanje nastave sa strukom; upravljanje farmom (mened\u017ement) i nastava engleskog jezika<\/a><\/strong><br \/>\nstr.&nbsp; 214<\/p>\n<p>Eldi Grubi\u0161i\u0107-Puli\u0161eli\u0107<br \/>\n<strong><a href=\"https:\/\/stranijezici.ffzg.unizg.hr\/wp-content\/uploads\/2023\/07\/SJ_27_3-4_10.pdf\">Kako podu\u010davati strani jezik u strukovnoj \u0161koli?<\/a><\/strong><br \/>\nstr.&nbsp;&nbsp; 217<\/p>\n<p>Ivo Fabijani\u0107<br \/>\n<strong><a href=\"https:\/\/stranijezici.ffzg.unizg.hr\/wp-content\/uploads\/2023\/07\/SJ_27_3-4_11.pdf\">Si\u0107u\u0161ni grad ili pjesma u nastavi engleskog jezika<\/a><\/strong><br \/>\nstr.&nbsp; 219<\/p>\n<p>Mija Jagati\u0107<br \/>\n<strong><a href=\"https:\/\/stranijezici.ffzg.unizg.hr\/wp-content\/uploads\/2023\/07\/SJ_27_3-4_12.pdf\">Rad s ud\u017ebenikom <em>Speak <\/em><em>English in Grade 6 <\/em>u \u0161estom razredu osnovne \u0161kole <\/a><\/strong><br \/>\n(stru\u010dni \u010dlanak) str.&nbsp; 224<\/p>\n<p>Jadranka Juraga<br \/>\n<strong><a href=\"https:\/\/stranijezici.ffzg.unizg.hr\/wp-content\/uploads\/2023\/07\/SJ_27_3-4_13.pdf\">Princip zornosti u poduci gramatike engleskog jezika<\/a><\/strong><br \/>\nstr.&nbsp; 235<\/p>\n<h1>Prikazi<\/h1>\n<p>Neda Pintari\u0107<br \/>\n<strong><a href=\"https:\/\/stranijezici.ffzg.unizg.hr\/wp-content\/uploads\/2023\/07\/SJ_27_3-4_14.pdf\">Stjepan Bla\u017eanovi\u0107 <em>Rje\u010dnik <\/em><em>hrvatskog knji\u017eevnog <\/em><em>nazivlja<\/em><\/a><\/strong><em><br \/>\nstr.&nbsp; <\/em><em>&nbsp;<\/em>238<\/p>\n<p>Snje\u017eana Kordi\u0107<br \/>\n<strong><a href=\"https:\/\/stranijezici.ffzg.unizg.hr\/wp-content\/uploads\/2023\/07\/SJ_27_3-4_15.pdf\">M. Grepl, Z. Hladka i dr. <em>Priru\u010dni mluvnice <\/em><em>\u010de\u0161tiny<\/em><\/a><\/strong><em><br \/>\nstr.&nbsp;&nbsp;<\/em> 240<\/p>\n<p>Snjezana Kordic, Horst Dippong<br \/>\n<strong><em><a href=\"https:\/\/stranijezici.ffzg.unizg.hr\/wp-content\/uploads\/2023\/07\/SJ_27_3-4_16.pdf\">\u00dcber den Ort der Einstellungen im Satz: \u00dcberlegungen im Grenzgebiet von Syntax und Pragmatik<\/a><\/em><\/strong><em><br \/>\nstr.&nbsp; <\/em>243<\/p>\n<p>Dora Ma\u010dek<br \/>\n<strong><a href=\"https:\/\/stranijezici.ffzg.unizg.hr\/wp-content\/uploads\/2023\/07\/SJ_27_3-4_17.pdf\">Danica \u0160kara <em>Glas <\/em><em>tradicije<\/em><\/a><\/strong><em><br \/>\nstr.&nbsp; <\/em><em>&nbsp;<\/em>246<\/p>\n<p>Nada Ivaneti\u0107<br \/>\n<strong><a href=\"https:\/\/stranijezici.ffzg.unizg.hr\/wp-content\/uploads\/2023\/07\/SJ_27_3-4_18.pdf\">Nevenka Bla\u017eevi\u0107 <em>Deuts<\/em><em>c<\/em><em>h <\/em><em>in <\/em><em>Hotelerie und Tourismus<\/em><\/a><\/strong><em><br \/>\nstr.&nbsp; <\/em>248<\/p>\n<h1>Kronika<\/h1>\n<p>Velimir Pi\u0161korec<br \/>\n<strong><a href=\"https:\/\/stranijezici.ffzg.unizg.hr\/wp-content\/uploads\/2023\/07\/SJ_27_3-4_19.pdf\">Savjetovanje Hrvatskoga dru\u0161tva za primijenjenu lingvistiku &#8220;Jezi\u010dna norma i varijeteti&#8221;<\/a><\/strong><br \/>\nstr.&nbsp; &nbsp;250<\/p>\n<p>Nives Sironi\u0107-Bonefa\u010di\u0107<br \/>\n<strong><a href=\"https:\/\/stranijezici.ffzg.unizg.hr\/wp-content\/uploads\/2023\/07\/SJ_27_3-4_20.pdf\">V. dr\u017eavni seminar za usavr\u0161avanje nastavnika talijanskoga kao stranog jezika u osnovnim i srednjim \u0161kolama<\/a><\/strong><br \/>\nstr.&nbsp; 254<\/p>\n<h1>In memoriam<\/h1>\n<p>Boris Pritchard<br \/>\n<strong><a href=\"https:\/\/stranijezici.ffzg.unizg.hr\/wp-content\/uploads\/2023\/07\/SJ_27_3-4_21.pdf\">Marijan Urbany<\/a><\/strong><br \/>\nstr.&nbsp; 256<\/p>\n","protected":false},"excerpt":{"rendered":"<p>1998., Vol. 27, No. 3-4 Uvodna rije\u010d str.&nbsp; 131 Intervju Dora Ma\u010dek str.&nbsp; 133 Lingvistika, metodika Ivana Vidovi\u0107 Jednojezi\u010dni rje\u010dnici poljskoga jezika (pregledni znanstveni \u010dlanak) str.&nbsp; 142 Darja Damic Boha\u010d Difficult\u00e9s de la langue fran\u00e7aise vues par les croatophones: le decoupage de la chaine parlee (izvomi znanstveni \u010dlanak) str.&nbsp; 151 Sanja \u0106urkovi\u0107 Kalebi\u0107 O prirodi &hellip; <\/p>\n<p class=\"link-more\"><a href=\"https:\/\/stranijezici.ffzg.unizg.hr\/index.php\/vol27n3-4\/\" class=\"more-link\">Continue reading<span class=\"screen-reader-text\"> &#8220;Vol 27. (3-4)&#8221;<\/span><\/a><\/p>\n","protected":false},"author":3,"featured_media":0,"parent":0,"menu_order":0,"comment_status":"closed","ping_status":"closed","template":"","meta":{"ngg_post_thumbnail":0,"footnotes":""},"class_list":["post-4362","page","type-page","status-publish","hentry"],"_links":{"self":[{"href":"https:\/\/stranijezici.ffzg.unizg.hr\/index.php\/wp-json\/wp\/v2\/pages\/4362","targetHints":{"allow":["GET"]}}],"collection":[{"href":"https:\/\/stranijezici.ffzg.unizg.hr\/index.php\/wp-json\/wp\/v2\/pages"}],"about":[{"href":"https:\/\/stranijezici.ffzg.unizg.hr\/index.php\/wp-json\/wp\/v2\/types\/page"}],"author":[{"embeddable":true,"href":"https:\/\/stranijezici.ffzg.unizg.hr\/index.php\/wp-json\/wp\/v2\/users\/3"}],"replies":[{"embeddable":true,"href":"https:\/\/stranijezici.ffzg.unizg.hr\/index.php\/wp-json\/wp\/v2\/comments?post=4362"}],"version-history":[{"count":9,"href":"https:\/\/stranijezici.ffzg.unizg.hr\/index.php\/wp-json\/wp\/v2\/pages\/4362\/revisions"}],"predecessor-version":[{"id":4395,"href":"https:\/\/stranijezici.ffzg.unizg.hr\/index.php\/wp-json\/wp\/v2\/pages\/4362\/revisions\/4395"}],"wp:attachment":[{"href":"https:\/\/stranijezici.ffzg.unizg.hr\/index.php\/wp-json\/wp\/v2\/media?parent=4362"}],"curies":[{"name":"wp","href":"https:\/\/api.w.org\/{rel}","templated":true}]}}