{"id":436,"date":"2018-09-28T15:12:52","date_gmt":"2018-09-28T15:12:52","guid":{"rendered":"https:\/\/stranijezici.ffzg.unizg.hr\/?page_id=436"},"modified":"2018-12-22T18:06:30","modified_gmt":"2018-12-22T18:06:30","slug":"vol40n4","status":"publish","type":"page","link":"https:\/\/stranijezici.ffzg.unizg.hr\/index.php\/vol40n4\/","title":{"rendered":"Vol 40. (4)"},"content":{"rendered":"<ul style=\"list-style-type:none\">\n<li><a href=\"https:\/\/stranijezici.ffzg.unizg.hr\/wp-content\/uploads\/2018\/12\/sj40_4_str279-280.pdf\" target=\"_blank\"><strong>UVODNA RIJE\u010c<\/strong><\/a> (str. 279-280)<\/li>\n<p>  &nbsp;<\/p>\n<li><a href=\"https:\/\/stranijezici.ffzg.unizg.hr\/wp-content\/uploads\/2018\/12\/sj40_4_str281-284.pdf\" target=\"_blank\"><strong>IN MEMORIAM MIRJANI VILKE<\/strong><\/a> (str. 281-284)<\/li>\n<p>  &nbsp;<\/p>\n<li><a href=\"https:\/\/stranijezici.ffzg.unizg.hr\/wp-content\/uploads\/2018\/12\/sj40_4_str285-300.pdf\" target=\"_blank\"><strong>(PSIHO)LINGVISTI\u010cKI PRISTUP<br \/>\nNASTAVI STRANIH JEZIKA NEKO\u0106 I DANAS<\/strong><\/a> (str. 285-300)<\/li>\n<ul style=\"list-style-type:none\">\n<li>&emsp;&emsp; Marta Medved Krajnovi\u0107<\/li>\n<li>&emsp;&emsp; Pregledni \u010dlanak<\/li>\n<\/ul>\n<\/li>\n<p>  &nbsp;<\/p>\n<li><a href=\"https:\/\/stranijezici.ffzg.unizg.hr\/wp-content\/uploads\/2018\/12\/sj40_4_str301-308.pdf\" target=\"_blank\"><strong>\u201cSVOJE I POSU\u0110ENO U FRAZEOLOGIJI\u201d<br \/>\nJU\u010cER I DANAS<\/strong><\/a> (str. 301-308)<\/li>\n<ul style=\"list-style-type:none\">\n<li>&emsp;&emsp; Marija Omazi\u0107<\/li>\n<li>&emsp;&emsp; Pregledni \u010dlanak<\/li>\n<\/ul>\n<\/li>\n<p>  &nbsp;<\/p>\n<li><a href=\"https:\/\/stranijezici.ffzg.unizg.hr\/wp-content\/uploads\/2018\/12\/sj40_4_str309-318.pdf\" target=\"_blank\"><strong>OD JEZI\u010cNOGA UMIJE\u0106A<br \/>\nDO KOMUNIKACIJSKE KOMPETENCIJE I NATRAG<br \/>\nOsvrt na \u010dlanak Mihe Skljarova Jezi\u010dno znanje i govorno umije\u0107e u nastavi stranih jezika (Skljarov, 1972 a i b)<\/strong><\/a> (str. 309-318)<\/li>\n<ul style=\"list-style-type:none\">\n<li>&emsp;&emsp; Jelena Mihaljevi\u0107 Djigunovi\u0107<\/li>\n<li>&emsp;&emsp; Pregledni \u010dlanak<\/li>\n<\/ul>\n<\/li>\n<p>  &nbsp;<\/p>\n<li><a href=\"https:\/\/stranijezici.ffzg.unizg.hr\/wp-content\/uploads\/2018\/12\/sj40_4_str319.pdf\" target=\"_blank\"><strong>JEZI\u010cNO ISPITIVANJE DANAS<\/strong><\/a> (str. 319-342)<\/li>\n<ul style=\"list-style-type:none\">\n<li>&emsp;&emsp; Vesna Bagari\u0107 Medve<\/li>\n<li>&emsp;&emsp; Pregledni \u010dlanak<\/li>\n<\/ul>\n<\/li>\n<p>  &nbsp;\n<\/ul>\n","protected":false},"excerpt":{"rendered":"<p>UVODNA RIJE\u010c (str. 279-280) &nbsp; IN MEMORIAM MIRJANI VILKE (str. 281-284) &nbsp; (PSIHO)LINGVISTI\u010cKI PRISTUP NASTAVI STRANIH JEZIKA NEKO\u0106 I DANAS (str. 285-300) &emsp;&emsp; Marta Medved Krajnovi\u0107 &emsp;&emsp; Pregledni \u010dlanak &nbsp; \u201cSVOJE I POSU\u0110ENO U FRAZEOLOGIJI\u201d JU\u010cER I DANAS (str. 301-308) &emsp;&emsp; Marija Omazi\u0107 &emsp;&emsp; Pregledni \u010dlanak &nbsp; OD JEZI\u010cNOGA UMIJE\u0106A DO KOMUNIKACIJSKE KOMPETENCIJE I NATRAG &hellip; <\/p>\n<p class=\"link-more\"><a href=\"https:\/\/stranijezici.ffzg.unizg.hr\/index.php\/vol40n4\/\" class=\"more-link\">Continue reading<span class=\"screen-reader-text\"> &#8220;Vol 40. (4)&#8221;<\/span><\/a><\/p>\n","protected":false},"author":2,"featured_media":0,"parent":0,"menu_order":0,"comment_status":"closed","ping_status":"closed","template":"","meta":{"ngg_post_thumbnail":0,"footnotes":""},"class_list":["post-436","page","type-page","status-publish","hentry"],"_links":{"self":[{"href":"https:\/\/stranijezici.ffzg.unizg.hr\/index.php\/wp-json\/wp\/v2\/pages\/436","targetHints":{"allow":["GET"]}}],"collection":[{"href":"https:\/\/stranijezici.ffzg.unizg.hr\/index.php\/wp-json\/wp\/v2\/pages"}],"about":[{"href":"https:\/\/stranijezici.ffzg.unizg.hr\/index.php\/wp-json\/wp\/v2\/types\/page"}],"author":[{"embeddable":true,"href":"https:\/\/stranijezici.ffzg.unizg.hr\/index.php\/wp-json\/wp\/v2\/users\/2"}],"replies":[{"embeddable":true,"href":"https:\/\/stranijezici.ffzg.unizg.hr\/index.php\/wp-json\/wp\/v2\/comments?post=436"}],"version-history":[{"count":8,"href":"https:\/\/stranijezici.ffzg.unizg.hr\/index.php\/wp-json\/wp\/v2\/pages\/436\/revisions"}],"predecessor-version":[{"id":1642,"href":"https:\/\/stranijezici.ffzg.unizg.hr\/index.php\/wp-json\/wp\/v2\/pages\/436\/revisions\/1642"}],"wp:attachment":[{"href":"https:\/\/stranijezici.ffzg.unizg.hr\/index.php\/wp-json\/wp\/v2\/media?parent=436"}],"curies":[{"name":"wp","href":"https:\/\/api.w.org\/{rel}","templated":true}]}}