{"id":435,"date":"2018-09-28T15:12:51","date_gmt":"2018-09-28T15:12:51","guid":{"rendered":"https:\/\/stranijezici.ffzg.unizg.hr\/?page_id=435"},"modified":"2019-06-15T15:02:58","modified_gmt":"2019-06-15T15:02:58","slug":"vol40n3","status":"publish","type":"page","link":"https:\/\/stranijezici.ffzg.unizg.hr\/index.php\/vol40n3\/","title":{"rendered":"Vol 40. (3)"},"content":{"rendered":"<ul style=\"list-style-type:none\">\n<li><a href=\"https:\/\/stranijezici.ffzg.unizg.hr\/wp-content\/uploads\/2019\/06\/SJ_40_3_0.pdf\" target=\"_blank\"><strong>UVODNA RIJE\u010c<\/strong><\/a><\/li>\n<\/li>\n<p>  &nbsp;<\/p>\n<li><a href=\"https:\/\/stranijezici.ffzg.unizg.hr\/wp-content\/uploads\/2019\/06\/SJ_40_3_1.pdf\" target=\"_blank\"><strong>OD VRTI\u0106A DO \u0160KOLE, STRANI JEZICI SE VOLE:<br \/>\nJesu li u\u010ditelji stranih jezika u osnovnim \u0161kolama upoznati s programima u\u010denja stranih jezika djece pred\u0161kolske dobi?<\/strong><\/a> (str. 191-204)<\/li>\n<ul style=\"list-style-type:none\">\n<li>&emsp;&emsp; Nino\u010dka Truck-Biljan<\/li>\n<li>&emsp;&emsp; Izvorni znanstveni \u010dlanak<\/li>\n<\/ul>\n<\/li>\n<p>  &nbsp;<\/p>\n<li><a href=\"https:\/\/stranijezici.ffzg.unizg.hr\/wp-content\/uploads\/2019\/06\/SJ_40_3_2.pdf\" target=\"_blank\"><strong>INOJEZI\u010cNI MOTIVACIJSKI SUSTAV POJMOVA O SEBI:<br \/>\nGLOTODIDAKTI\u010cKE IMPLIKACIJE NA NASTAVNU PRAKSU<\/strong><\/a> (str. 205-220)<\/li>\n<ul style=\"list-style-type:none\">\n<li>&emsp;&emsp; Tihana Bagi\u0107<\/li>\n<li>&emsp;&emsp; Znanstveni pregledni \u010dlanak<\/li>\n<\/ul>\n<\/li>\n<p>  &nbsp;<\/p>\n<li><a href=\"https:\/\/stranijezici.ffzg.unizg.hr\/wp-content\/uploads\/2019\/06\/SJ_40_3_3.pdf\" target=\"_blank\"><strong>WORK IN PROGRESS: DEVELOPING A MEDICAL ENGLISH CURRICULUM AT THE UNIVERSITY OF ZAGREB SCHOOL OF MEDICINE<\/strong><\/a> (str. 221-236)<\/li>\n<ul style=\"list-style-type:none\">\n<li>&emsp;&emsp; Aleksandra \u017dmega\u010d Horvat<\/li>\n<li>&emsp;&emsp; Stru\u010dni \u010dlanak<\/li>\n<\/ul>\n<\/li>\n<p>  &nbsp;<\/p>\n<li><a href=\"https:\/\/stranijezici.ffzg.unizg.hr\/wp-content\/uploads\/2019\/06\/SJ_40_3_4.pdf\" target=\"_blank\"><strong>DEVELOPING COMMUNICATION SKILLS THROUGH IN-CLASS DEBATING<\/strong><\/a> (str. 237-246)<\/li>\n<ul style=\"list-style-type:none\">\n<li>&emsp;&emsp; Marijana Birti\u0107 Vu\u010di\u0107, Anamarija \u0160tulina<\/li>\n<li>&emsp;&emsp; Stru\u010dni \u010dlanak<\/li>\n<\/ul>\n<\/li>\n<p>  &nbsp;<\/p>\n<li><a href=\"https:\/\/stranijezici.ffzg.unizg.hr\/wp-content\/uploads\/2019\/06\/SJ_40_3_5.pdf\" target=\"_blank\"><strong>KONTRASTIVNI PRISTUP U POU\u010cAVANJU GESTOVNIM PRAGMEMIMA U RANOME U\u010cENJU TALIJANSKOGA JEZIKA<\/strong><\/a> (str. 247-256)<\/li>\n<ul style=\"list-style-type:none\">\n<li>&emsp;&emsp; Sanja Vi\u010devi\u0107<\/li>\n<li>&emsp;&emsp; Stru\u010dni \u010dlanak<\/li>\n<\/ul>\n<\/li>\n<p>  &nbsp;<\/p>\n<li><a href=\"https:\/\/stranijezici.ffzg.unizg.hr\/wp-content\/uploads\/2019\/06\/SJ_40_3_6.pdf\" target=\"_blank\"><strong>GRUNDFRAGEN DER DEUTSCHEN SYNTAX: BUCHREZENSION<\/strong><\/a> (str. 257-264)<\/li>\n<ul style=\"list-style-type:none\">\n<li>&emsp;&emsp; Leonard Pon<\/li>\n<li>&emsp;&emsp; Prikaz<\/li>\n<\/ul>\n<\/li>\n<p>  &nbsp;<\/p>\n<li><a href=\"https:\/\/stranijezici.ffzg.unizg.hr\/wp-content\/uploads\/2019\/06\/SJ_40_3_7.pdf\" target=\"_blank\"><strong>PRIKAZ UD\u017dBENIKA PRIMI PASSI 1<\/strong><\/a> (str. 265-267)<\/li>\n<ul style=\"list-style-type:none\">\n<li>&emsp;&emsp; Sandra Marde\u0161i\u0107<\/li>\n<li>&emsp;&emsp; Prikaz<\/li>\n<\/ul>\n<\/li>\n<p>  &nbsp;\n<\/ul>\n","protected":false},"excerpt":{"rendered":"<p>UVODNA RIJE\u010c &nbsp; OD VRTI\u0106A DO \u0160KOLE, STRANI JEZICI SE VOLE: Jesu li u\u010ditelji stranih jezika u osnovnim \u0161kolama upoznati s programima u\u010denja stranih jezika djece pred\u0161kolske dobi? (str. 191-204) &emsp;&emsp; Nino\u010dka Truck-Biljan &emsp;&emsp; Izvorni znanstveni \u010dlanak &nbsp; INOJEZI\u010cNI MOTIVACIJSKI SUSTAV POJMOVA O SEBI: GLOTODIDAKTI\u010cKE IMPLIKACIJE NA NASTAVNU PRAKSU (str. 205-220) &emsp;&emsp; Tihana Bagi\u0107 &emsp;&emsp; &hellip; <\/p>\n<p class=\"link-more\"><a href=\"https:\/\/stranijezici.ffzg.unizg.hr\/index.php\/vol40n3\/\" class=\"more-link\">Continue reading<span class=\"screen-reader-text\"> &#8220;Vol 40. (3)&#8221;<\/span><\/a><\/p>\n","protected":false},"author":2,"featured_media":0,"parent":0,"menu_order":0,"comment_status":"closed","ping_status":"closed","template":"","meta":{"ngg_post_thumbnail":0,"footnotes":""},"class_list":["post-435","page","type-page","status-publish","hentry"],"_links":{"self":[{"href":"https:\/\/stranijezici.ffzg.unizg.hr\/index.php\/wp-json\/wp\/v2\/pages\/435","targetHints":{"allow":["GET"]}}],"collection":[{"href":"https:\/\/stranijezici.ffzg.unizg.hr\/index.php\/wp-json\/wp\/v2\/pages"}],"about":[{"href":"https:\/\/stranijezici.ffzg.unizg.hr\/index.php\/wp-json\/wp\/v2\/types\/page"}],"author":[{"embeddable":true,"href":"https:\/\/stranijezici.ffzg.unizg.hr\/index.php\/wp-json\/wp\/v2\/users\/2"}],"replies":[{"embeddable":true,"href":"https:\/\/stranijezici.ffzg.unizg.hr\/index.php\/wp-json\/wp\/v2\/comments?post=435"}],"version-history":[{"count":7,"href":"https:\/\/stranijezici.ffzg.unizg.hr\/index.php\/wp-json\/wp\/v2\/pages\/435\/revisions"}],"predecessor-version":[{"id":1811,"href":"https:\/\/stranijezici.ffzg.unizg.hr\/index.php\/wp-json\/wp\/v2\/pages\/435\/revisions\/1811"}],"wp:attachment":[{"href":"https:\/\/stranijezici.ffzg.unizg.hr\/index.php\/wp-json\/wp\/v2\/media?parent=435"}],"curies":[{"name":"wp","href":"https:\/\/api.w.org\/{rel}","templated":true}]}}