{"id":4337,"date":"2023-05-20T08:39:03","date_gmt":"2023-05-20T08:39:03","guid":{"rendered":"https:\/\/stranijezici.ffzg.unizg.hr\/?page_id=4337"},"modified":"2023-05-20T09:22:26","modified_gmt":"2023-05-20T09:22:26","slug":"vol26n4","status":"publish","type":"page","link":"https:\/\/stranijezici.ffzg.unizg.hr\/index.php\/vol26n4\/","title":{"rendered":"Vol 26. (4)"},"content":{"rendered":"<p><span style=\"font-size: 11pt; color: #447373;\"><strong>1997.,<\/strong> <strong>Vol. 26, <span style=\"color: #447373;\">No.<\/span> 4<\/strong><\/span><br \/>\n&nbsp;<\/p>\n<p><a href=\"https:\/\/stranijezici.ffzg.unizg.hr\/wp-content\/uploads\/2023\/05\/SJ_26_4_0.pdf\"><strong>Uvodna rije\u010d<\/strong><\/a><br \/>\nstr. 403<\/p>\n<h1>Lingvistika, metodika<\/h1>\n<p>Ida Raffaelli<br \/>\n<a href=\"https:\/\/stranijezici.ffzg.unizg.hr\/wp-content\/uploads\/2023\/05\/SJ_26_4_1.pdf\"><strong>O konotaciji<\/strong><\/a><br \/>\n(izvorni znanstveni \u010dlanak) str. 405<\/p>\n<p>Vesna Mildner i Zrinka Ratkovi\u0107<br \/>\n<strong><a href=\"https:\/\/stranijezici.ffzg.unizg.hr\/wp-content\/uploads\/2023\/05\/SJ_26_4_2.pdf\">Aktivnost mo\u017edanih hemisfera pri obradi zadataka na materinskom i stranom jeziku<\/a><\/strong><br \/>\n(izvorni znanstveni \u010dlanak) str. 417<\/p>\n<p>Vi\u0161nja Karlov\u010dan<br \/>\n<strong><a href=\"https:\/\/stranijezici.ffzg.unizg.hr\/wp-content\/uploads\/2023\/05\/SJ_26_4_3.pdf\">The Inter-relationship Between Language and Culture and Its Relevance to Adult Literacy Programmes for NESS Adults<\/a> <\/strong><br \/>\n(izvorni znanstveni \u010dlanak) str. 428<\/p>\n<p>Helga Bosiljevac<br \/>\n<strong><a href=\"https:\/\/stranijezici.ffzg.unizg.hr\/wp-content\/uploads\/2023\/05\/SJ_26_4_4.pdf\">Strategije u\u010denja vokabulara<\/a><\/strong><br \/>\n(pregledni znanstveni \u010dlanak) str. 441<\/p>\n<h1>Na\u0161a iskustva<\/h1>\n<p>Ivana \u0160karica<br \/>\n<strong><a href=\"https:\/\/stranijezici.ffzg.unizg.hr\/wp-content\/uploads\/2023\/05\/SJ_26_4_5.pdf\">lskustva u tandemskom u\u010denju stranog jezika putem lnterneta<\/a><\/strong><br \/>\nstr. 450<\/p>\n<p>Vida Luki\u0107 i Silvana Lueti\u0107<br \/>\n<strong><a href=\"https:\/\/stranijezici.ffzg.unizg.hr\/wp-content\/uploads\/2023\/05\/SJ_26_4_6.pdf\">Prvih 45 godina <em>Centra <\/em><em>za s<\/em><em>trane <\/em><em>jezike <\/em>u Vodnikovoj<\/a><\/strong><br \/>\nstr. 453<\/p>\n<p>Vita Klai\u0107<br \/>\n<strong><a href=\"https:\/\/stranijezici.ffzg.unizg.hr\/wp-content\/uploads\/2023\/05\/SJ_26_4_7.pdf\">DELF i DALF napokon u Hrvatskoj<\/a><\/strong><br \/>\nstr. 455<\/p>\n<h1>Prikazi<\/h1>\n<p>Snje\u017eana Kordi\u0107, A. Janda<br \/>\n<strong><a href=\"https:\/\/stranijezici.ffzg.unizg.hr\/wp-content\/uploads\/2023\/05\/SJ_26_4_8.pdf\">Back from the brink: a study of how relic forms in languages serve as source material for analogical extension<\/a><\/strong><br \/>\nstr. 458<\/p>\n<p>Milena Kova\u010devi\u0107<br \/>\n<strong><a href=\"https:\/\/stranijezici.ffzg.unizg.hr\/wp-content\/uploads\/2023\/05\/SJ_26_4_9.pdf\">D. Larsen-Freeman, M. H. Long: An Introduction to Second Language Acquisition Research<\/a><\/strong><br \/>\nstr. 460<\/p>\n<h1>Kronika<\/h1>\n<p>Jelena Mihaljevi\u0107 Djigunovi\u0107<br \/>\n<strong><a href=\"https:\/\/stranijezici.ffzg.unizg.hr\/wp-content\/uploads\/2023\/05\/SJ_26_4_10.pdf\">Prema zajedni\u010dkim principima europskih nastavnih programa za u\u010denje stranih jezika u osnovnoj \u0161koli, D<em>\u0119<\/em>be, Poljska, 6-8. o\u017eujka 1997.<\/a><\/strong><br \/>\nstr. 462<\/p>\n","protected":false},"excerpt":{"rendered":"<p>1997., Vol. 26, No. 4 &nbsp; Uvodna rije\u010d str. 403 Lingvistika, metodika Ida Raffaelli O konotaciji (izvorni znanstveni \u010dlanak) str. 405 Vesna Mildner i Zrinka Ratkovi\u0107 Aktivnost mo\u017edanih hemisfera pri obradi zadataka na materinskom i stranom jeziku (izvorni znanstveni \u010dlanak) str. 417 Vi\u0161nja Karlov\u010dan The Inter-relationship Between Language and Culture and Its Relevance to Adult &hellip; <\/p>\n<p class=\"link-more\"><a href=\"https:\/\/stranijezici.ffzg.unizg.hr\/index.php\/vol26n4\/\" class=\"more-link\">Continue reading<span class=\"screen-reader-text\"> &#8220;Vol 26. (4)&#8221;<\/span><\/a><\/p>\n","protected":false},"author":3,"featured_media":0,"parent":0,"menu_order":0,"comment_status":"closed","ping_status":"closed","template":"","meta":{"ngg_post_thumbnail":0,"footnotes":""},"class_list":["post-4337","page","type-page","status-publish","hentry"],"_links":{"self":[{"href":"https:\/\/stranijezici.ffzg.unizg.hr\/index.php\/wp-json\/wp\/v2\/pages\/4337","targetHints":{"allow":["GET"]}}],"collection":[{"href":"https:\/\/stranijezici.ffzg.unizg.hr\/index.php\/wp-json\/wp\/v2\/pages"}],"about":[{"href":"https:\/\/stranijezici.ffzg.unizg.hr\/index.php\/wp-json\/wp\/v2\/types\/page"}],"author":[{"embeddable":true,"href":"https:\/\/stranijezici.ffzg.unizg.hr\/index.php\/wp-json\/wp\/v2\/users\/3"}],"replies":[{"embeddable":true,"href":"https:\/\/stranijezici.ffzg.unizg.hr\/index.php\/wp-json\/wp\/v2\/comments?post=4337"}],"version-history":[{"count":11,"href":"https:\/\/stranijezici.ffzg.unizg.hr\/index.php\/wp-json\/wp\/v2\/pages\/4337\/revisions"}],"predecessor-version":[{"id":4359,"href":"https:\/\/stranijezici.ffzg.unizg.hr\/index.php\/wp-json\/wp\/v2\/pages\/4337\/revisions\/4359"}],"wp:attachment":[{"href":"https:\/\/stranijezici.ffzg.unizg.hr\/index.php\/wp-json\/wp\/v2\/media?parent=4337"}],"curies":[{"name":"wp","href":"https:\/\/api.w.org\/{rel}","templated":true}]}}