{"id":4275,"date":"2023-02-21T15:10:20","date_gmt":"2023-02-21T15:10:20","guid":{"rendered":"https:\/\/stranijezici.ffzg.unizg.hr\/?page_id=4275"},"modified":"2023-05-19T12:07:02","modified_gmt":"2023-05-19T12:07:02","slug":"okrugli-stol-50-godina-stranih-jezika-1-3-2023","status":"publish","type":"page","link":"https:\/\/stranijezici.ffzg.unizg.hr\/index.php\/okrugli-stol-50-godina-stranih-jezika-1-3-2023\/","title":{"rendered":"Okrugli stol: 50 godina Stranih jezika (1.3.2023.)"},"content":{"rendered":"<p>Okrugli stol povodom <strong>50 godina izla\u017eenja<\/strong> \u010dasopisa <em><strong>Strani jezici<\/strong><\/em><br \/>\n<span style=\"font-size: 10pt;\">odr\u017ean je&nbsp; <\/span><strong><span style=\"font-size: 10pt;\">1. O\u017dUJKA 2023. GODINE<\/span><br \/>\n<span style=\"color: #3b8262; font-size: 10pt;\">Galerija slika<\/span><br \/>\n<\/strong><\/p>\nngg_shortcode_0_placeholder\n<p style=\"text-align: center;\"><span style=\"color: #9fd1b6;\">************<\/span><\/p>\n<p>Po\u0161tovane kolegice i kolege, suradnici, autori, recenzenti i \u010ditatelji<br \/>\n\u010dasopisa Strani jezici!<\/p>\n<p>U 2022. godini \u010dasopis <strong><em>Strani jezici<\/em><\/strong> do\u017eivio je svoju <strong>50. godinu izla\u017eenja<\/strong>. Kako bismo obilje\u017eili tu impresivnu obljetnicu, Odjel za strane jezike te Odjel za rano u\u010denje jezika Hrvatskoga filolo\u0161kog dru\u0161tva (HFD) organiziraju okrugli stol pod nazivom<br \/>\n<span style=\"font-size: 12pt; color: #446e64;\"><strong>STRANI JEZICI: 50 GODINA U DRU\u0160TVU I ZNANSTVENOM PODRU\u010cJU \/ STRUCI<\/strong> <\/span><\/p>\n<p>\u017delja nam je odr\u017eavanjem Okrugloga stola ponuditi zainteresiranoj javnosti uvid u povijest \u010dasopisa te njegov doprinos dru\u0161tvu, znanstvenom podru\u010dju i struci. Sudionici Okrugloga stola \u0107e biti glavni urednici \u010dasopisa u proteklih 50 godina.<\/p>\n<p>Okrugli stol \u0107e se odr\u017eati <strong>1. O\u017dUJKA (SRIJEDA) 2023. GODINE U <\/strong><strong>KONFERENCIJSKOJ DVORANI KNJI\u017dNICE (2. kat) Filozofskog fakulteta <\/strong><strong>Sveu\u010dili\u0161ta u Zagrebu S PO\u010cETKOM U 16.30 h<\/strong>. Nakon Okrugloga stola imat \u0107emo priliku za neformalno dru\u017eenje u auli Knji\u017enice. U nastavku poziva nalazi se program Okrugloga stola.<\/p>\n<p>S obzirom na to da je zbog prostornih uvjeta broj sudionika ograni\u010den,<br \/>\nnajljubaznije molimo da svoje SUDJELOVANJE obavezno POTVRDITE na ovoj poveznici:<\/p>\n<p><a href=\"https:\/\/forms.gle\/S2igpJn78SwFenSn9\" target=\"_blank\" rel=\"noopener noreferrer\">https:\/\/forms.gle\/S2igpJn78SwFenSn9<\/a><\/p>\n<p>Srda\u010dan pozdrav,<br \/>\nStela Letica Krevelj<br \/>\nVoditeljica Odjela za strane jezike Hrvatskoga filolo\u0161kog dru\u0161tva<br \/>\ni<br \/>\nLidija Cviki\u0107<br \/>\nVoditeljica Odjela za rano u\u010denje jezika Hrvatskoga filolo\u0161koga<br \/>\ndru\u0161tva<\/p>\n<p><span style=\"font-size: 14pt;\"><strong><span style=\"color: #446e64;\">Okrugli stol<\/span> <\/strong><\/span><\/p>\n<p><span style=\"font-size: 18pt; color: #446e64;\"><strong>\u010cASOPIS STRANI JEZICI : 50 GODINA U DRU\u0160TVU I ZNANSTVENOM PODRU\u010cJU \/<\/strong><\/span><br \/>\n<span style=\"font-size: 18pt; color: #446e64;\"><strong>STRUCI<\/strong><\/span><\/p>\n<p><strong>1. O\u017dUJKA 2023.<\/strong><\/p>\n<p>16.30 -18.30<\/p>\n<p>Konferencijska dvorana Knji\u017enice Filozofskog fakulteta Sveu\u010dili\u0161ta u<br \/>\nZagrebu<\/p>\n<p><span style=\"text-decoration: underline;\"><strong>PROGRAM<\/strong> <\/span><\/p>\n<p>16.30 &#8211; 16.45 Pozdravne rije\u010di predstavnika uredni\u0161tva i izdava\u010da \u010dasopisa Strani jezici<\/p>\n<p>16.45 &nbsp;&#8211; &nbsp;17.00 &nbsp;Kratka povijest \u010dasopisa \/ predstavljanje sudionika okruglog stola<\/p>\n<p>17.00 &nbsp;&#8211; &nbsp;18.00 &nbsp;Okrugli stol<\/p>\n<p>18.00 &nbsp;&#8211; &nbsp;18.15 &nbsp;Rasprava uz sudjelovanje publike<\/p>\n<p>18.15 &nbsp;&#8211; &nbsp;18.30 &nbsp;Sada\u0161njost i budu\u0107nost \u010dasopisa iz vizure uredni\u0161tva<\/p>\n<p>18.30 &nbsp;&nbsp;&nbsp;&nbsp;&nbsp;&nbsp;Dru\u017eenje uz zakusku (Aula ispred Knji\u017enice)<\/p>\n","protected":false},"excerpt":{"rendered":"<p>Okrugli stol povodom 50 godina izla\u017eenja \u010dasopisa Strani jezici odr\u017ean je&nbsp; 1. O\u017dUJKA 2023. GODINE Galerija slika ************ Po\u0161tovane kolegice i kolege, suradnici, autori, recenzenti i \u010ditatelji \u010dasopisa Strani jezici! U 2022. godini \u010dasopis Strani jezici do\u017eivio je svoju 50. godinu izla\u017eenja. Kako bismo obilje\u017eili tu impresivnu obljetnicu, Odjel za strane jezike te Odjel za &hellip; <\/p>\n<p class=\"link-more\"><a href=\"https:\/\/stranijezici.ffzg.unizg.hr\/index.php\/okrugli-stol-50-godina-stranih-jezika-1-3-2023\/\" class=\"more-link\">Continue reading<span class=\"screen-reader-text\"> &#8220;Okrugli stol: 50 godina Stranih jezika (1.3.2023.)&#8221;<\/span><\/a><\/p>\n","protected":false},"author":3,"featured_media":0,"parent":0,"menu_order":0,"comment_status":"closed","ping_status":"closed","template":"","meta":{"ngg_post_thumbnail":0,"footnotes":""},"class_list":["post-4275","page","type-page","status-publish","hentry"],"_links":{"self":[{"href":"https:\/\/stranijezici.ffzg.unizg.hr\/index.php\/wp-json\/wp\/v2\/pages\/4275","targetHints":{"allow":["GET"]}}],"collection":[{"href":"https:\/\/stranijezici.ffzg.unizg.hr\/index.php\/wp-json\/wp\/v2\/pages"}],"about":[{"href":"https:\/\/stranijezici.ffzg.unizg.hr\/index.php\/wp-json\/wp\/v2\/types\/page"}],"author":[{"embeddable":true,"href":"https:\/\/stranijezici.ffzg.unizg.hr\/index.php\/wp-json\/wp\/v2\/users\/3"}],"replies":[{"embeddable":true,"href":"https:\/\/stranijezici.ffzg.unizg.hr\/index.php\/wp-json\/wp\/v2\/comments?post=4275"}],"version-history":[{"count":17,"href":"https:\/\/stranijezici.ffzg.unizg.hr\/index.php\/wp-json\/wp\/v2\/pages\/4275\/revisions"}],"predecessor-version":[{"id":4336,"href":"https:\/\/stranijezici.ffzg.unizg.hr\/index.php\/wp-json\/wp\/v2\/pages\/4275\/revisions\/4336"}],"wp:attachment":[{"href":"https:\/\/stranijezici.ffzg.unizg.hr\/index.php\/wp-json\/wp\/v2\/media?parent=4275"}],"curies":[{"name":"wp","href":"https:\/\/api.w.org\/{rel}","templated":true}]}}