{"id":4220,"date":"2023-01-18T16:38:23","date_gmt":"2023-01-18T16:38:23","guid":{"rendered":"https:\/\/stranijezici.ffzg.unizg.hr\/?page_id=4220"},"modified":"2023-11-22T16:15:29","modified_gmt":"2023-11-22T16:15:29","slug":"vol26n2-3","status":"publish","type":"page","link":"https:\/\/stranijezici.ffzg.unizg.hr\/index.php\/vol26n2-3\/","title":{"rendered":"Vol 26. (2-3)"},"content":{"rendered":"<p><span style=\"font-size: 11pt; color: #447373;\"><strong>1997.,<\/strong> <strong>Vol. 26, <span style=\"color: #447373;\">No.<\/span> 2-3<br \/>\n<\/strong><\/span><\/p>\n<ul>\n<li><strong><span style=\"color: #447373; font-size: 14pt;\">Strani jezici 1972. &#8211; 1996.<\/span><\/strong><span style=\"color: #447373;\"><br \/>\n<span style=\"text-decoration: underline;\">SADR\u017dAJ:<\/span><br \/>\n&#8211; Uvodna rije\u010d<br \/>\n&#8211; Pogled unatrag<br \/>\n&#8211; BIBLIOGRAFIJA<br \/>\n&#8211; KAZALA<br \/>\n&#8211; Uredni\u0161tva 1972.-1996.<br \/>\n<\/span><\/li>\n<\/ul>\n<p><span style=\"color: #91bfb0;\">******************************************************************************<\/span><\/p>\n<p><strong> <a href=\"https:\/\/stranijezici.ffzg.unizg.hr\/wp-content\/uploads\/2023\/01\/SJ_26_2-3_0.pdf\"><span style=\"color: #00ff00; font-size: 14pt;\"><span style=\"color: #58c458;\"><span style=\"color: #00ff00;\"><span style=\"color: #38eb38;\">*<\/span><\/span><\/span> <\/span>Uvodna rije\u010d<\/a>&nbsp; &nbsp;<\/strong> (Jelena Mihaljevi\u0107 Djigunovi\u0107)&#8230;&#8230;&#8230;&#8230;&#8230;&#8230;. 67<\/p>\n<p><span style=\"font-size: 18pt; color: #1a4c75;\">Pogled unatrag<\/span><strong><br \/>\n<\/strong><strong><a href=\"https:\/\/stranijezici.ffzg.unizg.hr\/wp-content\/uploads\/2023\/01\/SJ_26_2-3_1.pdf\"><span style=\"color: #38eb38;\"><span style=\"font-size: 14pt;\">*<\/span><\/span> Osvrti \u010detiriju prvih glavnih urednika <em>Stranih jezika<\/em><\/a><br \/>\n<\/strong><\/p>\n<p><span style=\"font-size: 10pt;\">Rudolf Filipovi\u0107&#8230;&#8230;&#8230;&#8230;&#8230;&#8230;&#8230;&#8230;&#8230;&#8230;&#8230;&#8230;&#8230;&#8230;&#8230;&#8230;&#8230;&#8230;&#8230;&#8230;&#8230;&#8230; 69<\/span><br \/>\n<span style=\"font-size: 10pt;\">Damir Kalogjera&#8230;&#8230;&#8230;&#8230;&#8230;&#8230;&#8230;&#8230;&#8230;&#8230;&#8230;&#8230;&#8230;&#8230;&#8230;&#8230;&#8230;&#8230;&#8230;&#8230;&#8230;. 71<\/span><br \/>\n<span style=\"font-size: 10pt;\">Mirjana Vilke&#8230;&#8230;&#8230;&#8230;&#8230;&#8230;&#8230;&#8230;&#8230;&#8230;&#8230;&#8230;&#8230;&#8230;&#8230;&#8230;&#8230;&#8230;&#8230;&#8230;&#8230;&#8230;&#8230; 73<\/span><br \/>\n<span style=\"font-size: 10pt;\">Damir Horga&#8230;&#8230;&#8230;&#8230;&#8230;&#8230;&#8230;&#8230;&#8230;&#8230;&#8230;&#8230;&#8230;&#8230;&#8230;&#8230;&#8230;&#8230;&#8230;&#8230;&#8230;&#8230;&#8230;.. 74<\/span><\/p>\n<p><strong><span style=\"color: #1a4c75;\"><br \/>\n<\/span><\/strong><span style=\"color: #1a4c75;\"><span style=\"font-size: 18pt;\">BIBLIOGRAFIJA 1972.-1996.<\/span><\/span><br \/>\n<span style=\"color: #1a4c75; font-size: 14pt;\">(sastavio Velimir Pi\u0161korec, <span style=\"font-size: 10pt;\">Odsjek za germanistiku Filozofskog fakulteta u Zagrebu i \u010dlan ure\u0111iva\u010dkog odbora \u010dasopisa<\/span>)<\/span><\/p>\n<p><strong><a href=\"https:\/\/stranijezici.ffzg.unizg.hr\/wp-content\/uploads\/2023\/01\/SJ_26_2-3_2.pdf\"><span style=\"color: #38eb38;\"><span style=\"font-size: 14pt;\">*<\/span><\/span> Naputak za uporabu bibliografije<\/a>&nbsp;&nbsp;<\/strong> &#8230;&#8230;&#8230;&#8230;&#8230;&#8230;&#8230;&#8230;&#8230;&#8230;. 77<\/p>\n<p><strong><a href=\"https:\/\/stranijezici.ffzg.unizg.hr\/wp-content\/uploads\/2023\/01\/SJ_26_2-3_3.pdf\"><span style=\"color: #1f405c;\"><span style=\"color: #2e6a9e;\"><span style=\"color: #38eb38;\"><span style=\"font-size: 14pt;\">*<\/span><\/span> Popis \u010dlanaka<\/span><\/span> &#8211; BIBLIOGRAFIJA od br. 1 (1972) do br. 3-4 (1996). (str. 79-174) i <span style=\"color: #2e6a9e;\">Sa\u017eeci, 1. dio<\/span> (od 1981., br. 3 do 1989., br. 2) (str. 175-236)<\/a><br \/>\n<\/strong><\/p>\n<p><span style=\"font-size: 8pt;\">Godi\u0161te X(1981)&#8230;&#8230;&#8230;&#8230;&#8230;&#8230;&#8230;&#8230;&#8230;&#8230;&#8230;&#8230;&#8230;&#8230;&#8230;&#8230;&#8230;&#8230;&#8230;&#8230;&#8230;&#8230;&#8230;&#8230;.. 175<br \/>\nBroj 3&#8230;&#8230;&#8230;&#8230;&#8230;&#8230;&#8230;&#8230;&#8230;&#8230;&#8230;&#8230;&#8230;&#8230;&#8230;&#8230;&#8230;&#8230;&#8230;&#8230;&#8230;&#8230;&#8230;&#8230;&#8230;&#8230;&#8230;&#8230;&#8230;&#8230;&#8230;.. 175<\/span><br \/>\n<span style=\"font-size: 8pt;\">Broj 4&#8230;&#8230;&#8230;&#8230;&#8230;&#8230;&#8230;&#8230;&#8230;&#8230;&#8230;&#8230;&#8230;&#8230;&#8230;&#8230;&#8230;&#8230;&#8230;&#8230;&#8230;&#8230;&#8230;&#8230;&#8230;&#8230;&#8230;&#8230;&#8230;&#8230;&#8230; 177<\/span><br \/>\n<span style=\"font-size: 8pt;\">Godi\u0161te XI (1982)&#8230;&#8230;&#8230;&#8230;&#8230;&#8230;&#8230;&#8230;&#8230;&#8230;&#8230;&#8230;&#8230;&#8230;&#8230;&#8230;&#8230;&#8230;&#8230;&#8230;&#8230;&#8230;.. 182<\/span><br \/>\n<span style=\"font-size: 8pt;\">Broj 1-2&#8230;&#8230;&#8230;&#8230;&#8230;&#8230;&#8230;&#8230;&#8230;&#8230;&#8230;&#8230;&#8230;&#8230;&#8230;&#8230;&#8230;&#8230;&#8230;&#8230;&#8230;&#8230;&#8230;&#8230;&#8230;&#8230;&#8230;&#8230;&#8230;&#8230; 182<\/span><br \/>\n<span style=\"font-size: 8pt;\">Broj 3-4&#8230;&#8230;&#8230;&#8230;&#8230;&#8230;&#8230;&#8230;&#8230;&#8230;&#8230;&#8230;&#8230;&#8230;&#8230;&#8230;&#8230;&#8230;&#8230;&#8230;&#8230;&#8230;&#8230;&#8230;&#8230;&#8230;&#8230;&#8230;. 185<br \/>\nGodi\u0161te XII (1983)&#8230;&#8230;&#8230;&#8230;&#8230;&#8230;&#8230;&#8230;&#8230;&#8230;&#8230;&#8230;&#8230;&#8230;&#8230;&#8230;&#8230;&#8230;&#8230;&#8230;&#8230;&#8230;. 189<br \/>\nBroj 1-2&#8230;&#8230;&#8230;&#8230;&#8230;&#8230;&#8230;&#8230;&#8230;&#8230;&#8230;&#8230;&#8230;&#8230;&#8230;&#8230;&#8230;&#8230;&#8230;&#8230;&#8230;&#8230;&#8230;&#8230;&#8230;&#8230;&#8230;&#8230;.. 189<\/span><br \/>\n<span style=\"font-size: 8pt;\">Broj 3&#8230;&#8230;&#8230;&#8230;&#8230;&#8230;&#8230;&#8230;&#8230;&#8230;&#8230;&#8230;&#8230;&#8230;&#8230;&#8230;&#8230;&#8230;&#8230;&#8230;&#8230;&#8230;&#8230;&#8230;&#8230;&#8230;&#8230;&#8230;&#8230;&#8230;.. 193<\/span><br \/>\n<span style=\"font-size: 8pt;\">Broj 4&#8230;&#8230;&#8230;&#8230;&#8230;&#8230;&#8230;&#8230;&#8230;&#8230;&#8230;&#8230;&#8230;&#8230;&#8230;&#8230;&#8230;&#8230;&#8230;&#8230;&#8230;&#8230;&#8230;&#8230;&#8230;&#8230; 197<br \/>\nGodi\u0161te XIII (1984)&#8230;&#8230;&#8230;&#8230;&#8230;&#8230;&#8230;&#8230;&#8230;&#8230;&#8230;&#8230;&#8230;&#8230;&#8230;&#8230;&#8230;&#8230;&#8230;.. 201<br \/>\nBroj 1-2&#8230;&#8230;&#8230;&#8230;&#8230;&#8230;&#8230;&#8230;&#8230;&#8230;&#8230;&#8230;&#8230;&#8230;&#8230;&#8230;&#8230;&#8230;&#8230;&#8230;&#8230;&#8230;&#8230;&#8230;&#8230;&#8230;&#8230;&#8230;. 201<\/span><br \/>\n<span style=\"font-size: 8pt;\">Broj 3-4&#8230;&#8230;&#8230;&#8230;&#8230;&#8230;&#8230;&#8230;&#8230;&#8230;&#8230;&#8230;&#8230;&#8230;&#8230;&#8230;&#8230;&#8230;&#8230;&#8230;&#8230;&#8230;&#8230;&#8230;&#8230;&#8230;&#8230; 203<br \/>\nGodi\u0161te XIV (1985)&#8230;&#8230;&#8230;&#8230;&#8230;&#8230;&#8230;&#8230;&#8230;&#8230;&#8230;&#8230;&#8230;&#8230;&#8230;&#8230;. 206<br \/>\nBroj 1-2&#8230;&#8230;&#8230;&#8230;&#8230;&#8230;&#8230;&#8230;&#8230;&#8230;&#8230;&#8230;&#8230;&#8230;&#8230;&#8230;&#8230;&#8230;&#8230;&#8230;&#8230;&#8230;&#8230;&#8230;.. 206<\/span><br \/>\n<span style=\"font-size: 8pt;\">Broj 3&#8230;&#8230;&#8230;&#8230;&#8230;&#8230;&#8230;&#8230;&#8230;&#8230;&#8230;&#8230;&#8230;&#8230;&#8230;&#8230;&#8230;&#8230;&#8230;&#8230;&#8230;&#8230;&#8230;&#8230;&#8230;. 209<\/span><br \/>\n<span style=\"font-size: 8pt;\">Broj 4&#8230;&#8230;&#8230;&#8230;&#8230;&#8230;&#8230;&#8230;&#8230;&#8230;&#8230;&#8230;&#8230;&#8230;&#8230;&#8230;&#8230;&#8230;&#8230;&#8230;&#8230;&#8230;&#8230;&#8230;.. 210<br \/>\nGodi\u0161te XV (1986)&#8230;&#8230;&#8230;&#8230;&#8230;&#8230;&#8230;&#8230;&#8230;&#8230;&#8230;&#8230;&#8230;&#8230;&#8230;&#8230;&#8230;&#8230;&#8230;. 212<br \/>\nBroj 1&#8230;&#8230;&#8230;&#8230;&#8230;&#8230;&#8230;&#8230;&#8230;&#8230;&#8230;&#8230;&#8230;&#8230;&#8230;&#8230;&#8230;&#8230;&#8230;&#8230;&#8230;&#8230;&#8230;&#8230;&#8230;&#8230;&#8230;.. 212<\/span><br \/>\n<span style=\"font-size: 8pt;\">Broj 2&#8230;&#8230;&#8230;&#8230;&#8230;&#8230;&#8230;&#8230;&#8230;&#8230;&#8230;&#8230;&#8230;&#8230;&#8230;&#8230;&#8230;&#8230;&#8230;&#8230;&#8230;&#8230;&#8230;&#8230;&#8230;&#8230;&#8230;&#8230;&#8230; 215<\/span><br \/>\n<span style=\"font-size: 8pt;\">Broj 3-4&#8230;&#8230;&#8230;&#8230;&#8230;&#8230;&#8230;&#8230;&#8230;&#8230;&#8230;&#8230;&#8230;&#8230;&#8230;&#8230;&#8230;&#8230;&#8230;&#8230;&#8230;&#8230;&#8230;&#8230;&#8230;&#8230;&#8230;. 219<br \/>\nGodi\u0161te XVI (1987):&#8230;&#8230;&#8230;&#8230;&#8230;&#8230;&#8230;&#8230;&#8230;&#8230;&#8230;&#8230;&#8230;&#8230;&#8230;&#8230;&#8230;&#8230;&#8230;&#8230;. 220<br \/>\nBroj 1 &#8230;&#8230;&#8230;&#8230;&#8230;&#8230;&#8230;&#8230;&#8230;&#8230;&#8230;&#8230;&#8230;&#8230;&#8230;&#8230;&#8230;&#8230;&#8230;&#8230;&#8230;&#8230;&#8230;&#8230;&#8230;&#8230;&#8230;&#8230;&#8230;.. 220<\/span><br \/>\n<span style=\"font-size: 8pt;\">Broj 2 &#8230;&#8230;&#8230;&#8230;&#8230;&#8230;&#8230;&#8230;&#8230;&#8230;&#8230;&#8230;&#8230;&#8230;&#8230;&#8230;&#8230;&#8230;&#8230;&#8230;&#8230;&#8230;&#8230;&#8230;&#8230;&#8230;&#8230;&#8230;&#8230; 221<\/span><br \/>\n<span style=\"font-size: 8pt;\">Broj 3-4 &#8230;&#8230;&#8230;&#8230;&#8230;&#8230;&#8230;&#8230;&#8230;&#8230;&#8230;&#8230;&#8230;&#8230;&#8230;&#8230;&#8230;&#8230;&#8230;&#8230;&#8230;&#8230;&#8230;&#8230;&#8230;&#8230;.. 223<br \/>\nGodi\u0161te XVII (1988):&#8230;&#8230;&#8230;&#8230;&#8230;&#8230;&#8230;&#8230;&#8230;&#8230;&#8230;&#8230;&#8230;&#8230;&#8230;&#8230;&#8230;&#8230;&#8230;. 227<br \/>\nBroj 1 &#8230;&#8230;&#8230;&#8230;&#8230;&#8230;&#8230;&#8230;&#8230;&#8230;&#8230;&#8230;&#8230;&#8230;&#8230;&#8230;&#8230;&#8230;&#8230;&#8230;&#8230;&#8230;&#8230;&#8230;&#8230;&#8230;&#8230;&#8230;&#8230;.. 227<\/span><br \/>\n<span style=\"font-size: 8pt;\">Broj 2-3 &#8230;&#8230;&#8230;&#8230;&#8230;&#8230;&#8230;&#8230;&#8230;&#8230;&#8230;&#8230;&#8230;&#8230;&#8230;&#8230;&#8230;&#8230;&#8230;&#8230;&#8230;&#8230;&#8230;&#8230;&#8230;&#8230;&#8230;.. 28<\/span><br \/>\n<span style=\"font-size: 8pt;\">Broj 4 &#8230;&#8230;&#8230;&#8230;&#8230;&#8230;&#8230;&#8230;&#8230;&#8230;&#8230;&#8230;&#8230;&#8230;&#8230;&#8230;&#8230;&#8230;&#8230;&#8230;&#8230;&#8230;&#8230;&#8230;&#8230;&#8230;&#8230;&#8230;&#8230; 234<br \/>\nGodi\u0161te XVIII (1989):&#8230;&#8230;&#8230;&#8230;&#8230;&#8230;&#8230;&#8230;&#8230;&#8230;&#8230;&#8230;&#8230;&#8230;&#8230;&#8230;&#8230;&#8230; 234<br \/>\nBroj 1 &#8230;&#8230;&#8230;&#8230;&#8230;&#8230;&#8230;&#8230;&#8230;&#8230;&#8230;&#8230;&#8230;&#8230;&#8230;&#8230;&#8230;&#8230;&#8230;&#8230;&#8230;&#8230;&#8230;&#8230;&#8230;&#8230;&#8230;&#8230;&#8230; 234<\/span><br \/>\n<span style=\"font-size: 8pt;\">Broj 2 &#8230;&#8230;&#8230;&#8230;&#8230;&#8230;&#8230;&#8230;&#8230;&#8230;&#8230;&#8230;&#8230;&#8230;&#8230;&#8230;&#8230;&#8230;&#8230;&#8230;&#8230;&#8230;&#8230;&#8230;&#8230;&#8230;&#8230;. 236<\/span><\/p>\n<p>&nbsp;<\/p>\n<p><strong><a href=\"https:\/\/stranijezici.ffzg.unizg.hr\/wp-content\/uploads\/2023\/01\/SJ_26_2-3_4.pdf\"><span style=\"color: #2e6a9e;\"><span style=\"color: #38eb38;\"><span style=\"font-size: 14pt;\">*<\/span><\/span> Sa\u017eeci, 2. dio<\/span> (od 1989., br. 3 do 1996., br. 3-4) (str. 237 do str. 294)<\/a><br \/>\n<\/strong><\/p>\n<p><span style=\"font-size: 8pt;\">Godi\u0161te XVIII (1989)<br \/>\nBroj 3 &#8230;&#8230;&#8230;&#8230;&#8230;&#8230;&#8230;&#8230;&#8230;&#8230;&#8230;&#8230;&#8230;&#8230;&#8230;&#8230;&#8230;&#8230;&#8230;&#8230;&#8230;&#8230;&#8230;&#8230;&#8230;.. 237<\/span><br \/>\n<span style=\"font-size: 8pt;\">Broj 4 &#8230;&#8230;&#8230;&#8230;&#8230;&#8230;&#8230;&#8230;&#8230;&#8230;&#8230;&#8230;&#8230;&#8230;&#8230;&#8230;&#8230;&#8230;&#8230;&#8230;&#8230;&#8230;&#8230;&#8230;&#8230;&#8230;.. 238<br \/>\nGodi\u0161te XIX (1990):&#8230;&#8230;&#8230;&#8230;&#8230;&#8230;&#8230;&#8230;&#8230;&#8230;&#8230;&#8230;&#8230;&#8230;&#8230;&#8230;&#8230;.. 240<br \/>\nBroj 1-2 &#8230;&#8230;&#8230;&#8230;&#8230;&#8230;&#8230;&#8230;&#8230;&#8230;&#8230;&#8230;&#8230;&#8230;&#8230;&#8230;&#8230;&#8230;&#8230;&#8230;&#8230;&#8230;&#8230;&#8230;&#8230;&#8230;.. 240<\/span><br \/>\n<span style=\"font-size: 8pt;\">Broj 3 &#8230;&#8230;&#8230;&#8230;&#8230;&#8230;&#8230;&#8230;&#8230;&#8230;&#8230;&#8230;&#8230;&#8230;&#8230;&#8230;&#8230;&#8230;&#8230;&#8230;&#8230;&#8230;&#8230;&#8230;&#8230;&#8230;&#8230;&#8230;&#8230;&#8230; 242<\/span><br \/>\n<span style=\"font-size: 8pt;\">Broj 4 &#8230;&#8230;&#8230;&#8230;&#8230;&#8230;&#8230;&#8230;&#8230;&#8230;&#8230;&#8230;&#8230;&#8230;&#8230;&#8230;&#8230;&#8230;&#8230;&#8230;&#8230;&#8230;&#8230;&#8230;&#8230;&#8230;&#8230;&#8230;&#8230; 245<br \/>\nGodi\u0161te XX (1991):&#8230;&#8230;&#8230;&#8230;&#8230;&#8230;&#8230;&#8230;&#8230;&#8230;&#8230;&#8230;&#8230;&#8230;&#8230;&#8230;&#8230;&#8230;. 248<br \/>\nBroj 1-2 &#8230;&#8230;&#8230;&#8230;&#8230;&#8230;&#8230;&#8230;&#8230;&#8230;&#8230;&#8230;&#8230;&#8230;&#8230;&#8230;&#8230;&#8230;&#8230;&#8230;&#8230;&#8230;&#8230;&#8230;.. 248<\/span><br \/>\n<span style=\"font-size: 8pt;\">Broj 3 &#8230;&#8230;&#8230;&#8230;&#8230;&#8230;&#8230;&#8230;&#8230;&#8230;&#8230;&#8230;&#8230;&#8230;&#8230;&#8230;&#8230;&#8230;&#8230;&#8230;&#8230;&#8230;&#8230;&#8230;&#8230;&#8230;.. 252<\/span><br \/>\n<span style=\"font-size: 8pt;\">Broj 4 &#8230;&#8230;&#8230;&#8230;&#8230;&#8230;&#8230;&#8230;&#8230;&#8230;&#8230;&#8230;&#8230;&#8230;&#8230;&#8230;&#8230;&#8230;&#8230;&#8230;&#8230;&#8230;&#8230;&#8230;&#8230;&#8230;.. 255<br \/>\nGodi\u0161te XXI (1992):&#8230;&#8230;&#8230;&#8230;&#8230;&#8230;&#8230;&#8230;&#8230;&#8230;&#8230;&#8230;&#8230;&#8230;&#8230;&#8230;&#8230;.. 257<br \/>\nBroj 1 &#8230;&#8230;&#8230;&#8230;&#8230;&#8230;&#8230;&#8230;&#8230;&#8230;&#8230;&#8230;&#8230;&#8230;&#8230;&#8230;&#8230;&#8230;&#8230;&#8230;&#8230;&#8230;&#8230;&#8230;&#8230;&#8230;&#8230;&#8230; 257<\/span><br \/>\n<span style=\"font-size: 8pt;\">Broj 2 &#8230;&#8230;&#8230;&#8230;&#8230;&#8230;&#8230;&#8230;&#8230;&#8230;&#8230;&#8230;&#8230;&#8230;&#8230;&#8230;&#8230;&#8230;&#8230;&#8230;&#8230;&#8230;&#8230;&#8230;&#8230;&#8230;&#8230; 258<\/span><br \/>\n<span style=\"font-size: 8pt;\">Broj 3-4 &#8230;&#8230;&#8230;&#8230;&#8230;&#8230;&#8230;&#8230;&#8230;&#8230;&#8230;&#8230;&#8230;&#8230;&#8230;&#8230;&#8230;&#8230;&#8230;&#8230;&#8230;&#8230;&#8230;&#8230;&#8230;&#8230; 261<br \/>\nGodi\u0161te XXII (1993):&#8230;&#8230;&#8230;&#8230;&#8230;&#8230;&#8230;&#8230;&#8230;&#8230;&#8230;&#8230;&#8230;&#8230;&#8230;&#8230;&#8230; 264<br \/>\nBroj 1 &#8230;&#8230;&#8230;&#8230;&#8230;&#8230;&#8230;&#8230;&#8230;&#8230;&#8230;&#8230;&#8230;&#8230;&#8230;&#8230;&#8230;&#8230;&#8230;&#8230;&#8230;&#8230;&#8230;&#8230;&#8230;&#8230;&#8230; 264<\/span><br \/>\n<span style=\"font-size: 8pt;\">Broj 2 &#8230;&#8230;&#8230;&#8230;&#8230;&#8230;&#8230;&#8230;&#8230;&#8230;&#8230;&#8230;&#8230;&#8230;&#8230;&#8230;&#8230;&#8230;&#8230;&#8230;&#8230;&#8230;&#8230;&#8230;&#8230;&#8230;.. 266<\/span><br \/>\n<span style=\"font-size: 8pt;\">Broj 3-4 &#8230;&#8230;&#8230;&#8230;&#8230;&#8230;&#8230;&#8230;&#8230;&#8230;&#8230;&#8230;&#8230;&#8230;&#8230;&#8230;&#8230;&#8230;&#8230;&#8230;&#8230;&#8230;&#8230;&#8230;&#8230;. 269<br \/>\nGodi\u0161te XXIII (1994):&#8230;&#8230;&#8230;&#8230;&#8230;&#8230;&#8230;&#8230;&#8230;&#8230;&#8230;&#8230;&#8230;&#8230;&#8230;&#8230;. 272<br \/>\nBroj 1 &#8230;&#8230;&#8230;&#8230;&#8230;&#8230;&#8230;&#8230;&#8230;&#8230;&#8230;&#8230;&#8230;&#8230;&#8230;&#8230;&#8230;&#8230;&#8230;&#8230;&#8230;&#8230;&#8230;&#8230;&#8230;&#8230; 272<\/span><br \/>\n<span style=\"font-size: 8pt;\">Broj 2 &#8230;&#8230;&#8230;&#8230;&#8230;&#8230;&#8230;&#8230;&#8230;&#8230;&#8230;&#8230;&#8230;&#8230;&#8230;&#8230;&#8230;&#8230;&#8230;&#8230;&#8230;&#8230;&#8230;.. 273<\/span><br \/>\n<span style=\"font-size: 8pt;\">Broj&nbsp; 3-4&nbsp;&nbsp;&nbsp; &#8230;&#8230;&#8230;&#8230;&#8230;&#8230;&#8230;&#8230;&#8230;&#8230;&#8230;&#8230;&#8230;&#8230;&#8230;&#8230;&#8230;&#8230;&#8230;&#8230;&#8230;&#8230;. 274<br \/>\nGodi\u0161te XIV (1995):&#8230;&#8230;&#8230;&#8230;&#8230;&#8230;&#8230;&#8230;&#8230;&#8230;&#8230;&#8230;&#8230;&#8230;&#8230;&#8230;&#8230; 278<br \/>\nBroj 1-2 &#8230;&#8230;&#8230;&#8230;&#8230;&#8230;&#8230;&#8230;&#8230;&#8230;&#8230;&#8230;&#8230;&#8230;&#8230;&#8230;&#8230;&#8230;&#8230;&#8230;&#8230;&#8230;&#8230;&#8230;&#8230;. 278<\/span><br \/>\n<span style=\"font-size: 8pt;\">Broj 3-4 &#8230;&#8230;&#8230;&#8230;&#8230;&#8230;&#8230;&#8230;&#8230;&#8230;&#8230;&#8230;&#8230;&#8230;&#8230;&#8230;&#8230;&#8230;&#8230;&#8230;&#8230;&#8230;&#8230;&#8230;&#8230; 281<br \/>\nGodi\u0161te XVI (1996):&#8230;&#8230;&#8230;&#8230;&#8230;&#8230;&#8230;&#8230;&#8230;&#8230;&#8230;&#8230;&#8230;&#8230;&#8230;. 285<br \/>\nBroj 1-2 &#8230;&#8230;&#8230;&#8230;&#8230;&#8230;&#8230;&#8230;&#8230;&#8230;&#8230;&#8230;&#8230;&#8230;&#8230;&#8230;&#8230;&#8230;&#8230;&#8230;&#8230;&#8230;&#8230;&#8230;.. 285<\/span><br \/>\n<span style=\"font-size: 8pt;\">Broj 3-4 &#8230;&#8230;&#8230;&#8230;&#8230;&#8230;&#8230;&#8230;&#8230;&#8230;&#8230;&#8230;&#8230;&#8230;&#8230;&#8230;&#8230;&#8230;&#8230;&#8230;&#8230;&#8230;&#8230;&#8230; 289<\/span><\/p>\n<p>&nbsp;<\/p>\n<table style=\"border-collapse: collapse; width: 100%;\">\n<tbody>\n<tr>\n<td style=\"width: 50%; border-color: #a8bab4; border-width: 1px; background-color: #ebf0ef;\"><strong><span style=\"color: #38eb38;\"><span style=\"font-size: 14pt;\"><span style=\"font-size: 12pt; color: #808080;\">PDF dokumenti<\/span><br \/>\n<\/span><\/span><\/strong><\/td>\n<td style=\"width: 50%; border-color: #54a0cc; border-width: 1px; background-color: #e6f1f7;\"><strong><span style=\"color: #38eb38;\"><span style=\"font-size: 14pt;\"><span style=\"font-size: 12pt; color: #808080;\">web stranice &#8211; <\/span><\/span><\/span><\/strong><span style=\"color: #38eb38;\"><span style=\"font-size: 14pt;\"><span style=\"font-size: 12pt; color: #808080;\">pretra\u017eivo iz<br \/>\nPolja za pretra\u017eivanje\/ Search box<\/span><\/span><\/span><strong><span style=\"color: #38eb38;\"><span style=\"font-size: 14pt;\"><br \/>\n<\/span><\/span><\/strong><\/td>\n<\/tr>\n<tr>\n<td style=\"width: 50%; border-color: #d5e3de; border-width: 1px; background-color: #ebf0ef;\"><strong><a href=\"https:\/\/stranijezici.ffzg.unizg.hr\/wp-content\/uploads\/2023\/01\/SJ_26_2-3_5.pdf\"><span style=\"color: #38eb38;\"><span style=\"font-size: 14pt;\">*<\/span><\/span> lmensko kazalo<\/a><\/strong><br \/>\n&nbsp; <span style=\"font-size: 10pt;\"><strong><span style=\"background-color: #f2d8d8;\">.PDF<\/span> <\/strong><\/span>&#8230;&#8230;&#8230;&#8230; 295<br \/>\n<strong><a href=\"https:\/\/stranijezici.ffzg.unizg.hr\/wp-content\/uploads\/2023\/01\/SJ_26_2-3_6.pdf\"><span style=\"color: #38eb38;\"><span style=\"font-size: 14pt;\">*<\/span><\/span> Predmetno kazalo (hrvatski)<\/a>&nbsp;<br \/>\n&nbsp;&nbsp;<span style=\"background-color: #f2d8d8; font-size: 10pt;\"> .PDF<\/span><\/strong> &nbsp; &#8230;&#8230;.. 305<br \/>\n<strong><a href=\"https:\/\/stranijezici.ffzg.unizg.hr\/wp-content\/uploads\/2023\/01\/SJ_26_2-3_7.pdf\"><span style=\"color: #38eb38;\"><span style=\"font-size: 14pt;\">*<\/span><\/span> Predmetno kazalo (engleski)<\/a><br \/>\n&nbsp; <span style=\"background-color: #f2d8d8; font-size: 10pt;\">.PDF <\/span><\/strong>&#8230;&#8230;&#8230;&#8230; 351<\/td>\n<td style=\"width: 50%; border-color: #54a0cc; background-color: #e6f1f7;\"><a href=\"https:\/\/stranijezici.ffzg.unizg.hr\/index.php\/vol-26-2-3-imensko-kazalo\/\" target=\"_blank\" rel=\"noopener\"><strong><span style=\"color: #38eb38;\"><span style=\"font-size: 14pt;\">*<\/span><\/span> lmensko kazalo<\/strong> &nbsp;<\/a><br \/>\n&#8230;&#8230;&#8230;&#8230;&#8230;&#8230;&#8230;&#8230;.. 295<br \/>\n<a href=\"https:\/\/stranijezici.ffzg.unizg.hr\/index.php\/vol-26-2-3-predmetno-kazalo-hrvatski\/\" target=\"_blank\" rel=\"noopener\"><strong><span style=\"color: #38eb38;\"><span style=\"font-size: 14pt;\">*<\/span><\/span> Predmetno kazalo (hrvatski)<\/strong><\/a><br \/>\n&#8230;&#8230;&#8230;&#8230;&#8230;&#8230;&#8230;&#8230;. 305<br \/>\n<strong><a href=\"https:\/\/stranijezici.ffzg.unizg.hr\/index.php\/vol-26-2-3-index-english\/\" target=\"_blank\" rel=\"noopener\"><span style=\"color: #38eb38;\"><span style=\"font-size: 14pt;\">*<\/span><\/span> Index of subjects and names (English<\/a>)<\/strong>&#8230;&#8230;.. 351<\/td>\n<\/tr>\n<\/tbody>\n<\/table>\n<p><strong><a href=\"https:\/\/stranijezici.ffzg.unizg.hr\/wp-content\/uploads\/2023\/01\/SJ_26_2-3_8.pdf\"><span style=\"color: #38eb38;\"><span style=\"font-size: 14pt;\">*<\/span><\/span> Uredni\u0161tva Stranih jezika 1972.-1996.<\/a><br \/>\n<\/strong><\/p>\n<p>&nbsp;<\/p>\n<p>&nbsp;<\/p>\n<p>&nbsp;<\/p>\n","protected":false},"excerpt":{"rendered":"<p>1997., Vol. 26, No. 2-3 Strani jezici 1972. &#8211; 1996. SADR\u017dAJ: &#8211; Uvodna rije\u010d &#8211; Pogled unatrag &#8211; BIBLIOGRAFIJA &#8211; KAZALA &#8211; Uredni\u0161tva 1972.-1996. ****************************************************************************** * Uvodna rije\u010d&nbsp; &nbsp; (Jelena Mihaljevi\u0107 Djigunovi\u0107)&#8230;&#8230;&#8230;&#8230;&#8230;&#8230;. 67 Pogled unatrag * Osvrti \u010detiriju prvih glavnih urednika Stranih jezika Rudolf Filipovi\u0107&#8230;&#8230;&#8230;&#8230;&#8230;&#8230;&#8230;&#8230;&#8230;&#8230;&#8230;&#8230;&#8230;&#8230;&#8230;&#8230;&#8230;&#8230;&#8230;&#8230;&#8230;&#8230; 69 Damir Kalogjera&#8230;&#8230;&#8230;&#8230;&#8230;&#8230;&#8230;&#8230;&#8230;&#8230;&#8230;&#8230;&#8230;&#8230;&#8230;&#8230;&#8230;&#8230;&#8230;&#8230;&#8230;. 71 Mirjana Vilke&#8230;&#8230;&#8230;&#8230;&#8230;&#8230;&#8230;&#8230;&#8230;&#8230;&#8230;&#8230;&#8230;&#8230;&#8230;&#8230;&#8230;&#8230;&#8230;&#8230;&#8230;&#8230;&#8230; 73 Damir Horga&#8230;&#8230;&#8230;&#8230;&#8230;&#8230;&#8230;&#8230;&#8230;&#8230;&#8230;&#8230;&#8230;&#8230;&#8230;&#8230;&#8230;&#8230;&#8230;&#8230;&#8230;&#8230;&#8230;.. 74 &hellip; <\/p>\n<p class=\"link-more\"><a href=\"https:\/\/stranijezici.ffzg.unizg.hr\/index.php\/vol26n2-3\/\" class=\"more-link\">Continue reading<span class=\"screen-reader-text\"> &#8220;Vol 26. (2-3)&#8221;<\/span><\/a><\/p>\n","protected":false},"author":3,"featured_media":0,"parent":0,"menu_order":0,"comment_status":"closed","ping_status":"closed","template":"","meta":{"ngg_post_thumbnail":0,"footnotes":""},"class_list":["post-4220","page","type-page","status-publish","hentry"],"_links":{"self":[{"href":"https:\/\/stranijezici.ffzg.unizg.hr\/index.php\/wp-json\/wp\/v2\/pages\/4220","targetHints":{"allow":["GET"]}}],"collection":[{"href":"https:\/\/stranijezici.ffzg.unizg.hr\/index.php\/wp-json\/wp\/v2\/pages"}],"about":[{"href":"https:\/\/stranijezici.ffzg.unizg.hr\/index.php\/wp-json\/wp\/v2\/types\/page"}],"author":[{"embeddable":true,"href":"https:\/\/stranijezici.ffzg.unizg.hr\/index.php\/wp-json\/wp\/v2\/users\/3"}],"replies":[{"embeddable":true,"href":"https:\/\/stranijezici.ffzg.unizg.hr\/index.php\/wp-json\/wp\/v2\/comments?post=4220"}],"version-history":[{"count":60,"href":"https:\/\/stranijezici.ffzg.unizg.hr\/index.php\/wp-json\/wp\/v2\/pages\/4220\/revisions"}],"predecessor-version":[{"id":4496,"href":"https:\/\/stranijezici.ffzg.unizg.hr\/index.php\/wp-json\/wp\/v2\/pages\/4220\/revisions\/4496"}],"wp:attachment":[{"href":"https:\/\/stranijezici.ffzg.unizg.hr\/index.php\/wp-json\/wp\/v2\/media?parent=4220"}],"curies":[{"name":"wp","href":"https:\/\/api.w.org\/{rel}","templated":true}]}}