{"id":4178,"date":"2023-01-12T16:36:03","date_gmt":"2023-01-12T16:36:03","guid":{"rendered":"https:\/\/stranijezici.ffzg.unizg.hr\/?page_id=4178"},"modified":"2023-01-18T16:35:03","modified_gmt":"2023-01-18T16:35:03","slug":"vol25n3-4","status":"publish","type":"page","link":"https:\/\/stranijezici.ffzg.unizg.hr\/index.php\/vol25n3-4\/","title":{"rendered":"Vol 25. (3-4)"},"content":{"rendered":"<p><span style=\"font-size: 11pt; color: #447373;\"><strong>1996.,<\/strong> <strong>Vol. 25, <span style=\"color: #447373;\">No.<\/span> 3-4<br \/>\n<\/strong><\/span><\/p>\n<p><strong><a href=\"https:\/\/stranijezici.ffzg.unizg.hr\/wp-content\/uploads\/2023\/01\/SJ_25_3-4_0.pdf\">Uvodna rije\u010d<\/a><\/strong><br \/>\nstr. 117<\/p>\n<h1>lntervju<\/h1>\n<p><strong><a href=\"https:\/\/stranijezici.ffzg.unizg.hr\/wp-content\/uploads\/2023\/01\/SJ_25_3-4_1.pdf\">Gerhard Helbig<\/a> <\/strong><br \/>\nstr. 119<\/p>\n<h1>Lingvistika, metodika<\/h1>\n<p>Dubravka Sesar<br \/>\n<strong><a href=\"https:\/\/stranijezici.ffzg.unizg.hr\/wp-content\/uploads\/2023\/01\/SJ_25_3-4_2.pdf\">Apozicija &#8211; Re\u010deni\u010dni \u010dlan i re\u010deni\u010dni odnos<\/a> <\/strong><br \/>\n(izvorni znanstveni \u010dlanak) str. 128<\/p>\n<p>Nives Sironi\u0107-Bonefa\u010di\u0107<br \/>\n<strong><a href=\"https:\/\/stranijezici.ffzg.unizg.hr\/wp-content\/uploads\/2023\/01\/SJ_25_3-4_3.pdf\">Uzvici, ideofoni i onomatopeje u talijanskom jeziku<\/a>\u00a0 <\/strong><br \/>\n(izvorni znanstveni \u010dlanak) str. 136<\/p>\n<p>Vi\u0161nja Karlov\u010dan<br \/>\n<strong><a href=\"https:\/\/stranijezici.ffzg.unizg.hr\/wp-content\/uploads\/2023\/01\/SJ_25_3-4_4.pdf\">Jezici i jezi\u010dno planiranje<\/a>\u00a0 <\/strong><br \/>\n(stru\u010dni \u010dlanak) str. 147<\/p>\n<p>Barbara Kry\u017ean-Stanojevi\u0107<br \/>\n<strong><a href=\"https:\/\/stranijezici.ffzg.unizg.hr\/wp-content\/uploads\/2023\/01\/SJ_25_3-4_5.pdf\">Poljski kao strani jezik u svjetlu liberalizacije jezi\u010dne norme<\/a>\u00a0 <\/strong><br \/>\n(izvorni znanstveni \u010dlanak) str. 152<\/p>\n<p>Jelena Mihaljevi\u0107 Djigunovi\u0107, Maja Kova\u010di\u0107<br \/>\n<strong><a href=\"https:\/\/stranijezici.ffzg.unizg.hr\/wp-content\/uploads\/2023\/01\/SJ_25_3-4_6.pdf\">Proces u\u010denja stranoga jezika kao predmet u\u010deni\u010dkog stava<\/a><\/strong><br \/>\n(izvorni znanstveni \u010dlanak) str. 159<\/p>\n<p>Gorana Biki\u0107<br \/>\n<strong><a href=\"https:\/\/stranijezici.ffzg.unizg.hr\/wp-content\/uploads\/2023\/01\/SJ_25_3-4_7.pdf\">Ra\u010dunalo u nastavi francuskog jezika (s posebnim osvrtom na pisanje i \u010ditanje)<\/a>\u00a0 <\/strong><br \/>\n(izvorni znanstveni \u010dlanak) str. 173<\/p>\n<p>Vesna De\u017eeljin<br \/>\n<strong><a href=\"https:\/\/stranijezici.ffzg.unizg.hr\/wp-content\/uploads\/2023\/01\/SJ_25_3-4_8.pdf\">Poznavanje stranoga jezika kao izvor interferencije pri u\u010denju novoga stranog jezika<\/a>\u00a0 <\/strong><br \/>\n(izvorni znanstveni \u010dlanak) str. 180<\/p>\n<p>Renata Ma\u0111ari\u0107<br \/>\n<strong><a href=\"https:\/\/stranijezici.ffzg.unizg.hr\/wp-content\/uploads\/2023\/01\/SJ_25_3-4_9.pdf\">Usvajanje vje\u0161tina \u010ditanja i pisanja u nastavi engleskog jezika u ranoj dobi<\/a> <\/strong>(stru\u010dni \u010dlanak) str. 190<\/p>\n<h1>\u017diva rije\u010d<\/h1>\n<p>Irina Mironova-Bla\u017eina<br \/>\n<strong><em><a href=\"https:\/\/stranijezici.ffzg.unizg.hr\/wp-content\/uploads\/2023\/01\/SJ_25_3-4_10.pdf\">\u041f\u0440\u0430\u0437\u0434\u043d\u0438\u043a\u0438, \u043e\u0431\u044b\u0447\u0430\u0438 \u0438 \u043e\u0431\u0440\u044f\u0434\u044b \u0443 \u0440\u0443\u0441\u0441\u043a\u0438\u0445<\/a>\u00a0 <\/em><\/strong><br \/>\nstr. 206<\/p>\n<p>Leslie Eble<br \/>\n<strong><a href=\"https:\/\/stranijezici.ffzg.unizg.hr\/wp-content\/uploads\/2023\/01\/SJ_25_3-4_11.pdf\">An American in Zagreb<\/a>\u00a0 <\/strong><br \/>\nstr. 212<\/p>\n<p>Alessandro Iovinelli<br \/>\n<strong><a href=\"https:\/\/stranijezici.ffzg.unizg.hr\/wp-content\/uploads\/2023\/01\/SJ_25_3-4_12.pdf\">Lungo i viali degli ippocastani e sotto il cielo di Zagabria<\/a>\u00a0 <\/strong><br \/>\nstr. 214<\/p>\n<h1>Na\u0161a iskustva<\/h1>\n<p>lnja Skender<br \/>\n<strong><a href=\"https:\/\/stranijezici.ffzg.unizg.hr\/wp-content\/uploads\/2023\/01\/SJ_25_3-4_13.pdf\">Neka iskustva u podu\u010davanju poslovnoga njema\u010dkog jezika<\/a>\u00a0 <\/strong><br \/>\nstr. 219<\/p>\n<p>Ingrid Damiani Einwalter<br \/>\n<strong><a href=\"https:\/\/stranijezici.ffzg.unizg.hr\/wp-content\/uploads\/2023\/01\/SJ_25_3-4_14.pdf\">Kako pristupiti literarnom (pjesni\u010dkom) tekstu na stranom jeziku<\/a>\u00a0 <\/strong><br \/>\nstr. 223<\/p>\n<h1>Prikazi<\/h1>\n<p>Zrinjka Glovacki-Bernardi<br \/>\n<strong><a href=\"https:\/\/stranijezici.ffzg.unizg.hr\/wp-content\/uploads\/2023\/01\/SJ_25_3-4_15.pdf\">Engleska gramatika Davida Newbyja<\/a> <\/strong><br \/>\nstr. 231<\/p>\n<p>Vida Nikpalj<br \/>\n<strong><a href=\"https:\/\/stranijezici.ffzg.unizg.hr\/wp-content\/uploads\/2023\/01\/SJ_25_3-4_16.pdf\">Mija Jagati\u0107: Speak English in Grade Five<\/a>\u00a0 <\/strong><br \/>\nstr. 232<\/p>\n<p>Mirjana Vilke<br \/>\n<strong><a href=\"https:\/\/stranijezici.ffzg.unizg.hr\/wp-content\/uploads\/2023\/01\/SJ_25_3-4_17.pdf\">Europski prosvjetni pojmovnik<\/a>\u00a0 <\/strong><br \/>\nstr. 234<\/p>\n<p>Bla\u017eenka Strelec Jugec<br \/>\n<strong><a href=\"https:\/\/stranijezici.ffzg.unizg.hr\/wp-content\/uploads\/2023\/01\/SJ_25_3-4_18.pdf\">Talijanski slikovni rje\u010dnik<\/a>\u00a0 <\/strong><br \/>\nstr. 236<\/p>\n<p>Mira Kruhan<br \/>\n<strong><a href=\"https:\/\/stranijezici.ffzg.unizg.hr\/wp-content\/uploads\/2023\/01\/SJ_25_3-4_19.pdf\">Prikaz \u010dasopisa <em>Primar<\/em><\/a>\u00a0 <\/strong><em><br \/>\n<\/em> str. 237<\/p>\n<h1>Kronika<\/h1>\n<p>Lovorka Zergollern-Mileti\u0107<br \/>\n<strong><a href=\"https:\/\/stranijezici.ffzg.unizg.hr\/wp-content\/uploads\/2023\/01\/SJ_25_3-4_20.pdf\">Kongres AILA-e<\/a>\u00a0 <\/strong><br \/>\nstr. 239<\/p>\n<p>Marija Andraka<br \/>\n<strong> <a href=\"https:\/\/stranijezici.ffzg.unizg.hr\/wp-content\/uploads\/2023\/01\/SJ_25_3-4_21.pdf\">Efikasno usavr\u0161avanje: strategije i tehnike, Graz<\/a> <\/strong><br \/>\nstr. 242<\/p>\n<p>Gordana Luka\u010di\u0107<br \/>\n<strong><a href=\"https:\/\/stranijezici.ffzg.unizg.hr\/wp-content\/uploads\/2023\/01\/SJ_25_3-4_22.pdf\">Ill. dr\u017eavni seminar za usavr\u0161avanje nastavnika talijanskog jezika u osnovnim i srednjim \u0161kolama Republike Hrvatske<\/a>\u00a0 <\/strong><br \/>\nstr. 245<\/p>\n<p>Velimir Pi\u0161korec<br \/>\n<strong><a href=\"https:\/\/stranijezici.ffzg.unizg.hr\/wp-content\/uploads\/2023\/01\/SJ_25_3-4_23.pdf\">Druga zagreba\u010dka konferencija nastavnika njema\u010dkoga jezika<\/a> <\/strong><br \/>\nstr. 247<\/p>\n<p>Margareta Krenus<br \/>\n<strong><a href=\"https:\/\/stranijezici.ffzg.unizg.hr\/wp-content\/uploads\/2023\/01\/SJ_25_3-4_24.pdf\">Primjena dvojezi\u010dnih strujanja u \u0161kolama<\/a>\u00a0 <\/strong><br \/>\nstr. 249<\/p>\n<p>Bojana Zeljko-Lipov\u0161\u0107ak<br \/>\n<strong><a href=\"https:\/\/stranijezici.ffzg.unizg.hr\/wp-content\/uploads\/2023\/01\/SJ_25_3-4_25.pdf\">Europski kongres <em>Jezik <\/em><em>i mediji<\/em><\/a>\u00a0 <\/strong><em><br \/>\n<\/em>str. 250<\/p>\n<p>&nbsp;<\/p>\n<p>&nbsp;<\/p>\n","protected":false},"excerpt":{"rendered":"<p>1996., Vol. 25, No. 3-4 Uvodna rije\u010d str. 117 lntervju Gerhard Helbig str. 119 Lingvistika, metodika Dubravka Sesar Apozicija &#8211; Re\u010deni\u010dni \u010dlan i re\u010deni\u010dni odnos (izvorni znanstveni \u010dlanak) str. 128 Nives Sironi\u0107-Bonefa\u010di\u0107 Uzvici, ideofoni i onomatopeje u talijanskom jeziku\u00a0 (izvorni znanstveni \u010dlanak) str. 136 Vi\u0161nja Karlov\u010dan Jezici i jezi\u010dno planiranje\u00a0 (stru\u010dni \u010dlanak) str. 147 Barbara &hellip; <\/p>\n<p class=\"link-more\"><a href=\"https:\/\/stranijezici.ffzg.unizg.hr\/index.php\/vol25n3-4\/\" class=\"more-link\">Continue reading<span class=\"screen-reader-text\"> &#8220;Vol 25. (3-4)&#8221;<\/span><\/a><\/p>\n","protected":false},"author":3,"featured_media":0,"parent":0,"menu_order":0,"comment_status":"closed","ping_status":"closed","template":"","meta":{"ngg_post_thumbnail":0,"footnotes":""},"class_list":["post-4178","page","type-page","status-publish","hentry"],"_links":{"self":[{"href":"https:\/\/stranijezici.ffzg.unizg.hr\/index.php\/wp-json\/wp\/v2\/pages\/4178","targetHints":{"allow":["GET"]}}],"collection":[{"href":"https:\/\/stranijezici.ffzg.unizg.hr\/index.php\/wp-json\/wp\/v2\/pages"}],"about":[{"href":"https:\/\/stranijezici.ffzg.unizg.hr\/index.php\/wp-json\/wp\/v2\/types\/page"}],"author":[{"embeddable":true,"href":"https:\/\/stranijezici.ffzg.unizg.hr\/index.php\/wp-json\/wp\/v2\/users\/3"}],"replies":[{"embeddable":true,"href":"https:\/\/stranijezici.ffzg.unizg.hr\/index.php\/wp-json\/wp\/v2\/comments?post=4178"}],"version-history":[{"count":13,"href":"https:\/\/stranijezici.ffzg.unizg.hr\/index.php\/wp-json\/wp\/v2\/pages\/4178\/revisions"}],"predecessor-version":[{"id":4219,"href":"https:\/\/stranijezici.ffzg.unizg.hr\/index.php\/wp-json\/wp\/v2\/pages\/4178\/revisions\/4219"}],"wp:attachment":[{"href":"https:\/\/stranijezici.ffzg.unizg.hr\/index.php\/wp-json\/wp\/v2\/media?parent=4178"}],"curies":[{"name":"wp","href":"https:\/\/api.w.org\/{rel}","templated":true}]}}