{"id":4126,"date":"2023-01-05T14:59:23","date_gmt":"2023-01-05T14:59:23","guid":{"rendered":"https:\/\/stranijezici.ffzg.unizg.hr\/?page_id=4126"},"modified":"2023-01-11T18:04:51","modified_gmt":"2023-01-11T18:04:51","slug":"vol42n3","status":"publish","type":"page","link":"https:\/\/stranijezici.ffzg.unizg.hr\/index.php\/vol42n3\/","title":{"rendered":"Vol 42. (3)"},"content":{"rendered":"<p><span style=\"font-size: 11pt; color: #447373;\"><strong>2013.,<\/strong> <strong>Vol. 42, <span style=\"color: #447373;\">No.<\/span> 3<br \/>\n<\/strong><\/span><\/p>\n<p>Janez Skela i Ur\u0161ka Se\u0161ek<br \/>\n<a href=\"https:\/\/stranijezici.ffzg.unizg.hr\/wp-content\/uploads\/2023\/01\/SJ_42_3_1.pdf\"><strong>PORTRAITS OF TEAMWORK IN THE EFL CLASSROOM: IMPLEMENTING A TEAM TEACHING MODEL FOR IMPROVING STUDENT TEACHERS&#8217; PRACTICE TEACHING<\/strong><\/a><br \/>\n(izvomi znanstveni \u010dlanak) str. 228<\/p>\n<p>Ana Bratuli\u0107<br \/>\n<strong><a href=\"https:\/\/stranijezici.ffzg.unizg.hr\/wp-content\/uploads\/2023\/01\/SJ_42_3_2.pdf\">A CONTRASTIVE ANALYSIS OF THE VOCABULARY COMPONENT IN TWO EFL COURSEBOOKS: PUTTING THEORY INTO PRACTICE<\/a><\/strong><br \/>\n(izvomi znanstveni \u010dlanak)\u00a0 str. 257<\/p>\n<p>Zrinka Fi\u0161er<br \/>\n<strong><a href=\"https:\/\/stranijezici.ffzg.unizg.hr\/wp-content\/uploads\/2023\/01\/SJ_42_3_3.pdf\">ODNOS STRATEGIJA U\u010cENJA JEZIKA I OSTALIH INDIVIDUALNIH \u010cIMBENIKA: \u0160TO KA\u017dU ISTRA\u017dIVANJA?<\/a><\/strong><br \/>\n(pregledni \u010dlanak) str.\u00a0 279<\/p>\n<p>Jakob Patekar<br \/>\n<strong><a href=\"https:\/\/stranijezici.ffzg.unizg.hr\/wp-content\/uploads\/2023\/01\/SJ_42_3_4.pdf\">STRATEGIJE SLU\u0160ANJA U NASTAVI STRANOGA JEZIKA<\/a><\/strong><br \/>\n(pregledni \u010dlanak)\u00a0 str. 293<\/p>\n<p>Ksenija Ben\u010dina i Tatjana Klobu\u010dar<br \/>\n<strong><a href=\"https:\/\/stranijezici.ffzg.unizg.hr\/wp-content\/uploads\/2023\/01\/SJ_42_3_5.pdf\">OILING THE WHEELS OF CONVERSATION: TEACHING DISCOURSE MARKERS TO INTERMEDIATE AND UPPER-INTERMEDIATE STUDENTS<\/a><\/strong><br \/>\n(stru\u010dni \u010dlanak) str. 307<\/p>\n<p><span style=\"color: #447373;\"><strong>PRIKAZI<\/strong><\/span><\/p>\n<p>Sanja Vi\u010devi\u0107 Ivanovi\u0107<br \/>\n<strong><a href=\"https:\/\/stranijezici.ffzg.unizg.hr\/wp-content\/uploads\/2023\/01\/SJ_42_3_6.pdf\">PRIKAZ GRAMATIKE TALIJANSKOG JEZIKA <em>ALLEGRAMMA <\/em>AUTORICA HAJDI KLARI\u0106 I LORENE LAZARI\u0106<\/a><\/strong><br \/>\nstr. 323<\/p>\n","protected":false},"excerpt":{"rendered":"<p>2013., Vol. 42, No. 3 Janez Skela i Ur\u0161ka Se\u0161ek PORTRAITS OF TEAMWORK IN THE EFL CLASSROOM: IMPLEMENTING A TEAM TEACHING MODEL FOR IMPROVING STUDENT TEACHERS&#8217; PRACTICE TEACHING (izvomi znanstveni \u010dlanak) str. 228 Ana Bratuli\u0107 A CONTRASTIVE ANALYSIS OF THE VOCABULARY COMPONENT IN TWO EFL COURSEBOOKS: PUTTING THEORY INTO PRACTICE (izvomi znanstveni \u010dlanak)\u00a0 str. 257 &hellip; <\/p>\n<p class=\"link-more\"><a href=\"https:\/\/stranijezici.ffzg.unizg.hr\/index.php\/vol42n3\/\" class=\"more-link\">Continue reading<span class=\"screen-reader-text\"> &#8220;Vol 42. (3)&#8221;<\/span><\/a><\/p>\n","protected":false},"author":3,"featured_media":0,"parent":0,"menu_order":0,"comment_status":"closed","ping_status":"closed","template":"","meta":{"ngg_post_thumbnail":0,"footnotes":""},"class_list":["post-4126","page","type-page","status-publish","hentry"],"_links":{"self":[{"href":"https:\/\/stranijezici.ffzg.unizg.hr\/index.php\/wp-json\/wp\/v2\/pages\/4126","targetHints":{"allow":["GET"]}}],"collection":[{"href":"https:\/\/stranijezici.ffzg.unizg.hr\/index.php\/wp-json\/wp\/v2\/pages"}],"about":[{"href":"https:\/\/stranijezici.ffzg.unizg.hr\/index.php\/wp-json\/wp\/v2\/types\/page"}],"author":[{"embeddable":true,"href":"https:\/\/stranijezici.ffzg.unizg.hr\/index.php\/wp-json\/wp\/v2\/users\/3"}],"replies":[{"embeddable":true,"href":"https:\/\/stranijezici.ffzg.unizg.hr\/index.php\/wp-json\/wp\/v2\/comments?post=4126"}],"version-history":[{"count":8,"href":"https:\/\/stranijezici.ffzg.unizg.hr\/index.php\/wp-json\/wp\/v2\/pages\/4126\/revisions"}],"predecessor-version":[{"id":4141,"href":"https:\/\/stranijezici.ffzg.unizg.hr\/index.php\/wp-json\/wp\/v2\/pages\/4126\/revisions\/4141"}],"wp:attachment":[{"href":"https:\/\/stranijezici.ffzg.unizg.hr\/index.php\/wp-json\/wp\/v2\/media?parent=4126"}],"curies":[{"name":"wp","href":"https:\/\/api.w.org\/{rel}","templated":true}]}}