{"id":4072,"date":"2022-12-20T14:28:26","date_gmt":"2022-12-20T14:28:26","guid":{"rendered":"https:\/\/stranijezici.ffzg.unizg.hr\/?page_id=4072"},"modified":"2023-01-23T16:19:50","modified_gmt":"2023-01-23T16:19:50","slug":"vol-51-2","status":"publish","type":"page","link":"https:\/\/stranijezici.ffzg.unizg.hr\/index.php\/vol-51-2\/","title":{"rendered":"Vol 51. (2)"},"content":{"rendered":"<p><span style=\"font-size: 11pt; color: #447373;\"><strong>2022.,<\/strong> <strong>Vol. 51, No. 2<\/strong><\/span><\/p>\n<p>Sergei Gnitiev i Szilvia B\u00e1tyi<br \/>\n<strong><a href=\"https:\/\/stranijezici.ffzg.unizg.hr\/wp-content\/uploads\/2022\/12\/SJ_51_2_1.pdf\">Lexical access, lexical diversity and speech fluency in first language attrition<br \/>\n<\/a><\/strong>&#8211; str. 159<br \/>\n(izvorni znanstveni rad)<\/p>\n<p>Eva Ellederova<br \/>\n<strong><a href=\"https:\/\/stranijezici.ffzg.unizg.hr\/wp-content\/uploads\/2022\/12\/SJ_51_2_2.pdf\">ESP coursebooks design: Issues to consider and design-based research as an effective solution<br \/>\n<\/a><\/strong>&#8211; str. 185<br \/>\n(izvorni znanstveni rad)<\/p>\n<p>Kornelija \u010cakarun i Branka Drlja\u010da Margi\u0107<br \/>\n<strong><a href=\"https:\/\/stranijezici.ffzg.unizg.hr\/wp-content\/uploads\/2022\/12\/SJ_51_2_3.pdf\">Motivacija studenata za studijski program na engleskome jeziku i o\u010dekivanja vezana uz jezi\u010dni napredak<br \/>\n<\/a><\/strong>&#8211; str. 207<br \/>\n(izvorni znanstveni rad)<\/p>\n<p>Gordana Dobravac i \u0110eni Zuliani Bla\u0161kovi\u0107<br \/>\n<strong><a href=\"https:\/\/stranijezici.ffzg.unizg.hr\/wp-content\/uploads\/2022\/12\/SJ_51_2_4.pdf\">Ku\u0107no okru\u017eje za razvoj pismenosti i pripovijedanje hrvatsko-talijanske dvojezi\u010dne djece<br \/>\n<\/a><\/strong>&#8211; str. 233<br \/>\n(izvorni znanstveni rad)<\/p>\n<p>Lukas Paun<br \/>\n<strong><a href=\"https:\/\/stranijezici.ffzg.unizg.hr\/wp-content\/uploads\/2022\/12\/SJ_51_2_5.pdf\">Utjecaj semanti\u010dke povezanosti na razumijevanje tekstova za \u010ditanje i slu\u0161anje<br \/>\n<\/a><\/strong>&#8211; str. 257<br \/>\n(izvorni znanstveni rad)<\/p>\n<p>Marko Kapovi\u0107<br \/>\n<strong><a href=\"https:\/\/stranijezici.ffzg.unizg.hr\/wp-content\/uploads\/2023\/01\/SJ_51_2_6.pdf\">Strani jezici u formalnom obrazovanju u Hrvatskoj<\/a><br \/>\n<\/strong>&#8211; str. 283<br \/>\n(stru\u010dni rad)<\/p>\n<p><span style=\"color: #447373;\"><strong>\u00a0<\/strong><strong>Prikazi<\/strong><\/span><\/p>\n<p><strong><a href=\"https:\/\/stranijezici.ffzg.unizg.hr\/wp-content\/uploads\/2022\/12\/SJ_51_2_7.pdf\">XXXVI. me\u0111unarodni znanstveni skup HDPL-a<br \/>\n<em>Standardni i nestandardni idiomi<br \/>\n<\/em><\/a><\/strong>Osijek, 9. &#8211; 11. lipnja 2022.<br \/>\nAna Miki\u0107 \u010coli\u0107<br \/>\n&#8211; str. 311<\/p>\n<p><strong><a href=\"https:\/\/stranijezici.ffzg.unizg.hr\/wp-content\/uploads\/2022\/12\/SJ_51_2_8.pdf\">Martin Lamb, Kata Csiz\u00e9r, Alastair Henry &amp; Stephen Ryan (2019). (Eds.)<br \/>\n<em>The Palgrave Handbook of Motivation for Language Learning. <\/em>Palgrave Macmillan.<br \/>\n<\/a><\/strong>Khelifa Alaeddine<br \/>\n&#8211; str. 317<\/p>\n<p><img loading=\"lazy\" decoding=\"async\" class=\"alignnone size-full wp-image-4077\" src=\"https:\/\/stranijezici.ffzg.unizg.hr\/wp-content\/uploads\/2022\/12\/NASLOVNICA-51-2-2022-A-i-B.png\" alt=\"\" width=\"760\" height=\"522\" srcset=\"https:\/\/stranijezici.ffzg.unizg.hr\/wp-content\/uploads\/2022\/12\/NASLOVNICA-51-2-2022-A-i-B.png 760w, https:\/\/stranijezici.ffzg.unizg.hr\/wp-content\/uploads\/2022\/12\/NASLOVNICA-51-2-2022-A-i-B-300x206.png 300w, https:\/\/stranijezici.ffzg.unizg.hr\/wp-content\/uploads\/2022\/12\/NASLOVNICA-51-2-2022-A-i-B-24x16.png 24w, https:\/\/stranijezici.ffzg.unizg.hr\/wp-content\/uploads\/2022\/12\/NASLOVNICA-51-2-2022-A-i-B-36x25.png 36w, https:\/\/stranijezici.ffzg.unizg.hr\/wp-content\/uploads\/2022\/12\/NASLOVNICA-51-2-2022-A-i-B-48x33.png 48w\" sizes=\"auto, (max-width: 706px) 89vw, (max-width: 767px) 82vw, 740px\" \/><\/p>\n<p><img loading=\"lazy\" decoding=\"async\" class=\"alignnone size-full wp-image-4076\" src=\"https:\/\/stranijezici.ffzg.unizg.hr\/wp-content\/uploads\/2022\/12\/NASLOVNICA-51-2-2022-A.png\" alt=\"\" width=\"413\" height=\"585\" srcset=\"https:\/\/stranijezici.ffzg.unizg.hr\/wp-content\/uploads\/2022\/12\/NASLOVNICA-51-2-2022-A.png 413w, https:\/\/stranijezici.ffzg.unizg.hr\/wp-content\/uploads\/2022\/12\/NASLOVNICA-51-2-2022-A-212x300.png 212w, https:\/\/stranijezici.ffzg.unizg.hr\/wp-content\/uploads\/2022\/12\/NASLOVNICA-51-2-2022-A-17x24.png 17w, https:\/\/stranijezici.ffzg.unizg.hr\/wp-content\/uploads\/2022\/12\/NASLOVNICA-51-2-2022-A-25x36.png 25w, https:\/\/stranijezici.ffzg.unizg.hr\/wp-content\/uploads\/2022\/12\/NASLOVNICA-51-2-2022-A-34x48.png 34w\" sizes=\"auto, (max-width: 413px) 100vw, 413px\" \/><\/p>\n<p><span style=\"font-size: 11pt;\"><br \/>\n<\/span><span style=\"font-size: 11pt;\"><br \/>\n<\/span><\/p>\n","protected":false},"excerpt":{"rendered":"<p>2022., Vol. 51, No. 2 Sergei Gnitiev i Szilvia B\u00e1tyi Lexical access, lexical diversity and speech fluency in first language attrition &#8211; str. 159 (izvorni znanstveni rad) Eva Ellederova ESP coursebooks design: Issues to consider and design-based research as an effective solution &#8211; str. 185 (izvorni znanstveni rad) Kornelija \u010cakarun i Branka Drlja\u010da Margi\u0107 Motivacija &hellip; <\/p>\n<p class=\"link-more\"><a href=\"https:\/\/stranijezici.ffzg.unizg.hr\/index.php\/vol-51-2\/\" class=\"more-link\">Continue reading<span class=\"screen-reader-text\"> &#8220;Vol 51. (2)&#8221;<\/span><\/a><\/p>\n","protected":false},"author":3,"featured_media":0,"parent":0,"menu_order":0,"comment_status":"closed","ping_status":"closed","template":"","meta":{"ngg_post_thumbnail":0,"footnotes":""},"class_list":["post-4072","page","type-page","status-publish","hentry"],"_links":{"self":[{"href":"https:\/\/stranijezici.ffzg.unizg.hr\/index.php\/wp-json\/wp\/v2\/pages\/4072","targetHints":{"allow":["GET"]}}],"collection":[{"href":"https:\/\/stranijezici.ffzg.unizg.hr\/index.php\/wp-json\/wp\/v2\/pages"}],"about":[{"href":"https:\/\/stranijezici.ffzg.unizg.hr\/index.php\/wp-json\/wp\/v2\/types\/page"}],"author":[{"embeddable":true,"href":"https:\/\/stranijezici.ffzg.unizg.hr\/index.php\/wp-json\/wp\/v2\/users\/3"}],"replies":[{"embeddable":true,"href":"https:\/\/stranijezici.ffzg.unizg.hr\/index.php\/wp-json\/wp\/v2\/comments?post=4072"}],"version-history":[{"count":24,"href":"https:\/\/stranijezici.ffzg.unizg.hr\/index.php\/wp-json\/wp\/v2\/pages\/4072\/revisions"}],"predecessor-version":[{"id":4273,"href":"https:\/\/stranijezici.ffzg.unizg.hr\/index.php\/wp-json\/wp\/v2\/pages\/4072\/revisions\/4273"}],"wp:attachment":[{"href":"https:\/\/stranijezici.ffzg.unizg.hr\/index.php\/wp-json\/wp\/v2\/media?parent=4072"}],"curies":[{"name":"wp","href":"https:\/\/api.w.org\/{rel}","templated":true}]}}