{"id":3994,"date":"2022-07-12T12:43:32","date_gmt":"2022-07-12T12:43:32","guid":{"rendered":"https:\/\/stranijezici.ffzg.unizg.hr\/?page_id=3994"},"modified":"2022-07-12T17:17:15","modified_gmt":"2022-07-12T17:17:15","slug":"vol22n3i4","status":"publish","type":"page","link":"https:\/\/stranijezici.ffzg.unizg.hr\/index.php\/vol22n3i4\/","title":{"rendered":"Vol 22. (3-4)"},"content":{"rendered":"<p><span style=\"color: #307068; font-size: 10pt;\"><strong>1993., Vol. 22 (3-4)<\/strong><\/span><\/p>\n<p><strong><a href=\"https:\/\/stranijezici.ffzg.unizg.hr\/wp-content\/uploads\/2022\/07\/SJ_22_3-4_0.pdf\">Uvodna rije\u010d<\/a><\/strong><\/p>\n<h3><span style=\"font-size: 14pt;\">lntervju<\/span><\/h3>\n<p><strong><a href=\"https:\/\/stranijezici.ffzg.unizg.hr\/wp-content\/uploads\/2022\/07\/SJ_22_3-4_1.pdf\">Prof. dr. Mirjana Vilke<\/a><\/strong><\/p>\n<p>&nbsp;<\/p>\n<p><span style=\"font-size: 14pt;\">Lingvistika, metodika<\/span><\/p>\n<p><strong><a href=\"https:\/\/stranijezici.ffzg.unizg.hr\/wp-content\/uploads\/2022\/07\/SJ_22_3-4_2.pdf\">Djeca i strani jezici <\/a><\/strong>(pregledni znanstveni \u010dlanak)<br \/>\nMirjana Vilke<\/p>\n<p><strong><a href=\"https:\/\/stranijezici.ffzg.unizg.hr\/wp-content\/uploads\/2022\/07\/SJ_22_3-4_3.pdf\">Pogled u u\u010denje<\/a><\/strong> (pregledni znanstveni \u010dlanak)<br \/>\nMarta Ljube\u0161i\u0107<\/p>\n<p><strong><a href=\"https:\/\/stranijezici.ffzg.unizg.hr\/wp-content\/uploads\/2022\/07\/SJ_22_3-4_4.pdf\">Kako djeca pri\u010daju pri\u010du<\/a><\/strong> (izvorni znanstveni \u010dlanak)<br \/>\nYvonne Vrhovac:<\/p>\n<p><strong><a href=\"https:\/\/stranijezici.ffzg.unizg.hr\/wp-content\/uploads\/2022\/07\/SJ_22_3-4_5.pdf\">Afektivni profil po\u010detnika u u\u010denju stranog jezike: razlike u dobi<\/a><\/strong> (izvorni znanstveni \u010dlanak)<br \/>\nJelena Mihaljevi\u0107 Djigunovi\u0107<\/p>\n<p><strong><a href=\"https:\/\/stranijezici.ffzg.unizg.hr\/wp-content\/uploads\/2022\/07\/SJ_22_3-4_6.pdf\">Usvajanje jezika na morfosintakti\u010dkoj razini u djece rane dobi<\/a><\/strong> (pregledni znanstveni \u010dlanak)<br \/>\nMilena Kova\u010devi\u0107<\/p>\n<p><strong><a href=\"https:\/\/stranijezici.ffzg.unizg.hr\/wp-content\/uploads\/2022\/07\/SJ_22_3-4_7.pdf\">Razvoj vje\u0161tine \u010ditanja i pisanja u nastavi talijanskoga kao stranog jezika<\/a><\/strong> {izvorni znanstveni \u010dlanak)<br \/>\nNives Sironi\u0107-Bonefa\u010di\u0107<\/p>\n<p>&nbsp;<\/p>\n<p><span style=\"font-size: 14pt;\">lz strane stru\u010dne literature<\/span><\/p>\n<p><strong><a href=\"https:\/\/stranijezici.ffzg.unizg.hr\/wp-content\/uploads\/2022\/07\/SJ_22_3-4_8.pdf\">Engleski od prvog razreda osnovne \u0161kole<\/a><\/strong><br \/>\nDavid Wright<\/p>\n<p>&nbsp;<\/p>\n<p><span style=\"font-size: 14pt;\">Na\u0161a iskustva<\/span><\/p>\n<p><strong><a href=\"https:\/\/stranijezici.ffzg.unizg.hr\/wp-content\/uploads\/2022\/07\/SJ_22_3-4_9.pdf\">Pjesmice, brojalice i igre u funkciji brade i vje\u017ebe gramati\u010dkih struktura i <\/a><\/strong><em><strong>spellinga<\/strong><br \/>\nLidvina \u0160toki\u0107<br \/>\n<\/em><\/p>\n<p><strong><a href=\"https:\/\/stranijezici.ffzg.unizg.hr\/wp-content\/uploads\/2022\/07\/SJ_22_3-4_10.pdf\">Pri\u010de u nastavi talijanskoga kao stranog jezika<\/a><\/strong><br \/>\nDubravka Novak<\/p>\n<p><strong><a href=\"https:\/\/stranijezici.ffzg.unizg.hr\/wp-content\/uploads\/2022\/07\/SJ_22_3-4_11.pdf\">Igrokaz u nastavi stranog jezika<\/a><\/strong><br \/>\nJasna Gaji\u0107<\/p>\n<p><strong><a href=\"https:\/\/stranijezici.ffzg.unizg.hr\/wp-content\/uploads\/2022\/07\/SJ_22_3-4_12.pdf\">Problemi pisanja u u\u010denju francuskog jezika u ranoj dobi<\/a><\/strong> (stru\u010dni \u010dlanak)<br \/>\nlnja Skender<\/p>\n<p><strong><a href=\"https:\/\/stranijezici.ffzg.unizg.hr\/wp-content\/uploads\/2022\/07\/SJ_22_3-4_13.pdf\">Integriranje sadr\u017eaja razredne nastave u nastavu stranog jezika<\/a><\/strong> (stru\u010dni \u010dlanak)<br \/>\nMirjana Toma\u0161evi\u0107 Dan\u010devi\u0107<\/p>\n<p><strong><a href=\"https:\/\/stranijezici.ffzg.unizg.hr\/wp-content\/uploads\/2022\/07\/SJ_22_3-4_14.pdf\">Francuski jezik u nastavi matematike<\/a><\/strong><br \/>\nJadranka Strabi\u0107<\/p>\n<p><strong><a href=\"https:\/\/stranijezici.ffzg.unizg.hr\/wp-content\/uploads\/2022\/07\/SJ_22_3-4_15.pdf\">Razli\u010dite aktivnosti u nastavi njema\u010dkog jezika u prvom razredu osnovne \u0161kole<\/a><\/strong><br \/>\nPlamenka Bernardi-Britvec<\/p>\n<p><strong><a href=\"https:\/\/stranijezici.ffzg.unizg.hr\/wp-content\/uploads\/2022\/07\/SJ_22_3-4_16.pdf\">Iskustva iz nastave njema\u010dkog jezika u prvom razredu osnovne \u0161kole<\/a><\/strong><br \/>\nDunja Ka\u0161tela<\/p>\n<p><strong><a href=\"https:\/\/stranijezici.ffzg.unizg.hr\/wp-content\/uploads\/2022\/07\/SJ_22_3-4_17.pdf\">Likovna kultura u ranom u\u010denju stranog jezika<\/a><\/strong><br \/>\nTamara Zobenica<\/p>\n<p><strong><a href=\"https:\/\/stranijezici.ffzg.unizg.hr\/wp-content\/uploads\/2022\/07\/SJ_22_3-4_18.pdf\">Me\u0111uodnos stranog jezika i tjelesne i zdravstvene kulture<\/a><\/strong><br \/>\nMladen Poki\u0107<\/p>\n<p>&nbsp;<\/p>\n<p><span style=\"font-size: 14pt;\">Prikazi knjiga<\/span><\/p>\n<p><strong><a href=\"https:\/\/stranijezici.ffzg.unizg.hr\/wp-content\/uploads\/2022\/07\/SJ_22_3-4_19.pdf\">David Singleton: Language Acquisition: The Age Factor. Multilingual Matters Ltd., Clevedon &#8211; Philadelphia, 1989.<\/a><\/strong><br \/>\nDamir Horga<\/p>\n<p><strong><a href=\"https:\/\/stranijezici.ffzg.unizg.hr\/wp-content\/uploads\/2022\/07\/SJ_22_3-4_20.pdf\">Charmian O&#8217;Neil: Les enfants et l&#8217;enseignement des langues etrangeres. Didier, Hatier, 1993.<\/a><\/strong><br \/>\nlnja Skender<\/p>\n<p><strong><a href=\"https:\/\/stranijezici.ffzg.unizg.hr\/wp-content\/uploads\/2022\/07\/SJ_22_3-4_21.pdf\">Verica Zori\u0107: Hopscotch in English. \u0160kolska knjiga, Zagreb, 1993.<\/a><\/strong><br \/>\nVida Nikpalj<\/p>\n<p><strong><a href=\"https:\/\/stranijezici.ffzg.unizg.hr\/wp-content\/uploads\/2022\/07\/SJ_22_3-4_22.pdf\">Maja Rijavec: Me, Too 1. \u0160kolska knjiga, Zagreb, 1993.<\/a><\/strong><br \/>\nVida Nikpalj<\/p>\n<p><strong><a href=\"https:\/\/stranijezici.ffzg.unizg.hr\/wp-content\/uploads\/2022\/07\/SJ_22_3-4_23.pdf\">Yvonne Vrhovac, \u017deljka Horvat-Vukelja: Bonjour Mimi. \u0160kolska knjiga, Zagreb, 1993.<\/a><\/strong><br \/>\nDubravka \u0160ernhorst<\/p>\n<p><strong><a href=\"https:\/\/stranijezici.ffzg.unizg.hr\/wp-content\/uploads\/2022\/07\/SJ_22_3-4_24.pdf\">Projekt \u201eSistema elle-estero\u201c: II mio italiano, corso di lingua e cultura italiana all&#8217;estero. Ed. Giunti &#8211; Marzocco, Firenze, 1985-1990.<\/a><\/strong><br \/>\nNives Sironi\u0107-Bonefa\u010di\u0107<\/p>\n<p>&nbsp;<\/p>\n<p><span style=\"font-size: 14pt;\">Kronika<\/span><\/p>\n<p><strong><a href=\"https:\/\/stranijezici.ffzg.unizg.hr\/wp-content\/uploads\/2022\/07\/SJ_22_3-4_25.pdf\">Radionica 4B projekta Europskog vije\u0107a \u2013 \u201eU\u010denje stranih jezika u osnovnoj \u0161koli\u201c, Sevres, 12-17. prosinca 1993.<\/a><\/strong><br \/>\nMirjana Vilke, Yvonne Vrhovac<\/p>\n<p>&nbsp;<\/p>\n<p><span style=\"font-size: 14pt;\">In memoriam<\/span><\/p>\n<p><strong><a href=\"https:\/\/stranijezici.ffzg.unizg.hr\/wp-content\/uploads\/2022\/07\/SJ_22_3-4_26.pdf\">Davorka Celmi\u0107 (1920-1993)<\/a><\/strong><br \/>\nStanka Pavuna<\/p>\n<p><strong><a href=\"https:\/\/stranijezici.ffzg.unizg.hr\/wp-content\/uploads\/2022\/07\/SJ_22_3-4_27.pdf\">Dionizije Sabado\u0161 (1908-1993)<\/a><\/strong><br \/>\nZlatko \u0160e\u0161elj<\/p>\n","protected":false},"excerpt":{"rendered":"<p>1993., Vol. 22 (3-4) Uvodna rije\u010d lntervju Prof. dr. Mirjana Vilke &nbsp; Lingvistika, metodika Djeca i strani jezici (pregledni znanstveni \u010dlanak) Mirjana Vilke Pogled u u\u010denje (pregledni znanstveni \u010dlanak) Marta Ljube\u0161i\u0107 Kako djeca pri\u010daju pri\u010du (izvorni znanstveni \u010dlanak) Yvonne Vrhovac: Afektivni profil po\u010detnika u u\u010denju stranog jezike: razlike u dobi (izvorni znanstveni \u010dlanak) Jelena Mihaljevi\u0107 &hellip; <\/p>\n<p class=\"link-more\"><a href=\"https:\/\/stranijezici.ffzg.unizg.hr\/index.php\/vol22n3i4\/\" class=\"more-link\">Continue reading<span class=\"screen-reader-text\"> &#8220;Vol 22. (3-4)&#8221;<\/span><\/a><\/p>\n","protected":false},"author":3,"featured_media":0,"parent":0,"menu_order":0,"comment_status":"closed","ping_status":"closed","template":"","meta":{"ngg_post_thumbnail":0,"footnotes":""},"class_list":["post-3994","page","type-page","status-publish","hentry"],"_links":{"self":[{"href":"https:\/\/stranijezici.ffzg.unizg.hr\/index.php\/wp-json\/wp\/v2\/pages\/3994","targetHints":{"allow":["GET"]}}],"collection":[{"href":"https:\/\/stranijezici.ffzg.unizg.hr\/index.php\/wp-json\/wp\/v2\/pages"}],"about":[{"href":"https:\/\/stranijezici.ffzg.unizg.hr\/index.php\/wp-json\/wp\/v2\/types\/page"}],"author":[{"embeddable":true,"href":"https:\/\/stranijezici.ffzg.unizg.hr\/index.php\/wp-json\/wp\/v2\/users\/3"}],"replies":[{"embeddable":true,"href":"https:\/\/stranijezici.ffzg.unizg.hr\/index.php\/wp-json\/wp\/v2\/comments?post=3994"}],"version-history":[{"count":32,"href":"https:\/\/stranijezici.ffzg.unizg.hr\/index.php\/wp-json\/wp\/v2\/pages\/3994\/revisions"}],"predecessor-version":[{"id":4058,"href":"https:\/\/stranijezici.ffzg.unizg.hr\/index.php\/wp-json\/wp\/v2\/pages\/3994\/revisions\/4058"}],"wp:attachment":[{"href":"https:\/\/stranijezici.ffzg.unizg.hr\/index.php\/wp-json\/wp\/v2\/media?parent=3994"}],"curies":[{"name":"wp","href":"https:\/\/api.w.org\/{rel}","templated":true}]}}